{"id":9224,"date":"2016-09-15T15:09:25","date_gmt":"2016-09-15T15:09:25","guid":{"rendered":"https:\/\/vedicpandits.org\/nb\/?page_id=9224"},"modified":"2023-08-02T20:50:08","modified_gmt":"2023-08-02T20:50:08","slug":"faq","status":"publish","type":"page","link":"https:\/\/donation.vedicpandits.org\/nb\/contact\/faq\/","title":{"rendered":"FAQ"},"content":{"rendered":"<h5>OFTE STILTE SP\u00d8RSM\u00c5L OM MAHARISHI VEDISKE PANDITER<\/h5>\n<div class=\"faqstyle\"><em>HVORFOR BEST\u00c5R DENNE GRUPPEN BARE AV MAHARISHI VEDISKE PANDITER? <\/em><br \/>\nVitenskapelig forskning har vist at grupper av mennesker som praktiserer Yogisk Flygning sammen, kan ha en kraftig fredsskapende virkning. Samtidig har det tradisjonelt v\u00e6rt Vediske Panditer som har hatt oppgaven med \u00e5 opprettholde harmoni i samfunnet. Maharishi Vediske Panditer deltar ikke bare i lange sesjoner med meditasjon og Yogisk Flygning, men utf\u00f8rer ogs\u00e5 Yagyaer for fred. Den daglige utf\u00f8relsen av Yagyaer etter TM og TM-Sidhi programmet skaper en sterk og vedvarende innflytelse av fred, som er unikt for Maharishis Vediske Panditer.<\/p>\n<\/div>\n<div class=\"faqstyle\"><em>HVA ER FORSKJELLEN MELLOM VEDISKE PANDITER OG MAHARISHI VEDISKE PANDITER?<\/em><br \/>\nF\u00f8rst og fremst praktiserer Maharishi Vediske Panditer Transcendental Meditasjon og TM-Sidhi-programmet, inkludert Yogisk Flygning. Disse teknikkene bringer direkte erfaring av ren, transcendental bevissthet, som er grunnlaget for all Vedisk kunnskap. Som et resultat av dette utf\u00f8rer Maharishis Vediske Panditer Yagya fra et dypere niv\u00e5 av bevissthet. De vekker til live dypere niv\u00e5er av naturlovene, slik at Yagyaene f\u00e5r en kraftigere effekt.<\/p>\n<p>I tillegg arbeidet Maharishi tett med de mest anerkjente og h\u00f8ytst\u00e5ende Panditmestrene i flere ti\u00e5r for \u00e5 kultivere og etablere en perfekt utdanning for Vediske Panditer. Dette var for \u00e5 sikre korrekt praksis og riktig uttale ved resitasjon i overensstemmelse med tradisjonen og dens h\u00f8ye effektivitet. Bes\u00f8kende har ofte bemerket hvordan Maharishis Vediske Panditer resiterer sakte og mykt, noe som gir en vesentlig integritet til de Vediske lydene n\u00e5r de vibrerer i omgivelsene.  <\/p>\n<\/div>\n<div class=\"faqstyle\">\n<em>HVOR MANGE MAHARISHI VEDISKE PANDITER ER DER N\u00c5?<\/em><br \/>\nOmtrent 2000 Maharishi Vediske Panditer befinner seg i Brahmasthan i India, mens mer enn 3000 avanserte Pandit studenter bor ved 26 oppl\u00e6ringssentre spredt utover India.<\/p>\n<\/div>\n<div class=\"faqstyle\">\n<em>HVA ER VEDA?<\/em><br \/>\nVeda betyr kunnskap, som er noe mye mer enn gamle b\u00f8ker. Maharishi har sagt at Veda er den kunnskapen og organiserende kraften som ligger til grunn for og styrer hele skapelsen. Veda inneholder kunnskap om hvordan en kan lede menneskets liv til \u00e5 oppn\u00e5 dets h\u00f8yeste og mest tilfredsstillende tilstand: opplysthet.\n<\/div>\n<div class=\"faqstyle\">\n<em>HVA ER YOGISK FLYGNING?<\/em><br \/>\nYogisk Flygning er en del av det avanserte TM-Sidhi programmet. Det integrerer den stille koherensen i hjernen, som en finner i dyp meditasjon, med dynamisk aktivitet, og utvikler derved h\u00f8yere bevissthetstilstander. Det har ogs\u00e5 vist seg at n\u00e5r grupper praktiserer Yogisk Flygning, sprer det seg en innflytelse av koherens og harmoni i den omkringliggende befolkningen. Det sistnevnte er grunnlaget for Det Globale Fredsinitiativ. <\/p>\n<\/div>\n<div class=\"faqstyle\">\n<em>HVA ER AKTIVITETENE TIL MAHARISHI VEDISKE PANDITER?<\/em><br \/>\nDe f\u00f8lger et daglig program som ble laget av Maharishi. Det best\u00e5r blant annet av \u00e5 st\u00e5 tidlig opp, Meditasjon og Yogisk Flygning i gruppe, ut\u00f8velse av Maharishi Yagyaer, fellesm\u00e5ltider og noe tid for rekreasjon.<\/p>\n<\/div>\n<div class=\"faqstyle\">\n<em>HVORFOR BRAHMASTHAN I INDIA?<\/em><br \/>\nBrahmasthan er betegnelsen p\u00e5 det sentrale punktet til stedet der en bor. Det kan v\u00e6re et hus, en by eller et land. Maharishi har sagt at for \u00e5 oppn\u00e5 en sterkest mulig fredseffekt, b\u00f8r en gruppe Yogiske Flygere befinne seg i et lands Brahmasthan. Av denne grunn har hovedcampusen til Maharishi Vediske Panditer blitt lagt til Indias Brahmasthan, i n\u00e6rheten av Jabalpur i Madhya Pradesh.<\/p>\n<\/div>\n<div class=\"faqstyle\">\n<em>HVA VIL SKJE N\u00c5R M\u00c5LET OM\u00a09000 MAHARISHI VEDISKE PANDITER ER OPPN\u00c5DD?<\/em><br \/>\nDa vil vi feire. En ny \u00e6ra av fred for verden vil da begynne. Men siden det alltid er rom for mer fremgang, vil fondet og stiftelsen fortsette \u00e5 arbeide for \u00e5 \u00f8ke antallet Maharishi Vediske Panditer i India, slik at en enda sterkere p\u00e5virkning av fred og koherens kan skapes for verden. <\/p>\n<\/div>\n<div class=\"faqstyle\">\n<em>HVORDAN KAN JEG HOLDE MEG OPPDATERT OM FREMDRIFTEN AV DEN VEDISKE PANDITGRUPPEN?<\/em><br \/>\nDen beste m\u00e5ten er \u00e5 abonnere p\u00e5 det gratis nyhetsbrevet. Hver m\u00e5ned vil dr. Harris Kaplan, administrerende direkt\u00f8r for Brahmananda Saraswati Trust, sende en e-post til alle abonnenter. Dersom du blir en donor via denne nettsiden, vil du motta disse nyhetsbrevene automatisk. <\/p>\n<p>Du kan ogs\u00e5 kontakte din nasjonale \u201dAmbassad\u00f8r for verdensfred\u201d og be om \u00e5 bli holdt informert om aktiviteter i ditt eget land.<\/p>\n<\/div>\n<div class=\"faqstyle\">\n<em>KAN JEG DONERE TIL EN ENKELT MAHARISHI VEDISK PANDIT?<\/em><br \/>\nVi oppfordrer alle til \u00e5 gi m\u00e5nedlige donasjoner. Du kan fullfinansiere en Pandit eller gi en del av kostnaden. En Maharishi Vedisk Pandit er fullfinansiert med $ 250 per m\u00e5ned, noe som innbefatter kost og losji, l\u00f8nn, administrasjonskostnader, Yagya materiell og uforutsette utgifter. <\/p>\n<p>For at Panditene skal kunne ha fullt fokus p\u00e5 sine viktige, daglige oppgaver, er det ikke lagt opp til et personlig forhold mellom giver og den enkelte Pandit.<\/p>\n<\/div>\n<h5 style=\"margin-top:30px;\">ANG\u00c5ENDE DONASJONER OG \u00d8KONOMI<\/h5>\n<div class=\"faqstyle\">\n<em>HVA ER FORSKJELLEN MELLOM \u00c5 DONERE TIL EN MAHARISHI NASJONAL-YAGYA OG MAHARISHI VEDISKE PANDITER?<\/em><br \/>\nAlle donasjoner som er med p\u00e5 \u00e5 st\u00f8tte Maharishi Vediske Panditer st\u00f8tter automatisk Nasjonal-Yagya programmet.<\/p>\n<\/div>\n<div class=\"faqstyle\">\n<em>ER MITT BIDRAG FRADRAGSBERETTIGET?<\/em><br \/>\nFor donorer i EU: Stiftelsen Brahmananda Saraswati Trust (Nederland) har status som ANBI (en institusjon rettet mot felles beste). Donasjoner til denne er fradragsberettiget for nederlandske innbyggere, noe som n\u00e5 ogs\u00e5 gjelder for andre EU-land. Ikke alle EU-land har imidlertid innf\u00f8rt skattefradrag for donasjoner til institusjoner i utlandet. Sp\u00f8r derfor din Ambassad\u00f8r ang\u00e5ende andre EU-land enn Nederland. <\/p>\n<p>For donorer i USA: Brahmananda Saraswati Foundation (USA) er en 501 (c) (3) organisasjon, og donasjoner til denne er fradragsberettiget for amerikanske skattebetalere. <\/p>\n<p>For donorer i andre land: Noen nasjonale hjelpeorganisasjoner tilbyr fradragsberettigelse for donasjoner til Maharishi Vediske Panditer. Dette innbefatter Storbritannia, Canada og New Zealand. Velg land nedenfor for \u00e5 finne ut mer om hvordan du kan gi en donasjon gjennom en nasjonal organisasjon. Selv om ditt land ikke er p\u00e5 listen over de som tilbyr skattefordeler, kan du fortsatt st\u00f8tte Maharishi Vediske Panditer fra et hvilket som helst land i verden ved \u00e5 donere online til Brahmananda Saraswati Trust eller Foundation.<\/p>\n<\/div>\n<div class=\"faqstyle\">\n<em>HVORFOR ER DET S\u00c5 VIKTIG \u00c5 DONERE REGELMESSIG HVER M\u00c5NED?<\/em><br \/>\nEngangs donasjoner er hjertelig velkommen og alltid nyttige, men da Maharishis Vediske Panditer blir ansatt i Brahmasthan, \u00f8nsker vi at de skal v\u00e6re trygge p\u00e5 at de vil bli ivaretatt over tid. Vi oppfordrer derfor v\u00e5re givere til \u00e5 gi regelmessige m\u00e5nedlige donasjoner for \u00e5 skape et stabilt grunnlag for en gruppe p\u00e5 9000.<\/p>\n<\/div>\n<div class=\"faqstyle\">\n<em>HVOR STOR PROSENTANDEL AV MITT BIDRAG G\u00c5R TIL FINANSIERING AV DE VEDISKE PANDITENE?<\/em><br \/>\nOver 90 % av de regelmessige donasjonene g\u00e5r til \u00e5 finansiere Maharishis Vediske Panditer i India. Mindre enn 10 % g\u00e5r til administrasjonskostnader. For en innsamlingsorganisasjon er 10 % regnet som lite.<\/p>\n<\/div>\n<div class=\"faqstyle\">\n<em>HVOR MANGE LAND DONERER TIL MAHARISHI VEDISKE PANDITER?<\/em><br \/>\nVi har givere fra over 100 land.\n<\/div>\n<div class=\"faqstyle\">\n<em>HVORDAN FORVALTERES GIFTSFONDET?<\/em><br \/>\nDonasjoner til dette g\u00e5r ikke til India, men blir investert. Kun avkastningen fra investeringene brukes til \u00e5 st\u00f8tte de Vediske Panditene, slik at gavefondet aldri blir oppbrukt. BSF og BST Investment Committee ledes av en gruppe erfarne administratorer fra forskjellige virksomheter og finansinstitusjoner. <a href=\"https:\/\/donation.vedicpandits.org\/nb\/about-us\/#no_investment_committee\" rel=\"noopener\" target=\"_blank\">Klikk her<\/a> for \u00e5 lese mer om investeringskomiteen\n<\/div>\n<div class=\"faqstyle\">\n<em>KAN JEG TESTAMENTERE TIL MAHARISHI VEDISKE PANDITER?<\/em><br \/>\nJa, ved \u00e5 nevne Brahmananda Saraswati Foundation (BSF) eller Brahmananda Saraswati Trust (BST) i ditt testamente, kan du gi en viktig gave til Maharishi Vediske Panditer. Fordelen er tosidig: Det er til hjelp b\u00e5de for Maharishi Vediske Panditer og for deg selv. Veldedige gaver til et slikt unikt og verdig form\u00e5l er p\u00e5 alle m\u00e5ter sv\u00e6rt gunstig. For sp\u00f8rsm\u00e5l om dette kan du kontakte Jeannie Rose: jeannie@bsf-international.org. Les mer nedenfor.\n<\/div>\n<div class=\"faqstyle\">\n<em>HVA M\u00c5 JEG GJ\u00d8RE FOR \u00c5 TESTAMENTERE TIL MAHARISHI VEDISKE PANDITER?  <\/em><br \/>\nFor givere er det best \u00e5 testamentere til Brahmananda Saraswati Foundation (BSF) USA, som er en 501(c)(3) nonprofit veldedighetsorganisasjon. Skulle det dreie seg om et bel\u00f8p av betydelig st\u00f8rrelse fra et annet land, vennligst kontakt BSF eller BST. Det kan da av skattemessige \u00e5rsaker v\u00e6re best \u00e5 opprette et eget Brahmananda Saraswati Trust i ditt eget land. Du kan ogs\u00e5 kontakte Jeannie Rose for r\u00e5d og veiledning: jeannie@bsf-international.org. En giver b\u00f8r s\u00f8ke juridisk bistand fra en uavhengig r\u00e5dgiver for \u00e5 sikre at ens testamente oppfyller alle sitt lands juridiske og skattemessige krav. Hvis du \u00f8nsker \u00e5 testamentere til Maharishi Vediske Panditer, kan vi hjelpe deg med \u00e5 lage et utkast til testamentet.\n<\/div>\n<div class=\"faqstyle\">\n<em>HVORDAN GJ\u00d8R JEG DET TYDELIG HVEM SOM SKAL V\u00c6RE MOTTAGER I MITT TESTAMENTE?<\/em><br \/>\nEn mottaker i et testamente m\u00e5 navngis presist. Det m\u00e5 i v\u00e5rt tilfelle spesifikt oppgis at mottaker er \u201dBrahmananda Saraswati Foundation\u201d. Det kan ikke bare st\u00e5 \u201dVediske Panditer\u201d eller \u201dMaharishi Vediske Panditer.\u201d I tillegg m\u00e5 testamentet ogs\u00e5 gi fullstendig adresse og skatte ID til mottager. Adressen til fondet og stiftelsen er gitt nedenfor.<\/p>\n<p>Det er kun enkle formuleringer som kreves i testamentet. Gaven kan enten v\u00e6re et bestem bel\u00f8p, en prosent av dine totale eiendeler eller en prosent av dine eiendeler etter at andre gaver er trukket fra.\n<\/p><\/div>\n<div class=\"accordion\"><div class=\"accordion-entry\"><em><a href=\"#\">&gt;Gaven kan gis til f\u00f8lgende mottager.<\/a><\/em><div class=\"hidden-content\">\n<p>Brahmananda Saraswati Foundation<br \/>\n1100 N. 4th Street, Suite 124<br \/>\nFairfield, Iowa 52556<br \/>\nPhone: 1-641-209-5022<br \/>\nhttps:\/\/donate.vedicpandits.org\/donate\/faq.php<\/p>\n<p>For mer informasjon kan du kontakte Jeannie Rose \u2013 jeannie@bsf-international.org<\/p>\n<a href=\"#\" class=\"close\">Close Section<\/a><\/div><\/div>\n<\/div>\n","protected":false},"excerpt":{"rendered":"<p>OFTE STILTE SP\u00d8RSM\u00c5L OM MAHARISHI VEDISKE PANDITER HVORFOR BEST\u00c5R DENNE GRUPPEN BARE AV MAHARISHI VEDISKE PANDITER? Vitenskapelig forskning har vist at grupper av mennesker som praktiserer Yogisk Flygning sammen, kan ha en kraftig fredsskapende virkning. Samtidig har det tradisjonelt v\u00e6rt Vediske Panditer som har hatt oppgaven med \u00e5 opprettholde harmoni i samfunnet. Maharishi Vediske Panditer [&hellip;]<\/p>\n","protected":false},"author":3,"featured_media":165,"parent":9216,"menu_order":0,"comment_status":"open","ping_status":"closed","template":"","meta":{"om_disable_all_campaigns":false,"_monsterinsights_skip_tracking":false,"_monsterinsights_sitenote_active":false,"_monsterinsights_sitenote_note":"","_monsterinsights_sitenote_category":0,"footnotes":""},"class_list":["post-9224","page","type-page","status-publish","has-post-thumbnail","hentry"],"_links":{"self":[{"href":"https:\/\/donation.vedicpandits.org\/nb\/wp-json\/wp\/v2\/pages\/9224","targetHints":{"allow":["GET"]}}],"collection":[{"href":"https:\/\/donation.vedicpandits.org\/nb\/wp-json\/wp\/v2\/pages"}],"about":[{"href":"https:\/\/donation.vedicpandits.org\/nb\/wp-json\/wp\/v2\/types\/page"}],"author":[{"embeddable":true,"href":"https:\/\/donation.vedicpandits.org\/nb\/wp-json\/wp\/v2\/users\/3"}],"replies":[{"embeddable":true,"href":"https:\/\/donation.vedicpandits.org\/nb\/wp-json\/wp\/v2\/comments?post=9224"}],"version-history":[{"count":15,"href":"https:\/\/donation.vedicpandits.org\/nb\/wp-json\/wp\/v2\/pages\/9224\/revisions"}],"predecessor-version":[{"id":79176,"href":"https:\/\/donation.vedicpandits.org\/nb\/wp-json\/wp\/v2\/pages\/9224\/revisions\/79176"}],"up":[{"embeddable":true,"href":"https:\/\/donation.vedicpandits.org\/nb\/wp-json\/wp\/v2\/pages\/9216"}],"wp:featuredmedia":[{"embeddable":true,"href":"https:\/\/donation.vedicpandits.org\/nb\/wp-json\/wp\/v2\/media\/165"}],"wp:attachment":[{"href":"https:\/\/donation.vedicpandits.org\/nb\/wp-json\/wp\/v2\/media?parent=9224"}],"curies":[{"name":"wp","href":"https:\/\/api.w.org\/{rel}","templated":true}]}}