{"id":9231,"date":"2014-04-08T07:40:21","date_gmt":"2014-04-08T07:40:21","guid":{"rendered":"https:\/\/vedicpandits.org\/nb\/?page_id=9231"},"modified":"2016-12-05T22:07:29","modified_gmt":"2016-12-05T22:07:29","slug":"events","status":"publish","type":"page","link":"https:\/\/donation.vedicpandits.org\/nb\/contact\/events\/","title":{"rendered":"Events"},"content":{"rendered":"<h4>V\u00c5R CAMPUS HAR HATT GJESTER FRA HELE VERDEN<\/h4>\n<p>Tusenvis av mennesker har allerede benyttet muligheten til \u00e5 delta i arrangementer, kurs og turer ved de tre hovedsentrene for v\u00e5rt fredsprosjekt. Vi ser frem til \u00e5 \u00f8nske deg velkommen p\u00e5 et eller flere av disse, der du kan ha en dyptg\u00e5ende erfaring av stillhet i n\u00e6rheten av en stor fredsskapende gruppe, og oppleve \u201dlive\u201d resitasjon av Maharishi Vediske Panditer.<\/p>\n","protected":false},"excerpt":{"rendered":"<p>V\u00c5R CAMPUS HAR HATT GJESTER FRA HELE VERDEN Tusenvis av mennesker har allerede benyttet muligheten til \u00e5 delta i arrangementer, kurs og turer ved de tre hovedsentrene for v\u00e5rt fredsprosjekt. Vi ser frem til \u00e5 \u00f8nske deg velkommen p\u00e5 et eller flere av disse, der du kan ha en dyptg\u00e5ende erfaring av stillhet i n\u00e6rheten [&hellip;]<\/p>\n","protected":false},"author":3,"featured_media":57,"parent":9216,"menu_order":0,"comment_status":"open","ping_status":"closed","template":"template-events.php","meta":{"om_disable_all_campaigns":false,"_monsterinsights_skip_tracking":false,"_monsterinsights_sitenote_active":false,"_monsterinsights_sitenote_note":"","_monsterinsights_sitenote_category":0,"footnotes":""},"class_list":["post-9231","page","type-page","status-publish","has-post-thumbnail","hentry"],"_links":{"self":[{"href":"https:\/\/donation.vedicpandits.org\/nb\/wp-json\/wp\/v2\/pages\/9231","targetHints":{"allow":["GET"]}}],"collection":[{"href":"https:\/\/donation.vedicpandits.org\/nb\/wp-json\/wp\/v2\/pages"}],"about":[{"href":"https:\/\/donation.vedicpandits.org\/nb\/wp-json\/wp\/v2\/types\/page"}],"author":[{"embeddable":true,"href":"https:\/\/donation.vedicpandits.org\/nb\/wp-json\/wp\/v2\/users\/3"}],"replies":[{"embeddable":true,"href":"https:\/\/donation.vedicpandits.org\/nb\/wp-json\/wp\/v2\/comments?post=9231"}],"version-history":[{"count":4,"href":"https:\/\/donation.vedicpandits.org\/nb\/wp-json\/wp\/v2\/pages\/9231\/revisions"}],"predecessor-version":[{"id":10234,"href":"https:\/\/donation.vedicpandits.org\/nb\/wp-json\/wp\/v2\/pages\/9231\/revisions\/10234"}],"up":[{"embeddable":true,"href":"https:\/\/donation.vedicpandits.org\/nb\/wp-json\/wp\/v2\/pages\/9216"}],"wp:featuredmedia":[{"embeddable":true,"href":"https:\/\/donation.vedicpandits.org\/nb\/wp-json\/wp\/v2\/media\/57"}],"wp:attachment":[{"href":"https:\/\/donation.vedicpandits.org\/nb\/wp-json\/wp\/v2\/media?parent=9231"}],"curies":[{"name":"wp","href":"https:\/\/api.w.org\/{rel}","templated":true}]}}