{"id":3352,"date":"2014-04-10T12:56:25","date_gmt":"2014-04-10T12:56:25","guid":{"rendered":"https:\/\/vedicpandits.org\/?page_id=3352"},"modified":"2021-06-23T11:20:30","modified_gmt":"2021-06-23T11:20:30","slug":"national-yagya","status":"publish","type":"page","link":"https:\/\/donation.vedicpandits.org\/nl\/yagya-2\/national-yagya\/","title":{"rendered":"National  Yagya"},"content":{"rendered":"<h4>WAT ZIJN NATIONALE YAGYA\u2019S?<\/h4>\n<p>Een Nationale Yagya is een technologie specifiek bedoeld voor de groei van voorspoed en ter voorkoming van problemen voor een land. Deze Yagyas worden uitgevoerd door grote groepen Maharishi Vedische Pandits in de Brahmasthan (het geografische centrum) van India. <\/p>\n<div class=\"border-line\">&nbsp;<\/div>\n<div class=\"grid-holder\">\n<div class=\"grid grid-desktop-50 grid-mobile-100\"><div class=\"holder\"><p><img loading=\"lazy\" decoding=\"async\" class=\"alignleft size-full wp-image-277\" src=\"\/wp-content\/uploads\/2014\/04\/IMG_4957_reverse_web1.jpg\" alt=\"IMG_4957_reverse_web1\" width=\"432\" height=\"288\" srcset=\"https:\/\/donation.vedicpandits.org\/wp-content\/uploads\/2014\/04\/IMG_4957_reverse_web1.jpg 432w, https:\/\/donation.vedicpandits.org\/wp-content\/uploads\/2014\/04\/IMG_4957_reverse_web1-300x200.jpg 300w, https:\/\/donation.vedicpandits.org\/wp-content\/uploads\/2014\/04\/IMG_4957_reverse_web1-430x288.jpg 430w\" sizes=\"auto, (max-width: 432px) 100vw, 432px\" \/><\/p>\n<\/div><\/div>\n<div class=\"grid grid-desktop-50 grid-mobile-100\"><div class=\"holder\"><h4>HOE WORDEN ZE UITGEVOERD?<\/h4>\n<p>Nationale Yagya&#8217;s worden uitgevoerd over een periode van enkele dagen of weken, afhankelijk van de grootte van de Yagya en met een speciaal bepaald doel (de zogenaamde Sankalpa) dat door het land wordt geselecteerd. Voorbeelden van een specifiek doel zijn economische vooruitgang, een betere gezondheid, nationale harmonie of het afwenden van problemen zoals natuurrampen, geweld, of een kwakkelende economie.<\/p>\n\t<a href=\"https:\/\/donation.vedicpandits.org\/nl\/yagya-2\/national-yagya\/?image_video=https%3A%2F%2Fwww.youtube.com%2Fwatch%3Fv%3D1sXsta5ZzFI%3Frel%3D0\" class=\"video-link no-pointer\"><em>&gt; Luister naar een Yagya voor de bescherming van een land, uitgevoerd door de Vedische Pandits in de Brahmasthan.<\/em><\/a>\n\n\t\n<\/div><\/div>\n<\/div>\n<div class=\"border-line\">&nbsp;<\/div>\n<a id=\"scienceofyagya\" name=\"scienceofyagya\"><\/a><\/p>\n<h4>DE WETENSCHAP ACHTER DE UITVOERING VAN YAGYA\u2019S<\/h4>\n<p>Luister naar John Hagelin, PhD., een wereldvermaarde kwantum fysicus en expert in openbaar beleid en belangrijk voorvechter van vrede:<\/p>\n<div class=\"grid-holder\">\n<div class=\"grid grid-desktop-50 grid-mobile-100\"><div class=\"holder\"><p span style=\"margin-left: 15px;\">\t<a href=\"https:\/\/donation.vedicpandits.org\/nl\/yagya-2\/national-yagya\/?image_video=https%3A%2F%2Fvimeo.com%2F557300075%2Fb21e238256\" class=\"video-link \"><img decoding=\"async\" class=\"alignnone size-full wp-image-285\" src=\"https:\/\/donation.vedicpandits.org\/wp-content\/uploads\/2020\/02\/hagelin_5_videoimage.png\" alt=\"yagya_hagelin_1web1\" width=\"362\"  \/><\/a>\n\n\t\n\t<a href=\"https:\/\/donation.vedicpandits.org\/nl\/yagya-2\/national-yagya\/?image_video=https%3A%2F%2Fvimeo.com%2F557300075%2Fb21e238256\" class=\"video-link no-pointer\"><em>&gt; Video 1: Wat is Maharishi Yagya?<\/em><\/a>\n\n\t\n<\/div><\/div>\n<div class=\"grid grid-desktop-50 grid-mobile-100\"><div class=\"holder\">\t<a href=\"https:\/\/donation.vedicpandits.org\/nl\/yagya-2\/national-yagya\/?image_video=https%3A%2F%2Fwww.youtube.com%2Fwatch%3Fv%3DqLutYx79P6E%3Frel%3D0\" class=\"video-link \"><img loading=\"lazy\" decoding=\"async\" class=\"alignnone size-full wp-image-285\" src=\"https:\/\/donation.vedicpandits.org\/wp-content\/uploads\/2020\/02\/hagelin_yagya_charlie2.png\" alt=\"yagya_hagelin_2web2\" width=\"432\" height=\"242\" \/><\/a>\n\n\t\n\t<a href=\"https:\/\/donation.vedicpandits.org\/nl\/yagya-2\/national-yagya\/?image_video=https%3A%2F%2Fwww.youtube.com%2Fwatch%3Fv%3DqLutYx79P6E%3Frel%3D0\" class=\"video-link no-pointer\"><em>&gt; Video 2: De wetenschappelijke basis van yagya.<\/em><\/a>\n\n\t\n<\/div><\/div>\n<\/div>\n<div class=\"border-line\">&nbsp;<\/div>\n<h4 style=\"text-align: center;\">VIER REDENEN OM DE MAHARISHI VEDISCHE PANDITS EN NATIONALE YAGYA\u2019S TE ONDERSTEUNEN<\/h4>\n<h4 style=\"text-align: center;\">1. STEUN UW LAND<\/h4>\n<p style=\"text-align: center;\">Nationale Yagyas bevorderen op een krachtige manier vrede, succes, welvaart en nationale onoverwinnelijkheid en zijn specifiek gericht op positiviteit voor uw land.<\/p>\n<h4 style=\"text-align: center;\">2. BESCHERM UW WERELD, UW OMGEVING<\/h4>\n<p style=\"text-align: center;\">Het gezamenlijke effect van de vele nationale Yagyas heeft een krachtige positieve invloed op de wereld. Bovendien laten uw donaties de grootte van de groep in de Brahmasthan van India aangroeien om het kritische niveau van 9000 te bereiken dat nodig is om wereldvrede te verzekeren.\n<\/p>\n<h4 style=\"text-align: center;\">3. BESCHERM UZELF EN UW GEZIN<\/h4>\n<p style=\"text-align: center;\">Uw land profiteert van uw steun en daarmee bereikt dit voordeel u als burger. We kennen allemaal de waarheid van het gezegde: &#8216;Wat je zaait, zal je oogsten&#8217;. In de oude Vedische traditie wordt gezegd dat degenen die de Yagya steunen ook de voornaamste begunstigden zullen zijn.\n<\/p>\n<h4 style=\"text-align: center;\">4. BEWAAR HET VEDISCHE ERFGOED<\/h4>\n<p style=\"text-align: center;\">Maharishi hechtte veel belang aan het herstel van de Vedische traditie want het biedt de kennis en technieken om ons volledige potentieel te realiseren, zowel individueel als collectief. Alle donaties aan een Nationale Yagya ondersteunen de pandits en zorgen ervoor dat deze kennis beschikbaar blijft voor toekomstige generaties.<\/p>\n<div class=\"border-line\">&nbsp;<\/div>\n\t<p style=\"text-align: center\">\n\t\t<a href=\"https:\/\/aro.vedicpandits.org\/nl\/donate\"   class=\"btn btn-large \" > > \n\t\t\tVRAAG EEN NATIONALE YAGYA AAN\t\t<\/a>\n\t<\/p>\n\n\t\n<div class=\"border-line\">&nbsp;<\/div>\n<h4>KRIJG UW NAAM VERMELD IN EEN YAGYA<\/h4>\n<p>U kunt kiezen om de volledige kosten van een Nationale Yagya te sponsoren (beginnend vanaf USD $1250). In dit geval wordt uw naam vermeld in de Sankalpa (gekozen doel van de yagya) die wordt gereciteerd door de Vedische pandits aan het begin van de Yagya uitvoering. Bijdragen aan een Nationale Yagya brengen niet alleen vele positieve invloeden naar uw land maar u zal ook zelf, als individuele donor, de voordelen krijgen.<\/p>\n<div class=\"border-line\">&nbsp;<\/div>\n<!--\n\n<h4 id=\"testimonials\">DIRECTE ERVARINGEN VAN DE EFFECTEN VAN NATIONALE YAGYA\u2019S<\/h4>\n\n\n[accordion]\n[accordion_entry title=\"&gt; Lees enkele persoonlijke ervaringen van mensen die bijgedragen hebben aan een nationale Yagya:\"]\n\n\n<p style=\"text-align: left;\"><strong>Ik ervoer minder weerstand en meer geluk<\/strong> \u201cToen ik de nationale Yagya ondersteunde  voelde ik dat mijn lezingen moeiteloos en wrijvingsloos verliepen. Ik voelde minder weerstand en meer geluk bij het geven van de lezing. Op persoonlijk vlak voelde ik dat mijn relaties verrijkt werden gedurende deze tijd. Ik beveel nationale Yagya\u2019s ten zeerste aan voor  het bevorderen van al uw activiteiten in het leven\u201d \u2014 Noorwegen<\/p>\n\n\n\n\n<p style=\"text-align: left;\"><strong>Het leven was zo mild voor mij<\/strong> \u201cHeel veel dank aan de nationale Yagya\u2019s. We hadden de meest vredige maand augustus in Taiwan sinds 1947. Er waren geen tyfoons in augustus 2014. Voor meteorologen is dit niet te geloven! Het leven was mild voor mij en ik geniet van alles wat ik doe. Ik geloof dat dit komt door de nationale Yagya\u2019s die we voor Taiwan gedaan hebben. Alles gaat zo moeiteloos voor mij, ik volg gewoon de stroom van mijn leven terwijl alle dingen die ik doe \u00e9\u00e9n voor \u00e9\u00e9n het gewenste resultaat opleveren. Nieuwe kansen blijven zich aandienen en mijn inkomen is gestegen.\u201d \u2014 Taiwan<\/p>\n\n\n\n\n<p style=\"text-align: left;\"><strong>Ik voel me beschermd<\/strong> \u201cIk ervaar hoe ik diep verbonden ben met de groep van Maharishi Vedische pandits in de Brahamsthan. I voel me ook beschermd en voelde me niet als een blad in de wind gedurende de moeilijke tijden waar ik doorheen ging. Door mij gaat deze bescherming ook naar mijn familie en naar goede vrienden en hun families. Ik ervaar hoe ik zelf een directe begunstigde van dit project ben en een deel van een grote wereldfamilie. Het toont me de grote voordelen van een groep Maharishi Vedische pandits voor de hele wereld.\u201d \u2014 Servi\u00eb<\/p>\n\n\n\n\n<p style=\"text-align: left;\"><strong>Drie weken later ontving ik een loonsverhoging<\/strong> \u201cIk liet een yagya doe voor welvaart voor al het personeel van de zaak waar ik werk. Drie weken later kreeg ik een loonsverhoging van 12% bruto! In deze tijd! De yagya die werd gedaan voor de zaak is binnen de kortste keren terugverdiend!\u201d \u2014 Nederland<\/p>\n\n\n\n\n<p style=\"text-align: left;\"><strong>Ik voel meer ondersteuning<\/strong> \u201cElke keer dat ik de Vedische Pandits kan steunen met  donaties van mijn familie heb ik meer ondersteuning op verschillende vlakken in mijn leven en dit heeft een sneeuwbal effect. Deze steun vloeit ook naar mensen waarom ik geef en op die manier zijn we meer en meer een kleine gelukzalige rivier die bijdraagt aan het geluk rondom ons. Nogmaals dank om ons te laten deelnemen in deze grote verwezenlijking.\u201d \u2014 Frankrijk<\/p>\n\n\n\n\n<p style=\"text-align: left;\"><strong>Mijn familie is gezegend<\/strong> \"Het waarlijk een plezier om te kunnen deelnemen in deze actie om negativiteit  te verwijderen en de wereld een betere plaats te maken om in te leven. Ik kan je verzekeren dat ik mij vandaag \u2018magisch\u2019 en \u2018verlicht\u2019 voel gezien ik eindelijk gevonden heb waar ik naar zocht. Het is echt een fantastisch gevoel dat ik niet kan uitleggen maar dat voortdurend positieve energie brengt. Mijn familie is gezegend en raapt de vruchten van betere levensomstandigheden als gevolg van nieuwe carri\u00e8res en ontwikkelde talenten.. God\u2019s rijkste zegeningen voor onze Maharishi Vedische Pandits en heel veel dank voor de nationale yagya\u2019s.\" \u2014 Trinidad en Tobago<\/p>\n\n\n\n\n<p style=\"text-align: left;\"><strong>Nieuwe kansen deden zich voor<\/strong> \u201cMijn bijdragen aan de eerste Nationale Yagya\u2019s waren bescheiden, toch voelde ik elke maand meer steun van de natuur. Problemen en tegenslagen begonnen om te slaan in mijn voordeel. Nieuwe kansen deden zich voor. Mijn inkomen begon langzaam te stijgen en is in de laatste drie maanden elke maand verdubbeld. Vorige maand kon ik 1250 dollar doneren \u2013 en wat een verschil met mijn naam in de yagya. Het is een ander leven.\u201d \u2014 VS<\/p>\n\n\n\n\n<p style=\"text-align: left;\"><strong>Sinds deze yagya verbetert ons bedrijf pijlsnel<\/strong> \u201cIk bestelde een nationale yagya voor Nieuw Zeeland met in het achterhoofd mijn land, mijn familie en onze zakenbelangen. De recessie sloeg hier, vooral in 2011, voor iedereen hard toe, ons bedrijf inbegrepen. Sinds deze yagya verbetert ons bedrijf pijlsnel! We moesten zelfs werk weigeren \u2013 dat is NOOIT eerder gebeurd.\u201d \u2014 Nieuw Zeeland<\/p>\n\n\n\n\n<p style=\"text-align: left;\"><strong>Een essentieel onderdeel van onze zaak<\/strong>\u201cWe kregen groter succes met onze zaak en een echte verbondenheid met de natuurwet. Dit is eens te meer een fantastisch geschenk van Maharishi  dat we nu beschouwen als een essentieel onderdeel van onze zaak.\u201d \u2014 VS<\/p>\n\n\n\n\n<p style=\"text-align: left;\"><strong>Leven zoals het hoor te zijn<\/strong> \u201cMijn lichaam, emoties en dagelijkse activiteiten lijken zachter en gemakkelijker tijdens de yagya\u2019s. Zelf de meest uitdagende situaties, zowel op persoonlijk vlak als op het werk of in de familie, lijken uit zichzelf moeiteloos op te lossen. Dit is leven zoals het hoort te zijn.\u201d \u2014 USA<\/p>\n\n\n\n\n<p style=\"text-align: left;\"><strong>Alles blijft vlot verlopen<\/strong> \u201cHet is vooral tijdens mijn programma\u2019s in de koepel dat ik besef dat sinds het begin van de nationale yagya\u2019s alles vlot blijft verlopen, zelf als zich dramatische gebeurtenissen voordoen in ons leven, zonder grote omwentelingen. Het effect is veel diepgaander dan we beseffen en dit begrijpen maakt me dankbaar en geeft me vreugde!\u201d \u2014 Nederland<\/p>\n\n\n\n\n<p style=\"text-align: left;\"><strong>\u00a0<\/strong><\/p>\n\n\n[\/accordion_entry]\n[\/accordion]\n[accordion]\n[accordion_entry title=\"&gt; Kom meer te weten over de veranderingen in de economische en politieke situatie na een nationale Yagya:\"]\n\nLEBANON 2014\n\u201cIedereen heeft gehoord dat er terroristen waren in Syri\u00eb en recent nog in Irak. Zij deelden mee dat zij enkele steden in Libanon zouden aanvallen. Gedurende de laatste 10 dagen werden drie aanvallen voorbereid maar deze werden alle verijdeld omdat ze tijdig werden ontdekt door het leger en de politie. Overal meldde de pers: Libanon werd gespaard van een derde terroristenaanval; dit is onverklaarbaar; dit is goddelijke voorzienigheid. We hebben voordien vele gelijkaardige situaties meegemaakt. Dit is niet de eerste keer. De bescherming in Libanon  is duidelijk het gevolg van de verzameld effecten van Maharishi Nationale yayga\u2019s  gedurende de laatste drie jaar. We hebben Nationale yagya\u2019s tijdens elke yagya cyclus \u2013 twee maal per maand. Dit zullen we blijven voordoen om Libanon voortdurend te beschermen. Alle dank aan de Maharishi programma\u2019s  en de Maharishi Vedische pandits in de Brahmasthan van India.\u201d <em>Salim Haddad - Ambassadeur van Libanon<\/em>\n\nOEKRAINE 2014\n\"DANK aan de hele wereldfamilie en de landen die Oekra\u00efne steunen met nationale yagya\u2019s! Elke keer zien we duidelijk hun effect \u2013 minder geweld en doden, meer onderhadelingen voor vrede. Jullie redden letterlijk levens.\" <em>Ambassadeur en nationale secretaris voor het nationaal kantoor van Oekra\u00efne.<\/em>\n\nSERVI\u00cb 2014\n\"Servi\u00eb leed enkele maanden geleden onder verwoestende overstromingen. Juist voor de volgende overstromingen kwamen er welwillende donoren naar voor en een onverwachte steun voor nationale yagya\u2019s. Gedurende die periode zeiden politiekers verbaasd hoe veel geluk we hadden omdat de tweede golf van overstromingen er niet is gekomen. We zijn de enigen die weten dat dit geluk werd veroorzaakt door het uitvoeren van Maharishi nationale yagya\u2019s.\" <em>Voja Trajkovic - ambassadeur voor Servi\u00eb<\/em>\n\nCOLOMBIA 2013\n\"Maharishi nationale yagya\u2019s voor ons land zijn \u00e9\u00e9n van de grootste zegeningen die we kregen. We verbazen ons over hoe goed de ervaringen van mediterenden en sidha\u2019s zijn, vooral die van de donateurs, tijdens en na de uitvoeringen van onze nationale yagya\u2019s terwijl het hele land een sterk verhoogd niveau van coherentie en ondersteuning ondervindt in verschillende gebieden van het nationale leven. We voelen dat het Maharishi nationale yagya programma een krachtige techniek is om het onbegrensd organiserend vermogen van de natuurwet in te zetten op zowel nationaal vlak als in specifieke domeinen. We zijn heel dankbaar aan Maharishi en Guru Dev om deze krachtige technologie beschikbaar te stellen zodat en tendens naar positiviteit kan worden ingezet.\" <em>Paul Fabre - Ambassadeur voor Colombia<\/em>\n\nVERENIGD KONINKRIJK, 2013\nDe uitstekende prestaties van de economie in het Verenigd Koninkrijk waren volledig in tegenspraak met de negatieve voorspellingen van de bankiers en economen.\n\nPORTUGAL, 2012\nEr was een massale opstand tegen een nieuwe en harde '\u00e9\u00e9nmalige sociale belasting'. Na de uitvoering van een nationale yagya werd dit opgelost op een zeer opmerkelijke niet-gewelddadige, nationaal verenigende en vreedzame manier. \n\nLIBANON, 2012\nEr werd gestart met regelmatige Nationale Yagyas in januari 2011. Spanningen en interne conflicten namen in belangrijke mate af, vele politieke moordpogingen mislukten, terroristische plannen werden ontdekt en afgewend, en gewapende conflicten werden voorkomen.. Yagya donoren rapporteerden hoe zij prachtige persoonlijke voordelen verkregen. Zelfs de president van Libanon kondigde aan: \"Libanon beleeft een toestand van onverwachte stabiliteit van januari 2011 tot nu\".\n\nVS, 2012\nNationale Yagyas specifiek ontworpen om het te laten regenen, gingen vooraf aan   de regens die vielen in door droogte geteisterde gebieden in het hele land, er was een gestage verbetering van de economische groei die nu uitkomt op 3,1% , een lagere werkloosheid, toegenomen industri\u00eble productie , een grote toename van het consumentenvertrouwen, vlotte en coherente verkiezingen en zelfs de gevreesde 21 december ging voorbij onder een enorme positieve invloed.\n\nGHANA 2012\n\u201cIk stuur je dit nieuws over de laatste verkiezingen in Ghana die doorgingen na onze laatste Yagya voor de natie. Zij worden omschreven als de beste en de rustigste in de geschiedenis van de natie. Dergelijk nieuws uit Afrika spreekt boekdelen . We danken onze eigen Maharishi Ji die ons deze grote kennis heeft nagelaten . We hopen ook om op onze eigen kleine manier bij te dragen aan de vrede.\" \n<em>De nationale Directeur van het Transcendente Meditatie programma in Ghana.<\/em>\n\n[\/accordion_entry]\n[\/accordion]--><\/p>\n","protected":false},"excerpt":{"rendered":"<p>WAT ZIJN NATIONALE YAGYA\u2019S? Een Nationale Yagya is een technologie specifiek bedoeld voor de groei van voorspoed en ter voorkoming van problemen voor een land. Deze Yagyas worden uitgevoerd door grote groepen Maharishi Vedische Pandits in de Brahmasthan (het geografische centrum) van India. DE WETENSCHAP ACHTER DE UITVOERING VAN YAGYA\u2019S Luister naar John Hagelin, PhD., [&hellip;]<\/p>\n","protected":false},"author":3,"featured_media":3256,"parent":3347,"menu_order":0,"comment_status":"open","ping_status":"closed","template":"","meta":{"om_disable_all_campaigns":false,"_monsterinsights_skip_tracking":false,"_monsterinsights_sitenote_active":false,"_monsterinsights_sitenote_note":"","_monsterinsights_sitenote_category":0,"footnotes":""},"class_list":["post-3352","page","type-page","status-publish","has-post-thumbnail","hentry"],"_links":{"self":[{"href":"https:\/\/donation.vedicpandits.org\/nl\/wp-json\/wp\/v2\/pages\/3352","targetHints":{"allow":["GET"]}}],"collection":[{"href":"https:\/\/donation.vedicpandits.org\/nl\/wp-json\/wp\/v2\/pages"}],"about":[{"href":"https:\/\/donation.vedicpandits.org\/nl\/wp-json\/wp\/v2\/types\/page"}],"author":[{"embeddable":true,"href":"https:\/\/donation.vedicpandits.org\/nl\/wp-json\/wp\/v2\/users\/3"}],"replies":[{"embeddable":true,"href":"https:\/\/donation.vedicpandits.org\/nl\/wp-json\/wp\/v2\/comments?post=3352"}],"version-history":[{"count":16,"href":"https:\/\/donation.vedicpandits.org\/nl\/wp-json\/wp\/v2\/pages\/3352\/revisions"}],"predecessor-version":[{"id":53964,"href":"https:\/\/donation.vedicpandits.org\/nl\/wp-json\/wp\/v2\/pages\/3352\/revisions\/53964"}],"up":[{"embeddable":true,"href":"https:\/\/donation.vedicpandits.org\/nl\/wp-json\/wp\/v2\/pages\/3347"}],"wp:featuredmedia":[{"embeddable":true,"href":"https:\/\/donation.vedicpandits.org\/nl\/wp-json\/wp\/v2\/media\/3256"}],"wp:attachment":[{"href":"https:\/\/donation.vedicpandits.org\/nl\/wp-json\/wp\/v2\/media?parent=3352"}],"curies":[{"name":"wp","href":"https:\/\/api.w.org\/{rel}","templated":true}]}}