{"id":3362,"date":"2015-01-15T14:34:07","date_gmt":"2015-01-15T14:34:07","guid":{"rendered":"https:\/\/vedicpandits.org\/?page_id=3362"},"modified":"2017-07-31T09:53:10","modified_gmt":"2017-07-31T09:53:10","slug":"testimonials","status":"publish","type":"page","link":"https:\/\/donation.vedicpandits.org\/nl\/testimonials\/","title":{"rendered":"Ervaringen"},"content":{"rendered":"<h4 id=\"testimonials\">DIRECTE ERVARINGEN VAN DE EFFECTEN VAN NATIONALE YAGYA\u2019S <\/h4>\n<p><P style = \"text-align: left;\"> Tijdens een National Yagya profiteert uw natie uit uw steun en volgens het principe van wederkerigheid &#8220;Zoals u zaait, zult u maaien&#8221; ook. In de oude Vedische traditie worden de supporters van een Yagya beschouwd als begunstigden. Hieronder vindt u ervaringen van degenen die Nationale Yagyas hebben ondersteund. <\/ P><\/p>\n<div class=\"box-quote\">\n<p><strong>De kennis is de wereldvrede<\/strong><br \/>\n\u201cZodra je weet dat er kennis is die wereldvrede en hemel op aarde kan brengen, denk je: oh, ik heb hier een verantwoordelijkheid. Maar tegelijkertijd is het geluk en vreugde en je krijgt meer dan je geeft .. Dus voor mij is het een investering &#8230; en dat bedoel ik letterlijk.\u201d \u2014 Belgi\u00eb<\/p>\n<p><strong>Het leven was zo mild<\/strong><br \/> \u201cHeel veel dank aan de nationale Yagya\u2019s. We hadden de meest vredige maand augustus in Taiwan sinds 1947. Er waren geen tyfoons in augustus 2014. Voor meteorologen is dit niet te geloven! Het leven was mild voor mij en ik geniet van alles wat ik doe. Ik geloof dat dit komt door de nationale Yagya\u2019s die we voor Taiwan gedaan hebben. Alles gaat zo moeiteloos voor mij, ik volg gewoon de stroom van mijn leven terwijl alle dingen die ik doe \u00e9\u00e9n voor \u00e9\u00e9n het gewenste resultaat opleveren. Nieuwe kansen blijven zich aandienen en mijn inkomen is gestegen.\u201d \u2014 Taiwan<\/p>\n<p><strong>Alles blijft vlot verlopen<\/strong><br \/> \u201cHet is vooral tijdens mijn programma\u2019s in de koepel dat ik besef dat sinds het begin van de nationale yagya\u2019s alles vlot blijft verlopen, zelfs als zich dramatische gebeurtenissen voordoen in ons leven, zonder grote omwentelingen. Het effect is veel diepgaander dan we beseffen en dit begrijpen maakt me dankbaar en geeft me vreugde!\u201d \u2014 Nederland<\/p>\n<\/div>\n<p><!--\n[accordion]\n[accordion_entry title=\"&gt; Lees meer directe ervaringen over de effecten van een Nationale Yagya\"]\n\n\n\n<div class=\"box-quote\">\n<strong>Ik voel meer ondersteuning<\/strong><br \/> \u201cElke keer dat ik de Vedische Pandits kan steunen met  donaties van mijn familie heb ik meer ondersteuning op verschillende vlakken in mijn leven en dit heeft een sneeuwbal effect. Deze steun vloeit ook naar mensen waarom ik geef en op die manier zijn we meer en meer een kleine gelukzalige rivier die bijdraagt aan het geluk rondom ons. Nogmaals dank om ons te laten deelnemen in deze grote verwezenlijking.\u201d \u2014 Frankrijk<\/p>\n\n\n\n<strong>Mijn familie is gezegend<\/strong><br \/> \"Het waarlijk een plezier om te kunnen deelnemen in deze actie om negativiteit  te verwijderen en de wereld een betere plaats te maken om in te leven. Ik kan je verzekeren dat ik mij vandaag \u2018magisch\u2019 en \u2018verlicht\u2019 voel gezien ik eindelijk gevonden heb waar ik naar zocht. Het is echt een fantastisch gevoel dat ik niet kan uitleggen maar dat voortdurend positieve energie brengt. Mijn familie is gezegend en raapt de vruchten van betere levensomstandigheden als gevolg van nieuwe carri\u00e8res en ontwikkelde talenten.. God\u2019s rijkste zegeningen voor onze Maharishi Vedische Pandits en heel veel dank voor de nationale yagya\u2019s.\" \u2014 Trinidad en Tobago<\/p>\n\n\n\n<strong>Nieuwe kansen deden zich voor<\/strong><br \/> \u201cMijn bijdragen aan de eerste Nationale Yagya\u2019s waren bescheiden, toch voelde ik elke maand meer steun van de natuur. Problemen en tegenslagen begonnen om te slaan in mijn voordeel. Nieuwe kansen deden zich voor. Mijn inkomen begon langzaam te stijgen en is in de laatste drie maanden elke maand verdubbeld. Vorige maand kon ik 1250 dollar doneren \u2013 en wat een verschil met mijn naam in de yagya. Het is een ander leven.\u201d \u2014 VS<\/p>\n\n\n\n<strong>Sinds deze yagya verbetert ons bedrijf pijlsnel<\/strong><br \/> \u201cIk bestelde een nationale yagya voor Nieuw Zeeland met in het achterhoofd mijn land, mijn familie en onze zakenbelangen. De recessie sloeg hier, vooral in 2011, voor iedereen hard toe, ons bedrijf inbegrepen. Sinds deze yagya verbetert ons bedrijf pijlsnel! We moesten zelfs werk weigeren \u2013 dat is NOOIT eerder gebeurd.\u201d \u2014 Nieuw Zeeland<\/p>\n\n\n\n<strong>Ik ervoer minder weerstand en meer geluk<\/strong><br \/> \u201cToen ik de nationale Yagya ondersteunde  voelde ik dat mijn lezingen moeiteloos en wrijvingsloos verliepen. Ik voelde minder weerstand en meer geluk bij het geven van de lezing. Op persoonlijk vlak voelde ik dat mijn relaties verrijkt werden gedurende deze tijd. Ik beveel nationale Yagya\u2019s ten zeerste aan voor  het bevorderen van al uw activiteiten in het leven\u201d \u2014 Noorwegen<\/p>\n\n\n\n<strong>Een essentieel onderdeel van onze zaak<\/strong><br \/>\u201cWe kregen groter succes met onze zaak en een echte verbondenheid met de natuurwet. Dit is eens te meer een fantastisch geschenk van Maharishi  dat we nu beschouwen als een essentieel onderdeel van onze zaak.\u201d \u2014 VS<\/p>\n\n\n\n<strong>Leven zoals het hoor te zijn<\/strong><br \/> \u201cMijn lichaam, emoties en dagelijkse activiteiten lijken zachter en gemakkelijker tijdens de yagya\u2019s. Zelf de meest uitdagende situaties, zowel op persoonlijk vlak als op het werk of in de familie, lijken uit zichzelf moeiteloos op te lossen. Dit is leven zoals het hoort te zijn.\u201d \u2014 USA<\/p>\n\n\n\n<strong>Ik voel me beschermd<\/strong><br \/> \u201cIk ervaar hoe ik diep verbonden ben met de groep van Maharishi Vedische pandits in de Brahamsthan. I voel me ook beschermd en voelde me niet als een blad in de wind gedurende de moeilijke tijden waar ik doorheen ging. Door mij gaat deze bescherming ook naar mijn familie en naar goede vrienden en hun families. Ik ervaar hoe ik zelf een directe begunstigde van dit project ben en een deel van een grote wereldfamilie. Het toont me de grote voordelen van een groep Maharishi Vedische pandits voor de hele wereld.\u201d \u2014 Servi\u00eb<\/p>\n\n\n\n<strong>Drie weken later ontving ik een loonsverhoging<\/strong><br \/> \u201cIk liet een yagya doe voor welvaart voor al het personeel van de zaak waar ik werk. Drie weken later kreeg ik een loonsverhoging van 12% bruto! In deze tijd! De yagya die werd gedaan voor de zaak is binnen de kortste keren terugverdiend!\u201d \u2014 Nederland<\/p>\n\n\n\n\n<\/div>\n\n\n[\/accordion_entry]\n[\/accordion]--><\/p>\n<div class=\"border-line\">&nbsp;<\/div>\n<div class=\"grid-holder\">\n<div class=\"grid grid-desktop-50 grid-mobile-100\"><div class=\"holder\"><h4 id=\"testimonials\">VERANDERINGEN DIE PLAATSVONDEN IN LANDEN<\/h4>\n<p>Kom meer te weten over de veranderingen in de economische en politieke situatie na een nationale Yagya. <a title=\"National Yagya page\" href=\"https:\/\/donation.vedicpandits.org\/nl\/yagya-2\/national-yagya\/\">Nationale Yagya&#8217;s<\/a> worden uitgevoerd over een periode van enkele dagen of weken en afhankelijk van de grootte van de Yagya en met een speciaal bepaald doel (de zogenaamde Sankalpa) dat door het land wordt geselecteerd. Voorbeelden van een specifiek doel zijn economische vooruitgang, een betere gezondheid, nationale harmonie of het afwenden van problemen zoals natuurrampen, geweld, of een kwakkelende economie.<\/p>\n<\/div><\/div>\n<div class=\"grid grid-desktop-50 grid-mobile-100\"><div class=\"holder\"><p><img loading=\"lazy\" decoding=\"async\" class=\"alignright wp-image-2189\" src=\"\/wp-content\/uploads\/2015\/01\/testimonial_sized_small-300x226.jpg\" alt=\"testimonial_sized_small\" width=\"376\" height=\"284\" srcset=\"https:\/\/donation.vedicpandits.org\/wp-content\/uploads\/2015\/01\/testimonial_sized_small-300x226.jpg 300w, https:\/\/donation.vedicpandits.org\/wp-content\/uploads\/2015\/01\/testimonial_sized_small.jpg 408w\" sizes=\"auto, (max-width: 376px) 100vw, 376px\" \/><\/p>\n<\/div><\/div>\n<\/div>\n<div class=\"box-quote\">\n<p>TAIWAN 2015<br \/>\n\u201cTrouwens, deze Nationale Yagya die nu wordt uitgevoerd heeft een zeer krachtige uitwerking gehad! Twee tyfoons (CNN beschreef de tweede als een \u2018monster tyfoon\u2019) gingen gewoon voorbij zonder aan land te gaan in Taiwan! We kregen alleen enkele winderige dagen en net genoeg regen om de waterreservoirs, die te kampen hadden met een tekort, bij te vullen. Dankzij de Nationale Yagya bleef iedereen en alles hier veilig. Het ergste was dat sommige vluchten  en treinen werden geannuleerd en de reisplannen van sommigen werden onderbroken.\u201d  Chin-Fen Lee \u2013 Ambassadeur voor Taiwan<\/p>\n<p>NIEUW ZEELAND 2015<br \/>\n\u201cNa een aantal yagya\u2019s voor zuiver voedsel is een voedselproducent in \u00e9\u00e9n van onze grote districten overgeschakeld naar niet genetisch gemanipuleerd voedsel (GGV). En ook, niettegenstaande we tegenover machtige lobby groepen stonden die genetisch gemanipuleerd voedsel  verdedigde,  keurde de Hastings District gemeenteraad een 10-jarig plan goed dat genetisch gemanipuleerde gewassen in open lucht verbood in de landbouw en in testvelden.<br \/>\nDit is groot nieuws voor allen die campagne voeren voor voedsel dat vrij is van genetische manipulatie, zoals ikzelf.\u201d<\/p>\n<p>ARGENTINIE 2015<br \/>\n\u201cIn oktober en november deden we twee heel grote Nationale Yagya\u2019s voor harmonieuze vooruitgang in ons land. Einde 2015 waren we getuige van opmerkelijke gebeurtenissen in Argentini\u00eb: de politieke en sociale veranderingen tijdens de verkiezingen van oktober en november verliepen ordelijk en zonder problemen.\u201d<\/p>\n<\/div>\n<div class=\"accordion\"><div class=\"accordion-entry\"><em><a href=\"#\">&gt; Lees meer over de positieve effecten voor landen die Nationale Yagyas hebben gesponsord<\/a><\/em><div class=\"hidden-content\">\n<div class=\"box-quote\">\n<p>LEBANON 2014<br \/>\n\u201cIedereen heeft gehoord dat er terroristen waren in Syri\u00eb en recent nog in Irak. Zij deelden mee dat zij enkele steden in Libanon zouden aanvallen. Gedurende de laatste 10 dagen werden drie aanvallen voorbereid maar deze werden alle verijdeld omdat ze tijdig werden ontdekt door het leger en de politie. Overal meldde de pers: Libanon werd gespaard van een derde terroristenaanval; dit is onverklaarbaar; dit is goddelijke voorzienigheid. We hebben voordien vele gelijkaardige situaties meegemaakt. Dit is niet de eerste keer. De bescherming in Libanon  is duidelijk het gevolg van de verzamelde effecten van Maharishi Nationale yayga\u2019s  gedurende de laatste drie jaar. We hebben Nationale yagya\u2019s tijdens elke yagya cyclus \u2013 twee maal per maand. Dit zullen we blijven voordoen om Libanon voortdurend te beschermen. Alle dank aan de Maharishi programma\u2019s  en de Maharishi Vedische pandits in de Brahmasthan van India.\u201d <em>Salim Haddad &#8211; Ambassadeur van Libanon<\/em><\/p>\n<p>COLOMBIA 2013<br \/>\n&#8220;Maharishi nationale yagya\u2019s voor ons land zijn \u00e9\u00e9n van de grootste zegeningen die we kregen. We verbazen ons over hoe goed de ervaringen van mediterenden en sidha\u2019s zijn, vooral die van de donateurs, tijdens en na de uitvoeringen van onze nationale yagya\u2019s terwijl het hele land een sterk verhoogd niveau van coherentie en ondersteuning ondervindt in verschillende gebieden van het nationale leven. We voelen dat het Maharishi nationale yagya programma een krachtige techniek is om het onbegrensd organiserend vermogen van de natuurwet in te zetten op zowel nationaal vlak als in specifieke domeinen. We zijn heel dankbaar aan Maharishi en Guru Dev om deze krachtige technologie beschikbaar te stellen zodat en tendens naar positiviteit kan worden ingezet.&#8221; <em>Paul Fabre &#8211; Ambassadeur voor Colombia<\/em><\/p>\n<p><!--VERENIGD KONINKRIJK, 2013\nDe uitstekende prestaties van de economie in het Verenigd Koninkrijk waren volledig in tegenspraak met de negatieve voorspellingen van de bankiers en economen.\n\nOEKRAINE 2014\n\"DANK aan de hele wereldfamilie en de landen die Oekra\u00efne steunen met nationale yagya\u2019s! Elke keer zien we duidelijk hun effect \u2013 minder geweld en doden, meer onderhadelingen voor vrede. Jullie redden letterlijk levens.\" <em>Ambassadeur en nationale secretaris voor het nationaal kantoor van Oekra\u00efne.<\/em>\n\nPORTUGAL, 2012\nEr was een massale opstand tegen een nieuwe en harde '\u00e9\u00e9nmalige sociale belasting'. Na de uitvoering van een nationale yagya werd dit opgelost op een zeer opmerkelijke niet-gewelddadige, nationaal verenigende en vreedzame manier. \n\nLIBANON, 2012\nEr werd gestart met regelmatige Nationale Yagyas in januari 2011. Spanningen en interne conflicten namen in belangrijke mate af, vele politieke moordpogingen mislukten, terroristische plannen werden ontdekt en afgewend, en gewapende conflicten werden voorkomen.. Yagya donoren rapporteerden hoe zij prachtige persoonlijke voordelen verkregen. Zelfs de president van Libanon kondigde aan: \"Libanon beleeft een toestand van onverwachte stabiliteit van januari 2011 tot nu\".--><\/p>\n<p>VS, 2012<br \/>\nNationale Yagyas specifiek ontworpen om het te laten regenen, gingen vooraf aan   de regens die vielen in door droogte geteisterde gebieden in het hele land, er was een gestage verbetering van de economische groei die nu uitkomt op 3,1% , een lagere werkloosheid, toegenomen industri\u00eble productie , een grote toename van het consumentenvertrouwen, vlotte en coherente verkiezingen en zelfs de gevreesde 21 december ging voorbij onder een enorme positieve invloed.<\/p>\n<p>SERVI\u00cb 2014<br \/>\n&#8220;Servi\u00eb leed enkele maanden geleden onder verwoestende overstromingen. Juist voor de volgende overstromingen kwamen er welwillende donoren naar voor en een onverwachte steun voor nationale yagya\u2019s. Gedurende die periode zeiden politiekers verbaasd hoe veel geluk we hadden omdat de tweede golf van overstromingen er niet is gekomen. We zijn de enigen die weten dat dit geluk werd veroorzaakt door het uitvoeren van Maharishi nationale yagya\u2019s.&#8221; <em>Voja Trajkovic &#8211; ambassadeur voor Servi\u00eb<\/em><\/p>\n<p>GHANA 2012<br \/>\n\u201cIk stuur je dit nieuws over de laatste verkiezingen in Ghana die doorgingen na onze laatste Yagya voor de natie. Zij worden omschreven als de beste en de rustigste in de geschiedenis van de natie. Dergelijk nieuws uit Afrika spreekt boekdelen . We danken onze eigen Maharishi Ji die ons deze grote kennis heeft nagelaten . We hopen ook om op onze eigen kleine manier bij te dragen aan de vrede.&#8221;<br \/>\n<em>De nationale Directeur van het Transcendente Meditatie programma in Ghana.<\/em>\n<\/div>\n<a href=\"#\" class=\"close\">Close Section<\/a><\/div><\/div>\n<\/div>\n<div class=\"border-line\">&nbsp;<\/div>\n<div class=\"grid-holder\">\n<div class=\"grid grid-desktop-50 grid-mobile-100\"><div class=\"holder\"><h4 id=\"testimonials\">DIRECTE ERVARINGEN &#8211; SPECIALE YAGYA&#8217;S<\/h4>\n<p>Speciale Yagya&#8217; hebben een ander doel dan Nationale Yagya&#8217;s. Maharishi heeft een aantal speciale yagya&#8217;s ontworpen voor belangrijke tijden en tijden waarin grote veranderingen plaatsvinden in het persoonlijk leven. <a title=\"Special Yagya page\" href=\"https:\/\/donation.vedicpandits.org\/yagya\/special-yagya\/\">Speciale Yagya&#8217;s<\/a> zijn voor:<\/p>\n<ul>\n<li>VERJAARDAGEN: uitvoering op de verjaardag<\/li>\n<li>Yagya voor WELZIJN \u2013 het hele jaar door<\/li>\n<li>HUWELIJKEN: uitvoering op de trouwdag<\/li>\n<li>HUWELIJKSJUBILEA: uitvoering op de trouwdag<\/li>\n<li>GEBOORTES: uitvoering 40 dagen na de geboorte<\/li>\n<\/ul>\n<p>Hieronder kunt u een aantal ervaringen lezen van mensen die verjaardags, huwelijks en huwelijksjubileum-yagya&#8217;s hebben laten uitvoeren.<\/p>\n<\/div><\/div>\n<div class=\"grid grid-desktop-50 grid-mobile-100\"><div class=\"holder\"><p><img loading=\"lazy\" decoding=\"async\" class=\"alignright size-full wp-image-2345\" src=\"\/wp-content\/uploads\/2015\/01\/testimonials_specialyagya.jpg\" alt=\"testimonials_specialyagya\" width=\"408\" height=\"308\" srcset=\"https:\/\/donation.vedicpandits.org\/wp-content\/uploads\/2015\/01\/testimonials_specialyagya.jpg 408w, https:\/\/donation.vedicpandits.org\/wp-content\/uploads\/2015\/01\/testimonials_specialyagya-300x226.jpg 300w\" sizes=\"auto, (max-width: 408px) 100vw, 408px\" \/><\/p>\n<\/div><\/div>\n<\/div>\n<p style=\"text-align: left;\"><strong>Alles ging moeiteloos<\/strong> \u201cOp mijn verjaardag was ik was verbaasd over het diepe gevoel dat alles rondom mij moeiteloos werkte, rustig en zacht. Het was merkbaar anders dan op andere verjaardagen. Bedankt aan degenen die dit georganiseerd hebben.\u201d   Canada<\/p>\n<p style=\"text-align: left;\"><strong>Gelukkiger dan ooit tevoren<\/strong>  &#8220;Sommige situaties die waren vastgelopen begonnen te bewegen in de goede richting. Wat mijn verjaardag betreft, dit was de beste die ik heb gekend sinds vele jaren. Het was een week vol met feestelijkheden, iets wat ik waarschijnlijk zelfs niet had in mijn top dagen als teenager. Ik ben heel blij met de resultaten van deze uitvoering. Ik hoop dat de volgende verjaardag snel komt.&#8221;   Itali\u00eb<\/p>\n<p style=\"text-align: left;\"><strong>Ik voel me gezegend <\/strong>\u201cEr was een duidelijke verandering in het bewustzijn door de Yagya. Ik voel me echt gezegend. Ik kijk er naar uit om elk jaar een Yagya te hebben voor mijn verjaardag.\u201d  UK<\/p>\n<p style=\"text-align: left;\"><strong>Kosmische glimlach<\/strong>   \u201cDe ervaring is echt kosmisch en verenigt alle niveaus van het menselijk bestaan in een kosmische glimlach, het voelt alsof men het gouden poeder over zich heen krijgt gestrooid. Dank aan alle Vedische Pandits die Yagyas uitvoeren en aan de hele Vedische traditie die ons deze goddelijke zuivere kennis bracht. \u201d  Servi\u00eb<\/p>\n<div class=\"accordion\"><div class=\"accordion-entry\"><em><a href=\"#\">&gt; Lees meer ervaringen van Speciale Yagya's<\/a><\/em><div class=\"hidden-content\">\n<p style=\"text-align: left;\"><strong>Het was een prachtige ervaring<\/strong>   \u201cDit was mijn eerste Maharishi Yagya en het was een prachtige ervaring. Ik voorzie er nu \u00e9\u00e9n elk jaar. In de nacht voor mijn verjaardag voelde ik intense golven van geluk. In de periode daarna werden vele zaken waar ik lange tijd mee worstelde opgelost (dat was een echte opluchting) en voelde ik mij gelukkiger en tevreden. Wanneer dagelijkse hindernissen zich voordoen, lijken ze gemakkelijker op te lossen en mijn activiteiten lijken meer effici\u00ebnt te verlopen. Dank u om deze Yagya\u2019s beschikbaar te maken.\u201d  Canada<\/p>\n<p style=\"text-align: left;\"><strong>Het effect was duidelijk <\/strong>   \u201cWe hadden niet verwacht dat de Yagya ons zo rechtstreeks zou be\u00efnvloeden, maar het effect was duidelijk. Het deed me denken aan de effecten van een lange meditatie cursus. Moeilijk te beschrijven, maar onmisbaar.\u201d  USA<\/p>\n<p style=\"text-align: left;\"><strong>Er gebeurde iets heel speciaal<\/strong>   \u201cVanaf het moment dat ik betaalde voor de huwelijksverjaardag gebeurde er iets heel speciaal in onze relatie. Nu lijkt het alsof alles zo zuiver is, zo transparant. Het is een wonder dat een Yagya werkt door er alleen maar voor te betalen.\u201d  Nederland<\/p>\n<p style=\"text-align: left;\"><strong>Verankerd in het Absolute <\/strong>  \u201cWe voelden ons beiden de hele tijd verankerd in het Absolute: een gevoel dat we eigenlijk onbeweeglijk waren. Onnodig om te zeggen dat we uitkijken naar de volgende yagya.\u201d  VS<\/p>\n<p style=\"text-align: left;\"><strong>De Yagya blies alle vermoeidheid en angst weg <\/strong>&#8220;Mezelf een Yagya cadeau geven voor mijn zestigste verjaardag was een heel goede beslissing. Ik had goede ervaringen tijdens die dag. Ik voelde me heel gelukkig, zacht en al mijn activiteiten verliepen rustiger en ontspannen dan gewoonlijk. Ik ben nu nog hoopvoller en mijn hele dagelijkse leven lijkt ondersteund te worden. Het beste van al is dat mijn hart meer werd geopend en mijn meditaties dieper zijn dan voordien. Het lijkt ook alsof de Yagya vermoeidheid en angst uit het verleden wegblies, zij zijn verdwenen en ik beveel iedereen echt aan om te sparen voor een verjaardagsyagya!&#8221;  Duitsland<\/p>\n<p style=\"text-align: left;\"><strong>Het leven verloopt gemakkelijker<\/strong>   \u201cHet effect van de Yagyas is verbazingwekkend \u2013 velen waarmee ik sprak, merkten dezelfde kwaliteit van ervaring als ik. Het leven verloopt zoveel zachter, de ondersteuning van de natuur is constant aanwezig in kleine en grote gebeurtenissen, belemmeringen worden verwijderd. Ik voel me goed met alles.\u201d  VS<\/p>\n<a href=\"#\" class=\"close\">Close Section<\/a><\/div><\/div>\n<\/div>\n","protected":false},"excerpt":{"rendered":"<p>DIRECTE ERVARINGEN VAN DE EFFECTEN VAN NATIONALE YAGYA\u2019S Tijdens een National Yagya profiteert uw natie uit uw steun en volgens het principe van wederkerigheid &#8220;Zoals u zaait, zult u maaien&#8221; ook. In de oude Vedische traditie worden de supporters van een Yagya beschouwd als begunstigden. Hieronder vindt u ervaringen van degenen die Nationale Yagyas hebben [&hellip;]<\/p>\n","protected":false},"author":3,"featured_media":2394,"parent":0,"menu_order":0,"comment_status":"closed","ping_status":"closed","template":"","meta":{"om_disable_all_campaigns":false,"_monsterinsights_skip_tracking":false,"_monsterinsights_sitenote_active":false,"_monsterinsights_sitenote_note":"","_monsterinsights_sitenote_category":0,"footnotes":""},"class_list":["post-3362","page","type-page","status-publish","has-post-thumbnail","hentry"],"_links":{"self":[{"href":"https:\/\/donation.vedicpandits.org\/nl\/wp-json\/wp\/v2\/pages\/3362","targetHints":{"allow":["GET"]}}],"collection":[{"href":"https:\/\/donation.vedicpandits.org\/nl\/wp-json\/wp\/v2\/pages"}],"about":[{"href":"https:\/\/donation.vedicpandits.org\/nl\/wp-json\/wp\/v2\/types\/page"}],"author":[{"embeddable":true,"href":"https:\/\/donation.vedicpandits.org\/nl\/wp-json\/wp\/v2\/users\/3"}],"replies":[{"embeddable":true,"href":"https:\/\/donation.vedicpandits.org\/nl\/wp-json\/wp\/v2\/comments?post=3362"}],"version-history":[{"count":13,"href":"https:\/\/donation.vedicpandits.org\/nl\/wp-json\/wp\/v2\/pages\/3362\/revisions"}],"predecessor-version":[{"id":11291,"href":"https:\/\/donation.vedicpandits.org\/nl\/wp-json\/wp\/v2\/pages\/3362\/revisions\/11291"}],"wp:featuredmedia":[{"embeddable":true,"href":"https:\/\/donation.vedicpandits.org\/nl\/wp-json\/wp\/v2\/media\/2394"}],"wp:attachment":[{"href":"https:\/\/donation.vedicpandits.org\/nl\/wp-json\/wp\/v2\/media?parent=3362"}],"curies":[{"name":"wp","href":"https:\/\/api.w.org\/{rel}","templated":true}]}}