{"id":5726,"date":"2014-08-08T07:02:34","date_gmt":"2014-08-08T07:02:34","guid":{"rendered":"https:\/\/vedicpandits.org\/?page_id=5726"},"modified":"2018-03-24T13:59:17","modified_gmt":"2018-03-24T13:59:17","slug":"home","status":"publish","type":"page","link":"https:\/\/donation.vedicpandits.org\/pl\/","title":{"rendered":"Strona g\u0142\u00f3wna"},"content":{"rendered":"<p><!--<img loading=\"lazy\" decoding=\"async\" src=\"\/wp-content\/uploads\/2014\/04\/ecardslidere-new1.jpg\" width=\"912\" height=\"364\" class=\"alignleft size-full wp-image-1800\" \/>\n<a class=\"ecardbutton\" href=\"https:\/\/donation.vedicpandits.org\/ecard\/\"> > Nowo\u015b\u0107! Darmowe e-poczt\u00f3wki<\/a>--><\/p>\n<h4>WEDYJSKA  TECHNOLOGIA \u015aWIADOMO\u015aCI DLA TWORZENIA POKOJU NA \u015aWIECIE<\/h4>\n<p>W Indiach znajduje si\u0119 du\u017ca grupa Wedyjskich Ekspert\u00f3w Maharishiego zwanych Panditami. Ma ona za zadanie tworzy\u0107 harmonizuj\u0105cy wp\u0142yw dla ca\u0142ego \u015bwiata. Zosta\u0142 on potwierdzony przez trwaj\u0105ce ponad trzydzie\u015bci lat badania naukowe. Wynika z nich, \u017ce grupa 9000 Pandit\u00f3w znacz\u0105co wp\u0142ynie na popraw\u0119 \u017cycia  w skali globalnej. W ci\u0105gu ostatnich lat dzi\u0119ki darowiznom hojnych darczy\u0144c\u00f3w z ponad 90 kraj\u00f3w, uda\u0142o si\u0119 stworzy\u0107 grup\u0119  licz\u0105c\u0105 w przybli\u017ceniu 2000 Pandit\u00f3w. Dzia\u0142aj\u0105 oni  na kampusie w Brahmasthanie (centrum geograficznym) Indii. <\/p>\n<p>Naszym celem jest takie zwi\u0119kszenie kwoty  rocznego wsparcia dla Wedyjskich Ekspert\u00f3w Maharishiego, aby stworzy\u0107  ca\u0142\u0105 grup\u0119 sk\u0142adaj\u0105c\u0105 si\u0119 z  9000 Pandit\u00f3w, a nast\u0119pnie powo\u0142a\u0107 odpowiedni fundusz, kt\u00f3ry b\u0119dzie  zabezpiecza\u0142 sta\u0142e istnienie tej grupy tworz\u0105c w ten spos\u00f3b pok\u00f3j na \u015bwiecie po wszystkie czasy.<\/p>\n<p>UNESCO oficjalnie wpisa\u0142o Recytacje Wedyjskie na list\u0119 dziedzictwa ludzko\u015bci.<\/p>\n<div style=\"width:200px;\"  class=\"align right\">\n\t<a href=\"https:\/\/donation.vedicpandits.org\/pl\/?image_video=https%3A%2F%2Fwww.youtube.com%2Fwatch%3Fv%3DVwDdWnrT0NY%3Frel%3D0\" class=\"video-link \"><img decoding=\"async\" class=\"alignnone size-full wp-image-285\" src=\"https:\/\/donation.vedicpandits.org\/wp-content\/uploads\/2018\/03\/Tall-blue-globe-copy.jpeg\" alt=\"landscape format of blue globe with pandits\" width=\"200\" \/><\/a>\n\n\t<\/div>\n<h4 style=\"margin-top:25px;\">wideo<\/h4>\n<p>Obejrzyj 14-minutowy film wideo.<\/p>\n<p><!--\n\n<h4>E-POCZT\u00d3WKI<\/h4>\n\n\nWe wszystkich e-poczt\u00f3wkach znajduj\u0105 si\u0119 pi\u0119kne zdj\u0119cia Wedyjskich Pandit\u00f3w Maharishiego wzbogacone o audio, wideo i \/ lub pokazy slajd\u00f3w z recytacjami Wedyjskich Pandit\u00f3w Maharishiego. Mamy nadziej\u0119, \u017ce te darmowe <a href=\"https:\/\/donation.vedicpandits.org\/ecard\/\">e-poczt\u00f3wki<\/a> uciesz\u0105 Ci\u0119 i podzielisz si\u0119 nimi ze znajo--><\/p>\n","protected":false},"excerpt":{"rendered":"<p>WEDYJSKA TECHNOLOGIA \u015aWIADOMO\u015aCI DLA TWORZENIA POKOJU NA \u015aWIECIE W Indiach znajduje si\u0119 du\u017ca grupa Wedyjskich Ekspert\u00f3w Maharishiego zwanych Panditami. Ma ona za zadanie tworzy\u0107 harmonizuj\u0105cy wp\u0142yw dla ca\u0142ego \u015bwiata. Zosta\u0142 on potwierdzony przez trwaj\u0105ce ponad trzydzie\u015bci lat badania naukowe. Wynika z nich, \u017ce grupa 9000 Pandit\u00f3w znacz\u0105co wp\u0142ynie na popraw\u0119 \u017cycia w skali globalnej. W [&hellip;]<\/p>\n","protected":false},"author":3,"featured_media":0,"parent":0,"menu_order":0,"comment_status":"open","ping_status":"closed","template":"template-home.php","meta":{"om_disable_all_campaigns":false,"_monsterinsights_skip_tracking":false,"_monsterinsights_sitenote_active":false,"_monsterinsights_sitenote_note":"","_monsterinsights_sitenote_category":0,"footnotes":""},"class_list":["post-5726","page","type-page","status-publish","hentry"],"_links":{"self":[{"href":"https:\/\/donation.vedicpandits.org\/pl\/wp-json\/wp\/v2\/pages\/5726","targetHints":{"allow":["GET"]}}],"collection":[{"href":"https:\/\/donation.vedicpandits.org\/pl\/wp-json\/wp\/v2\/pages"}],"about":[{"href":"https:\/\/donation.vedicpandits.org\/pl\/wp-json\/wp\/v2\/types\/page"}],"author":[{"embeddable":true,"href":"https:\/\/donation.vedicpandits.org\/pl\/wp-json\/wp\/v2\/users\/3"}],"replies":[{"embeddable":true,"href":"https:\/\/donation.vedicpandits.org\/pl\/wp-json\/wp\/v2\/comments?post=5726"}],"version-history":[{"count":17,"href":"https:\/\/donation.vedicpandits.org\/pl\/wp-json\/wp\/v2\/pages\/5726\/revisions"}],"predecessor-version":[{"id":13697,"href":"https:\/\/donation.vedicpandits.org\/pl\/wp-json\/wp\/v2\/pages\/5726\/revisions\/13697"}],"wp:attachment":[{"href":"https:\/\/donation.vedicpandits.org\/pl\/wp-json\/wp\/v2\/media?parent=5726"}],"curies":[{"name":"wp","href":"https:\/\/api.w.org\/{rel}","templated":true}]}}