{"id":5731,"date":"2014-08-08T07:09:10","date_gmt":"2014-08-08T07:09:10","guid":{"rendered":"https:\/\/vedicpandits.org\/?page_id=5731"},"modified":"2015-09-22T12:14:38","modified_gmt":"2015-09-22T12:14:38","slug":"maharishi","status":"publish","type":"page","link":"https:\/\/donation.vedicpandits.org\/pl\/maharishi\/","title":{"rendered":"Maharishi"},"content":{"rendered":"<h4>MAHARISHI MAHESH YOGI<\/h4>\n<p>Maharishi Mahesh Yogi jest powszechnie uznanym  ekspertem  nauki wedyjskiej  i mo\u017cliwo\u015bci jej zastosowania we wsp\u00f3\u0142czesnych czasach. Jest  wiod\u0105cym naukowcem na polu bada\u0144 nad \u015bwiadomo\u015bci\u0105. Okre\u015blenie &#8221; wedyjskie &#8221; odnosi si\u0119 do ponadczasowej tradycji czystej i pe\u0142nej wiedzy, kt\u00f3ra ma swoje \u017ar\u00f3d\u0142a w Indiach.<br \/>\nMaharishi znany jest tak\u017ce z nauczania programu Transcendentalnej Medytacji, kt\u00f3ra jest najdok\u0142adniej zbadan\u0105 i niezwykle skuteczn\u0105 technik\u0105 samorozwoju (patrz poni\u017cej). Poza tym, przywr\u00f3ci\u0142 on pe\u0142ni\u0119 wiedzy zawartej w tradycji wedyjskiej i praktyczne zastosowanie wedyjskiej tradycji  Indii, zachowuj\u0105c  czysto\u015b\u0107 tej nauki oraz jej ca\u0142o\u015bciowy charakter, po to, aby ka\u017cdy m\u00f3g\u0142 \u017cy\u0107 wsz\u0119dzie pe\u0142ni\u0105 \u017cycia, w pokoju, dobrobycie oraz zdrowiu.<\/p>\n<p>Maharishi reaktywowa\u0142 kilka zapomnianych lub niezrozumia\u0142ych dotychczas aspekt\u00f3w nauki wedyjskiej i opracowa\u0142 programy jej zastosowania w dziedzinach opieki zdrowotnej, edukacji, obrony, administracji, architektury i wielu innych.<\/p>\n<div class=\"border-line\">&nbsp;<\/div>\n<h4>SYSTEMATYCZNA PRAKTYKA  PROWADZI DO O\u015aWIECENIA<\/h4>\n<p>Medytacyjna droga do o\u015bwiecenia przez wieki by\u0142a \u017ale rozumiana nawet w samych Indiach.  Zosta\u0142a ona w du\u017cej mierze uznana za domen\u0119 religii czy filozofii i cz\u0119sto wi\u0105za\u0142a si\u0119 z wyrzeczeniem. Jest jednak inaczej. Maharishi ujawni\u0142 prawd\u0119 o wedyjskiej tradycji wyja\u015bniaj\u0105c, \u017ce medytacja nie opiera si\u0119  na wysi\u0142ku i koncentracji, ale odbywa si\u0119 spontanicznie i naturalnie. Potrzebny jest tylko  odpowiedni start dla umys\u0142u.<\/p>\n<p>Maharishi wytyczy\u0142  systematyczn\u0105 drog\u0119 do rozwoju wy\u017cszych stan\u00f3w \u015bwiadomo\u015bci, w kt\u00f3rych jednia \u017cycia staje si\u0119 \u017cyw\u0105 rzeczywisto\u015bci\u0105 w \u017cyciu praktykuj\u0105cego prawie z dnia na dzie\u0144.<\/p>\n<p>Naukowcy zainspirowani przez Maharishiego zacz\u0119li bada\u0107 korzy\u015bci p\u0142yn\u0105ce z Transcendentalnej Medytacji. Od 1970 roku, kiedy opublikowano pierwsze badania, przeprowadzono ponad 600 bada\u0144 naukowych w ponad 200 niezale\u017cnych instytucjach badawczych w 35 krajach na \u015bwiecie.  Wykazuj\u0105 one  udokumentowane korzy\u015bci p\u0142yn\u0105ce z praktykowania Transcendentalnej Medytacji dla umys\u0142u, cia\u0142a i osobowo\u015bci jednostki, a tak\u017ce dla ca\u0142ego spo\u0142ecze\u0144stwa. Wiele z tych bada\u0144 zosta\u0142o opublikowanych w najbardziej renomowanych czasopismach naukowych, medycznych i profesjonalnych.<\/p>\n<div class=\"border-line\">&nbsp;<\/div>\n<h4>KR\u00d3TKI PRZEGL\u0104D HISTORII \u015aWIATOWEGO POKOJU<\/h4>\n<p>Maharishi  rozwin\u0105\u0142 zaawansowany program medytacji TM \u2013 Sidhi, ze szczeg\u00f3lnie skuteczn\u0105  grupow\u0105 praktyk\u0105 Jogicznego Latania. W ten spos\u00f3b ofiarowa\u0142 \u015bwiatu technologi\u0119 tworzenia i wprowadzania sp\u00f3jnych i spokojnych zmian w zbiorowej \u015bwiadomo\u015bci ka\u017cdego narodu, przy zaanga\u017cowaniu tylko niewielkiej cz\u0119\u015bci jego populacji.  <\/p>\n<p>Stosowanie grupowej praktyki Jogicznego Latania na du\u017c\u0105 skal\u0119 jest pierwsz\u0105 naukowo uznan\u0105 metod\u0105 tworzenia pokoju na \u015bwiecie. Badania terenowe wykaza\u0142y r\u00f3wnocze\u015bnie, \u017ce wiele innych aspekt\u00f3w \u017cycia \u2013 takich, jak og\u00f3lny stan zdrowia, relacje  spo\u0142eczne i zamo\u017cno\u015b\u0107 \u2013 tak\u017ce ulegaj\u0105 poprawie.<\/p>\n<p>Aby utworzy\u0107 i utrzyma\u0107 ten silny pozytywny wp\u0142yw na sta\u0142e, Maharishi zaprojektowa\u0142  inicjatyw\u0119 \u015awiatowego Pokoju. Jest to projekt, kt\u00f3ry ma za zadanie stworzy\u0107 du\u017c\u0105 grup\u0119 specjalnie przeszkolonych Wedyjskich Pandit\u00f3w. Ich codzienna praktyka program\u00f3w TM i TM- Sidhi, ich recytacje i wykonywanie tzw. Wedyjskich Jagji rozprzestrzenia g\u0142\u0119bokie, wymierne i korzystne trendy w ca\u0142ym  \u015bwiecie . Maj\u0105c na celu zwi\u0119kszenie \u015brodk\u00f3w finansowych, aby  mo\u017cliwe by\u0142o utrzymanie tej grupy na sta\u0142e,  za\u0142o\u017cy\u0142 w 2008 r. Fundacj\u0119 Brahmananda Saraswati. Jej przedtawicielami s\u0105 tzw. Ambasadorzy.<\/p>\n<div class=\"border-line\">&nbsp;<\/div>\n<h4 id=\"audios\">AUDIO<\/h4>\n<p>Maharishi m\u00f3wi o Wedyjskich Panditach:(po angielsku)<\/p>\n<p><em><a href=\"https:\/\/donation.vedicpandits.org\/pl\/maharishi\/?audio_link=%2Fwp-content%2Fuploads%2F2015%2F03%2F01nTraining-Vedic-Pandits-to-Create-Harmony-in-Society-pushing-the-Devatas-buttons-May-18-051.mp3\" class=\"audio-link\">&gt; Szkolenie Wedyjskich Pandit\u00f3w w celu tworzenia harmonii w spo\u0142ecze\u0144stwie. (Audio 10:02 min)<\/a>\n<p><b><\/b><a href=\"https:\/\/donation.vedicpandits.org\/pl\/maharishi\/?audio_link=%2Fwp-content%2Fuploads%2F2015%2F03%2F04n-Specialty-of-the-Vedic-Pandits-March-16-053.mp3\" class=\"audio-link\">&gt;  Specjalizacja Wedyjskich Pandit\u00f3w. (Audio 7:14 min )<\/a><\/em><\/br><\/p>\n<p>Maharishi m\u00f3wi o tym jak dzia\u0142a Jagja: (po angielsku)<\/p>\n<p><em><a href=\"https:\/\/donation.vedicpandits.org\/pl\/maharishi\/?audio_link=%2Fwp-content%2Fuploads%2F2015%2F03%2F03n-Using-Collective-Yagyas-to-Prevent-the-Danger.mp3\" class=\"audio-link\">&gt; Korzystanie ze zbiorowych Jagji jako zapobieganie niebezpiecze\u0144stwu, kt\u00f3re mia\u0142o nadej\u015b\u0107.  (Audio 8:56 min)<\/a>\n<p><b><\/b><a href=\"https:\/\/donation.vedicpandits.org\/pl\/maharishi\/?audio_link=%2Fwp-content%2Fuploads%2F2015%2F03%2F02n-Yagyas%C3%A2%C2%80%C2%94powerful-Vedic-performances-March-23-051.mp3\" class=\"audio-link\">&gt; Jagje &#8211; pot\u0119\u017cne recytacje i wykonania  tekstu Wed przez Wedyjskich Pandit\u00f3w wyp\u0142ywaj\u0105ce z podstawowego cichego poziomu \u015bwiadomo\u015bci cz\u0142owieka.(Audio 7:26 min)<\/a>\n<p><b><\/b><a href=\"https:\/\/donation.vedicpandits.org\/pl\/maharishi\/?audio_link=%2Fwp-content%2Fuploads%2F2015%2F03%2F06n-Difference-between-practising-TM-and-listening-to-Vedic-R.mp3\" class=\"audio-link\">&gt; R\u00f3\u017cnica mi\u0119dzy praktykuj\u0105cymi TM i s\u0142uchaj\u0105cymi recytacji Wedyjskich.  (Audio 4:42 min)<\/a><\/em><\/p>\n","protected":false},"excerpt":{"rendered":"<p>MAHARISHI MAHESH YOGI Maharishi Mahesh Yogi jest powszechnie uznanym ekspertem nauki wedyjskiej i mo\u017cliwo\u015bci jej zastosowania we wsp\u00f3\u0142czesnych czasach. Jest wiod\u0105cym naukowcem na polu bada\u0144 nad \u015bwiadomo\u015bci\u0105. Okre\u015blenie &#8221; wedyjskie &#8221; odnosi si\u0119 do ponadczasowej tradycji czystej i pe\u0142nej wiedzy, kt\u00f3ra ma swoje \u017ar\u00f3d\u0142a w Indiach. Maharishi znany jest tak\u017ce z nauczania programu Transcendentalnej Medytacji, [&hellip;]<\/p>\n","protected":false},"author":3,"featured_media":149,"parent":0,"menu_order":0,"comment_status":"open","ping_status":"closed","template":"","meta":{"om_disable_all_campaigns":false,"_monsterinsights_skip_tracking":false,"_monsterinsights_sitenote_active":false,"_monsterinsights_sitenote_note":"","_monsterinsights_sitenote_category":0,"footnotes":""},"class_list":["post-5731","page","type-page","status-publish","has-post-thumbnail","hentry"],"_links":{"self":[{"href":"https:\/\/donation.vedicpandits.org\/pl\/wp-json\/wp\/v2\/pages\/5731","targetHints":{"allow":["GET"]}}],"collection":[{"href":"https:\/\/donation.vedicpandits.org\/pl\/wp-json\/wp\/v2\/pages"}],"about":[{"href":"https:\/\/donation.vedicpandits.org\/pl\/wp-json\/wp\/v2\/types\/page"}],"author":[{"embeddable":true,"href":"https:\/\/donation.vedicpandits.org\/pl\/wp-json\/wp\/v2\/users\/3"}],"replies":[{"embeddable":true,"href":"https:\/\/donation.vedicpandits.org\/pl\/wp-json\/wp\/v2\/comments?post=5731"}],"version-history":[{"count":15,"href":"https:\/\/donation.vedicpandits.org\/pl\/wp-json\/wp\/v2\/pages\/5731\/revisions"}],"predecessor-version":[{"id":6502,"href":"https:\/\/donation.vedicpandits.org\/pl\/wp-json\/wp\/v2\/pages\/5731\/revisions\/6502"}],"wp:featuredmedia":[{"embeddable":true,"href":"https:\/\/donation.vedicpandits.org\/pl\/wp-json\/wp\/v2\/media\/149"}],"wp:attachment":[{"href":"https:\/\/donation.vedicpandits.org\/pl\/wp-json\/wp\/v2\/media?parent=5731"}],"curies":[{"name":"wp","href":"https:\/\/api.w.org\/{rel}","templated":true}]}}