{"id":5735,"date":"2014-08-08T07:09:17","date_gmt":"2014-08-08T07:09:17","guid":{"rendered":"https:\/\/vedicpandits.org\/?page_id=5735"},"modified":"2015-09-22T18:41:34","modified_gmt":"2015-09-22T18:41:34","slug":"peace-creating-group","status":"publish","type":"page","link":"https:\/\/donation.vedicpandits.org\/pl\/peace-creating-group\/","title":{"rendered":"GRUPA TWORZ\u0104CA POK\u00d3J NA \u015aWIECIE"},"content":{"rendered":"<h4>9000 WEDYJSKICH PANDIT\u00d3W MAHARISHIEGO WSPIERAJ\u0104CYCH \u015aWIATOWY POK\u00d3J <\/h4>\n<p>Maharishi Mahesh Yogi zaproponowa\u0142 ustanowienie  specjalnej grupy dla tworzenia pokoju na \u015bwiecie  z\u0142o\u017conej z  Wedyjskich Pandit\u00f3w.  Ju\u017c od czas\u00f3w staro\u017cytnych byli oni tradycyjnymi stra\u017cnikami Wedyjskiej m\u0105dro\u015bci, odpowiedzialnymi za utrzymywanie harmonii w spo\u0142ecze\u0144stwie oraz r\u00f3wnowagi w przyrodzie. Dzi\u0119ki wskaz\u00f3wkom i wyja\u015bnieniom udzielonym przez  Maharishiego,  majacym na celu pe\u0142ne zrozumienie wiedzy Wedyjskiej oraz technologiom tworzenia pokoju wykorzystuj\u0105cym procesy \u015bwiadomo\u015bci  zosta\u0142a przywr\u00f3cona ich pierwotna skuteczno\u015b\u0107, kt\u00f3r\u0105 potwierdzono w badaniach naukowych. Dzi\u0119ki    temu  powsta\u0142a  grupa Wedyjskich Pandit\u00f3w wyszkolonych w stosowaniu tzw. technologii \u015bwiadomo\u015bci, kt\u00f3rzy ponownie wype\u0142niaj\u0105 swoj\u0105 tradycyjn\u0105 rol\u0119 w tworzeniu harmonii, spokoju i r\u00f3wnowagi na \u015bwiecie.<\/p>\n<p>W styczniu 2008 roku Maharishi stworzy\u0142 Fundacj\u0119 Brahmananda Saraswati Trust, aby w ten spos\u00f3b wspiera\u0107 du\u017c\u0105 grup\u0119 Wedyjskich M\u0119drc\u00f3w Maharishiego  znajduj\u0105cych si\u0119 w kampusie w Brahmasthanie (centrum geograficznym) Indii. Jej celem jest stworzenie i wspieranie grupy licz\u0105cej 9000 Pandit\u00f3w. Obecnie najwa\u017cniejszym zadaniem jest rozszerzenie istniej\u0105cej grupy licz\u0105cej  2000 os\u00f3b do 3500. B\u0119dzie to liczba wystarczaj\u0105ca do stworzenia korzystnego wp\u0142ywu na ca\u0142e Indie i stanie si\u0119 solidn\u0105 podstaw\u0105 do osi\u0105gni\u0119cia docelowej liczby  wynosz\u0105cej 9000 uczestnik\u00f3w.<br \/>\n<div class=\"border-line\">&nbsp;<\/div>\n<div class=\"grid-holder\">\n<div class=\"grid grid-desktop-50 grid-mobile-100\"><div class=\"holder\">\t<a href=\"https:\/\/donation.vedicpandits.org\/pl\/peace-creating-group\/?image_video=https%3A%2F%2Fwww.youtube.com%2Fwatch%3Fv%3DoLNxrO4z9GQ%3Frel%3D0\" class=\"video-link \"><img loading=\"lazy\" decoding=\"async\" class=\"alignnone size-full wp-image-103\" src=\"\/wp-content\/uploads\/2014\/04\/post-img-11.jpg\" alt=\"post-img-11\" width=\"432\" height=\"312\" srcset=\"https:\/\/donation.vedicpandits.org\/wp-content\/uploads\/2014\/04\/post-img-11.jpg 432w, https:\/\/donation.vedicpandits.org\/wp-content\/uploads\/2014\/04\/post-img-11-300x216.jpg 300w\" sizes=\"auto, (max-width: 432px) 100vw, 432px\" \/><\/a>\n\n\t\n\t<a href=\"https:\/\/donation.vedicpandits.org\/pl\/peace-creating-group\/?image_video=https%3A%2F%2Fwww.youtube.com%2Fwatch%3Fv%3DoLNxrO4z9GQ%3Frel%3D0\" class=\"video-link no-pointer\"><em>&gt; Zobacz jak Maharishi Mahesh Yogi m\u00f3wi o tym zjawisku. (po angielsku)<\/em><\/a>\n\n\t\n<\/div><\/div>\n<div class=\"grid grid-desktop-50 grid-mobile-100\"><div class=\"holder\"><h4>EFEKT ROZPRZESTRZENIANIA SI\u0118 POKOJU<\/h4>\n<p>Powszechnie uznaje si\u0119, \u017ce ci, kt\u00f3rzy praktykuj\u0105 Transcendentaln\u0105 Medytacj\u0119 do\u015bwiadczaj\u0105 wi\u0119kszego wewn\u0119trznego spokoju. To do\u015bwiadczenie by\u0142o zbadane w spos\u00f3b naukowy i wykaza\u0142o korelacj\u0119 z wi\u0119kszym stopniem uporz\u0105dkowania w funkcjonowaniu fal m\u00f3zgu.<\/p>\n<p>Nie jest tak powszechnie znany fakt, \u017ce gdy stosunkowo niewielka cz\u0119\u015b\u0107 populacji miasta lub kraju praktykuje Transcendentaln\u0105 Medytacj\u0119, to zjawisko uspokojenia rozprzestrzenia si\u0119 w ca\u0142ej populacji. Zjawisko to zosta\u0142o potwierdzone przez 23 badania naukowe.  Stwierdzono, \u017ce w tym celu szczeg\u00f3lnie skuteczny jest zaawansowany program TM Sidhi praktykowany w grupie.<\/p>\n<p>Wykorzystanie tej technologii jest podstawowym celem inicjatywy na rzecz  \u015awiatowego Pokoju.<\/p>\n<\/div><\/div>\n<\/div>\n","protected":false},"excerpt":{"rendered":"<p>9000 WEDYJSKICH PANDIT\u00d3W MAHARISHIEGO WSPIERAJ\u0104CYCH \u015aWIATOWY POK\u00d3J Maharishi Mahesh Yogi zaproponowa\u0142 ustanowienie specjalnej grupy dla tworzenia pokoju na \u015bwiecie z\u0142o\u017conej z Wedyjskich Pandit\u00f3w. Ju\u017c od czas\u00f3w staro\u017cytnych byli oni tradycyjnymi stra\u017cnikami Wedyjskiej m\u0105dro\u015bci, odpowiedzialnymi za utrzymywanie harmonii w spo\u0142ecze\u0144stwie oraz r\u00f3wnowagi w przyrodzie. Dzi\u0119ki wskaz\u00f3wkom i wyja\u015bnieniom udzielonym przez Maharishiego, majacym na celu pe\u0142ne zrozumienie [&hellip;]<\/p>\n","protected":false},"author":3,"featured_media":102,"parent":0,"menu_order":0,"comment_status":"open","ping_status":"closed","template":"","meta":{"om_disable_all_campaigns":false,"_monsterinsights_skip_tracking":false,"_monsterinsights_sitenote_active":false,"_monsterinsights_sitenote_note":"","_monsterinsights_sitenote_category":0,"footnotes":""},"class_list":["post-5735","page","type-page","status-publish","has-post-thumbnail","hentry"],"_links":{"self":[{"href":"https:\/\/donation.vedicpandits.org\/pl\/wp-json\/wp\/v2\/pages\/5735","targetHints":{"allow":["GET"]}}],"collection":[{"href":"https:\/\/donation.vedicpandits.org\/pl\/wp-json\/wp\/v2\/pages"}],"about":[{"href":"https:\/\/donation.vedicpandits.org\/pl\/wp-json\/wp\/v2\/types\/page"}],"author":[{"embeddable":true,"href":"https:\/\/donation.vedicpandits.org\/pl\/wp-json\/wp\/v2\/users\/3"}],"replies":[{"embeddable":true,"href":"https:\/\/donation.vedicpandits.org\/pl\/wp-json\/wp\/v2\/comments?post=5735"}],"version-history":[{"count":6,"href":"https:\/\/donation.vedicpandits.org\/pl\/wp-json\/wp\/v2\/pages\/5735\/revisions"}],"predecessor-version":[{"id":6511,"href":"https:\/\/donation.vedicpandits.org\/pl\/wp-json\/wp\/v2\/pages\/5735\/revisions\/6511"}],"wp:featuredmedia":[{"embeddable":true,"href":"https:\/\/donation.vedicpandits.org\/pl\/wp-json\/wp\/v2\/media\/102"}],"wp:attachment":[{"href":"https:\/\/donation.vedicpandits.org\/pl\/wp-json\/wp\/v2\/media?parent=5735"}],"curies":[{"name":"wp","href":"https:\/\/api.w.org\/{rel}","templated":true}]}}