{"id":5739,"date":"2014-08-08T07:09:29","date_gmt":"2014-08-08T07:09:29","guid":{"rendered":"https:\/\/vedicpandits.org\/?page_id=5739"},"modified":"2018-08-22T08:43:11","modified_gmt":"2018-08-22T08:43:11","slug":"maharishi-vedic-pandits","status":"publish","type":"page","link":"https:\/\/donation.vedicpandits.org\/pl\/peace-creating-group\/maharishi-vedic-pandits\/","title":{"rendered":"WEDYJSCY PANDICI MAHARISHIEGO"},"content":{"rendered":"<h4>SYSTEMATYCZNE WSPIERANIE WEDYJSKICH PANDITOW MAHARISHIEGO<\/h4>\n<p>Od najm\u0142odszych lat, uczniowie z tradycyjnych rodzin wedyjskich w Indiach  ucz\u0119szczaj\u0105 na systematyczne szkolenia, aby sta\u0107 si\u0119 profesjonalnymi Wedyjskimi Panditami Maharishiego, specjalistami w dziedzinie tworzenia pokoju.W wieku od 10 do 20 lat ucz\u0119szczaj\u0105 na specjalny program studi\u00f3w, kt\u00f3ry zaprojektowa\u0142 Maharishi. Praktykuj\u0105 Transcendentaln\u0105 Medytacj\u0119 i TM- Sidhi, bior\u0105 udzia\u0142 w grupowym jogicznym lataniu, studiuj\u0105 sanskryt i zyskuj\u0105 bieg\u0142o\u015b\u0107 w wykonywaniu Jagji &#8211; tradycyjnych recytacji Wedyjskich, kt\u00f3re  tworz\u0105  szcz\u0119\u015bcie i pok\u00f3j. W ten spos\u00f3b zostaj\u0105 absolwentami z tytu\u0142em magistra, a potem doktora program\u00f3w Maharishiego Mahesh Yogi na wydziale Wiedzy Wedyjskiej Vishwavidyalaya uczelni ustanowionej przez Rz\u0105d Stanowy Madhya Pradesh, 1995.<\/p>\n<div class=\"border-line\">&nbsp;<\/div>\n<div class=\"grid-holder\">\n<div class=\"grid grid-desktop-50 grid-mobile-100\"><div class=\"holder\"><p><img loading=\"lazy\" decoding=\"async\" class=\"alignnone size-full wp-image-105\" src=\"\/wp-content\/uploads\/2014\/04\/post-img-12.jpg\" alt=\"post-img-12\" width=\"432\" height=\"312\" srcset=\"https:\/\/donation.vedicpandits.org\/wp-content\/uploads\/2014\/04\/post-img-12.jpg 432w, https:\/\/donation.vedicpandits.org\/wp-content\/uploads\/2014\/04\/post-img-12-300x216.jpg 300w\" sizes=\"auto, (max-width: 432px) 100vw, 432px\" \/><\/p>\n<\/div><\/div>\n<div class=\"grid grid-desktop-50 grid-mobile-100\"><div class=\"holder\"><h4>WEDYJSCY PANDICI MAHARISHIEGO- EKSPERCI JOGI, TRANSCENDENTALNEJ MEDYTACJI I JOGICZNEGO LATANIA<\/h4>\n<p>Wedyjscy Pandici Maharishiego przez kilka godzin dziennie studiuj\u0105  istot\u0119 Jogi oraz praktykuj\u0105 Transcendentaln\u0105 Medytacj\u0119 i program TM- Sidhi. Program TM &#8211; Sidhi , a  w tym Jogiczne Latanie powsta\u0142 na podstawie Jogasutr Patand\u017calego &#8211; centralnego tekstu filozofii jogi.<br \/>\nProgram ten rozwija zdolno\u015b\u0107 do dzia\u0142ania z bardziej cichych i sp\u00f3jnych poziom\u00f3w \u015bwiadomo\u015bci. Im bardziej rosn\u0105 zdolno\u015bci Pandit\u00f3w do dzia\u0142ania z subtelniejszych poziom\u00f3w \u015bwiadomo\u015bci, tym bardziej staj\u0105 si\u0119 oni skuteczni w codziennych recytacjach wedyjskich wykonywanych na rzecz \u015bwiatowego pokoju.<\/p>\n<\/div><\/div>\n<\/div>\n<div class=\"border-line\">&nbsp;<\/div>\n<div class=\"grid-holder\">\n<div class=\"grid grid-desktop-100\"><div class=\"holder\"><p>G\u0142\u00f3wny tekst wedyjski Jogi &#8211; Joga Sutry \u2013 wskazuje na wp\u0142yw, jaki samo do\u015bwiadczanie transcendencji wywiera na wytworzenie pokojowego trendu w \u015brodowisku.<\/p>\n<div class=\"box-info\">\n<h5><em>Tat sannidhau vairatyagah<\/em><\/h5>\n<h4>&#8222;W polu Jogi  (do\u015bwiadczenie transcendentalnej \u015bwiadomo\u015bci, Jednolite Pole) wszelkie wrogie czy konfliktowe tendencje s\u0105 eliminowane.&#8221;<\/h4>\n<h6>\u2013 Yoga sutra 2.35<\/h6>\n<\/div>\n<p>W momencie, gdy Transcendentalna \u015awiadomo\u015b\u0107 jest o\u017cywiana dzi\u0119ki zaawansowanej medytacji stosowanej przez wystarczaj\u0105co du\u017c\u0105 grup\u0119 medytuj\u0105cych, to \u201epole Jogi \u201d rozci\u0105ga si\u0119 na ca\u0142y \u015bwiat. Na tym polega strategia, kt\u00f3r\u0105 proponuje Inicjatywa \u015awiatowego Pokoju.<\/p>\n<\/div><\/div>\n<\/div>\n<div class=\"border-line\">&nbsp;<\/div>\n<div class=\"grid-holder\">\n<div class=\"grid grid-desktop-50 grid-mobile-100\"><div class=\"holder\"><h4>EKSPERCI OD PROGRAM\u00d3W JAGJI \u2013 INTENSYWNE SZKOLENIA W RECYTACJACH WEDYJSKICH<\/h4>\n<p>W tysi\u0105cach ma\u0142ych wiosek w Indiach Maharishi stworzy\u0142 sie\u0107 nauczania dla student\u00f3w, kt\u00f3rzy chc\u0105 sta\u0107 si\u0119 Wedyjskimi M\u0119drcami Maharishiego. W ka\u017cdej miejscowo\u015bci, nauczyciele zwani Guru Ji rozpocz\u0119li szkolenie student\u00f3w od wieku 10 lat. W wieku 14 lat uczniowie maj\u0105 mo\u017cliwo\u015b\u0107 przy\u0142\u0105czenia si\u0119 do jednego z 46 regionalnych o\u015brodk\u00f3w w Indiach i uczestniczenia w zaj\u0119ciach pod superwizj\u0105 Aczary\u00f3w (nauczycieli wy\u017cszego stopnia). Studenci przechodz\u0105 systematyczne, szczeg\u00f3\u0142owe szkolenie zaprojektowane przez Maharishiego, kt\u00f3re pos\u0142uguje si\u0119 nagraniami wideo i prezentacj\u0105 komputerow\u0105 w celu zapewnienia wysokiego standardu szkolenia.  Absolwenci po uko\u0144czeniu studi\u00f3w w wieku oko\u0142o 20 lat s\u0105 ju\u017c specjalistami w wykonywaniu Jagji.<br \/>\nJagja jest ponadczasow\u0105 technologi\u0105 wywodz\u0105c\u0105 si\u0119 z tradycji Wedyjskiej. Jagje s\u0105 wykonywane przez m\u0119drc\u00f3w, by m\u00f3c o\u017cywia\u0107 prawa natury, kt\u00f3re zarz\u0105dzaj\u0105 wszech\u015bwiatem w okre\u015blony spos\u00f3b  i w okre\u015blonym celu. Jagja jest nastawiona na pomoc w spe\u0142nieniu okre\u015blonej potrzeby. Na przyk\u0142ad ka\u017cdego dnia w Brahmasthanie Indii 1331 Pandit\u00f3w wsp\u00f3lnie wykonuje Atirudrabhishek, pot\u0119\u017cn\u0105 Jagj\u0119 dla \u015bwiatowego pokoju.<br \/>\nUNESCO oficjalnie wpisa\u0142o Recytacje Wedyjskie na list\u0119 dziedzictwa ludzko\u015bci.<\/p>\n<\/div><\/div>\n<div class=\"grid grid-desktop-50 grid-mobile-100\"><div class=\"holder\"><p><img loading=\"lazy\" decoding=\"async\" class=\"alignnone size-full wp-image-107\" src=\"\/wp-content\/uploads\/2014\/04\/post-img-13.jpg\" alt=\"post-img-13\" width=\"435\" height=\"482\" srcset=\"https:\/\/donation.vedicpandits.org\/wp-content\/uploads\/2014\/04\/post-img-13.jpg 435w, https:\/\/donation.vedicpandits.org\/wp-content\/uploads\/2014\/04\/post-img-13-270x300.jpg 270w, https:\/\/donation.vedicpandits.org\/wp-content\/uploads\/2014\/04\/post-img-13-300x332.jpg 300w\" sizes=\"auto, (max-width: 435px) 100vw, 435px\" \/><\/p>\n<\/div><\/div>\n<\/div>\n<div class=\"border-line\">&nbsp;<\/div>\n<div class=\"grid-holder\">\n<div class=\"grid grid-desktop-50 grid-mobile-100\"><div class=\"holder\">\t<a href=\"https:\/\/donation.vedicpandits.org\/pl\/peace-creating-group\/maharishi-vedic-pandits\/?image_video=https%3A%2F%2Fwww.youtube.com%2Fwatch%3Fv%3DZQOxpwHk0fQ\" class=\"video-link \">\n<img loading=\"lazy\" decoding=\"async\" class=\"alignnone size-full wp-image-92\" src=\"\/wp-content\/uploads\/2014\/05\/einzelner_pandit_432bright.png\" alt=\"post-img-14\" width=\"432\" height=\"243\" \/><br \/>\n<\/a>\n\n\t\n<\/div><\/div>\n<div class=\"grid grid-desktop-50 grid-mobile-100\"><div class=\"holder\"><h4 id=\"atirudrabhishek\">OBRAZY I D\u0179WI\u0118KI<\/h4>\n<p>Aby przyjrze\u0107 si\u0119 dzia\u0142aniu Wedyjskich Pandit\u00f3w Maharishiego w praktyce, przedstawiamy pokaz slajd\u00f3w wraz ze \u015bcie\u017ck\u0105 d\u017awi\u0119kow\u0105, na kt\u00f3rych Pandici wykonuj\u0105 Jagj\u0119.<\/p>\n<\/div><\/div>\n<\/div>\n","protected":false},"excerpt":{"rendered":"<p>SYSTEMATYCZNE WSPIERANIE WEDYJSKICH PANDITOW MAHARISHIEGO Od najm\u0142odszych lat, uczniowie z tradycyjnych rodzin wedyjskich w Indiach ucz\u0119szczaj\u0105 na systematyczne szkolenia, aby sta\u0107 si\u0119 profesjonalnymi Wedyjskimi Panditami Maharishiego, specjalistami w dziedzinie tworzenia pokoju.W wieku od 10 do 20 lat ucz\u0119szczaj\u0105 na specjalny program studi\u00f3w, kt\u00f3ry zaprojektowa\u0142 Maharishi. Praktykuj\u0105 Transcendentaln\u0105 Medytacj\u0119 i TM- Sidhi, bior\u0105 udzia\u0142 w grupowym [&hellip;]<\/p>\n","protected":false},"author":3,"featured_media":202,"parent":5735,"menu_order":1,"comment_status":"open","ping_status":"closed","template":"","meta":{"om_disable_all_campaigns":false,"_monsterinsights_skip_tracking":false,"_monsterinsights_sitenote_active":false,"_monsterinsights_sitenote_note":"","_monsterinsights_sitenote_category":0,"footnotes":""},"class_list":["post-5739","page","type-page","status-publish","has-post-thumbnail","hentry"],"_links":{"self":[{"href":"https:\/\/donation.vedicpandits.org\/pl\/wp-json\/wp\/v2\/pages\/5739","targetHints":{"allow":["GET"]}}],"collection":[{"href":"https:\/\/donation.vedicpandits.org\/pl\/wp-json\/wp\/v2\/pages"}],"about":[{"href":"https:\/\/donation.vedicpandits.org\/pl\/wp-json\/wp\/v2\/types\/page"}],"author":[{"embeddable":true,"href":"https:\/\/donation.vedicpandits.org\/pl\/wp-json\/wp\/v2\/users\/3"}],"replies":[{"embeddable":true,"href":"https:\/\/donation.vedicpandits.org\/pl\/wp-json\/wp\/v2\/comments?post=5739"}],"version-history":[{"count":9,"href":"https:\/\/donation.vedicpandits.org\/pl\/wp-json\/wp\/v2\/pages\/5739\/revisions"}],"predecessor-version":[{"id":15278,"href":"https:\/\/donation.vedicpandits.org\/pl\/wp-json\/wp\/v2\/pages\/5739\/revisions\/15278"}],"up":[{"embeddable":true,"href":"https:\/\/donation.vedicpandits.org\/pl\/wp-json\/wp\/v2\/pages\/5735"}],"wp:featuredmedia":[{"embeddable":true,"href":"https:\/\/donation.vedicpandits.org\/pl\/wp-json\/wp\/v2\/media\/202"}],"wp:attachment":[{"href":"https:\/\/donation.vedicpandits.org\/pl\/wp-json\/wp\/v2\/media?parent=5739"}],"curies":[{"name":"wp","href":"https:\/\/api.w.org\/{rel}","templated":true}]}}