{"id":5744,"date":"2014-08-08T09:14:28","date_gmt":"2014-08-08T09:14:28","guid":{"rendered":"https:\/\/vedicpandits.org\/?page_id=5744"},"modified":"2019-01-07T12:34:43","modified_gmt":"2019-01-07T12:34:43","slug":"science-2","status":"publish","type":"page","link":"https:\/\/donation.vedicpandits.org\/pl\/peace-creating-group\/science-2\/","title":{"rendered":"Badania naukowe"},"content":{"rendered":"<h4>BADANIA NAUKOWE POTWIERDZAJ\u0104 SKUTECZNO\u015a\u0106 DZIA\u0141ANIA GRUP PANDIT\u00d3W <\/h4>\n<p>G\u0142\u00f3wnym celem powstania du\u017cej grupy Wedyjskich M\u0119drc\u00f3w Maharishiego jest stworzenie efektu sp\u00f3jno\u015bci i harmonii w \u015bwiatowej \u015bwiadomo\u015bci. <\/p>\n<p>Badania naukowe wykaza\u0142y, \u017ce negatywne tendencje zminiejszaj\u0105 si\u0119, a pozytywne s\u0105 wzmacniane, gdy wystarczaj\u0105ca liczba ludzi praktykuje Transcendentaln\u0105 Medytacj\u0119 i zaawansowany program TM-Sidhi. <\/p>\n<p>Te korzystne efekty zaobserwowano, kiedy <\/p>\n<ul>\n<li>1% populacji nauczy\u0142 si\u0119 Transcendentalnej Medytacji lub gdy<\/li>\n<li>liczba os\u00f3b stanowi\u0105ca pierwiastek kwadratowy z 1% populacji praktykuje program TM-Sidhi, w tym Jogiczne Latanie, w jednym miejscu.  <\/li>\n<\/ul>\n<p>Zjawisko to nazwane zosta\u0142o Efektem Maharishiego na cze\u015b\u0107 Maharishiego Mahesh Yogi, kt\u00f3ry je przewidzia\u0142 w 1960 roku, pi\u0119tna\u015bcie lat przed tym, gdy fakt ten zosta\u0142  potwierdzony empirycznie  przez badania naukowe.<br \/>\n<div class=\"grid-holder\">\n<div class=\"grid grid-desktop-50 grid-mobile-100 zoom-image-holder\"><div class=\"holder\"><h4>PRZYPADEK WASZYNGTONU <\/h4>\n<p>W lecie 1993 w Waszyngtonie poziom brutalnych zbrodni zosta\u0142 zmniejszony o prawie 25% , kiedy to grupa 4000 os\u00f3b  praktykowa\u0142a Jogiczne Latanie Jogin\u00f3w przez kilka tygodni (patrz wykres poni\u017cej). Te badania  zosta\u0142y opublikowane w 1999 roku w czasopi\u015bmie Social Indicators Research. <em>Social Indicators Research 1999 47(2):153-201.<\/em><\/p>\n<p><a href=\"\/wp-content\/uploads\/2014\/05\/washington_reduced_crime.jpg\"><img loading=\"lazy\" decoding=\"async\" class=\"alignnone size-full wp-image-83\" src=\"\/wp-content\/uploads\/2014\/05\/washington_reduced_crime.jpg\" alt=\"post-img-2\" width=\"320\" height=\"250\" \/><\/a><\/p>\n<\/div><\/div>\n<div class=\"grid grid-desktop-50 grid-mobile-100\"><div class=\"holder\"><p><img loading=\"lazy\" decoding=\"async\" class=\"alignnone size-full wp-image-85\" src=\"\/wp-content\/uploads\/2014\/04\/post-img-1.jpg\" alt=\"post-img-1\" width=\"435\" height=\"400\" srcset=\"https:\/\/donation.vedicpandits.org\/wp-content\/uploads\/2014\/04\/post-img-1.jpg 435w, https:\/\/donation.vedicpandits.org\/wp-content\/uploads\/2014\/04\/post-img-1-300x275.jpg 300w\" sizes=\"auto, (max-width: 435px) 100vw, 435px\" \/><\/p>\n<\/div><\/div>\n<\/div>\n<h4>SKALA \u015aWIATOWA<\/h4>\n<p>Dowody z bada\u0144 wskazuj\u0105, \u017ce grupa Lataj\u0105cych Jogin\u00f3w, kt\u00f3rej liczebno\u015b\u0107 jest  r\u00f3wna pierwiastkowi kwadratowemu z 1% populacji, przyniesie pok\u00f3j ca\u0142emu spo\u0142ecze\u0144stwu. Jako \u017ce pierwiastek kwadratowy z 1% 7 bilionowej populacji \u015bwiata wynosi  8.400 os\u00f3b, dlatego postawiono sobie za cel uzyskanie liczby 9000, je\u015bli chodzi o sta\u0142\u0105 grup\u0119 Wedyjskich Pandit\u00f3w Maharishiego.<\/p>\n<div class=\"border-line\">&nbsp;<\/div>\n<h4>NAUKOWA TEORIA DOTYCZ\u0104CA GRUP TWORZ\u0104CYCH POK\u00d3J<\/h4>\n<p>Teoretyczne wyja\u015bnienia pot\u0119\u017cnego wp\u0142ywu medytacji grupowej na  zmniejszenie przest\u0119pczo\u015bci i stresu spo\u0142ecznego mo\u017cna wyja\u015bni\u0107 za pomoc\u0105 &#8222;modelu pola \u015bwiadomo\u015bci&#8221;, w kt\u00f3rym \u015bwiadomo\u015b\u0107, w jej najg\u0142\u0119bszym poziomie, jest polem, kt\u00f3re \u0142\u0105czy jednostki w spo\u0142ecze\u0144stwie. Taka teoria jest zgodna z najnowszymi osi\u0105gni\u0119ciami w dziedzinie fizyki, fizjologii i neurologii. <\/p>\n<div class=\"grid-holder\">\n<div class=\"grid grid-desktop-50 grid-mobile-100\"><div class=\"holder\"><p>Na przyk\u0142ad wsp\u00f3\u0142czesna fizyka lokuje bardziej ujednolicone poziomy funkcjonowania natury w mniejszych zakresach czasu i odleg\u0142o\u015bci, co doprowadzi\u0142o do odkrycia Jednolitego Pola (&#8222;pola superstrun &#8217;), kt\u00f3re le\u017cy u podstawy wszelkich si\u0142 i cz\u0105steczek we wszech\u015bwiecie, \u0142\u0105cz\u0105c je wszystkie za sob\u0105 (patrz wykres po prawej stronie). <\/p>\n<p>W ten sam spos\u00f3b Transcendentalna Medytacja i program TM-Sidhi zapewniaj\u0105 bezpo\u015brednie do\u015bwiadczenie coraz spokojniejszych i g\u0142\u0119bszych poziom\u00f3w my\u015bli,  a\u017c do momentu do\u015bwiadczania jednolitego pola, kt\u00f3re znajduje si\u0119 u podstawy umys\u0142u i materii. Grupowa praktyka silnie stymuluje to uniwersalne, jednolite pole zbiorowej \u015bwiadomo\u015bci, wytwarzaj\u0105c harmonizuj\u0105cy wp\u0142yw na ca\u0142e spo\u0142ecze\u0144stwo.<\/p>\n<\/div><\/div>\n<div class=\"grid grid-desktop-50 grid-mobile-100 zoom-image-holder\"><div class=\"holder\"><p><a href=\"\/wp-content\/uploads\/2014\/05\/uf-chart.jpg\"><img loading=\"lazy\" decoding=\"async\" class=\"alignnone size-full wp-image-90\" src=\"\/wp-content\/uploads\/2014\/05\/uf-chart.jpg\" alt=\"post-img-3\" width=\"320\" height=\"250\" \/><\/a><\/p>\n<\/div><\/div>\n<\/div>\n<p>Badania naukowe nad wp\u0142ywem Transcendentalnej Medytacji na spo\u0142ecze\u0144stwo wykaza\u0142y, \u017ce pokojowe oddzia\u0142ywanie generowane przez grup\u0119 os\u00f3b praktykuj\u0105cych TM ro\u015bnie proporcjonalnie do kwadratu wielko\u015bci grupy. Je\u015bli grupa sk\u0142ada si\u0119 z Lataj\u0105cych Jogin\u00f3w &#8211; wyszkolonych w zaawansowanym programie TM-Sidhi &#8211; badania pokazuj\u0105, \u017ce pierwiastek kwadratowy z 1% populacji jest wystarczaj\u0105c\u0105 liczb\u0105 os\u00f3b, aby stworzy\u0107 znacz\u0105cy korzystny wp\u0142yw w otoczeniu. <\/p>\n<p>Oznacza to, \u017ce potrzebne jest tylko kilkaset lub kilka tysi\u0119cy os\u00f3b do wytworzenia niezwykle pot\u0119\u017cnego i mo\u017cliwego do naukowego zademonstrowania efektu w zakresie wzrostu pokoju, harmonii i dobrobytu w otaczaj\u0105cym spo\u0142ecze\u0144stwie &#8211; nawet w skali krajowej i \u015bwiatowej. W skali ca\u0142ego \u015bwiata jest potrzebna grupa 9000 os\u00f3b ( przybli\u017cony pierwiastek kwadratowy z 1% ludno\u015bci \u015bwiata). Jest to wielko\u015b\u0107 docelowa dla naszej grupy Wedyjskich M\u0119drc\u00f3w Maharishiego w Indiach. <\/p>\n<div class=\"border-line\">&nbsp;<\/div>\n<h4>EFEKT POLA W ODNIESIENIU DO \u015aWIADOMO\u015aCI<\/h4>\n<p>Jak to jest mo\u017cliwe, \u017ce ludzie praktykuj\u0105cy Transcendentaln\u0105 Medytacj\u0119 sami w swoich domach czy biurach lub te\u017c razem w grupie, mog\u0105 mie\u0107 wp\u0142yw na innych ludzi w ca\u0142ym mie\u015bcie, w ca\u0142ym kraju, a nawet na ca\u0142ym \u015bwiecie mimo \u017ce ludzie ci nawet nie medytuj\u0105?<\/p>\n<div class=\"grid-holder\">\n<div class=\"grid grid-desktop-50 grid-mobile-100\"><div class=\"holder\">\t<a href=\"https:\/\/donation.vedicpandits.org\/pl\/peace-creating-group\/science-2\/?image_video=https%3A%2F%2Fwww.youtube.com%2Fwatch%3Fv%3DyVFa6Wtuxu8\" class=\"video-link \">\n<img loading=\"lazy\" decoding=\"async\" class=\"alignnone size-full wp-image-92\" src=\"\/wp-content\/uploads\/2014\/04\/post-img-14.jpg\" alt=\"post-img-14\" width=\"433\" height=\"321\" srcset=\"https:\/\/donation.vedicpandits.org\/wp-content\/uploads\/2014\/04\/post-img-14.jpg 433w, https:\/\/donation.vedicpandits.org\/wp-content\/uploads\/2014\/04\/post-img-14-300x222.jpg 300w\" sizes=\"auto, (max-width: 433px) 100vw, 433px\" \/><br \/>\n<\/a>\n\n\t\n<\/div><\/div>\n<div class=\"grid grid-desktop-50 grid-mobile-100\"><div class=\"holder\"><p>Oddzia\u0142ywanie medytuj\u0105cych grup przenosi si\u0119 w obr\u0119bie g\u0142\u0119biej le\u017c\u0105cego pola \u2013 na tej samej zasadzie, na jakiej mo\u017cemy s\u0142ucha\u0107 transmisji radiowej na \u017cywo przekazywanej z jednego kra\u0144ca \u015bwiata na drugi. W tym przypadku pole elektromagnetyczne \u0142\u0105czy stacj\u0119 radiow\u0105 z twoim odbiornikiem. A w poprzednim przypadku to pole \u015bwiadomo\u015bci \u0142\u0105czy osob\u0119 medytuj\u0105c\u0105 z reszt\u0105 populacji. Fale koherencji, uporz\u0105dkowania wytwarzane przez grupy kreuj\u0105ce pok\u00f3j rozchodz\u0105 si\u0119 w polu \u015bwiadomo\u015bci, generuj\u0105c korzystny i mierzalny wp\u0142yw na ca\u0142\u0105 spo\u0142eczno\u015b\u0107.<\/p>\n\t<a href=\"https:\/\/donation.vedicpandits.org\/pl\/peace-creating-group\/science-2\/?image_video=https%3A%2F%2Fwww.youtube.com%2Fwatch%3Fv%3DyVFa6Wtuxu8\" class=\"video-link no-pointer\"> Zobacz wideo, na kt\u00f3rym fizyk kwantowy John Hagelin wyja\u015bnia efekt pola.(po angielsku)<\/a>\n\n\t\n<\/div><\/div>\n<\/div>\n<p>&nbsp;<\/p>\n<h5>UPORZ\u0104DKOWANE SYSTEMY MAJ\u0104 WI\u0118KSZ\u0104 SI\u0141\u0118 \u2013 PRZYK\u0141AD LASERA<\/h5>\n<p>Dlaczego stosunkowo ma\u0142a grupa ludzi mo\u017ce wytworzy\u0107 korzystne oddzia\u0142ywanie na ca\u0142\u0105 populacj\u0119? Fizyka ustali\u0142a, \u017ce system, kt\u00f3ry funkcjonuje w spos\u00f3b uporz\u0105dkowany ma wi\u0119ksz\u0105 si\u0142\u0119 oddzia\u0142ywania ni\u017c system funkcjonuj\u0105cy w spos\u00f3b nieuporz\u0105dkowany.<\/p>\n<p>We\u017amy jako przyk\u0142ad \u015bwiat\u0142o lasera czyli fale \u015bwiat\u0142a, kt\u00f3re zosta\u0142y tak uregulowane, aby dzia\u0142a\u0142y zgodnie. Wierzcho\u0142ki i doliny ka\u017cdej fali pokrywaj\u0105 si\u0119 z ka\u017cd\u0105 inn\u0105 fal\u0105. \u015awiat\u0142o laserowe ma znacznie wi\u0119ksz\u0105 si\u0142\u0119 ni\u017c \u015bwiat\u0142o emitowane przez zwyk\u0142\u0105 \u017car\u00f3wk\u0119. W istocie si\u0142a \u015bwiat\u0142a lasera jest proporcjonalna do kwadratu liczby fal \u015bwiat\u0142a  tego lasera. Na przyk\u0142ad 100 fal zgodnie funkcjonuj\u0105cych wywo\u0142a efekt r\u00f3wny 10 000 zwyk\u0142ych fal (100<sup>2<\/sup>).<\/p>\n<p>Na tej samej zasadzie du\u017ca grupa ludzi praktykuj\u0105cych program TM-Sidhi o\u017cywia pole \u015bwiadomo\u015bci na jego cichym i maksymalnie uporz\u0105dkowanym poziomie, wywo\u0142uj\u0105c pokojowy efekt, kt\u00f3ry jest znacznie silniejszy ni\u017c indywidualne wysi\u0142ki na rzecz pokoju tych samych os\u00f3b.<\/p>\n","protected":false},"excerpt":{"rendered":"<p>BADANIA NAUKOWE POTWIERDZAJ\u0104 SKUTECZNO\u015a\u0106 DZIA\u0141ANIA GRUP PANDIT\u00d3W G\u0142\u00f3wnym celem powstania du\u017cej grupy Wedyjskich M\u0119drc\u00f3w Maharishiego jest stworzenie efektu sp\u00f3jno\u015bci i harmonii w \u015bwiatowej \u015bwiadomo\u015bci. Badania naukowe wykaza\u0142y, \u017ce negatywne tendencje zminiejszaj\u0105 si\u0119, a pozytywne s\u0105 wzmacniane, gdy wystarczaj\u0105ca liczba ludzi praktykuje Transcendentaln\u0105 Medytacj\u0119 i zaawansowany program TM-Sidhi. Te korzystne efekty zaobserwowano, kiedy 1% populacji nauczy\u0142 [&hellip;]<\/p>\n","protected":false},"author":3,"featured_media":3087,"parent":5735,"menu_order":2,"comment_status":"open","ping_status":"closed","template":"template-science.php","meta":{"om_disable_all_campaigns":false,"_monsterinsights_skip_tracking":false,"_monsterinsights_sitenote_active":false,"_monsterinsights_sitenote_note":"","_monsterinsights_sitenote_category":0,"footnotes":""},"class_list":["post-5744","page","type-page","status-publish","has-post-thumbnail","hentry"],"_links":{"self":[{"href":"https:\/\/donation.vedicpandits.org\/pl\/wp-json\/wp\/v2\/pages\/5744","targetHints":{"allow":["GET"]}}],"collection":[{"href":"https:\/\/donation.vedicpandits.org\/pl\/wp-json\/wp\/v2\/pages"}],"about":[{"href":"https:\/\/donation.vedicpandits.org\/pl\/wp-json\/wp\/v2\/types\/page"}],"author":[{"embeddable":true,"href":"https:\/\/donation.vedicpandits.org\/pl\/wp-json\/wp\/v2\/users\/3"}],"replies":[{"embeddable":true,"href":"https:\/\/donation.vedicpandits.org\/pl\/wp-json\/wp\/v2\/comments?post=5744"}],"version-history":[{"count":8,"href":"https:\/\/donation.vedicpandits.org\/pl\/wp-json\/wp\/v2\/pages\/5744\/revisions"}],"predecessor-version":[{"id":20256,"href":"https:\/\/donation.vedicpandits.org\/pl\/wp-json\/wp\/v2\/pages\/5744\/revisions\/20256"}],"up":[{"embeddable":true,"href":"https:\/\/donation.vedicpandits.org\/pl\/wp-json\/wp\/v2\/pages\/5735"}],"wp:featuredmedia":[{"embeddable":true,"href":"https:\/\/donation.vedicpandits.org\/pl\/wp-json\/wp\/v2\/media\/3087"}],"wp:attachment":[{"href":"https:\/\/donation.vedicpandits.org\/pl\/wp-json\/wp\/v2\/media?parent=5744"}],"curies":[{"name":"wp","href":"https:\/\/api.w.org\/{rel}","templated":true}]}}