{"id":5748,"date":"2014-08-08T07:09:41","date_gmt":"2014-08-08T07:09:41","guid":{"rendered":"https:\/\/vedicpandits.org\/?page_id=5748"},"modified":"2015-09-22T19:15:57","modified_gmt":"2015-09-22T19:15:57","slug":"scope","status":"publish","type":"page","link":"https:\/\/donation.vedicpandits.org\/pl\/peace-creating-group\/scope\/","title":{"rendered":"zakres"},"content":{"rendered":"<p>Nasz projekt obejmuje grup\u0119 g\u0142\u00f3wn\u0105 i grupy treningowe.<br \/>\n<div class=\"border-line\">&nbsp;<\/div>\n<div class=\"grid-holder\">\n<div class=\"grid grid-desktop-50 grid-mobile-100\"><div class=\"holder\"><h4>GRUPA G\u0141\u00d3WNA<\/h4>\n<p>Miejscem, w kt\u00f3rym realizujemy projekt Wedyjskich Pandit\u00f3w s\u0105 Indie. Ta decyzja spowodowana zar\u00f3wno wzgl\u0119dami praktycznymi jak i tradycyjnymi. W czasach staro\u017cytnych, tradycj\u0105 by\u0142o, i\u017c to Wedyjscy Pandici s\u0105 odpowiedzialni za utrzymanie harmonii w spo\u0142ecze\u0144stwie i r\u00f3wnowagi w przyrodzie. W obecnych warunkach ekonomicznych Indii zawodowe szkolenie Wedyjskich Pandit\u00f3w na miejscu s\u0105 praktyczn\u0105 strategi\u0105.<\/p>\n<p>Celem jest stworzenie  grupy 9000 Wedyjskich Pandit\u00f3w Maharishiego w jednym miejscu, aby tworzyli oni koj\u0105cy wp\u0142yw dla \u015bwiata. Aby taka grupa mog\u0142a istnie\u0107 potrzebne jest zapewnienie jej wynagrodzenia i utworzenia pe\u0142nego kampusu     z infrastruktur\u0105 , zakwaterowaniem, zaawansowanymi treningami , posi\u0142kami z\u0142o\u017conych z ekologicznych warzyw i nabia\u0142u.<br \/>\nObecnie w przybli\u017ceniu 2000 Pandit\u00f3w \u017cyje na g\u0142\u00f3wnym kampusie w Brahmasthanie Indii (geograficznym centrum), w  pobli\u017cu Jabalpur , Madhya Pradesh .<\/p>\n<\/div><\/div>\n<div class=\"grid grid-desktop-50 grid-mobile-100 zoom-image-holder\"><div class=\"holder\"><p><a href=\"\/wp-content\/uploads\/2014\/04\/map-of-india.jpg\"><img loading=\"lazy\" decoding=\"async\" class=\"alignleft size-full wp-image-595\" src=\"\/wp-content\/uploads\/2014\/04\/map-of-india.jpg\" alt=\"map-of-india\" width=\"550\" height=\"523\" srcset=\"https:\/\/donation.vedicpandits.org\/wp-content\/uploads\/2014\/04\/map-of-india.jpg 550w, https:\/\/donation.vedicpandits.org\/wp-content\/uploads\/2014\/04\/map-of-india-300x285.jpg 300w\" sizes=\"auto, (max-width: 550px) 100vw, 550px\" \/><\/a><\/p>\n<\/div><\/div>\n<\/div>\n<div class=\"border-line\">&nbsp;<\/div>\n<div class=\"grid-holder\">\n<div class=\"grid grid-desktop-50 grid-mobile-100 zoom-image-holder\"><div class=\"holder\"><p><a href=\"\/wp-content\/uploads\/2014\/04\/131207_training_chart_web-Kopie.jpg\"><img loading=\"lazy\" decoding=\"async\" class=\"alignnone size-medium wp-image-250\" src=\"\/wp-content\/uploads\/2014\/04\/131207_training_chart_web-Kopie.jpg\" alt=\"\" width=\"432\" height=\"211\" \/><\/a><\/p>\n<\/div><\/div>\n<div class=\"grid grid-desktop-50 grid-mobile-100\"><div class=\"holder\"><h4>PROGRAM SZKOLENIA PANDIT\u00d3W<\/h4>\n<p>W celu stworzenia g\u0142\u00f3wnej grupy, przy uwzgl\u0119dnieniu naturalnej rotacji ilo\u015bci, Maharishi stworzy\u0142 program szkolenia Pandit\u00f3w<\/p>\n<p>\u2013 20,000 m\u0142odszych uczni\u00f3w bior\u0105cych udzia\u0142 w edukacji na wsiach<br \/>\n\u2013 10,000 starszych uczni\u00f3w bior\u0105cych udzia\u0142 w szkoleniach w o\u015brodkach  mieszkalnych<br \/>\nProgram jest tak u\u0142o\u017cony, aby rocznie  wykszta\u0142ci\u0107 1.200-1.500 Pandit\u00f3w-absolwent\u00f3w w celu zapewnienia sta\u0142ej liczby g\u0142\u00f3wnej grupy wynosz\u0105cej powy\u017cej 9000.<\/p>\n<\/div><\/div>\n<\/div>\n","protected":false},"excerpt":{"rendered":"<p>Nasz projekt obejmuje grup\u0119 g\u0142\u00f3wn\u0105 i grupy treningowe.<\/p>\n","protected":false},"author":3,"featured_media":196,"parent":5735,"menu_order":4,"comment_status":"open","ping_status":"closed","template":"","meta":{"om_disable_all_campaigns":false,"_monsterinsights_skip_tracking":false,"_monsterinsights_sitenote_active":false,"_monsterinsights_sitenote_note":"","_monsterinsights_sitenote_category":0,"footnotes":""},"class_list":["post-5748","page","type-page","status-publish","has-post-thumbnail","hentry"],"_links":{"self":[{"href":"https:\/\/donation.vedicpandits.org\/pl\/wp-json\/wp\/v2\/pages\/5748","targetHints":{"allow":["GET"]}}],"collection":[{"href":"https:\/\/donation.vedicpandits.org\/pl\/wp-json\/wp\/v2\/pages"}],"about":[{"href":"https:\/\/donation.vedicpandits.org\/pl\/wp-json\/wp\/v2\/types\/page"}],"author":[{"embeddable":true,"href":"https:\/\/donation.vedicpandits.org\/pl\/wp-json\/wp\/v2\/users\/3"}],"replies":[{"embeddable":true,"href":"https:\/\/donation.vedicpandits.org\/pl\/wp-json\/wp\/v2\/comments?post=5748"}],"version-history":[{"count":6,"href":"https:\/\/donation.vedicpandits.org\/pl\/wp-json\/wp\/v2\/pages\/5748\/revisions"}],"predecessor-version":[{"id":6516,"href":"https:\/\/donation.vedicpandits.org\/pl\/wp-json\/wp\/v2\/pages\/5748\/revisions\/6516"}],"up":[{"embeddable":true,"href":"https:\/\/donation.vedicpandits.org\/pl\/wp-json\/wp\/v2\/pages\/5735"}],"wp:featuredmedia":[{"embeddable":true,"href":"https:\/\/donation.vedicpandits.org\/pl\/wp-json\/wp\/v2\/media\/196"}],"wp:attachment":[{"href":"https:\/\/donation.vedicpandits.org\/pl\/wp-json\/wp\/v2\/media?parent=5748"}],"curies":[{"name":"wp","href":"https:\/\/api.w.org\/{rel}","templated":true}]}}