{"id":5752,"date":"2014-08-08T07:09:46","date_gmt":"2014-08-08T07:09:46","guid":{"rendered":"https:\/\/vedicpandits.org\/?page_id=5752"},"modified":"2015-09-23T08:55:54","modified_gmt":"2015-09-23T08:55:54","slug":"cost","status":"publish","type":"page","link":"https:\/\/donation.vedicpandits.org\/pl\/peace-creating-group\/cost\/","title":{"rendered":"koszty"},"content":{"rendered":"<h4>KOSZT STWORZENIA TRWA\u0141EGO POKOJU NA \u015aWIECIE TO TYLKO U\u0141AMEK KOSZT\u00d3W PRZEZNACZANYCH NA SI\u0141Y ZBROJNE<\/h4>\n<p>Globalna Inicjatywa na rzecz Pokoju ma szans\u0119 sta\u0107 si\u0119 najbardziej op\u0142acalnym i udanym programem budowania pokoju podj\u0119tym w czasach wsp\u00f3\u0142czesnych. Fundusze potrzebne na sta\u0142e wyposa\u017canie ca\u0142ego projektu s\u0105 mniejsze ni\u017c pieni\u0105dze wydawane na \u015bwiecie na utrzymanie ca\u0142ych si\u0142 zbrojnych przez sze\u015b\u0107 godzin, i mniej ni\u017c po\u0142owa koszt\u00f3w jednego bombowca B-2.<\/p>\n<p>Wymogi finansowe projektu s\u0105 ma\u0142e w por\u00f3wnaniu do bud\u017cet\u00f3w wojskowych  jednak nie zmienia to faktu, \u017ce s\u0105 znacz\u0105ce. Roczne wsparcie potrzebne do pe\u0142nego wdro\u017cenia inicjatywy pokojowej na \u015bwiecie wynosi 45,5 mln dolar\u00f3w rocznie. Ca\u0142kowity roczny koszt sk\u0142ada si\u0119 z dw\u00f3ch cz\u0119\u015bci :<\/p>\n<p>1. Wsparcie grupy 9000 Wedyjskich Pandit\u00f3w Maharishiego na kampusie w \u015brodkowych Indiach.<\/p>\n<p>2. Wspieranie szkole\u0144 dla nowych Wedyjskich Pandit\u00f3w Maharsihiego.<\/p>\n<p>Centralnym obiektem przedsi\u0119wzi\u0119cia jest kampus oraz programy szkoleniowe, kt\u00f3re obecnie s\u0105 r\u00f3wnie\u017c w fazie realizacji. Koszty element\u00f3w sk\u0142adaj\u0105cych si\u0119 na bud\u017cet, s\u0105 dobrze znane i s\u0105 opisane poni\u017cej.<\/p>\n<div class=\"border-line\">&nbsp;<\/div>\n<div class=\"grid-holder grid-border-50\">\n<div class=\"grid grid-desktop-50 grid-mobile-100\"><div class=\"holder\"><p><img loading=\"lazy\" decoding=\"async\" src=\"\/wp-content\/uploads\/2014\/04\/2146-432.jpg\" alt=\"2146 - 432\" width=\"432\" height=\"253\" class=\"alignleft size-full wp-image-577\" srcset=\"https:\/\/donation.vedicpandits.org\/wp-content\/uploads\/2014\/04\/2146-432.jpg 432w, https:\/\/donation.vedicpandits.org\/wp-content\/uploads\/2014\/04\/2146-432-300x175.jpg 300w, https:\/\/donation.vedicpandits.org\/wp-content\/uploads\/2014\/04\/2146-432-430x253.jpg 430w\" sizes=\"auto, (max-width: 432px) 100vw, 432px\" \/><\/p>\n<h4>1.UTRZYMANIE GRUPY G\u0141\u00d3WNEJ 9000 PANDIT\u00d3W <\/h4>\n<p>250 $ miesi\u0119cznie wystarczy, aby zapewni\u0107 pojedynczemu Panditowi kwaterunek i pe\u0142ne wy\u017cywienie, opiek\u0119 medyczn\u0105, odzie\u017c oraz dalsz\u0105 edukacj\u0119 i specjalistyczne szkolenie, a tak\u017ce udzieli\u0107 wsparcia dla jego rodziny w postaci skromnego stypendium. Ta suma pozwala tak\u017ce dodatkowo na czynno\u015bci konserwacyjne, administracyjne oraz  na pokrycie innych koszt\u00f3w zwi\u0105zanych z jego pobytem w Brahmasthan Indii.<br \/>\nPrzy liczbie 9000 Wedyjskich Pandit\u00f3w uczestnicz\u0105cych w projekcie na terenie kampusu ca\u0142kowity koszt wynosi 27.000.000 dolar\u00f3w rocznie.<\/p>\n<\/div><\/div>\n<div class=\"grid grid-desktop-50 grid-mobile-100\"><div class=\"holder\"><p><a href=\"\/wp-content\/uploads\/2014\/04\/9297-432.jpg\"><img loading=\"lazy\" decoding=\"async\" src=\"\/wp-content\/uploads\/2014\/04\/9297-432.jpg\" alt=\"9297 - 432\" width=\"432\" height=\"253\" class=\"alignleft size-full wp-image-579\" srcset=\"https:\/\/donation.vedicpandits.org\/wp-content\/uploads\/2014\/04\/9297-432.jpg 432w, https:\/\/donation.vedicpandits.org\/wp-content\/uploads\/2014\/04\/9297-432-300x175.jpg 300w, https:\/\/donation.vedicpandits.org\/wp-content\/uploads\/2014\/04\/9297-432-430x253.jpg 430w\" sizes=\"auto, (max-width: 432px) 100vw, 432px\" \/><\/a><\/p>\n<h4>2.PROGRAM SZKOLENIA PANDIT\u00d3W <\/h4>\n<p>Aby zapewni\u0107 sta\u0142y nab\u00f3r Wedyjskich Pandit\u00f3w Maharishiego do g\u0142\u00f3wnej grupy w centralnych Indiach stworzono program, kt\u00f3ry sk\u0142ada si\u0119 m.in. z:<br \/>\n\u2013 szkole\u0144 dla 20.000 m\u0142odych student\u00f3w w ich w\u0142asnych wioskach. Koszt utrzymania jednego ucznia miesi\u0119cznie wynosi 12 $.<br \/>\n&#8211; utrzymania 10.000 starszych uczni\u00f3w w o\u015brodkach szkoleniowych i mieszkalnych. Koszt utrzymania jednego ucznia miesi\u0119cznie wynosi 130 $.<br \/>\n Roczny koszt programu szkoleniowego wynosi 18.500.000 dolar\u00f3w.<\/p>\n<\/div><\/div>\n<\/div>\n<h4 style=\"text-align: center; margin-top: 20px;\">Ca\u0142kowity bud\u017cet <\/h4>\n<p style=\"text-align: center;\">Roczny bud\u017cet dla g\u0142\u00f3wnej grupy i programu szkoleniowego wynosi \u0142\u0105cznie 45,5 mln US $.<\/p>\n<div class=\"border-line\">&nbsp;<\/div>\n<p style=\"text-align: center; color: #e07e27;\"><em>Je\u017celi chcesz sponsorowa\u0107 Pandit\u00f3w lub wsp\u00f3\u0142finansowa\u0107 wsparcie naszego projektu, kliknij poni\u017cej. <\/em><\/p>\n<p><!--[orange_button link=\"https:\/\/donate.vedicpandits.org\/ipgeo\/ipgeo.php\"]Przyczy\u0144 si\u0119 do rozwoju tego PROJEKTU[\/orange_button]--><\/p>\n\t<p style=\"text-align: center\">\n\t\t<a href=\"https:\/\/donation.vedicpandits.org\/pl\/intermediary-donation-page\/\"   class=\"btn btn-large \" > > \n\t\t\tPRZY\u0141\u0104CZ SI\u0118 DO TWORZENIA JAGJI NARODOWEJ<br \/>\t\t<\/a>\n\t<\/p>\n\n\t\n","protected":false},"excerpt":{"rendered":"<p>KOSZT STWORZENIA TRWA\u0141EGO POKOJU NA \u015aWIECIE TO TYLKO U\u0141AMEK KOSZT\u00d3W PRZEZNACZANYCH NA SI\u0141Y ZBROJNE Globalna Inicjatywa na rzecz Pokoju ma szans\u0119 sta\u0107 si\u0119 najbardziej op\u0142acalnym i udanym programem budowania pokoju podj\u0119tym w czasach wsp\u00f3\u0142czesnych. Fundusze potrzebne na sta\u0142e wyposa\u017canie ca\u0142ego projektu s\u0105 mniejsze ni\u017c pieni\u0105dze wydawane na \u015bwiecie na utrzymanie ca\u0142ych si\u0142 zbrojnych przez sze\u015b\u0107 [&hellip;]<\/p>\n","protected":false},"author":3,"featured_media":192,"parent":5735,"menu_order":5,"comment_status":"open","ping_status":"closed","template":"","meta":{"om_disable_all_campaigns":false,"_monsterinsights_skip_tracking":false,"_monsterinsights_sitenote_active":false,"_monsterinsights_sitenote_note":"","_monsterinsights_sitenote_category":0,"footnotes":""},"class_list":["post-5752","page","type-page","status-publish","has-post-thumbnail","hentry"],"_links":{"self":[{"href":"https:\/\/donation.vedicpandits.org\/pl\/wp-json\/wp\/v2\/pages\/5752","targetHints":{"allow":["GET"]}}],"collection":[{"href":"https:\/\/donation.vedicpandits.org\/pl\/wp-json\/wp\/v2\/pages"}],"about":[{"href":"https:\/\/donation.vedicpandits.org\/pl\/wp-json\/wp\/v2\/types\/page"}],"author":[{"embeddable":true,"href":"https:\/\/donation.vedicpandits.org\/pl\/wp-json\/wp\/v2\/users\/3"}],"replies":[{"embeddable":true,"href":"https:\/\/donation.vedicpandits.org\/pl\/wp-json\/wp\/v2\/comments?post=5752"}],"version-history":[{"count":12,"href":"https:\/\/donation.vedicpandits.org\/pl\/wp-json\/wp\/v2\/pages\/5752\/revisions"}],"predecessor-version":[{"id":6521,"href":"https:\/\/donation.vedicpandits.org\/pl\/wp-json\/wp\/v2\/pages\/5752\/revisions\/6521"}],"up":[{"embeddable":true,"href":"https:\/\/donation.vedicpandits.org\/pl\/wp-json\/wp\/v2\/pages\/5735"}],"wp:featuredmedia":[{"embeddable":true,"href":"https:\/\/donation.vedicpandits.org\/pl\/wp-json\/wp\/v2\/media\/192"}],"wp:attachment":[{"href":"https:\/\/donation.vedicpandits.org\/pl\/wp-json\/wp\/v2\/media?parent=5752"}],"curies":[{"name":"wp","href":"https:\/\/api.w.org\/{rel}","templated":true}]}}