{"id":5757,"date":"2014-08-08T07:09:52","date_gmt":"2014-08-08T07:09:52","guid":{"rendered":"https:\/\/vedicpandits.org\/?page_id=5757"},"modified":"2016-07-27T10:09:20","modified_gmt":"2016-07-27T10:09:20","slug":"progress","status":"publish","type":"page","link":"https:\/\/donation.vedicpandits.org\/pl\/peace-creating-group\/progress\/","title":{"rendered":"rozw\u00f3j"},"content":{"rendered":"<h4>ETAPY REALIZACJI NASZEGO CELU<\/h4>\n<ul>\n<li>Zakup terenu na kampus dla  9000 Wedyjskich Pandit\u00f3w Maharishiego. Posiada on powierzchni\u0119 1700 akr\u00f3w ( 688 ha) i znajduje si\u0119 niedaleko D\u017aabalpur , w Madhya Pradesh , w Indiach, (zdj\u0119cie powy\u017cej zosta\u0142o zrobione w 2013 roku.)<\/li>\n<li>Zakwaterowanie  2500 Wedyjskich Pandit\u00f3w Maharishiego zosta\u0142o ju\u017c zako\u0144czone. Kampus posiada infrastruktur\u0119, budynki administracyjne, restauracje i sale do Jagji  oraz  zagrod\u0119 \u2013 wszystkie budynki zosta\u0142y zbudowane zgodnie z zasadami Sthapathyavedy, wedyjskiej  nauki o architekturze.<\/li>\n<li>Zosta\u0142o w pe\u0142ni przeszkolonych ponad 2000 Wedyjskich Pandit\u00f3w Maharishiego, kt\u00f3rzy  ju\u017c zamieszkuj\u0105 kampus i bior\u0105 udzia\u0142 w codziennym programie tworzenia \u015bwiatowego pokoju.<\/li>\n<li>Tworzenie zakwaterowanie dla dodatkowych 5000 Pandit\u00f3w zosta\u0142o ju\u017c rozpocz\u0119te, ale wymaga jeszcze dodatkowych \u015brodk\u00f3w finansowych na jego uko\u0144czenie.<\/li>\n<li>Program Guru Ji szkol\u0105cy m\u0142odych Pandit\u00f3w w ich lokalnych wsiach rozpocz\u0105\u0142 si\u0119 dziesi\u0119\u0107 lat temu i trwa nadal.<\/li>\n<li>Szkolenia dla starszych uczni\u00f3w odbywaj\u0105 si\u0119 w 46 centrach szkoleniowych na ca\u0142ym  terenie mieszkalnym Indii. Obecnie istnieje oko\u0142o 3000 student\u00f3w uczestnicz\u0105cych w tych lokalnych programach.<\/li>\n<li>Zbieranie funduszy na dwie powo\u0142ane organizacje wspieraj\u0105ce Inicjatyw\u0119  \u015awiatowego Pokoju: Brahmananda Saraswati Foundation w USA i Brahmananda Saraswati Trust w Holandii oraz  zarejestrowanie ich jako organizacji charytatywnych w swoich krajach. <\/li>\n<li>Zosta\u0142a utworzona sie\u0107 wolontariuszy &#8211; koordynator\u00f3w krajowych (<a href=\"https:\/\/donation.vedicpandits.org\/contact\/\">\u2018ambasador\u00f3w\u2019<\/a>) w celu promowania tej inicjatywy w\u015br\u00f3d ludzi w 90 krajach <\/li>\n<li>W ci\u0105gu zaledwie kilku ostatnich lat, regularne datki na program wspierania Pandit\u00f3w wzros\u0142y do 430.000 dolar\u00f3w miesi\u0119cznie.<\/li>\n<li>Wiele organizacji krajowych w ramach \u015bwiatowego ruchu Transcendentalnej Medytacji r\u00f3wnie\u017c zbiera \u015brodk\u00f3w na wsparcie Wedyjskich Pandit\u00f3w Maharishiego.<\/li>\n<p>\t<!--\n\n<li>W Ameryce istnieje grupa Wedyjskich Pandit\u00f3w Maharishiego, kt\u00f3ra zosta\u0142a za\u0142o\u017cona w Maharishi Vedic City, Iowa, USA  jest finansowanych przez darczy\u0144c\u00f3w.\n\n<\/li>\n\n-->\n<\/ul>\n","protected":false},"excerpt":{"rendered":"<p>ETAPY REALIZACJI NASZEGO CELU Zakup terenu na kampus dla 9000 Wedyjskich Pandit\u00f3w Maharishiego. Posiada on powierzchni\u0119 1700 akr\u00f3w ( 688 ha) i znajduje si\u0119 niedaleko D\u017aabalpur , w Madhya Pradesh , w Indiach, (zdj\u0119cie powy\u017cej zosta\u0142o zrobione w 2013 roku.) Zakwaterowanie 2500 Wedyjskich Pandit\u00f3w Maharishiego zosta\u0142o ju\u017c zako\u0144czone. Kampus posiada infrastruktur\u0119, budynki administracyjne, restauracje i [&hellip;]<\/p>\n","protected":false},"author":3,"featured_media":189,"parent":5735,"menu_order":6,"comment_status":"open","ping_status":"closed","template":"","meta":{"om_disable_all_campaigns":false,"_monsterinsights_skip_tracking":false,"_monsterinsights_sitenote_active":false,"_monsterinsights_sitenote_note":"","_monsterinsights_sitenote_category":0,"footnotes":""},"class_list":["post-5757","page","type-page","status-publish","has-post-thumbnail","hentry"],"_links":{"self":[{"href":"https:\/\/donation.vedicpandits.org\/pl\/wp-json\/wp\/v2\/pages\/5757","targetHints":{"allow":["GET"]}}],"collection":[{"href":"https:\/\/donation.vedicpandits.org\/pl\/wp-json\/wp\/v2\/pages"}],"about":[{"href":"https:\/\/donation.vedicpandits.org\/pl\/wp-json\/wp\/v2\/types\/page"}],"author":[{"embeddable":true,"href":"https:\/\/donation.vedicpandits.org\/pl\/wp-json\/wp\/v2\/users\/3"}],"replies":[{"embeddable":true,"href":"https:\/\/donation.vedicpandits.org\/pl\/wp-json\/wp\/v2\/comments?post=5757"}],"version-history":[{"count":5,"href":"https:\/\/donation.vedicpandits.org\/pl\/wp-json\/wp\/v2\/pages\/5757\/revisions"}],"predecessor-version":[{"id":8664,"href":"https:\/\/donation.vedicpandits.org\/pl\/wp-json\/wp\/v2\/pages\/5757\/revisions\/8664"}],"up":[{"embeddable":true,"href":"https:\/\/donation.vedicpandits.org\/pl\/wp-json\/wp\/v2\/pages\/5735"}],"wp:featuredmedia":[{"embeddable":true,"href":"https:\/\/donation.vedicpandits.org\/pl\/wp-json\/wp\/v2\/media\/189"}],"wp:attachment":[{"href":"https:\/\/donation.vedicpandits.org\/pl\/wp-json\/wp\/v2\/media?parent=5757"}],"curies":[{"name":"wp","href":"https:\/\/api.w.org\/{rel}","templated":true}]}}