{"id":5761,"date":"2014-08-08T07:10:00","date_gmt":"2014-08-08T07:10:00","guid":{"rendered":"https:\/\/vedicpandits.org\/?page_id=5761"},"modified":"2016-01-17T10:13:43","modified_gmt":"2016-01-17T10:13:43","slug":"yagya","status":"publish","type":"page","link":"https:\/\/donation.vedicpandits.org\/pl\/yagya\/","title":{"rendered":"JAGJA"},"content":{"rendered":"<h4>JAGJACH MAHARISHIEGO<\/h4>\n<p>Darowizny na rzecz grupy Wedyjskich Pandit\u00f3w Maharishiego w Indiach  umo\u017cliwiaj\u0105   realizacj\u0119 specjalnych wedyjskich procedur zwanych Jagjami, kt\u00f3re wykonuj\u0105 Pandici.  S\u0105 one wykonywane przez Pandit\u00f3w.  Jagje wykorzystuj\u0105 staro\u017cytn\u0105 wiedz\u0119 o d\u017awi\u0119ku, aby stworzy\u0107 wiele pozytywnych wp\u0142yw\u00f3w dla Twojego kraju. Narodowy Jagja i dla Ciebie twoja Specjalne Jagja.<\/p>\n<div class=\"border-line\">&nbsp;<\/div>\n<div class=\"grid-holder\">\n<div class=\"grid grid-desktop-50 grid-mobile-100\">\n<div class=\"holder button\">\n<a class=\"btn btn-large btn-full\" href=\"https:\/\/donation.vedicpandits.org\/pl\/yagya\/national-yagya\/\"> > Narodowy Jagja<\/a>\n<\/div>\n<\/div>\n<div class=\"grid grid-desktop-50 grid-mobile-100\">\n<div class=\"holder button\">\n<a class=\"btn btn-large btn-full \" href=\"https:\/\/donation.vedicpandits.org\/pl\/yagya\/special-yagya\/\"> > specjalne Jagja <\/a>\n<\/div>\n<\/div>\n<\/div>\n<p><\/p>\n<div class=\"border-line\">&nbsp;<\/div>\n<h4>CZYM JEST JAGJA ?<\/h4>\n<p>Jagja jest staro\u017cytn\u0105 technologi\u0105 wedyjsk\u0105 , kt\u00f3ra skutecznie zapobiegania problemom oraz zwi\u0119ksza sukces i szcz\u0119\u015bcie na ka\u017cdym poziomie . UNESCO og\u0142osi\u0142o tradycj\u0119 wykonywania  recytacji wedyjskich przez Pandit\u00f3w  niematerialnym dziedzictwem ludzko\u015bci.<\/p>\n<div class=\"border-line\">&nbsp;<\/div>\n<div class=\"grid-holder\">\n<div class=\"grid grid-desktop-50 grid-mobile-100\"><div class=\"holder\"><h4>CO JEST SZCZEG\u00d3LNEGO W JAGJACH MAHARISHIEGO?<\/h4>\n<p>Maharishi Mahesh Yogi po\u015bwi\u0119ci\u0142 wiele lat na starann\u0105 i systematyczn\u0105 odnow\u0119  procedur stosowania tradycyjnych Jagji, a\u017c w ko\u0144cu przywr\u00f3ci\u0142 ich pe\u0142n\u0105 warto\u015b\u0107 i znaczenie tej staro\u017cytnej technologii. Ponownie przywo\u0142a\u0142 on  kluczow\u0105 wiedz\u0119 na temat sposobu u\u017cywania wedyjskich mantr, kt\u00f3re powinny by\u0107 wypowiadane z poziomu \u015awiadomo\u015bci Transcendentalnej ( zwanej Para), w kt\u00f3rych zwi\u0105zek mi\u0119dzy d\u017awi\u0119kiem i form\u0105 &#8211;  mi\u0119dzy pragnieniem i jego spe\u0142nieniem &#8211; jest \u015bci\u015ble po\u0142\u0105czony i niezwykle pot\u0119\u017cny. Maharishi zdefiniowa\u0142 dwa aspekty istotne dla prawid\u0142owego wykonywania wedyjskiej Jagji:<\/p>\n<p>Po pierwsze, poprzez codzienn\u0105 praktyk\u0119 TM i  TM &#8211; Sidhi Wedyjscy Pandici Maharishiego trwale do\u015bwiadczaj\u0105 g\u0142\u0119bokich stan\u00f3w \u015bwiadomo\u015bci. Rezultatem tej praktyki jest o\u017cywienie \u017ar\u00f3d\u0142a mowy z poziomu transcendencji i efektywno\u015bci samej Jagji. Dzi\u0119ki temu Pandici wykonuj\u0105 Jagje z utrwalonego poziomu \u015bwiadomo\u015bci transcendentalnej anga\u017cuj\u0105c przy tym g\u0142\u0119bsze poziomy prawa naturalnego.<\/p>\n<p>Po drugie Wedyjscy Pandici Maharishiego, przechodz\u0105 unikalne i kompleksowe szkolenia. W ci\u0105gu kilku dziesi\u0119cioleci Maharishi \u015bci\u015ble wsp\u00f3\u0142pracowa\u0142 z najbardziej szanowanymi Panditami \u2013 Mistrzami z ca\u0142ych Indii w celu dopracowania  jak najlepszego systemu kszta\u0142cenia dla Pandit\u00f3w. Edukacja ta uczy w\u0142a\u015bciwej praktyki i wymawiania mantr zgodnie z tradycj\u0105 co gwarantuje skuteczno\u015b\u0107 Jagji.<\/p>\n<p>To dlatego Jagje Maharishiego wywieraj\u0105 tak mocny i skuteczny efekt.<\/p>\n<\/div><\/div>\n<div class=\"grid grid-desktop-50 grid-mobile-100\"><div class=\"holder\"><p><img loading=\"lazy\" decoding=\"async\" class=\"alignright size-full wp-image-261\" src=\"\/wp-content\/uploads\/2014\/04\/CHANTING-PANDIT-EYES-CLOSED432.jpg\" alt=\"CHANTING PANDIT EYES CLOSED432\" width=\"432\" height=\"516\" srcset=\"https:\/\/donation.vedicpandits.org\/wp-content\/uploads\/2014\/04\/CHANTING-PANDIT-EYES-CLOSED432.jpg 432w, https:\/\/donation.vedicpandits.org\/wp-content\/uploads\/2014\/04\/CHANTING-PANDIT-EYES-CLOSED432-251x300.jpg 251w, https:\/\/donation.vedicpandits.org\/wp-content\/uploads\/2014\/04\/CHANTING-PANDIT-EYES-CLOSED432-300x358.jpg 300w\" sizes=\"auto, (max-width: 432px) 100vw, 432px\" \/><\/p>\n<\/div><\/div>\n<\/div>\n","protected":false},"excerpt":{"rendered":"<p>JAGJACH MAHARISHIEGO Darowizny na rzecz grupy Wedyjskich Pandit\u00f3w Maharishiego w Indiach umo\u017cliwiaj\u0105 realizacj\u0119 specjalnych wedyjskich procedur zwanych Jagjami, kt\u00f3re wykonuj\u0105 Pandici. S\u0105 one wykonywane przez Pandit\u00f3w. Jagje wykorzystuj\u0105 staro\u017cytn\u0105 wiedz\u0119 o d\u017awi\u0119ku, aby stworzy\u0107 wiele pozytywnych wp\u0142yw\u00f3w dla Twojego kraju. Narodowy Jagja i dla Ciebie twoja Specjalne Jagja. > Narodowy Jagja > specjalne Jagja CZYM [&hellip;]<\/p>\n","protected":false},"author":3,"featured_media":183,"parent":0,"menu_order":0,"comment_status":"open","ping_status":"closed","template":"","meta":{"om_disable_all_campaigns":false,"_monsterinsights_skip_tracking":false,"_monsterinsights_sitenote_active":false,"_monsterinsights_sitenote_note":"","_monsterinsights_sitenote_category":0,"footnotes":""},"class_list":["post-5761","page","type-page","status-publish","has-post-thumbnail","hentry"],"_links":{"self":[{"href":"https:\/\/donation.vedicpandits.org\/pl\/wp-json\/wp\/v2\/pages\/5761","targetHints":{"allow":["GET"]}}],"collection":[{"href":"https:\/\/donation.vedicpandits.org\/pl\/wp-json\/wp\/v2\/pages"}],"about":[{"href":"https:\/\/donation.vedicpandits.org\/pl\/wp-json\/wp\/v2\/types\/page"}],"author":[{"embeddable":true,"href":"https:\/\/donation.vedicpandits.org\/pl\/wp-json\/wp\/v2\/users\/3"}],"replies":[{"embeddable":true,"href":"https:\/\/donation.vedicpandits.org\/pl\/wp-json\/wp\/v2\/comments?post=5761"}],"version-history":[{"count":10,"href":"https:\/\/donation.vedicpandits.org\/pl\/wp-json\/wp\/v2\/pages\/5761\/revisions"}],"predecessor-version":[{"id":5763,"href":"https:\/\/donation.vedicpandits.org\/pl\/wp-json\/wp\/v2\/pages\/5761\/revisions\/5763"}],"wp:featuredmedia":[{"embeddable":true,"href":"https:\/\/donation.vedicpandits.org\/pl\/wp-json\/wp\/v2\/media\/183"}],"wp:attachment":[{"href":"https:\/\/donation.vedicpandits.org\/pl\/wp-json\/wp\/v2\/media?parent=5761"}],"curies":[{"name":"wp","href":"https:\/\/api.w.org\/{rel}","templated":true}]}}