{"id":5765,"date":"2014-08-10T12:56:25","date_gmt":"2014-08-10T12:56:25","guid":{"rendered":"https:\/\/vedicpandits.org\/?page_id=5765"},"modified":"2020-02-27T11:46:39","modified_gmt":"2020-02-27T11:46:39","slug":"national-yagya","status":"publish","type":"page","link":"https:\/\/donation.vedicpandits.org\/pl\/yagya\/national-yagya\/","title":{"rendered":"Narodowe Jagje"},"content":{"rendered":"<h4>CZYM S\u0104 NARODOWE JAGJE?<\/h4>\n<p>Narodowa Jagja jest specjaln\u0105 technologi\u0105 stworzon\u0105 w celu zwi\u0119kszenia wzrostu pomy\u015blno\u015bci narodu oraz zapobiegania problemom danego kraju. aby zapobiega\u0107   Jagje te s\u0105 wykonywane przez du\u017ce grupy  Wedyjskich Pandit\u00f3w Maharishiego w  Brahmasthanie (centrum geograficznym )Indii .<\/p>\n<div class=\"border-line\">&nbsp;<\/div>\n<div class=\"grid-holder\">\n<div class=\"grid grid-desktop-50 grid-mobile-100\"><div class=\"holder\"><p><img loading=\"lazy\" decoding=\"async\" class=\"alignleft size-full wp-image-277\" src=\"\/wp-content\/uploads\/2014\/04\/IMG_4957_reverse_web1.jpg\" alt=\"IMG_4957_reverse_web1\" width=\"432\" height=\"288\" srcset=\"https:\/\/donation.vedicpandits.org\/wp-content\/uploads\/2014\/04\/IMG_4957_reverse_web1.jpg 432w, https:\/\/donation.vedicpandits.org\/wp-content\/uploads\/2014\/04\/IMG_4957_reverse_web1-300x200.jpg 300w, https:\/\/donation.vedicpandits.org\/wp-content\/uploads\/2014\/04\/IMG_4957_reverse_web1-430x288.jpg 430w\" sizes=\"auto, (max-width: 432px) 100vw, 432px\" \/><\/p>\n<\/div><\/div>\n<div class=\"grid grid-desktop-50 grid-mobile-100\"><div class=\"holder\"><h4>W JAKI SPOS\u00d3B S\u0104 WYKONYWANE?<\/h4>\n<p>Narodowe Jagje w zale\u017cno\u015bci od wielko\u015bci wykonywane s\u0105 przez okres kilku dni lub tygodni zale\u017cnie od celu ( Sankalpy ), kt\u00f3ry wybierze dany kraj, na przyk\u0142ad w intencji zwi\u0119kszenia post\u0119pu gospodarczego danego kraju, lepszego zdrowia, harmonii, unikni\u0119cia  problem\u00f3w takich jak kl\u0119ski \u017cywio\u0142owe , przemoc, lub s\u0142abej gospodarki.<\/p>\n\t\t<div class=\"hidden-video\">\t\t\t\t\t\t\t\t\t\t\t\t\n\t\t\t<div class=\"video-container\"> [videojs autoplay=&#8221;false&#8221; mp4=&#8221;\/wp-content\/uploads\/2014\/06\/5.-Kavach-Display-1.mp4&#8243; width=&#8221;400&#8243; height=&#8221;400&#8243;] <\/div>\n\t\t<\/div>\n\t\t<a href=\"https:\/\/donation.vedicpandits.org\/pl\/yagya\/national-yagya\/?image_video=%2Fwp-content%2Fuploads%2F2014%2F06%2F5.-Kavach-Display-1.mp4\" class=\"video-link no-pointer\"><em>&gt; Pos\u0142uchaj Pandit\u00f3w wykonuj\u0105cych Jagje w intencji ochrony kraju. <\/em><\/a>\n\n\t\n<\/div><\/div>\n<\/div>\n<div class=\"border-line\">&nbsp;<\/div>\n<a id=\"scienceofyagya\" name=\"scienceofyagya\"><\/a><\/p>\n<h4>Naukowe spojrzenie na Jagje<\/h4>\n<p>Pos\u0142uchaj prof. Johna Hagelina, \u015bwiatowej s\u0142awy fizyka kwantowego, wyk\u0142adowc\u0119, eksperta w zakresie polityki spo\u0142ecznej i wiod\u0105cego propagatora pokoju:<\/p>\n<div class=\"grid-holder\">\n<div class=\"grid grid-desktop-50 grid-mobile-100\"><div class=\"holder\"><p span style=\"margin-left: 15px;\">\t<a href=\"https:\/\/donation.vedicpandits.org\/pl\/yagya\/national-yagya\/?image_video=https%3A%2F%2Fvimeo.com%2F80285421\" class=\"video-link \"><img decoding=\"async\" class=\"alignnone size-full wp-image-285\" src=\"https:\/\/donation.vedicpandits.org\/wp-content\/uploads\/2020\/02\/hagelin_5_videoimage.png\" alt=\"yagya_hagelin_1web1\" width=\"362\"  \/><\/a>\n\n\t\n\t<a href=\"https:\/\/donation.vedicpandits.org\/pl\/yagya\/national-yagya\/?image_video=https%3A%2F%2Fvimeo.com%2F80285421\" class=\"video-link no-pointer\"><em>&gt; Video 1: Czym jest Jagja? (po angielsku)<\/em><\/a>\n\n\t\n<\/div><\/div>\n<div class=\"grid grid-desktop-50 grid-mobile-100\"><div class=\"holder\">\t<a href=\"https:\/\/donation.vedicpandits.org\/pl\/yagya\/national-yagya\/?image_video=https%3A%2F%2Fwww.youtube.com%2Fwatch%3Fv%3DPEEbpF59O4g%3Frel%3D0\" class=\"video-link \"><img loading=\"lazy\" decoding=\"async\" class=\"alignnone size-full wp-image-285\" src=\"https:\/\/donation.vedicpandits.org\/wp-content\/uploads\/2020\/02\/hagelin_yagya_charlie2.png\" alt=\"yagya_hagelin_2web2\" alt=\"yagya_hagelin_2web2\" width=\"432\" height=\"242\" \/><\/a>\n\n\t\n\t<a href=\"https:\/\/donation.vedicpandits.org\/pl\/yagya\/national-yagya\/?image_video=https%3A%2F%2Fwww.youtube.com%2Fwatch%3Fv%3DPEEbpF59O4g%3Frel%3D0\" class=\"video-link no-pointer\"><em>&gt; Video 2: Naukowe podstawy Jagji.<\/em><\/a>\n\n\t\n<\/div><\/div>\n<\/div>\n<div class=\"border-line\">&nbsp;<\/div>\n<h4 style=\"text-align: center;\">CZTERY POWODY, DLA KT\u00d3RYCH WARTO WSPIERA\u0106 WEDYJSKICH PANDIT\u00d3W MAHARISHIEGO I WYKONYWANE PRZEZ NICH NARODOWE JAGJE:<\/h4>\n<h4 style=\"text-align: center;\">1. WSPARCIE DLA W\u0141ASNEGO KRAJU<\/h4>\n<p style=\"text-align: center;\">Narodowe Jagje wzmacniaj\u0105 pok\u00f3j, powodzenie, dobrobyt i bezpiecze\u0144estwo narodowe.<\/p>\n<h4 style=\"text-align: center;\">2. OCHRONA CA\u0141EGO \u015aWIATA I JEGO \u015aRODOWISKA<\/h4>\n<p style=\"text-align: center;\">Efekt wielu krajowych Jagii wykonywanych w tym samym czasie ma pot\u0119\u017cny i pozytywny wp\u0142yw na \u015bwiat. Dodatkowo darowizny stopniowo zwi\u0119kszaj\u0105 wielko\u015b\u0107 grupy Pandit\u00f3w w Brahmasthanie Indii dzi\u0119ki czemu z czasem mo\u017cliwe jest osi\u0105gni\u0119cie krytycznego poziomu liczby 9000 Pandit\u00f3w, kt\u00f3ra jest potrzebna, aby zapewni\u0107 trwa\u0142y pok\u00f3j na \u015bwiecie.<\/p>\n<h4 style=\"text-align: center;\">3. OCHRONA SIEBIE I SWOJEJ RODZINY<\/h4>\n<p style=\"text-align: center;\">Wszyscy znamy powiedzenie: &#8222;Co za siejesz, to zbierzesz&#8221;.W staro\u017cytnej tradycji wedyjskiej podkre\u015bla si\u0119 , \u017ce Ci co wspieraj\u0105 Jagje s\u0105  tak\u017ce ich g\u0142\u00f3wnymi beneficjentami. Darczy\u0144cy odczuwaj\u0105 korzy\u015bci zar\u00f3wno na sobie jak i na swojej rodzinie.<\/p>\n<h4 style=\"text-align: center;\">4. OCHRONA DZIEDZICTWA KULTURY WEDYSJKIEJ.<\/h4>\n<p style=\"text-align: center;\">Maharishi k\u0142ad\u0142 du\u017cy nacisk na przywr\u00f3cenie tradycji wedyjskiej, poniewa\u017c oferuje ona wiedz\u0119 i techniki s\u0142u\u017c\u0105ce do realizowania naszego pe\u0142nego potencja\u0142u &#8211;  zar\u00f3wno indywidualnie jak i zbiorowo. Wszystkie datki na Narodowe Jagje r\u00f3wnocze\u015bnie wspieraj\u0105 Panditow, dzi\u0119ki czemu ta staro\u017cytna wiedza  jest i nadal b\u0119dzie dost\u0119pna dla przysz\u0142ych pokole\u0144.<\/p>\n<div class=\"border-line\">&nbsp;<\/div>\n\t<p style=\"text-align: center\">\n\t\t<a href=\"https:\/\/donation.vedicpandits.org\/pl\/intermediary-donation-page\/\"   class=\"btn btn-large \" > > \n\t\t\tPRZY\u0141\u0104CZ SI\u0118 DO TWORZENIA JAGJI NARODOWEJ<br \/>\t\t<\/a>\n\t<\/p>\n\n\t\n<div class=\"border-line\">&nbsp;<\/div>\n<h4>TWOJE IMI\u0118 WYM\u00d3WIONE PODCZAS JAGJI<\/h4>\n<p>Istnieje mo\u017cliwo\u015b\u0107 ca\u0142kowitego zasponsorowania Narodowej Jagji ( koszt wynosi od 1,250 ameryka\u0144skich dolar\u00f3w). W takim przypadku nazwisko darczy\u0144cy wraz z jego intencj\u0105 zostanie zamieszczone przez m\u0119drc\u00f3w wedyjskich na pocz\u0105tku wykonywania Jagji.<\/p>\n<p>W ten spos\u00f3b darczy\u0144ca Narodowej Jagji nie tylko sprawia wielorakie pozytywne wp\u0142ywy dla kraju, ale tak\u017ce odnosi indywidualne korzy\u015bci.<\/p>\n","protected":false},"excerpt":{"rendered":"<p>CZYM S\u0104 NARODOWE JAGJE? Narodowa Jagja jest specjaln\u0105 technologi\u0105 stworzon\u0105 w celu zwi\u0119kszenia wzrostu pomy\u015blno\u015bci narodu oraz zapobiegania problemom danego kraju. aby zapobiega\u0107 Jagje te s\u0105 wykonywane przez du\u017ce grupy Wedyjskich Pandit\u00f3w Maharishiego w Brahmasthanie (centrum geograficznym )Indii . Naukowe spojrzenie na Jagje Pos\u0142uchaj prof. Johna Hagelina, \u015bwiatowej s\u0142awy fizyka kwantowego, wyk\u0142adowc\u0119, eksperta w zakresie [&hellip;]<\/p>\n","protected":false},"author":3,"featured_media":3256,"parent":5761,"menu_order":0,"comment_status":"open","ping_status":"closed","template":"","meta":{"om_disable_all_campaigns":false,"_monsterinsights_skip_tracking":false,"_monsterinsights_sitenote_active":false,"_monsterinsights_sitenote_note":"","_monsterinsights_sitenote_category":0,"footnotes":""},"class_list":["post-5765","page","type-page","status-publish","has-post-thumbnail","hentry"],"_links":{"self":[{"href":"https:\/\/donation.vedicpandits.org\/pl\/wp-json\/wp\/v2\/pages\/5765","targetHints":{"allow":["GET"]}}],"collection":[{"href":"https:\/\/donation.vedicpandits.org\/pl\/wp-json\/wp\/v2\/pages"}],"about":[{"href":"https:\/\/donation.vedicpandits.org\/pl\/wp-json\/wp\/v2\/types\/page"}],"author":[{"embeddable":true,"href":"https:\/\/donation.vedicpandits.org\/pl\/wp-json\/wp\/v2\/users\/3"}],"replies":[{"embeddable":true,"href":"https:\/\/donation.vedicpandits.org\/pl\/wp-json\/wp\/v2\/comments?post=5765"}],"version-history":[{"count":16,"href":"https:\/\/donation.vedicpandits.org\/pl\/wp-json\/wp\/v2\/pages\/5765\/revisions"}],"predecessor-version":[{"id":39838,"href":"https:\/\/donation.vedicpandits.org\/pl\/wp-json\/wp\/v2\/pages\/5765\/revisions\/39838"}],"up":[{"embeddable":true,"href":"https:\/\/donation.vedicpandits.org\/pl\/wp-json\/wp\/v2\/pages\/5761"}],"wp:featuredmedia":[{"embeddable":true,"href":"https:\/\/donation.vedicpandits.org\/pl\/wp-json\/wp\/v2\/media\/3256"}],"wp:attachment":[{"href":"https:\/\/donation.vedicpandits.org\/pl\/wp-json\/wp\/v2\/media?parent=5765"}],"curies":[{"name":"wp","href":"https:\/\/api.w.org\/{rel}","templated":true}]}}