{"id":5771,"date":"2015-08-15T14:34:07","date_gmt":"2015-08-15T14:34:07","guid":{"rendered":"https:\/\/vedicpandits.org\/?page_id=5771"},"modified":"2015-09-18T09:08:16","modified_gmt":"2015-09-18T09:08:16","slug":"testimonials","status":"publish","type":"page","link":"https:\/\/donation.vedicpandits.org\/pl\/testimonials\/","title":{"rendered":"Testimonials"},"content":{"rendered":"<h4 id=\"testimonials\">BEZPO\u015aREDNIE RELACJE OPISUJ\u0104CE SKUTKI JAGJI NARODOWEJ<\/h4>\n<p style=\"text-align: left;\"> Podczas Jagji Narodowej nie tylko Tw\u00f3j kraj skorzysta na Twoim wsparciu, ale tak\u017ce Ty odczujesz korzy\u015bci w my\u015bl zasady: &#8222;Co zasiejesz, to zbierzesz&#8221; . W staro\u017cytnej tradycji wedyjskiej, o ludziach wspieraj\u0105cych Jagje, m\u00f3wi si\u0119 tak\u017ce, \u017ce s\u0105 jej beneficjentami. Poni\u017cej znajduj\u0105 si\u0119 do\u015bwiadczenia tych, kt\u00f3rzy wsparli Jagj\u0119 Narodow\u0105.<\/p>\n<div class=\"box-quote\">\n<p><strong>Do\u015bwiadczy\u0142em mniejszego oporu z otoczenia i wi\u0119kszej rado\u015bci<\/strong><br \/> \u201cKiedy odbywa\u0142a si\u0119 Narodowa Jagja czu\u0142em, \u017ce moje wyk\u0142ady maj\u0105 wi\u0119ksz\u0105 si\u0142\u0119 przebicia. Kiedy wyk\u0142ada\u0142em do\u015bwiadczy\u0142em mniejszego op\u00f3ru i wi\u0119kszej rado\u015bci. Osobi\u015bcie uwa\u017cam, \u017ce moje relacje z innymi by\u0142y bogatsze w tym czasie. Gor\u0105co polecam Narodowe Jagje jako spos\u00f3b zwi\u0119kszaj\u0105cy pomy\u015blno\u015b\u0107 we wszystkich dziedzinach \u017cycia.\u201d<br \/> \u2014 Norwegia<\/p>\n<p><strong>Czuj\u0119 si\u0119 chroniony.<\/strong><br \/> \u201cMam do\u015bwiadczenie szczeg\u00f3lnej wi\u0119zi z grup\u0105 Wedyjskich Pandit\u00f3w Maharishiego w Brahmasthanie Indii. Czuj\u0119 si\u0119 chroniony, czuj\u0119, \u017ce podczas trudnych moment\u00f3w ju\u017c nie  rzuca mn\u0105  na lewo i prawo jak li\u015bciem na wietrze. Ta ochrona i b\u0142ogos\u0142awie\u0144stwo dotycz\u0105 tak\u017ce mojej rodziny i bliskich przyjaci\u00f3\u0142 oraz ich rodzin. Moje Ja jest pod bezpo\u015brednim oddzia\u0142ywaniem korzy\u015bci p\u0142ynacych z tego projektu i czuj\u0119 si\u0119 cz\u0119\u015bci\u0105 wielkiej globalnej rodziny . To s\u0105 te wielkie zalety, ktore widz\u0119 dla ca\u0142ego \u015bwiata wynikaj\u0105ce z istnienia  grupy Wedyjskich Pandit\u00f3w Maharishiego.\u201d<br \/> \u2014 Serbia<\/p>\n<p><strong>Trzy tygodnie p\u00f3\u017aniej dosta\u0142am podwy\u017ck\u0119<\/strong><br \/> \u201cMieli\u015bmy Jagj\u0119 wykonywan\u0105 na rzecz pomy\u015blno\u015bci dla wszystkich pracownik\u00f3w firmy, w kt\u00f3rej pracuj\u0119 od pocz\u0105tku stycznia. Trzy tygodnie p\u00f3\u017aniej dosta\u0142am podwy\u017ck\u0119 wynagrodzenia w wysoko\u015bci 12% brutto! I to w dzisiejszych czasach! Pieni\u0105dze przeznaczone na zam\u00f3wienie Jagji, mo\u017cna szybko odzyska\u0107!\u201d<br \/> \u2014 Holandia<\/p>\n<\/div>\n<div class=\"accordion\"><div class=\"accordion-entry\"><em><a href=\"#\">&gt; Read More: Przeczytaj kilka osobistych do\u015bwiadcze\u0144 os\u00f3b, kt\u00f3re przyczyni\u0142y si\u0119 do powstania Narodowych Jagji<\/a><\/em><div class=\"hidden-content\">\n<div class=\"box-quote\">\n<p><strong>Czuj\u0119 wi\u0119cej wsparcia<\/strong><br \/>\u201cZa ka\u017cdym razem kiedy mog\u0119 wesprze\u0107 Wedyjskich  Pandit\u00f3w Maharishiego darowizn\u0105 od mojej rodziny , mam wi\u0119cej wsparcia w r\u00f3\u017cnych dziedzinach \u017cycia. To dzia\u0142a jak rozp\u0119dzona \u015bnie\u017cna kula. Ten przep\u0142yw wspiera tak\u017ce ludzi, kt\u00f3rych ceni\u0119 i lubi\u0119, czuj\u0119, \u017ce razem jeste\u015bmy jak ma\u0142a rzeka b\u0142ogo\u015bci podlewaj\u0105ca si\u0119szcz\u0119\u015bciem wszystko co wok\u00f3\u0142 nas ro\u015bnie. Jeszcze raz dzi\u0119kuj\u0119 za to, \u017ce mo\u017cemy uczestniczy\u0107 w tym wielkim przedsi\u0119wzi\u0119ciu.\u201d<br \/>\u2014 Francja <\/p>\n<p><strong>Moja rodzina jest b\u0142ogos\u0142awiona<\/strong><br \/>&#8222;Czerpi\u0119 niew\u0105tpliw\u0105 przyjemno\u015b\u0107 z mo\u017cliwo\u015bci uczestniczenia w czynieniu \u015bwiata lepszym miejscem do \u017cycia i w d\u0105\u017ceniu do usuni\u0119cia z niego wszelkich negatywnych przeszk\u00f3d.  Z pewno\u015bci\u0105 czuj\u0119 si\u0119 dzi\u015b &#8222;magicznie&#8221; i &#8222;o\u015bwiecony &#8221; przez fakt, \u017ce w ko\u0144cu znalaz\u0142em to, czego szuka\u0142em .To jest naprawd\u0119 wspania\u0142e uczucie, kt\u00f3rego nie umiem wyt\u0142umaczy\u0107, ale kt\u00f3re wci\u0105\u017c emanuje pozytywn\u0105 energi\u0105. Moja rodzina jest b\u0142ogos\u0142awiona i czerpie korzy\u015bci z lepszego \u017cycia, kt\u00f3re zapewnia im karier\u0119 i realizacj\u0119 talent\u00f3w. To najwi\u0119ksze Bo\u017ce  b\u0142ogos\u0142awie\u0144stwo, kt\u00f3re zawdzi\u0119czamy naszym Wedyjskim Panditom Maharishiego. \u015al\u0119 wielkie podzi\u0119kowania za Narodow\u0105 Jagj\u0119.&#8221;<br \/>\u2014 Trynidad i Tobago <\/p>\n<p><strong>To jest inne \u017cycie<\/strong><br \/>\u201cMoje sk\u0142adki na pierwsze Narodowe Jagje by\u0142y skromne, ale co miesi\u0105c zauwa\u017ca\u0142em wi\u0119ksze wsparcie natury. Problemy i niepowodzenia zacz\u0119\u0142y rozwi\u0105zywa\u0107 si\u0119 na moj\u0105 korzy\u015b\u0107. Pojawi\u0142y si\u0119 nowe mo\u017cliwo\u015bci. Moje dochody rosn\u0105, a na przestrzeni ostatnich trzech miesi\u0119cy wzros\u0142y dwukrotnie. W zesz\u0142ym miesi\u0105cu mog\u0142em podarowa\u0107 1,250 dolar\u00f3w, moje imi\u0119 i nazwisko zosta\u0142o wypowiedziane podczas Jagji i odczu\u0142em ogromn\u0105 r\u00f3\u017cnic\u0119. To jest zupe\u0142nie inna jako\u015b\u0107 \u017cycia.\u201d<br \/>\u2014 USA<\/p>\n<p><strong>Od momentu Jagji nasz biznes wystrzeli\u0142 w niebo<\/strong><br \/>\u201cZam\u00f3wi\u0142em Narodow\u0105 Jagj\u0119 dla Nowej Zelandii, maj\u0105c na uwadze m\u00f3j kraj, moj\u0105 rodzin\u0119 i  nasze potrzeby biznesowe. Trwaj\u0105ca u nas recesja, zw\u0142aszcza w 2011 roku, odbi\u0142y si\u0119 bardzo ci\u0119\u017cko na wszystkich, w tym na naszym w\u0142asnym biznesie. Nie robimy \u017cadnych specjalnych reklam z wyj\u0105tkiem naszych pojazd\u00f3w firmowych i strony internetowej.  Musimy nawet czasem trzyma\u0107 si\u0119 od pracy z daleka &#8211; co NIGDY nie zdarzy\u0142o si\u0119 nam wcze\u015bniej .\u201d <br \/>\u2014 New Zealand<\/p>\n<p><strong>Prawdziwe po\u0142\u0105czenie z prawami natury <\/strong><br \/>&#8222;Jestem bardzo zadowolona z wi\u0119kszych sukces\u00f3w naszej dzia\u0142alno\u015bci i odczuwamy prawdziw\u0105 \u0142\u0105czno\u015b\u0107 z Prawem Naturalnym. Jest to kolejny wielki dar i mo\u017cliwo\u015b\u0107 jak\u0105 da\u0142 nam Maharishi. Uwa\u017camy j\u0105 teraz za istotn\u0105 cz\u0119\u015b\u0107 naszej dzia\u0142alno\u015bci.&#8221;  \u2014 USA<\/p>\n<p><strong>\u017bycie by\u0142o tak \u0142askawe dla mnie<\/strong><br \/> \u201cWyra\u017cam wiele wdzi\u0119czno\u015bci dla Narodowych Jagji. Z zadowoleniem do\u015bwiadczylli\u015bmy najbardziej spokojnego sierpnia w Tajwanie od 1947 roku.  Tym razem nie by\u0142oie \u017cadnych tajfun\u00f3w w sierpniu 2014 roku, co dla meteorolog\u00f3w by\u0142o wprost niewiarygodne! \u017bycie by\u0142o dla mnie bardzo \u0142askawe i po prostu cieszy\u0142em si\u0119 wszystkim co robi\u0119. Wierz\u0119, \u017ce to zas\u0142uga Jagji Narodowej, kt\u00f3r\u0105 wykonali\u015bmy dla Tajwanu. Wszystko sta\u0142o si\u0119 dla mnie tak \u0142atwe, po prostu pod\u0105\u017ca\u0142em zgodnie z moim Przeznaczeniem i jedno zadanie za drugim,  w idealnej harmonii osi\u0105ga\u0142em wszystko, co chcia\u0142em zrobi\u0107. Wci\u0105\u017c pojawia\u0142y si\u0119 nowe mo\u017cliwo\u015bci i teraz mam coraz lepsze zarobki.\u201d<br \/> \u2014 Tajwan <\/p>\n<p><strong>Wi\u0119cej p\u0142ynno\u015bci i lekko\u015bci<\/strong><br \/>&#8221; Moje cia\u0142o, emocje i codzienne czynno\u015bci wydaj\u0105 si\u0119 bardziej p\u0142ynne i \u0142atwe w czasie trwania Jagji. Nawet te trudniejsze sytuacje, osobiste lub w pracy czy w rodzinie rozwi\u0105za\u0142y si\u0119 bez wysi\u0142ku. Tak powinno wygl\u0105da\u0107 \u017cycie.&#8221; <br \/>\u2014 USA<\/p>\n<p><strong>Wszystko idzie g\u0142adko<\/strong><br \/>\u201cPodczas wykonywania moich program\u00f3w pod Z\u0142ot\u0105 Kopu\u0142\u0105, uzmys\u0142owi\u0142em sobie w szczeg\u00f3lny spos\u00f3b, \u017ce od pocz\u0105tku trwania Narodowych Jagji Maharishiego, nawet gdy w naszym \u017cyciu toczy\u0142y si\u0119 dramatyczne wydarzenia, wszystko sz\u0142o g\u0142adko, bez wi\u0119kszych przewrot\u00f3w. Efekt jest o wiele g\u0142\u0119bszy, ni\u017c zdajemy sobie spraw\u0119, i to zrozumienie sprawia, \u017ce jestem bardzo wdzi\u0119czny i szcz\u0119\u015bliwy!\u201d<br \/>\u2014 Holandia<\/p>\n<\/div>\n<a href=\"#\" class=\"close\">Close Section<\/a><\/div><\/div>\n<\/div>\n<div class=\"border-line\">&nbsp;<\/div>\n<div class=\"grid-holder\">\n<div class=\"grid grid-desktop-50 grid-mobile-100\"><div class=\"holder\"><h4 id=\"testimonials\">WYDARZENIA W KRAJACH< KT\u00d3RE BY\u0141Y NAST\u0118PSTWEM NARODOWYCH JAGJI<\/h4>\n<p>Poni\u017cej mo\u017cna przeczyta\u0107 o zmianach w sytuacji gospodarczej i politycznej  kraju, kt\u00f3re dokonywa\u0142y si\u0119 po zam\u00f3wieniu Jagji Narodowej. Narodowe Jagje s\u0105 wykonywane ze specjaln\u0105 intencj\u0105, kt\u00f3r\u0105 wybiera dany kraj. Mog\u0105 to by\u0107 takie przyk\u0142adowe cele jak zwi\u0119kszenie post\u0119pu gospodarczego, poprawa stanu zdrowia, wzrost harmonii w kraju, lub zmniejszanie problem\u00f3w zwi\u0105zanych z kl\u0119skami \u017cywio\u0142owymi, przemoc\u0105 lub chor\u0105 gospodark\u0105. Mo\u017cesz dowolnie wybra\u0107 cel kiedy zasponsorujesz ca\u0142y koszt Jagji Narodowej. W tym przypadku, Ty lub nazwa Twojej firmy zostan\u0105 wymienione podczas Jagji wraz z wybran\u0105 intencj\u0105.<\/p>\n<\/div><\/div>\n<div class=\"grid grid-desktop-50 grid-mobile-100\"><div class=\"holder\"><p><img loading=\"lazy\" decoding=\"async\" class=\"alignright wp-image-2189\" src=\"\/wp-content\/uploads\/2015\/01\/testimonial_sized_small-300x226.jpg\" alt=\"testimonial_sized_small\" width=\"376\" height=\"284\" srcset=\"https:\/\/donation.vedicpandits.org\/wp-content\/uploads\/2015\/01\/testimonial_sized_small-300x226.jpg 300w, https:\/\/donation.vedicpandits.org\/wp-content\/uploads\/2015\/01\/testimonial_sized_small.jpg 408w\" sizes=\"auto, (max-width: 376px) 100vw, 376px\" \/><\/p>\n<\/div><\/div>\n<\/div>\n<div class=\"box-quote\">\nTAIWAN 2015<br \/>\n&#8222;Narodowe Jagje dzia\u0142aj\u0105 bardzo mocno! Dwa tajfuny (CNN opisa\u0142 jeden z nich jako &#8222;Tajfun Potw\u00f3r&#8221;) po prostu nas mija\u0142y i nie by\u0142 w stanie wyl\u0105dowa\u0107 w Tajwanie! Mieli\u015bmy tylko kilka wietrznych dni i  deszcz, kt\u00f3ry uzupe\u0142ni\u0142 w zbiornikach niedobory wody. Jeste\u015bmy wdzi\u0119czni Nardowej Jagji za to, \u017ce uratowa\u0142a wszystkich  i \u017ce jeste\u015bmy tu bezpieczni. Najgorsz\u0105 rzecz\u0105 okaza\u0142o si\u0119 to, \u017ce niekt\u00f3re loty i poci\u0105gi zosta\u0142y odwo\u0142ane i plany niekt\u00f3rych podr\u00f3\u017cnych si\u0119 zmieni\u0142y.&#8221;<br \/><em> Chin-Fen Lee &#8211; Ambassador Tajwanu<\/em><\/p>\n<p>LIBAN 2014<br \/>\n\u201cMy\u015bl\u0119, \u017ce ka\u017cdy s\u0142ysza\u0142 o terrorystach kt\u00f3rzy s\u0105 w Syrii, a ostatnio tak\u017ce w Iraku. O\u015bwiadczyli, \u017ce b\u0119d\u0105 atakowa\u0107 niekt\u00f3re miasta w Libanie. W ci\u0105gu ostatnich 10 dni by\u0142y przygotowane trzy ataki, ale nie powiod\u0142y si\u0119 one, poniewa\u017c zosta\u0142y wykryte na czas przez wojsko i policj\u0119. Wiadomo\u015bci wsz\u0119dzie og\u0142asza\u0142y, \u017ce:  \u201cLiban zosta\u0142 uratowany przed trzecim nieudanym atakiem terrorystycznym: to niewyt\u0142umaczalne; to Opatrzno\u015b\u0107 Bo\u017ca! Mamy do\u015bwiadczenie wielu podobnych sytuacji, jak ta. To nie wydarza si\u0119 po raz pierwszy. Ta ochrona w Libanie jest wyra\u017anie zwi\u0105zana z wp\u0142ywem skumulowanych Narodowych Jagji Maharishiego w ci\u0105gu ostatnich 3 lat. Narodowe Jagje mamy dwa razy w miesi\u0105cu &#8211; w ka\u017cdym cyklu Jagji. B\u0119dziemy je kontynuowa\u0107, aby Liban by\u0142 zawsze chroniony. Pragniemy wyrazi\u0107 wdzi\u0119czno\u015b\u0107 programom Maharishiego i Wedyjskim Panditom Maharishiego w Brahmasthanie Indii.\u201d<br \/><em>Salim Haddad &#8211; Ambasador w Libanie <\/em><\/p>\n<p>UKRAINA 2014<br \/>\n&#8222;DZI\u0118KUJ\u0118 ca\u0142ej \u015bwiatowej rodzinie Maharishiego i krajom, kt\u00f3re wspieraj\u0105 Ukrain\u0119 za pomoc w zorganizowaniu Narodowych Jagji! Za ka\u017cdym razem widzimy wyra\u017anie  ich efekt &#8211; mniej przemocy i \u015bmierci, kolejne negocjacje na rzecz pokoju. Dos\u0142ownie ratujecie nasze \u017cycie.<br \/><em> &#8221; Natalia Lukyanenko &#8211; Ambasador i Sekretarz Narodowy dla Ukrainy Biuro Narodowe<\/em><\/p>\n<p>COLOMBIA 2013<br \/>\n&#8222;Narodowe Jagje Maharishiego s\u0105 dla naszego kraju jednym z najwi\u0119kszych b\u0142ogos\u0142awie\u0144stw, jakie otrzymali\u015bmy. Jeste\u015bmy zaskoczeni, jak w trakcie i po wykonaniu Narodowych Jagji doskona\u0142e s\u0105 do\u015bwiadczenia medytuj\u0105cych i Sidh\u00f3w, a w szczeg\u00f3lno\u015bci naszych darczy\u0144c\u00f3w, dzi\u0119ki kt\u00f3rym ca\u0142y kraj cieszy si\u0119 znacznie wy\u017cszym poziomem sp\u00f3jno\u015bci i wsparcia w r\u00f3\u017cnych dziedzinach \u017cycia. Widzimy te\u017c w wiadomo\u015bciach, \u017ce szczeg\u00f3lna intencja, kt\u00f3r\u0105 wybiera si\u0119 podczas Narodowej Jagji znajduje odzwierciedlenie w odpowiednich decyzjach podejmowanych przez przyw\u00f3dc\u00f3w pa\u0144stw. Uwa\u017camy, \u017ce Narodowy Program Jagji Maharishiego to pot\u0119\u017cna technika, kt\u00f3ra wykorzystuje niesko\u0144czon\u0105 moc porz\u0105dkuj\u0105c\u0105 prawa naturalnego w kraju, a tak\u017ce w okre\u015blonych dziedzinach \u017cycia. Jeste\u015bmy bardzo wdzi\u0119czni Maharishiemu, Guru Dev za udost\u0119pnienie tej pot\u0119\u017cnej technologii, kt\u00f3ra umo\u017cliwia pozytywne wp\u0142ywanie na losy \u015bwiata.&#8221;<br \/><em>Pawe\u0142 Fabre. &#8211; Ambasador Kolumbii<\/em>\n<\/div>\n<div class=\"accordion\"><div class=\"accordion-entry\"><em><a href=\"#\">&gt; Dowiedz si\u0119 wi\u0119cej o zmianach w sytuacji gospodarczej i politycznej kraj\u00f3w po wykonaniu Narodowej Jagji<\/a><\/em><div class=\"hidden-content\">\n<div class=\"box-quote\">\nUNITED KINGDOM, 2013<br \/>\nThe excellent performance of the economy in the UK has completely confounded the predictions of Bankers and Economists.<\/p>\n<p>PORTUGALIA, 2012<br \/>\nMasowe powstanie przeciwko nowej i trudnej zasadzie &#8222;jednolitego podatku socjalnego &#8221; zosta\u0142o  rozwi\u0105zane  bez przemocy, w zupe\u0142nie niezwyk\u0142y pokojowy  spos\u00f3b, kt\u00f3ry zjednoczy\u0142 nar\u00f3d.<\/p>\n<p>LIBAN, 2012<br \/>\nRegularne Narodowe Jagje rozpocz\u0119\u0142y si\u0119 w styczniu 2011 r. Napi\u0119cia i konflikty wewn\u0119trzne by\u0142y nieznaczne, wiele politycznych zamach\u00f3w nie uda\u0142o si\u0119, a plany terrorystyczne zosta\u0142y odkryte i za\u017cegnane. Zapobiegano tak\u017ce konfliktom zbrojnym . Darczy\u0144cy Jagji relacjonowali wspania\u0142e korzy\u015bci osobiste. Nawet prezydent Libanu og\u0142osi\u0142, \u017ce : &#8221; Od stycznia 2011 roku, a\u017c do teraz Liban  znajduje si\u0119 w stanie nieoczekiwanej stabilno\u015bci&#8221;.<\/p>\n<p>USA, 2012<br \/>\nSpecjalnie zaprojektowane Narodowe  Jagje przynios\u0142y deszcz w obszarach suszy na terenie ca\u0142ego kraju, stale poprawi\u0142 si\u0119 wzrost gospodarczy na poziomie 3,1 % , obecnie jest ni\u017csze bezrobocie, wzros\u0142a produkcja przemys\u0142owa, wzros\u0142o zaufanie konsument\u00f3w, odby\u0142y si\u0119 p\u0142ynne i sp\u00f3jne wybory , a nawet problematyczny dzie\u0144 21 grudnia przeszed\u0142 pozytywnie.<\/p>\n<p>SERBIA 2014<br \/>\n&#8222;Kilka miesi\u0119cy temu Serbia do\u015bwiadczy\u0142a katastrofalnych powodzi. Nieoczekwianie, tu\u017c przed kolejnymi przewidywanymi powodziami przysz\u0142o wsparcie od darczy\u0144c\u00f3w w postaci Narodowej Jagji. W tym czasie politycy m\u00f3wili ze zdumieniem jak wiele mieli\u015bmy szcz\u0119\u015bcia, \u017ce ta druga fala powodzi nie przysz\u0142a. Jeste\u015bmy jedynymi, kt\u00f3rzy wiedz\u0105, \u017ce to szcz\u0119\u015bcie by\u0142o efektem dzia\u0142ania Narodowej Jagji Maharishiego.&#8221;<br \/><em>Voja Trajkovic &#8211; Ambasador Serbii<\/em><\/p>\n<p>GHANA 2012<br \/>\n\u201eOstatnie wybory w Ghanie po naszej ostatnim Narodowej Jagji zosta\u0142y opisane jako najlepsze i najbardziej spokojne w historii kraju. Jeste\u015bmy wdzi\u0119czni  Maharishiemu za pozostawienie nam tej wielkiej wiedzy. Mamy r\u00f3wnie\u017c nadziej\u0119, \u017ce nasza praktyka TM w cho\u0107 ma\u0142ym stopniu przyczyni si\u0119 do pokoju na \u015bwiecie\u201d. Krajowy Dyrektor Ghany\n<\/div>\n<a href=\"#\" class=\"close\">Close Section<\/a><\/div><\/div>\n<\/div>\n<div class=\"border-line\">&nbsp;<\/div>\n<div class=\"grid-holder\">\n<div class=\"grid grid-desktop-50 grid-mobile-100\"><div class=\"holder\"><h4 id=\"testimonials\">OPIS DO\u015aWIADCZE\u0143 PODCZAS SPECJALNEJ JAGJI<\/h4>\n<p>Special Yagyas are different from National Yagyas. Maharishi zaprojektowa\u0142 Specjalne Jagje po to, aby ka\u017cdy cz\u0142owiek m\u00f3g\u0142 cieszy\u0107 si\u0119 szczeg\u00f3lnie wa\u017cnymi momentami swojego \u017cycia. <a title=\"Special Yagya page\" href=\"https:\/\/donation.vedicpandits.org\/pl\/yagya\/special-yagya\/\">Specjalne Jagje<\/a>:<\/p>\n<ul>\n<li>URODZINY: wykonywana na czyje\u015b urodziny<\/li>\n<li>\u015aLUB : przeprowadzona dla pary w dniu \u015blubu<\/li>\n<li>ROCZNICA \u015aLUBU : przeprowadzono dla pary w rocznic\u0119 ich \u015blubu<\/li>\n<li>NARODZINY: wykonywana  dla niemowl\u0119cia 40 dni po porodzie\n<\/li>\n<\/ul>\n<p>OPIS DO\u015aWIADCZE\u0143 PODCZAS SPECJALNEJ JAGJI<\/p>\n<\/div><\/div>\n<div class=\"grid grid-desktop-50 grid-mobile-100\"><div class=\"holder\"><p><img loading=\"lazy\" decoding=\"async\" class=\"alignright size-full wp-image-2345\" src=\"\/wp-content\/uploads\/2015\/01\/testimonials_specialyagya.jpg\" alt=\"testimonials_specialyagya\" width=\"408\" height=\"308\" srcset=\"https:\/\/donation.vedicpandits.org\/wp-content\/uploads\/2015\/01\/testimonials_specialyagya.jpg 408w, https:\/\/donation.vedicpandits.org\/wp-content\/uploads\/2015\/01\/testimonials_specialyagya-300x226.jpg 300w\" sizes=\"auto, (max-width: 408px) 100vw, 408px\" \/><\/p>\n<\/div><\/div>\n<\/div>\n<div class=\"box-quote\">\n<p><strong>Wszystko dzia\u0142a bez wysi\u0142ku <\/strong><br \/>\u201cW g\u0142\u0119bi duszy by\u0142em bardzo zaskoczony, \u017ce wszystko wok\u00f3\u0142 mnie  w moje urodziny   dzia\u0142o si\u0119 bez jakiegokolwiek wysi\u0142ku, spokojnie i g\u0142adko.  Wyra\u017anie r\u00f3\u017cni\u0142y si\u0119 one od innych moich urodzin. Dzi\u0119kuj\u0119 tym, kt\u00f3rzy mi je zorganizowali.\u201d<br \/>Kanada<\/p>\n<p><strong>Moje najwspanialsze do\u015bwiadczenie : <\/strong><br \/>&#8222;Niekt\u00f3re sytuacje, kt\u00f3re utkn\u0119\u0142y w martwym punkcie zacz\u0119\u0142y p\u0142yn\u0105\u0107 we w\u0142a\u015bciwym kierunku. Tak jak podczas moich urodzin, kt\u00f3re b\u0119d\u0119 wspomina\u0107 szcz\u0119\u015bliwie przez wiele lat. To by\u0142y tak uroczyste obchody przez ca\u0142y tydzie\u0144, jakich nie mia\u0142em nawet podczas z\u0142otych lat bycia nastolatkiem. Jestem bardzo zadowolony z wynik\u00f3w tego dzia\u0142ania. Nie mog\u0119 si\u0119 doczeka\u0107 nast\u0119pnych urodzin &#8222;<br \/>W\u0142ochy<\/p>\n<p><strong>Czuj\u0119 b\u0142ogostan <\/strong><br \/>\u201cOd momentu Jagji czu\u0142em definitywn\u0105 zmian\u0119 w \u015bwiadomo\u015bci od momentu Jagji. Czuj\u0119 si\u0119 naprawd\u0119 b\u0142ogos\u0142awiona. Jestem zdecydowany zamawia\u0107 Jagj\u0119 na moje urodziny ka\u017cdego roku.\u201d<br \/>UK<\/p>\n<p><strong>U\u015bmiech Wszech\u015bwiata<\/strong><br \/>\u201cTo do\u015bwiadczenie jest naprawd\u0119 kosmiczne i wie\u0144czy wszystkie poziomy ludzkiej egzystencji jednym wielkim kosmicznym u\u015bmiechem i czuje jakby Z\u0142oty Py\u0142 unosi\u0142 si\u0119 nad nim. Dzi\u0119kuj\u0119 wszystkim  Wedyjskim Panditom , kt\u00f3rzy wykonuj\u0105 Jagj\u0119 i ca\u0142ej wedyjskiej tradycji, kt\u00f3ra przynios\u0142a nam t\u0105 bosk\u0105 czyst\u0105 wiedz\u0119.\u201d<br \/>Serbia<\/p>\n<\/div>\n<div class=\"accordion\"><div class=\"accordion-entry\"><em><a href=\"#\">&gt; Read More: OPIS DO\u015aWIADCZE\u0143 PODCZAS SPECJALNEJ JAGJI<\/a><\/em><div class=\"hidden-content\">\n<div class=\"box-quote\">\n<p><strong>To by\u0142o wspania\u0142e do\u015bwiadczenie<\/strong><br \/>\u201cTo by\u0142a moja pierwsza Jagja Maharishiego, kt\u00f3ra okaza\u0142a si\u0119 wspania\u0142ym do\u015bwiadczeniem. I teraz planuj\u0119 robi\u0107 j\u0105 co roku. Ju\u017c noc przed moimi urodzinami czu\u0142em intensywne fale b\u0142ogo\u015bci. Nagle, od tego momentu, wiele kwestii, kt\u00f3rych nie mog\u0142em rozwi\u0105za\u0107 przez d\u0142ugi czas zosta\u0142y rozwi\u0105zane (co sprawi\u0142o mi du\u017c\u0105 ulg\u0119), czu\u0142em si\u0119 tak\u017ce bardzo b\u0142ogo i spe\u0142niony. Mia\u0142em poczucie, \u017ce codzienne przeszkody, kt\u00f3re pojawia\u0142y si\u0119 na mojej drodze rozpuszcza\u0142y si\u0119 \u0142atwiej, a moje dzia\u0142ania stawa\u0142y si\u0119 bardziej skuteczne. Dzi\u0119kuj\u0119 za t\u0105 mo\u017cliwo\u015b\u0107 do\u015bwiadczania Jagji.\u201d<br \/>Kanada<\/p>\n<p><strong>Wp\u0142yw by\u0142 oczywisty<\/strong><br \/>\u201cNie spodziewali\u015bmy si\u0119, \u017ce Jagja mo\u017ce wp\u0142yn\u0105\u0107 na nas tak bezpo\u015brednio, ale ten wp\u0142yw by\u0142 oczywisty . Przypomina\u0142o mi to efekt jak po d\u0142ugim kursie. Trudne do opisania , ale nie da si\u0119 nie zauwa\u017cy\u0107.\u201d<br \/>USA<\/p>\n<p><strong>Sta\u0142o si\u0119 co\u015b bardzo niezwyk\u0142ego:<\/strong><br \/>\u201cJak tylko zap\u0142aci\u0142em za Jagj\u0119 z okazji Rocznicy  \u015alubu to wydarzy\u0142o si\u0119 co\u015b bardzo szczeg\u00f3lnego w naszej relacji. Teraz wszystko jest tak czyste, tak przejrzyste. To cud, \u017ce Jagja tak mo\u017ce zadzia\u0142a\u0107, tylko dlatego, \u017ce si\u0119  za ni\u0105 zap\u0142aci.\u201d<br \/>Holandia<\/p>\n<p><strong>Zakotwiczenie w Absolucie <\/strong><br \/>\u201cOboje czuli\u015bmy zakotwiczone w Absolucie przez ca\u0142y czas. Mieli\u015bmy poczucie \u017ce jeste\u015bmy nietykalni &#8211; naprawd\u0119. Oczywi\u015bcie, czekamy na nast\u0119pn\u0105.\u201d<br \/>USA<\/p>\n<p><strong>Jagja zmy\u0142a ze mnie zm\u0119czenie i strach<\/strong><br \/>&#8222;Zrobienie sobie prezentu w postaci Jagji z okazji moich &#8222;s\u0142odkich sze\u015b\u0107dziesi\u0105tych &#8222;urodzin by\u0142o bardzo dobr\u0105 decyzj\u0105. Mia\u0142em mi\u0142e do\u015bwiadczenia w tym dniu. Czu\u0142em si\u0119 bardzo szcz\u0119\u015bliwy, rozlu\u017aniony, a  wszystkie moje dzia\u0142ania sz\u0142y o wiele bardziej spokojnie i p\u0142ynnie ni\u017c zwykle. Wci\u0105\u017c czuj\u0119 w sobie wi\u0119cej nadziei, a ca\u0142e moje codzienne \u017cycie wydaje  si\u0119 by\u0107 bardziej wspieraj\u0105ce. Ale najlepsze jest to, \u017ce moje serce sta\u0142o si\u0119 bardziej otwarte, a moja medytacja jest g\u0142\u0119bsza ni\u017c wcze\u015bniej. Mam r\u00f3wnie\u017c wra\u017cenie, \u017ce Jagja wygna\u0142a ze mnie zm\u0119czenie i strach z przesz\u0142o\u015bci, dlatego bardzo polecam wszystkim, aby zafundowali sobie Jagj\u0119 na urodziny!.&#8221;<br \/>Germany<\/p>\n<p><strong>\u017bycie p\u0142ynie bardziej mi\u0119kko<\/strong><br \/>\u201cEfekt Jagji jest niesamowity &#8211; wiele os\u00f3b, z kt\u00f3rymi rozmawia\u0142em czuli to samo co ja. \u017bycie p\u0142ynie jakby du\u017co ciszej, wsparcie Natury jest sta\u0142e w ma\u0142ych i du\u017cych sytuacjach, przeciwno\u015bci znikaj\u0105. Czuj\u0119 pokojowe nastawienie  w ka\u017cdej  sytuacji.\u201d<br \/>USA<\/p>\n<a href=\"#\" class=\"close\">Close Section<\/a><\/div><\/div>\n<\/div>\n","protected":false},"excerpt":{"rendered":"<p>BEZPO\u015aREDNIE RELACJE OPISUJ\u0104CE SKUTKI JAGJI NARODOWEJ Podczas Jagji Narodowej nie tylko Tw\u00f3j kraj skorzysta na Twoim wsparciu, ale tak\u017ce Ty odczujesz korzy\u015bci w my\u015bl zasady: &#8222;Co zasiejesz, to zbierzesz&#8221; . W staro\u017cytnej tradycji wedyjskiej, o ludziach wspieraj\u0105cych Jagje, m\u00f3wi si\u0119 tak\u017ce, \u017ce s\u0105 jej beneficjentami. Poni\u017cej znajduj\u0105 si\u0119 do\u015bwiadczenia tych, kt\u00f3rzy wsparli Jagj\u0119 Narodow\u0105. Do\u015bwiadczy\u0142em [&hellip;]<\/p>\n","protected":false},"author":3,"featured_media":2394,"parent":0,"menu_order":0,"comment_status":"closed","ping_status":"closed","template":"","meta":{"om_disable_all_campaigns":false,"_monsterinsights_skip_tracking":false,"_monsterinsights_sitenote_active":false,"_monsterinsights_sitenote_note":"","_monsterinsights_sitenote_category":0,"footnotes":""},"class_list":["post-5771","page","type-page","status-publish","has-post-thumbnail","hentry"],"_links":{"self":[{"href":"https:\/\/donation.vedicpandits.org\/pl\/wp-json\/wp\/v2\/pages\/5771","targetHints":{"allow":["GET"]}}],"collection":[{"href":"https:\/\/donation.vedicpandits.org\/pl\/wp-json\/wp\/v2\/pages"}],"about":[{"href":"https:\/\/donation.vedicpandits.org\/pl\/wp-json\/wp\/v2\/types\/page"}],"author":[{"embeddable":true,"href":"https:\/\/donation.vedicpandits.org\/pl\/wp-json\/wp\/v2\/users\/3"}],"replies":[{"embeddable":true,"href":"https:\/\/donation.vedicpandits.org\/pl\/wp-json\/wp\/v2\/comments?post=5771"}],"version-history":[{"count":13,"href":"https:\/\/donation.vedicpandits.org\/pl\/wp-json\/wp\/v2\/pages\/5771\/revisions"}],"predecessor-version":[{"id":6456,"href":"https:\/\/donation.vedicpandits.org\/pl\/wp-json\/wp\/v2\/pages\/5771\/revisions\/6456"}],"wp:featuredmedia":[{"embeddable":true,"href":"https:\/\/donation.vedicpandits.org\/pl\/wp-json\/wp\/v2\/media\/2394"}],"wp:attachment":[{"href":"https:\/\/donation.vedicpandits.org\/pl\/wp-json\/wp\/v2\/media?parent=5771"}],"curies":[{"name":"wp","href":"https:\/\/api.w.org\/{rel}","templated":true}]}}