{"id":5776,"date":"2014-08-08T07:10:05","date_gmt":"2014-08-08T07:10:05","guid":{"rendered":"https:\/\/vedicpandits.org\/?page_id=5776"},"modified":"2024-06-12T14:47:37","modified_gmt":"2024-06-12T14:47:37","slug":"about-us","status":"publish","type":"page","link":"https:\/\/donation.vedicpandits.org\/pl\/about-us\/","title":{"rendered":"O NAS"},"content":{"rendered":"<h4>POWIERNICTWO I FUNDACJA <\/h4>\n<p>Finansowanie grup Wedyjskich Pandit\u00f3w Maharishiego jest organizowane i zarz\u0105dzane przez Fundacj\u0119 Brahmananda Saraswati Trust w Holandii oraz Fundacj\u0119 Brahmananda Saraswati w USA.<\/p>\n<p>Misj\u0105 Fundacji jest nadzorowanie programu pozyskiwania funduszy na ca\u0142ym \u015bwiecie, odbieranie darowizn i zarz\u0105dzanie inwestycjami fundacji. Fundacje wsp\u00f3lnie kieruj\u0105 i monitoruj\u0105 wszystkie wp\u0142aty razem z ich partnerami zarz\u0105dzaj\u0105cymi w Indiach w celu zapewnienia, \u017ce cele projektu zosta\u0142y osi\u0105gni\u0119te. Powiernictwo i Fundacja s\u0105 nadzorowane przez rady naukowc\u00f3w, nauczycieli i lider\u00f3w biznesu z ca\u0142ego \u015bwiata.<\/p>\n<p>Organizacje te zosta\u0142y ustanowione przez Maharishi Mahesh Yogi i nazwane na cze\u015b\u0107 Jego nauczyciela &#8211; Guru Deva, Brachumananda Saraswati. Guru Dev by\u0142 jednym z najbardziej szanowanych przyw\u00f3dc\u00f3w duchowych w Indiach. Znany jako Shankaracharja z Jyotir Math w Indiach by\u0142 g\u0142\u00f3wnym przedstawicielem  tradycyjnej wiedzy wedyjskiej.<\/p>\n<div class=\"border-line\">&nbsp;<\/div>\n<div class=\"grid-holder grid-border-50\">\n<div class=\"grid grid-desktop-50 grid-mobile-100\"><div class=\"holder\"><h4> BRAHMANANDA SARASWATI TRUST<\/h4>\n<p>Zosta\u0142a za\u0142o\u017cona w Holandii w 2008 roku jako organizacja non-profit, Brahmananda Saraswati Trust ( Stichting ) skupia si\u0119 na Europie, na Wschodzie, na Azji i Afryce. W wi\u0119kszo\u015bci kraj\u00f3w darowizny mo\u017cna odliczy\u0107 od podatku.<\/p>\n<\/div><\/div>\n<div class=\"grid grid-desktop-50 grid-mobile-100\"><div class=\"holder\"><h4>FUNDACJA BRAHMANANDA SARASWATI ( USA)<\/h4>\n<p>Zosta\u0142a za\u0142o\u017cona w USA w 2008 roku. Jest  501 ( c ) ( 3 ) organizacj\u0105 non-profit w USA. Ameryka\u0144scy podatnicy mog\u0105 odliczy\u0107 darowizny od podatku.<\/p>\n<\/div><\/div>\n<\/div>\n<div class=\"border-line\">&nbsp;<\/div>\n<strong>Prezes Fundacji Brahmananda Saraswati<\/strong><\/p>\n<p><img loading=\"lazy\" decoding=\"async\" src=\"https:\/\/globalpeaceproject.net\/wp-content\/uploads\/2020\/08\/Dr._Tony_Nader4.png\" alt=\"\" width=\"125\" height=\"164\" class=\"alignleft size-full wp-image-359\" \/><\/p>\n<p><strong>Tony Nader, MD PhD MARR <\/strong><\/p>\n<p style=\"margin-bottom:20px;\">Dr Nader jest lekarzem medycyny wyszkolonym w Massachusetts Institute of Technology (doktorat z neurobiologii) i na Uniwersytecie Harvarda, a tak\u017ce uznanym na ca\u0142ym \u015bwiecie uczonym wedyjskim. Jako nast\u0119pca Maharishi Mahesh Yogi, dr Nader jest szefem mi\u0119dzynarodowych organizacji Transcendentalnej Medytacji\u00ae w ponad 100 krajach. Dr Nader kieruje programem Medytacji Transcendentalnej i jego zaawansowanymi praktykami, aby spe\u0142ni\u0107 najwy\u017csze aspiracje spo\u0142ecze\u0144stwa we wszystkich dziedzinach \u017cycia narodowego.<\/p>\n<div class=\"border-line\">&nbsp;<\/div>\n<p><strong> rzewodnicz\u0105cy zarz\u0105du Fundacji Brahmananda Saraswati<\/strong><\/p>\n<p><img loading=\"lazy\" decoding=\"async\" src=\"https:\/\/donation.vedicpandits.org\/wp-content\/uploads\/2020\/10\/DrMorris.jpg\" alt=\"\" width=\"125\" height=\"164\" class=\"alignleft size-full wp-image-359\" \/><\/p>\n<p><strong>Dr. Bevan Morris, D.S.C.I<\/strong><\/p>\n<p style=\"margin-bottom:0px;\">Dr Morris uko\u0144czy\u0142 Uniwersytet Cambridge w Cambridge w Anglii. By\u0142 pierwsz\u0105 osob\u0105 na \u015bwiecie, kt\u00f3ra otrzyma\u0142a tytu\u0142 doktora nauk o tw\u00f3rczej inteligencji od Maharishi. Przez 36 lat by\u0142 prezesem Maharishi University of Management w Fairfield, Iowa, USA, a obecnie jest emerytowanym prezesem i mi\u0119dzynarodowym prezesem Maharishi Universities of Management. Dr Morris jest najwi\u0119kszym na \u015bwiecie ekspertem w dziedzinie Edukacji Opartej na \u015awiadomo\u015bci Maharishi i prezentowa\u0142 programy Maharishi w ponad 120 krajach dla opinii publicznej oraz lider\u00f3w rz\u0105dowych, edukacyjnych i biznesowych.<\/p>\n<div class=\"border-line\">&nbsp;<\/div>\n<strong> Przewodnicz\u0105cy zarz\u0105du Brahmananda Saraswati Trust i dyrektor generalny Brahmananda Saraswati Foundation (USA) i Brahmananda Saraswati Trust (Holandia).<\/strong><\/p>\n<p><img loading=\"lazy\" decoding=\"async\" src=\"https:\/\/donation.vedicpandits.org\/wp-content\/uploads\/2020\/10\/harris_kaplan_4.jpg\" alt=\"\" width=\"125\" height=\"164\" class=\"alignleft size-full wp-image-359\" \/><\/p>\n<p><strong>Dr. Harris Kaplan, D.S.C.I <\/strong><\/p>\n<p style=\"margin-bottom:0px;\">o przej\u015bciu na emerytur\u0119 w 1999 roku po udanej karierze mened\u017cera funduszy inwestycyjnych, dr Kaplan po\u015bwi\u0119ci\u0142 sw\u00f3j czas na wspieranie program\u00f3w prowadzonych przez organizacje Medytacji Transcendentalnej na ca\u0142ym \u015bwiecie. Od 2006 roku jest g\u0142\u00f3wnym administratorem projekt\u00f3w organizacji Medytacji Transcendentalnej w Indiach, w tym szkolenia i wspierania tysi\u0119cy Maharishi Vedic Pandit\u00f3w.  Jest dyrektorem generalnym BSF od momentu jego powstania, a tak\u017ce zasiada w komitecie inwestycyjnym, pomagaj\u0105c nadzorowa\u0107 fundusz wieczysty. <\/p>\n<div class=\"border-line\">&nbsp;<\/div>\n<h5>Komitet wykonawczy BSF i BST<\/h5>\n<ul>\n<li>Dr. Bevan Morris &#8211; Edukator<br \/>\n    Maharishi Vedic City, Iowa<\/p>\n<li>Harris Kaplan DSCI &#8211; Emerytowany zarz\u0105dzaj\u0105cy funduszami inwestycyjnymi<br \/>\n    Vlodrop, Holandia<\/p>\n<li>John Hagelin. Ph.D. \u2013 Fizyk kwantowy: Prezydent, \u015awiatowa Unia Naukowc\u00f3w na rzecz Pokoju; Prezydent, Mi\u0119dzynarodowy Uniwersytet Maharishi, Fairfield, IA, USA\n<li> Robert LoPinto &#8211; Przedsi\u0119biorca i administrator<br \/>\n     Rockville, MD, USA<\/p>\n<li>Steve Rubin \u2013 Przedsi\u0119biorca i administrator<br \/>\n    Sebastian, FL, USA\n<\/ul>\n<div class=\"border-line\">&nbsp;<\/div>\n<h5>BSF Board Members<\/h5>\n<div class=\"grid-holder\">\n<div class=\"grid grid-desktop-50 grid-mobile-100\"><div class=\"holder\"><ul>\n<li>Jose Luis Alvares \u2013 Administrator<br \/>\n    Barcelona, Spain<\/p>\n<li>Antonio Bartolom\u00e9 \u2013 Przedsi\u0119biorca<br \/>\n    Banast\u00e1s, Huesca, Spain<\/p>\n<li>Dr. Leslie Brooks, M.A. \u2013 Administrator<br \/>\n    Lincoln, MA, USA<\/p>\n<li>Howard Martin Chandler, Ph.D. \u2013 Edukator<br \/>\n    Boston, MA , USA<\/p>\n<li>Rafael David &#8211; Biznesmen i przedsi\u0119biorca<br \/>\nVero Beach, FL, USA<\/p>\n<\/ul>\n<\/div><\/div>\n<div class=\"grid grid-desktop-50 grid-mobile-100\"><div class=\"holder\"><ul>\n<li>Dr. Arlene Kaplan \u2013 Administrator<br \/>\n    Vlodrop, The Holandia<\/p>\n<li>Dr. Neil Paterson  &#8211; Administrator<br \/>\n    Salt Spring Island, Canada<\/p>\n<li>Rainer Picha, M.D. \u2013 Kardiolog i naukowiec<br \/>\n    Wiede\u0144, Austria<\/p>\n<li>Dr. Susie Swan  &#8211; Dyrektor zarz\u0105dzaj\u0105cy: Ambassador Resource Office<br \/>\n    Holandia i Kapsztad, Republika Po\u0142udniowej Afryki<\/p>\n<li>Maureen Wynne, J.D. \u2013 Adwokat<br \/>\n    Maharishi Vedic City, IA, USA\n<\/ul>\n<\/div><\/div>\n<\/div>\n<h4 ID=\"investment_committee\"><\/h4>\n<div class=\"border-line\">&nbsp;<\/div>\n<h5>Komitet Inwestycyjny BSF i BST<\/h5>\n<div class=\"grid-holder\">\n<div class=\"grid grid-desktop-50 grid-mobile-100\"><div class=\"holder\"><ul>\n<li>Harris Kaplan, D.S.C.I<br \/>\nEmerytowany zarz\u0105dzaj\u0105cy funduszami inwestycyjnymi<br \/>\nZa\u0142o\u017cyciel i by\u0142y dyrektor generalny: Eastgate Financial Services Ltd., USA<\/p>\n<li>Robert LoPinto<br \/>\nEmerytowany przedsi\u0119biorca<br \/>\nRockville, MD, USA<\/p>\n<li>Jeffrey S. Abramson<br \/>\nDeweloper nieruchomo\u015bci<br \/>\nPartner, Tower Companies, USA<\/p>\n<li>Steve Rubin<br \/>\nEmerytowany dyrektor zarz\u0105dzaj\u0105cy<br \/>\nBy\u0142y prezes i dyrektor generalny: United Fuels International Inc., USA<\/li>\n<\/ul>\n<\/div><\/div>\n<div class=\"grid grid-desktop-50 grid-mobile-100\"><div class=\"holder\"><ul>\n<li>Eric Schwartz<br \/>\nDoradca inwestycyjny<br \/>\nZa\u0142o\u017cyciel i dyrektor generalny, Cambridge Investment Research, USA<\/p>\n<li>Michael Dreben<br \/>\nDyrektor ds. finans\u00f3w korporacyjnych i rozwoju biznesu<br \/>\nCEO, Grenadier Management, LLC<\/p>\n<li>Ted Hirsch<br \/>\nEkonomista i zarz\u0105dzaj\u0105cy portfelem<br \/>\nVanderbilt Financial Group, New York, USA\n<\/ul>\n<\/div><\/div>\n<\/div>\n","protected":false},"excerpt":{"rendered":"<p>POWIERNICTWO I FUNDACJA Finansowanie grup Wedyjskich Pandit\u00f3w Maharishiego jest organizowane i zarz\u0105dzane przez Fundacj\u0119 Brahmananda Saraswati Trust w Holandii oraz Fundacj\u0119 Brahmananda Saraswati w USA. Misj\u0105 Fundacji jest nadzorowanie programu pozyskiwania funduszy na ca\u0142ym \u015bwiecie, odbieranie darowizn i zarz\u0105dzanie inwestycjami fundacji. Fundacje wsp\u00f3lnie kieruj\u0105 i monitoruj\u0105 wszystkie wp\u0142aty razem z ich partnerami zarz\u0105dzaj\u0105cymi w Indiach [&hellip;]<\/p>\n","protected":false},"author":3,"featured_media":49398,"parent":0,"menu_order":0,"comment_status":"open","ping_status":"closed","template":"template-about.php","meta":{"om_disable_all_campaigns":false,"_monsterinsights_skip_tracking":false,"_monsterinsights_sitenote_active":false,"_monsterinsights_sitenote_note":"","_monsterinsights_sitenote_category":0,"footnotes":""},"class_list":["post-5776","page","type-page","status-publish","has-post-thumbnail","hentry"],"_links":{"self":[{"href":"https:\/\/donation.vedicpandits.org\/pl\/wp-json\/wp\/v2\/pages\/5776","targetHints":{"allow":["GET"]}}],"collection":[{"href":"https:\/\/donation.vedicpandits.org\/pl\/wp-json\/wp\/v2\/pages"}],"about":[{"href":"https:\/\/donation.vedicpandits.org\/pl\/wp-json\/wp\/v2\/types\/page"}],"author":[{"embeddable":true,"href":"https:\/\/donation.vedicpandits.org\/pl\/wp-json\/wp\/v2\/users\/3"}],"replies":[{"embeddable":true,"href":"https:\/\/donation.vedicpandits.org\/pl\/wp-json\/wp\/v2\/comments?post=5776"}],"version-history":[{"count":6,"href":"https:\/\/donation.vedicpandits.org\/pl\/wp-json\/wp\/v2\/pages\/5776\/revisions"}],"predecessor-version":[{"id":5778,"href":"https:\/\/donation.vedicpandits.org\/pl\/wp-json\/wp\/v2\/pages\/5776\/revisions\/5778"}],"wp:featuredmedia":[{"embeddable":true,"href":"https:\/\/donation.vedicpandits.org\/pl\/wp-json\/wp\/v2\/media\/49398"}],"wp:attachment":[{"href":"https:\/\/donation.vedicpandits.org\/pl\/wp-json\/wp\/v2\/media?parent=5776"}],"curies":[{"name":"wp","href":"https:\/\/api.w.org\/{rel}","templated":true}]}}