{"id":5788,"date":"2015-08-27T11:27:35","date_gmt":"2015-08-27T11:27:35","guid":{"rendered":"https:\/\/vedicpandits.org\/?page_id=5788"},"modified":"2015-08-27T11:29:31","modified_gmt":"2015-08-27T11:29:31","slug":"events","status":"publish","type":"page","link":"https:\/\/donation.vedicpandits.org\/pl\/contact\/events\/","title":{"rendered":"Wydarzenia"},"content":{"rendered":"<h4>Campus przyjmuje go\u015bci ze wszystkich cz\u0119\u015bci \u015bwiata.<\/h4>\n<p>Z tej mo\u017cliwo\u015bci skorzysta\u0142o ju\u017c tysi\u0105ce ludzi bior\u0105c udzia\u0142 w wydarzeniach, kursach i wycieczkach do trzech g\u0142\u00f3wnych miejsc.<br \/>\nCzekamy na Ciebie w jednym lub kilku z tych o\u015brodk\u00f3w gdzie mo\u017cna do\u015bwiadczy\u0107 g\u0142\u0119bokiej ciszy medytuj\u0105c w pobli\u017cu du\u017cych grup tworz\u0105cych pok\u00f3j i cieszy\u0107 si\u0119 obecno\u015bci\u0105 Wedyjskich Pandit\u00f3w Maharishiego recytuj\u0105cych w pobli\u017cu.<\/p>\n","protected":false},"excerpt":{"rendered":"<p>Campus przyjmuje go\u015bci ze wszystkich cz\u0119\u015bci \u015bwiata. Z tej mo\u017cliwo\u015bci skorzysta\u0142o ju\u017c tysi\u0105ce ludzi bior\u0105c udzia\u0142 w wydarzeniach, kursach i wycieczkach do trzech g\u0142\u00f3wnych miejsc. Czekamy na Ciebie w jednym lub kilku z tych o\u015brodk\u00f3w gdzie mo\u017cna do\u015bwiadczy\u0107 g\u0142\u0119bokiej ciszy medytuj\u0105c w pobli\u017cu du\u017cych grup tworz\u0105cych pok\u00f3j i cieszy\u0107 si\u0119 obecno\u015bci\u0105 Wedyjskich Pandit\u00f3w Maharishiego recytuj\u0105cych [&hellip;]<\/p>\n","protected":false},"author":3,"featured_media":0,"parent":5794,"menu_order":0,"comment_status":"open","ping_status":"closed","template":"template-events.php","meta":{"om_disable_all_campaigns":false,"_monsterinsights_skip_tracking":false,"_monsterinsights_sitenote_active":false,"_monsterinsights_sitenote_note":"","_monsterinsights_sitenote_category":0,"footnotes":""},"class_list":["post-5788","page","type-page","status-publish","hentry"],"_links":{"self":[{"href":"https:\/\/donation.vedicpandits.org\/pl\/wp-json\/wp\/v2\/pages\/5788","targetHints":{"allow":["GET"]}}],"collection":[{"href":"https:\/\/donation.vedicpandits.org\/pl\/wp-json\/wp\/v2\/pages"}],"about":[{"href":"https:\/\/donation.vedicpandits.org\/pl\/wp-json\/wp\/v2\/types\/page"}],"author":[{"embeddable":true,"href":"https:\/\/donation.vedicpandits.org\/pl\/wp-json\/wp\/v2\/users\/3"}],"replies":[{"embeddable":true,"href":"https:\/\/donation.vedicpandits.org\/pl\/wp-json\/wp\/v2\/comments?post=5788"}],"version-history":[{"count":3,"href":"https:\/\/donation.vedicpandits.org\/pl\/wp-json\/wp\/v2\/pages\/5788\/revisions"}],"predecessor-version":[{"id":5791,"href":"https:\/\/donation.vedicpandits.org\/pl\/wp-json\/wp\/v2\/pages\/5788\/revisions\/5791"}],"up":[{"embeddable":true,"href":"https:\/\/donation.vedicpandits.org\/pl\/wp-json\/wp\/v2\/pages\/5794"}],"wp:attachment":[{"href":"https:\/\/donation.vedicpandits.org\/pl\/wp-json\/wp\/v2\/media?parent=5788"}],"curies":[{"name":"wp","href":"https:\/\/api.w.org\/{rel}","templated":true}]}}