{"id":5931,"date":"2014-09-10T12:57:22","date_gmt":"2014-09-10T12:57:22","guid":{"rendered":"https:\/\/vedicpandits.org\/?page_id=5931"},"modified":"2023-03-15T23:51:06","modified_gmt":"2023-03-15T23:51:06","slug":"special-yagya","status":"publish","type":"page","link":"https:\/\/donation.vedicpandits.org\/pl\/yagya\/special-yagya\/","title":{"rendered":"Specjalne Jagje"},"content":{"rendered":"<h4>Maharishi Specjalne Jagje<\/h4>\n<p>Tak jak wszystkie Jagie Maharishi, te specjane Jagie s\u0105 g\u0142\u00f3wnym \u017cr\u00f3d\u0142em tworzenia pokoju i dobrobytu dla rodziny naszych narod\u00f3w. Dodatkowo u\u015bwi\u0119caj\u0105 one darczy\u0144c\u00f3w, kt\u00f3rzy je sponsoruj\u0105 o\u017cywiaj\u0105c b\u0142ogos\u0142awoe\u0144stwo Natury dla nich i dla ich rodzin w r\u00f3\u017cnych dziedzinach \u017cycia.<\/p>\n<p>Maharishi zaprojektowa\u0142 Specjalne Jagje po to, aby ka\u017cdy cz\u0142owiek  m\u00f3g\u0142 cieszy\u0107 si\u0119 szczeg\u00f3lnie  wa\u017cnymi momentami swojego \u017cycia. Te Specjalne Jagje przynosz\u0105 b\u0142ogos\u0142awie\u0144stwo natury dla danej osoby i jej rodziny, o\u017cywiaj\u0105 podczas przej\u015bciowych moment\u00f3w prawa natury. Specjalne Jagje Maharishiego zamawiane s\u0105 na urodziny, wesela, rocznice \u015blubu oraz z okazji narodzin noworodka. Specjalne Jagje wspieraj\u0105 te cztery wa\u017cne momenty w \u017cyciu bardzo g\u0142\u0119boko, wprost z jednolitego pola. W ten spos\u00f3b wspieraj\u0105 one nie tylko dan\u0105 osob\u0119, ale tak\u017ce pomagaj\u0105 rozpu\u015bci\u0107 dysharmoni\u0119 oraz wspieraj\u0105 pok\u00f3j i post\u0119p w ca\u0142ym spo\u0142ecze\u0144stwie.  Specjalne Jagje mo\u017cna zam\u00f3wi\u0107 dla siebie, dla cz\u0142onk\u00f3w rodziny lub przyjaci\u00f3\u0142.<\/p>\n<p>&nbsp;<\/p>\n<div style=\"padding:10px; background-color:white;\">\n<div style=\"border-size:2px;border-style:solid;border-color:#e4bb4b;\">\n<div style=\"text-align: center; padding-top:10px; padding-right:5px; padding-bottom:0px; padding-left:5px;\">\n&nbsp;<\/p>\n<h4>SPECJALNE OG\u0141OSZENIE RAJA HARRISA \u2013 DNI PRZED\u0141U\u017bONE<\/h4>\n<\/div>\n<div style=\"text-align: left; padding-top:20px; padding-right:20px; padding-bottom:40px; padding-left:20px;\">Opieraj\u0105c si\u0119 na swoich pozytywnych do\u015bwiadczeniach ze Specjalnymi Yagyami, wielu pyta\u0142o, czy te Yagya mog\u0142yby zosta\u0107 przed\u0142u\u017cone na d\u0142u\u017cej ni\u017c jeden dzie\u0144. Po konsultacji z liderami Pandit\u00f3w zaproponujemy opcje na drugi i trzeci dzie\u0144 Specjalnych Yagyas. Aby by\u0142o to bardziej dost\u0119pne, dzienny koszt tych Yagya zosta\u0142 obni\u017cony.  <\/p>\n<\/div>\n<\/div>\n<\/div>\n<p>&nbsp;<\/p>\n<div class=\"grid-holder\">\n<div class=\"grid grid-desktop-50 grid-mobile-100\"><div class=\"holder\"><p><strong>Kliknij poni\u017cej, aby wybra\u0107 rodzaj Jagji:<\/strong><br \/>\nCoraz wi\u0119ksza liczba Pandit\u00f3w jest anga\u017cowana na wy\u017cszych poziomach wykonywania Jagi, co czyni je znacznie bardziej skutecznymi.<\/p>\n<ul>\n<li>\t<a href=\"https:\/\/sponsor.specialyagyas.org\/bwb.php?site=vp&amp;bwb=birthday\" class=\"tooltipster\" title=\"Specialne Jagie s\u0105 organizowane przez Brahmananda Saraswati Yagya Foundation, fundacje dobroczynn\u0105 zarejestrowan\u0105 w Stanach Zjednoczonych. Klikn\u0105wszy tutaj wejdziesz na stron\u0119 tej fundacji.\">\n\t\tUrodziny: wykonywana na czyje\u015b urodziny\t<\/a>\n\t\n<p>Jednodniowa Yagya: Donation levels: $1,000 | $2,500<br \/>\nDwudniowa Yagya: Donation levels: $1,500 | $3,000<br \/>\nTrzydniowa Yagya: Donation levels: $2,000 | $3,500<\/p>\n<li>\t<a href=\"https:\/\/sponsor.specialyagyas.org\/bwb.php?site=vp&amp;bwb=well-being\" class=\"tooltipster\" title=\"Specialne Jagie s\u0105 organizowane przez Brahmananda Saraswati Yagya Foundation, fundacje dobroczynn\u0105 zarejestrowan\u0105 w Stanach Zjednoczonych. Klikn\u0105wszy tutaj wejdziesz na stron\u0119 tej fundacji.\">\n\t\tYagya dla pomy\u015blno\u015bci: do odprawienia w dowolnym terminie\t<\/a>\n\t\n<p>Jednodniowa Yagya: Donation levels: $1,000 | $2,500<br \/>\nDwudniowa Yagya: Donation levels: $1,500 | $3,000<br \/>\nTrzydniowa Yagya: Donation levels: $2,000 | $3,500<\/p>\n<li>\t<a href=\"https:\/\/sponsor.specialyagyas.org\/wedding.php?site=vp&amp;waw=w\" class=\"tooltipster\" title=\"Specialne Jagie s\u0105 organizowane przez Brahmananda Saraswati Yagya Foundation, fundacje dobroczynn\u0105 zarejestrowan\u0105 w Stanach Zjednoczonych. Klikn\u0105wszy tutaj wejdziesz na stron\u0119 tej fundacji.\">\n\t\t\u015alub : przeprowadzona dla pary w dniu \u015blubu\t<\/a>\n\t\n<p>Jednodniowa Yagya: Donation levels: $1,500 | $3,000<br \/>\nDwudniowa Yagya: Donation levels: $2,000 | $3,500<br \/>\nTrzydniowa Yagya: Donation levels: $2,500 | $4,000<\/p>\n<li>\t<a href=\"https:\/\/sponsor.specialyagyas.org\/wedding.php?site=vp&amp;waw=wa\" class=\"tooltipster\" title=\"Specialne Jagie s\u0105 organizowane przez Brahmananda Saraswati Yagya Foundation, fundacje dobroczynn\u0105 zarejestrowan\u0105 w Stanach Zjednoczonych. Klikn\u0105wszy tutaj wejdziesz na stron\u0119 tej fundacji.\">\n\t\tRocznica \u015blubu : przeprowadzono dla pary w rocznic\u0119 ich \u015blubu\t<\/a>\n\t\n<p>Jednodniowa Yagya: Donation levels: $1,500 | $3,000<br \/>\nDwudniowa Yagya: Donation levels: $2,000 | $3,500<br \/>\nTrzydniowa Yagya: Donation levels: $2,500 | $4,000<\/p>\n<li>\t<a href=\"https:\/\/sponsor.specialyagyas.org\/newborn.php?site=vp\" class=\"tooltipster\" title=\"Specialne Jagie s\u0105 organizowane przez Brahmananda Saraswati Yagya Foundation, fundacje dobroczynn\u0105 zarejestrowan\u0105 w Stanach Zjednoczonych. Klikn\u0105wszy tutaj wejdziesz na stron\u0119 tej fundacji.\">\n\t\tNarodziny: wykonywana  dla niemowl\u0119cia 40 dni po porodzie\t<\/a>\n\t\n<p>Jednodniowa Yagya: Donation levels: $1,000 | $2,500<br \/>\nDwudniowa Yagya: Donation levels: $1,500 | $3,000<br \/>\nTrzydniowa Yagya: Donation levels: $2,000 | $3,500\n<\/ul>\n<\/div><\/div>\n<div class=\"grid grid-desktop-50 grid-mobile-100\"><div class=\"holder\"><p><img loading=\"lazy\" decoding=\"async\" class=\"alignleft size-full wp-image-423\" src=\"\/wp-content\/uploads\/2014\/04\/pandits_5320.jpg\" alt=\"pandits_5320\" width=\"432\" height=\"326\" srcset=\"https:\/\/donation.vedicpandits.org\/wp-content\/uploads\/2014\/04\/pandits_5320.jpg 432w, https:\/\/donation.vedicpandits.org\/wp-content\/uploads\/2014\/04\/pandits_5320-300x226.jpg 300w\" sizes=\"auto, (max-width: 432px) 100vw, 432px\" \/><\/p>\n<\/div><\/div>\n<\/div>\n<p>Darowizny przeznaczone na program Specjalnych Jagji w\u0119druj\u0105 do Fundacji  Brahmananda Saraswati Yagya, kt\u00f3ra jest organizacj\u0105, ameryka\u0144sk\u0105  non-profit, organizacj\u0105<br \/>\n<div class=\"border-line\">&nbsp;<\/div>\n<h4>DOWIEDZ SI\u0118 JAK ZAM\u00d3WI\u0106 JAGJ\u0118<\/h4>\n<p>\u0141atwo jest zam\u00f3wi\u0107 Specjaln\u0105 Jagj\u0119 Maharishiego. Ca\u0142e zam\u00f3wienie i p\u0142atno\u015bci mo\u017ce by\u0107 wykonane w Internecie. Kliknij pomara\u0144czowy przycisk poni\u017cej &#8222;ubiegam si\u0119 o Specjaln\u0105 Jagj\u0119&#8221;.<\/p>\n<p><strong>Prosz\u0119 z\u0142o\u017cy\u0107 wniosek co najmniej z tygodniowym wyprzedzeniem.  <\/strong> Potrzebujemy , aby\u015b poda\u0142\/a sw\u00f3j dok\u0142adny czas urodzenia i miasto narodzin.<\/p>\n<p>Wi\u0119cej informacji znajdziesz w naszej sekcji Najcz\u0119\u015bciej zadawane pytania, na dole tej strony. Daj nam zna\u0107, je\u015bli masz jakie\u015b pytania <a href=\"mailto:specialyagyas@vedicpandits.org\">specialyagyas@vedicpandits.org<\/a><\/p>\n<p>Akceptujemy p\u0142atno\u015bci Visa, MasterCard, American Express, i PayPal.<\/p>\n<div class=\"border-line\">&nbsp;<\/div>\n\t<p style=\"text-align: center\">\n\t\t<a href=\"https:\/\/sponsor.specialyagyas.org\/apply.php?site=vp\"   class=\"btn btn-large tooltipster\" title=\"Specialne Jagie s\u0105 organizowane przez Brahmananda Saraswati Yagya Foundation, fundacje dobroczynn\u0105 zarejestrowan\u0105 w Stanach Zjednoczonych. Klikn\u0105wszy tutaj wejdziesz na stron\u0119 tej fundacji.\"> > \n\t\t\tZAM\u00d3W JAGJ\u0118 NA SPECJALNE OKAZJE\t\t<\/a>\n\t<\/p>\n\n\t\n<div class=\"border-line\">&nbsp;<\/div>\n<p style=\"text-align: left;\"><strong> To by\u0142o wspania\u0142e do\u015bwiadczenie<\/strong>\u00a0\u00a0 \u201cTo by\u0142a moja pierwsza Jagja Maharishiego, kt\u00f3ra okaza\u0142a si\u0119 wspania\u0142ym do\u015bwiadczeniem. I teraz planuj\u0119 robi\u0107 j\u0105 co roku. Ju\u017c noc przed moimi urodzinami czu\u0142em intensywne fale b\u0142ogo\u015bci. Nagle, od tego momentu, wiele kwestii, kt\u00f3rych nie mog\u0142em rozwi\u0105za\u0107 przez d\u0142ugi czas zosta\u0142y rozwi\u0105zane (co sprawi\u0142o mi du\u017c\u0105 ulg\u0119), czu\u0142em si\u0119 tak\u017ce bardzo b\u0142ogo i spe\u0142niony. Mia\u0142em poczucie, \u017ce codzienne przeszkody, kt\u00f3re pojawia\u0142y si\u0119 na mojej drodze rozpuszcza\u0142y si\u0119 \u0142atwiej, a moje dzia\u0142ania stawa\u0142y si\u0119 bardziej skuteczne. Dzi\u0119kuj\u0119 za t\u0105 mo\u017cliwo\u015b\u0107 do\u015bwiadczania Jagji.\u201d \u00a0Kanada<\/p>\n<div class=\"accordion\"><div class=\"accordion-entry\"><em><a href=\"#\">&gt; Poczytaj wi\u0119cej relacji odbiorc\u00f3w <\/a><\/em><div class=\"hidden-content\">\n<p style=\"text-align: left;\"><strong>Wszystko dzia\u0142a bez wysi\u0142ku\u00a0<\/strong> &#8221; W g\u0142\u0119bi duszy by\u0142em bardzo zaskoczony, \u017ce wszystko wok\u00f3\u0142 mnie  w moje urodziny   dzia\u0142o si\u0119 bez jakiegokolwiek wysi\u0142ku, spokojnie i g\u0142adko.  Wyra\u017anie r\u00f3\u017cni\u0142y si\u0119 one od innych moich urodzin. Dzi\u0119kuj\u0119 tym, kt\u00f3rzy mi je zorganizowali.&#8221; &#8211; Kanada<\/p>\n<p style=\"text-align: left;\"><strong>Moje najwspanialsze do\u015bwiadczenie <\/strong>\u00a0 &#8222;Niekt\u00f3re sytuacje, kt\u00f3re utkn\u0119\u0142y w martwym punkcie zacz\u0119\u0142y p\u0142yn\u0105\u0107 we w\u0142a\u015bciwym kierunku. Tak jak podczas moich urodzin, kt\u00f3re b\u0119d\u0119 wspomina\u0107 szcz\u0119\u015bliwie przez wiele lat. To by\u0142y tak uroczyste obchody przez ca\u0142y tydzie\u0144, jakich nie mia\u0142em nawet podczas z\u0142otych lat bycia nastolatkiem. Jestem bardzo zadowolony z wynik\u00f3w tego dzia\u0142ania. Nie mog\u0119 si\u0119 doczeka\u0107 nast\u0119pnych urodzin .&#8221; \u00a0 W\u0142ochy. <\/p>\n<p style=\"text-align: left;\"><strong>Czuj\u0119 b\u0142ogostan\u00a0 <\/strong>&#8222;Od momentu Jagji czu\u0142em definitywn\u0105 zmian\u0119 w \u015bwiadomo\u015bci od momentu Jagji. Czuj\u0119 si\u0119 naprawd\u0119 b\u0142ogos\u0142awiona. Jestem zdecydowany zamawia\u0107 Jagj\u0119 na moje urodziny ka\u017cdego roku.&#8221; &#8211; Wielka Brytania<\/p>\n<p style=\"text-align: left;\"><strong>U\u015bmiech Wszech\u015bwiata<\/strong>\u00a0\u00a0 &#8221; To do\u015bwiadczenie jest naprawd\u0119 kosmiczne i wie\u0144czy wszystkie poziomy ludzkiej egzystencji jednym wielkim kosmicznym u\u015bmiechem i czuje jakby Z\u0142oty Py\u0142 unosi\u0142 si\u0119 nad nim. Dzi\u0119kuj\u0119 wszystkim  Wedyjskim Panditom , kt\u00f3rzy wykonuj\u0105 Jagj\u0119 i ca\u0142ej wedyjskiej tradycji, kt\u00f3ra przynios\u0142a nam t\u0105 bosk\u0105 czyst\u0105 wiedz\u0119. &#8222;- Serbia<\/p>\n<p style=\"text-align: left;\"><strong> To by\u0142o wspania\u0142e do\u015bwiadczenie<\/strong>   \u201cTo by\u0142a moja pierwsza Jagja Maharishiego, kt\u00f3ra okaza\u0142a si\u0119 wspania\u0142ym do\u015bwiadczeniem. I teraz planuj\u0119 robi\u0107 j\u0105 co roku. Ju\u017c noc przed moimi urodzinami czu\u0142em intensywne fale b\u0142ogo\u015bci. Nagle, od tego momentu, wiele kwestii, kt\u00f3rych nie mog\u0142em rozwi\u0105za\u0107 przez d\u0142ugi czas zosta\u0142y rozwi\u0105zane (co sprawi\u0142o mi du\u017c\u0105 ulg\u0119), czu\u0142em si\u0119 tak\u017ce bardzo b\u0142ogo i spe\u0142niony. Mia\u0142em poczucie, \u017ce codzienne przeszkody, kt\u00f3re pojawia\u0142y si\u0119 na mojej drodze rozpuszcza\u0142y si\u0119 \u0142atwiej, a moje dzia\u0142ania stawa\u0142y si\u0119 bardziej skuteczne. Dzi\u0119kuj\u0119 za t\u0105 mo\u017cliwo\u015b\u0107 do\u015bwiadczania Jagji.\u201d  Kanada<\/p>\n<p style=\"text-align: left;\"><strong>Wp\u0142yw by\u0142 oczywisty<\/strong>\u00a0\u00a0 \u201cNie spodziewali\u015bmy si\u0119, \u017ce Jagja mo\u017ce wp\u0142yn\u0105\u0107 na nas tak bezpo\u015brednio, ale ten wp\u0142yw by\u0142 oczywisty . Przypomina\u0142o mi to efekt jak po d\u0142ugim kursie. Trudne do opisania , ale nie da si\u0119 nie zauwa\u017cy\u0107.\u201d \u00a0USA<\/p>\n<p style=\"text-align: left;\"><strong>Sta\u0142o si\u0119 co\u015b bardzo niezwyk\u0142ego<\/strong>\u00a0\u00a0 \u201cJak tylko zap\u0142aci\u0142em za Jagj\u0119 z okazji Rocznicy  \u015alubu to wydarzy\u0142o si\u0119 co\u015b bardzo szczeg\u00f3lnego w naszej relacji. Teraz wszystko jest tak czyste, tak przejrzyste. To cud, \u017ce Jagja tak mo\u017ce zadzia\u0142a\u0107, tylko dlatego, \u017ce si\u0119  za ni\u0105 zap\u0142aci.\u201d\u00a0 Holandia<\/p>\n<p style=\"text-align: left;\"><strong>Zakotwiczenie w Absolucie\u00a0<\/strong>\u00a0 \u201cOboje czuli\u015bmy zakotwiczone w Absolucie przez ca\u0142y czas. Mieli\u015bmy poczucie \u017ce jeste\u015bmy nietykalni &#8211; naprawd\u0119. Oczywi\u015bcie, czekamy na nast\u0119pn\u0105.\u201d\u00a0 USA<\/p>\n<p style=\"text-align: left;\"><strong>Jagja zmy\u0142a ze mnie zm\u0119czenie i strach \u00a0\u00a0<\/strong>&#8222;Zrobienie sobie prezentu w postaci Jagji z okazji moich &#8222;s\u0142odkich sze\u015b\u0107dziesi\u0105tych &#8222;urodzin by\u0142o bardzo dobr\u0105 decyzj\u0105. Mia\u0142em mi\u0142e do\u015bwiadczenia w tym dniu. Czu\u0142em si\u0119 bardzo szcz\u0119\u015bliwy, rozlu\u017aniony, a  wszystkie moje dzia\u0142ania sz\u0142y o wiele bardziej spokojnie i p\u0142ynnie ni\u017c zwykle. Wci\u0105\u017c czuj\u0119 w sobie wi\u0119cej nadziei, a ca\u0142e moje codzienne \u017cycie wydaje  si\u0119 by\u0107 bardziej wspieraj\u0105ce. Ale najlepsze jest to, \u017ce moje serce sta\u0142o si\u0119 bardziej otwarte, a moja medytacja jest g\u0142\u0119bsza ni\u017c wcze\u015bniej. Mam r\u00f3wnie\u017c wra\u017cenie, \u017ce Jagja wygna\u0142a ze mnie zm\u0119czenie i strach z przesz\u0142o\u015bci, dlatego bardzo polecam wszystkim, aby zafundowali sobie Jagj\u0119 na urodziny!.&#8221;\u00a0 Niemcy<\/p>\n<p style=\"text-align: left;\"><strong>\u017bycie p\u0142ynie bardziej mi\u0119kko<\/strong>\u00a0\u00a0 \u201cEfekt Jagji jest niesamowity &#8211; wiele os\u00f3b, z kt\u00f3rymi rozmawia\u0142em czuli to samo co ja. \u017bycie p\u0142ynie jakby du\u017co ciszej, wsparcie Natury jest sta\u0142e w ma\u0142ych i du\u017cych sytuacjach, przeciwno\u015bci znikaj\u0105. Czuj\u0119 pokojowe nastawienie  w ka\u017cdej  sytuacji.\u201d\u00a0 USA<\/p>\n<a href=\"#\" class=\"close\">Close Section<\/a><\/div><\/div>\n<\/div>\n<div class=\"border-line\">&nbsp;<\/div>\n<div class=\"grid-holder\">\n<div class=\"grid grid-desktop-50 grid-mobile-100\"><div class=\"holder\">\t<a href=\"https:\/\/donation.vedicpandits.org\/pl\/yagya\/special-yagya\/?image_video=https%3A%2F%2Fvimeo.com%2F80285421\" class=\"video-link \"><img loading=\"lazy\" decoding=\"async\" class=\"alignnone size-full wp-image-285\" src=\"https:\/\/donation.vedicpandits.org\/wp-content\/uploads\/2023\/02\/J_Hagelin_what-is-Yagya_video-600x321-1.png\" alt=\"yagya_hagelin_1web1\" width=\"432\" height=\"242\" \/><\/a>\n\n\t\n\t<a href=\"https:\/\/donation.vedicpandits.org\/pl\/yagya\/special-yagya\/?image_video=https%3A%2F%2Fvimeo.com%2F80285421\" class=\"video-link no-pointer\"><em>&gt; Video 1: CZYM JEST JAGJA?<\/em><\/a>\n\n\t\n<\/div><\/div>\n<div class=\"grid grid-desktop-50 grid-mobile-100\"><div class=\"holder\"><h4>CZYM JEST JAGJA ?<\/h4>\n<p>Maharishi Mahesh Yogi po\u015bwi\u0119ci\u0142 wiele lat na starann\u0105 i systematyczn\u0105 odnow\u0119 procedur stosowania tradycyjnych Jagji, a\u017c w ko\u0144cu przywr\u00f3ci\u0142 ich pe\u0142n\u0105 warto\u015b\u0107 i znaczenie tej staro\u017cytnej technologii. Ponownie przywo\u0142a\u0142 on kluczow\u0105 wiedz\u0119 na temat sposobu u\u017cywania wedyjskich mantr, kt\u00f3re powinny by\u0107 wypowiadane z poziomu \u015awiadomo\u015bci Transcendentalnej ( zwanej Para), w kt\u00f3rych zwi\u0105zek mi\u0119dzy d\u017awi\u0119kiem i form\u0105 \u2013 mi\u0119dzy pragnieniem i jego spe\u0142nieniem \u2013 jest \u015bci\u015ble po\u0142\u0105czony i niezwykle pot\u0119\u017cny.<br \/>\npoprzez codzienn\u0105 praktyk\u0119 TM i TM \u2013 Sidhi Wedyjscy Pandici Maharishiego trwale do\u015bwiadczaj\u0105 g\u0142\u0119bokich stan\u00f3w \u015bwiadomo\u015bci. Rezultatem tej praktyki jest o\u017cywienie \u017ar\u00f3d\u0142a mowy z poziomu transcendencji i efektywno\u015bci samej Jagji. Dzi\u0119ki temu Pandici wykonuj\u0105 Jagie z utrwalonego poziomu \u015bwiadomo\u015bci transcendentalnej anga\u017cuj\u0105c przy tym g\u0142\u0119bsze poziomy prawa naturalnego. Edukacja ta uczy w\u0142a\u015bciwej praktyki i wymawiania mantr zgodnie z tradycj\u0105 co gwarantuje skuteczno\u015b\u0107 Jagji.To dlatego Jagie Maharishiego wywieraj\u0105 tak mocny i skuteczny efekt.<\/p>\n<p>Pos\u0142uchaj wi\u0119cej co na ten temat m\u00f3wi profesor John Hagelin, \u015bwiatowej s\u0142awy fizyk kwantowy, wyk\u0142adowca, ekspert i lider w tworzeniu \u015bwiatowego pokoju.<\/p>\n<\/div><\/div>\n<\/div>\n<div class=\"border-line\">&nbsp;<\/div>\n<div class=\"accordion\"><div class=\"accordion-entry\"><em><a href=\"#\">&gt; Najcz\u0119\u015bciej zadawane pytania o osobiste Jagje: <\/a><\/em><div class=\"hidden-content\">\n<p>JAK PRZESZKOLENI S\u0104 WEDYJSCY PANDICI MAHARISHIEGO?<br \/>\nSzkolenie rozpoczyna si\u0119 w m\u0142odym wieku, w kt\u00f3rym dzieci zaczynaj\u0105 uczy\u0107 si\u0119 od swoich rodzic\u00f3w. Nast\u0119pnie m\u0142odzi ch\u0142opcy w wieku oko\u0142o 10 lat  z rodzin Pandit\u00f3w  do\u0142\u0105czaj\u0105 do formalnego programu szkolenia Pandit\u00f3w Maharishiego, kt\u00f3re odbywaj\u0105 si\u0119  w jednym z wielu o\u015brodk\u00f3w szkoleniowych pod nazw\u0105 &#8222;Guru Ji&#8221;. Oko\u0142o 14 roku \u017cycia, m\u0142ody ucze\u0144  kontynuuje szkolenie w jednym z kampus\u00f3w szkoleniowych  znajduj\u0105cych si\u0119 w r\u00f3\u017cnych cz\u0119\u015bciach kraju. Stamt\u0105d zostaje przeniesiony do jednego z g\u0142\u00f3wnych o\u015brodk\u00f3w dla Wedyjskich Pandit\u00f3w  Maharishiego. Wedyjscy Pandici posiadaj\u0105 status bieg\u0142ych uczonych w Jodze Maharishiego Mahesh Yogi. Ich systematyczne szkolenie trwa przez wszystkie lata studi\u00f3w doktoranckich. Wszyscy nasi Pandici praktykuj\u0105 Transcendentaln\u0105 Medytacj\u0119 \u00ae oraz Program TM-Sidhi \u00ae. <\/p>\n<p>CO ZROBI\u0106 JE\u015aLI NIE ZNAM DOK\u0141ADNEGO CZASU URODZIN?<br \/>\nOkre\u015bl czas urodzin jak najlepiej si\u0119 da. Je\u015bli nie znasz dok\u0142adnej godziny, przybli\u017cony czas b\u0119dzie tak\u017ce w porz\u0105dku.<\/p>\n<p>CZY LEPIEJ SPONSOROWA\u0106  SPECJALN\u0104 CZY NARODOW\u0104 JAGJ\u0118?<br \/>\nObie mo\u017cliwo\u015bci s\u0105 wspania\u0142e i  bezpo\u015brednio wspieraj\u0105 one du\u017ce grupy Wedyjskich Pandit\u00f3w Maharishiego. Wszystko zale\u017cy od ch\u0119ci osoby sponsoruj\u0105cej. W przypadku Narodowej Jagji darczy\u0144ca wspiera w\u0142asny kraj, a tym samym  r\u00f3wnie\u017c siebie.  Przy Specjalnej Jagji, g\u0142\u00f3wnym celem jest wsparcie samego  darczy\u0144cy. Idealnie by\u0142oby gdyby darczy\u0144ca rozwa\u017cy\u0142 zlecenie wykonania Specjalnej Jagji raz lub dwa razy w roku, r\u00f3wnocze\u015bnie prosimy o pomoc  w comiesi\u0119cznych Narodowych Jagjach w zale\u017cno\u015bci od mo\u017cliwo\u015bci bud\u017cetowych.<\/p>\n<p>GDZIE W\u0118DRUJ\u0104 DAROWIZNY?<br \/>\nDarowizny przeznaczone na program Specjalnych Jagji w\u0119druj\u0105 do Fundacji Brahmananda Saraswati Yagya, kt\u00f3ra jest organizacj\u0105 non-profit, organizacj\u0105 edukacyjn\u0105 w ramach sekcji 501 (c) (3), US Internal Revenue Code. <\/p>\n<p>Fundusze oddawane na Specjalne Jagje bezpo\u015brednio wspieraj\u0105 Wedyjskich Pandit\u00f3w Maharishiego.<\/p>\n<p>Darowizny mog\u0105 odliczy\u0107 od podatku ameryka\u0144scy podatnicy. Z ka\u017cdej darowizny zostanie wys\u0142any do Ciebie paragon. <\/p>\n<p>W przypadku innych kraj\u00f3w nale\u017cy skontaktowa\u0107 si\u0119 z w\u0142asnym doradc\u0105 podatkowym w zakresie prawa do odliczenia podatku. Je\u015bli masz dodatkowe pytania Tw\u00f3j Narodowy Ambasador ch\u0119tnie Ci pomo\u017ce. Aby uzyska\u0107 wi\u0119cej informacji zapoznaj si\u0119 z nasz\u0105 mi\u0119dzynarodow\u0105 sieci\u0105 Ambasador\u00f3w. <\/p>\n<a href=\"#\" class=\"close\">Close Section<\/a><\/div><\/div>\n<\/div>\n","protected":false},"excerpt":{"rendered":"<p>Maharishi Specjalne Jagje Tak jak wszystkie Jagie Maharishi, te specjane Jagie s\u0105 g\u0142\u00f3wnym \u017cr\u00f3d\u0142em tworzenia pokoju i dobrobytu dla rodziny naszych narod\u00f3w. Dodatkowo u\u015bwi\u0119caj\u0105 one darczy\u0144c\u00f3w, kt\u00f3rzy je sponsoruj\u0105 o\u017cywiaj\u0105c b\u0142ogos\u0142awoe\u0144stwo Natury dla nich i dla ich rodzin w r\u00f3\u017cnych dziedzinach \u017cycia. Maharishi zaprojektowa\u0142 Specjalne Jagje po to, aby ka\u017cdy cz\u0142owiek m\u00f3g\u0142 cieszy\u0107 si\u0119 szczeg\u00f3lnie [&hellip;]<\/p>\n","protected":false},"author":3,"featured_media":75963,"parent":5761,"menu_order":2,"comment_status":"open","ping_status":"closed","template":"","meta":{"om_disable_all_campaigns":false,"_monsterinsights_skip_tracking":false,"_monsterinsights_sitenote_active":false,"_monsterinsights_sitenote_note":"","_monsterinsights_sitenote_category":0,"footnotes":""},"class_list":["post-5931","page","type-page","status-publish","has-post-thumbnail","hentry"],"_links":{"self":[{"href":"https:\/\/donation.vedicpandits.org\/pl\/wp-json\/wp\/v2\/pages\/5931","targetHints":{"allow":["GET"]}}],"collection":[{"href":"https:\/\/donation.vedicpandits.org\/pl\/wp-json\/wp\/v2\/pages"}],"about":[{"href":"https:\/\/donation.vedicpandits.org\/pl\/wp-json\/wp\/v2\/types\/page"}],"author":[{"embeddable":true,"href":"https:\/\/donation.vedicpandits.org\/pl\/wp-json\/wp\/v2\/users\/3"}],"replies":[{"embeddable":true,"href":"https:\/\/donation.vedicpandits.org\/pl\/wp-json\/wp\/v2\/comments?post=5931"}],"version-history":[{"count":22,"href":"https:\/\/donation.vedicpandits.org\/pl\/wp-json\/wp\/v2\/pages\/5931\/revisions"}],"predecessor-version":[{"id":76023,"href":"https:\/\/donation.vedicpandits.org\/pl\/wp-json\/wp\/v2\/pages\/5931\/revisions\/76023"}],"up":[{"embeddable":true,"href":"https:\/\/donation.vedicpandits.org\/pl\/wp-json\/wp\/v2\/pages\/5761"}],"wp:featuredmedia":[{"embeddable":true,"href":"https:\/\/donation.vedicpandits.org\/pl\/wp-json\/wp\/v2\/media\/75963"}],"wp:attachment":[{"href":"https:\/\/donation.vedicpandits.org\/pl\/wp-json\/wp\/v2\/media?parent=5931"}],"curies":[{"name":"wp","href":"https:\/\/api.w.org\/{rel}","templated":true}]}}