{"id":5935,"date":"2014-04-08T11:28:21","date_gmt":"2014-04-08T11:28:21","guid":{"rendered":"https:\/\/vedicpandits.org\/?page_id=5935"},"modified":"2023-02-17T16:13:50","modified_gmt":"2023-02-17T16:13:50","slug":"newsletter","status":"publish","type":"page","link":"https:\/\/donation.vedicpandits.org\/pl\/contact\/newsletter\/","title":{"rendered":"Newsletter"},"content":{"rendered":"<h4>OTRZYMUJ AKTUALNE INFORMACJE.<\/h4>\n<p>Ch\u0119tnie prze\u015blemy Pa\u0144stwu miesi\u0119czne informacje o post\u0119pach naszego projektu Wedyjskich Pandit\u00f3w Maharishiego w Brahmasthanie Indii. B\u0105d\u017a na bie\u017c\u0105co z najnowszymi wiadomo\u015bciami i informacjami o post\u0119pach poprzez newsletter, kt\u00f3ry zawiera wiadomo\u015bci od Rajy Harris Kaplan, Dyrektora Zarz\u0105dzaj\u0105cego w Fundacji Brahmananda Saraswati.<\/p>\n<blockquote><p>SZANUJEMY TWOJ\u0104 PRYWATNO\u015a\u0106 I POD \u017bADNYM POZOREM NIE PRZEKA\u017bEMY NIKOMU DALEJ  TWOICH DANYCH ANI ADRESU ELEKTRONICZNEGO. <a  href=\"https:\/\/donation.vedicpandits.org\/privacy\/\">Kliknij tutaj<\/a><\/p>\n<\/blockquote>\n<p style=\"text-align: center\"><a href=\"#form-newsletter\" class=\"btn btn-large btn-pop-up\">&gt; Subskrybuj<\/a><\/p>\n<h4><\/h4>\n","protected":false},"excerpt":{"rendered":"<p>OTRZYMUJ AKTUALNE INFORMACJE. Ch\u0119tnie prze\u015blemy Pa\u0144stwu miesi\u0119czne informacje o post\u0119pach naszego projektu Wedyjskich Pandit\u00f3w Maharishiego w Brahmasthanie Indii. B\u0105d\u017a na bie\u017c\u0105co z najnowszymi wiadomo\u015bciami i informacjami o post\u0119pach poprzez newsletter, kt\u00f3ry zawiera wiadomo\u015bci od Rajy Harris Kaplan, Dyrektora Zarz\u0105dzaj\u0105cego w Fundacji Brahmananda Saraswati. SZANUJEMY TWOJ\u0104 PRYWATNO\u015a\u0106 I POD \u017bADNYM POZOREM NIE PRZEKA\u017bEMY NIKOMU DALEJ TWOICH [&hellip;]<\/p>\n","protected":false},"author":3,"featured_media":17495,"parent":5794,"menu_order":1,"comment_status":"open","ping_status":"closed","template":"template-newsletter.php","meta":{"om_disable_all_campaigns":false,"_monsterinsights_skip_tracking":false,"_monsterinsights_sitenote_active":false,"_monsterinsights_sitenote_note":"","_monsterinsights_sitenote_category":0,"footnotes":""},"class_list":["post-5935","page","type-page","status-publish","has-post-thumbnail","hentry"],"_links":{"self":[{"href":"https:\/\/donation.vedicpandits.org\/pl\/wp-json\/wp\/v2\/pages\/5935","targetHints":{"allow":["GET"]}}],"collection":[{"href":"https:\/\/donation.vedicpandits.org\/pl\/wp-json\/wp\/v2\/pages"}],"about":[{"href":"https:\/\/donation.vedicpandits.org\/pl\/wp-json\/wp\/v2\/types\/page"}],"author":[{"embeddable":true,"href":"https:\/\/donation.vedicpandits.org\/pl\/wp-json\/wp\/v2\/users\/3"}],"replies":[{"embeddable":true,"href":"https:\/\/donation.vedicpandits.org\/pl\/wp-json\/wp\/v2\/comments?post=5935"}],"version-history":[{"count":56,"href":"https:\/\/donation.vedicpandits.org\/pl\/wp-json\/wp\/v2\/pages\/5935\/revisions"}],"predecessor-version":[{"id":54193,"href":"https:\/\/donation.vedicpandits.org\/pl\/wp-json\/wp\/v2\/pages\/5935\/revisions\/54193"}],"up":[{"embeddable":true,"href":"https:\/\/donation.vedicpandits.org\/pl\/wp-json\/wp\/v2\/pages\/5794"}],"wp:featuredmedia":[{"embeddable":true,"href":"https:\/\/donation.vedicpandits.org\/pl\/wp-json\/wp\/v2\/media\/17495"}],"wp:attachment":[{"href":"https:\/\/donation.vedicpandits.org\/pl\/wp-json\/wp\/v2\/media?parent=5935"}],"curies":[{"name":"wp","href":"https:\/\/api.w.org\/{rel}","templated":true}]}}