{"id":5937,"date":"2014-09-10T12:36:56","date_gmt":"2014-09-10T12:36:56","guid":{"rendered":"https:\/\/vedicpandits.org\/?page_id=5937"},"modified":"2023-09-20T16:28:19","modified_gmt":"2023-09-20T16:28:19","slug":"faq","status":"publish","type":"page","link":"https:\/\/donation.vedicpandits.org\/pl\/contact\/faq\/","title":{"rendered":"FAQ"},"content":{"rendered":"<h5>O GRUPIE WEDYJSKICH PANDIT\u00d3W MAHARISHIEGO   <\/h5>\n<div class=\"faqstyle\"><em>Dlaczego ta grupa sk\u0142ada si\u0119 wy\u0142\u0105cznie z Wedyjskich Pandit\u00f3w Maharishiego?<\/em><br \/>\nBadania naukowe wykaza\u0142y, \u017ce grupy ludzi z r\u00f3\u017cnych \u015brodowisk praktykuj\u0105cych razem Jogiczne Latanie mog\u0105 wytwarza\u0107 pot\u0119\u017cny wp\u0142yw pokoju. Utrzymanie harmonii w spo\u0142ecze\u0144stwie jest tradycyjnym zaj\u0119ciem Wedyjskich Pandit\u00f3w Maharishiego. Robi\u0105 to nie tylko poprzez udzia\u0142 w d\u0142ugich sesjach medytacji        i Jogicznego Latania, ale r\u00f3wnie\u017c  poprzez wykonywanie Pokojowych Jagji. Codzienna wykonywanie tych Jagji tworzy stabilny i silny efekt pokoju, co jest unikaln\u0105 cech\u0105 Wedyjskich Pandit\u00f3w Maharishiego.\n<\/div>\n<div class=\"faqstyle\"><em>JAKA JEST R\u00d3\u017bNICA MI\u0118DZY WEDYJSKIMI PANDITAMI A WEDYJSKIMI PANDITAMI MAHARISHIEGO?<\/em><br \/>\nPrzede wszystkim Wedyjscy Pandici Maharishiego regularnie praktykuj\u0105 Transcendentaln\u0105 Medytacj\u0119 i program TM \u2013 Sidhi w  tym Jogiczne Latanie. Techniki te przynosz\u0105 bezpo\u015brednie do\u015bwiadczenie czystej transcendentalnej \u015bwiadomo\u015bci, kt\u00f3ra jest podstaw\u0105 wszelkiej wiedzy wedyjskiej.<\/p>\n<p>Dzi\u0119ki tej codziennej praktyce medytacji  Wedyjscy Pandici Maharishiego wykonuj\u0105 Jagje z g\u0142\u0119bokiego poziomu \u015bwiadomo\u015bci. Anga\u017cuj\u0105 oni g\u0142\u0119bsze poziomy prawa naturalnego, tak aby Jagje mia\u0142y mocniejszy efekt.<\/p>\n<p>Ponadto Maharishi przez dziesi\u0105tki lat \u015bci\u015ble wsp\u00f3\u0142pracowa\u0142 z najbardziej szanowanymi i do\u015bwiadczonymi Mistrzam-  Panditami, z kt\u00f3rymi konsultowa\u0142 program szkole\u0144 Wedyjskich Pandit\u00f3w, aby uczniowie wiedzieli w jaki spos\u00f3b w\u0142a\u015bciwie wykonywa\u0107 i wymawia\u0107 mantry, tak aby ujawnia\u0142a si\u0119 ich pe\u0142na skuteczno\u015b\u0107. Go\u015bcie bior\u0105cy udzia\u0142 jako s\u0142uchacze cz\u0119sto zauwa\u017caj\u0105, \u017ce   Wedyjscy Pandici Maharishiego recytuj\u0105 powoli i cicho. To daje istotn\u0105 zintegrowan\u0105 jako\u015b\u0107 wedyjskich d\u017awi\u0119k\u00f3w, kt\u00f3re rezonuj\u0105 pozytywnie w ca\u0142ym \u015brodowisku.\n<\/p><\/div>\n<div class=\"faqstyle\">\n<em>ILU WEDYJSKICH PANDIT\u00d3W JEST OBECNIE?<\/em><br \/>\nObecnie na terenie kampusu w Brahmasthanie Indii stacjonuje grupa oko\u0142o 2000 Wedyjskich Pandit\u00f3w Maharishiego. Ponadto 3000 zaawansowanych student\u00f3w  zamieszkuje w 26 mieszkalnych o\u015brodkach szkoleniowych w ca\u0142ych Indiach.\n<\/div>\n<div class=\"faqstyle\">\n<em>CO TO JEST WEDA?<\/em><br \/>\nWeda oznacza wiedz\u0119. Maharishi wyja\u015bni\u0142, \u017ce w Wedach jest zawarta wiedza      i moc, kt\u00f3ra le\u017cy u podstaw wszelkiego dzia\u0142ania i kieruje ca\u0142ym stworzeniem. Weda zawiera wiedz\u0119 o tym, jak prowadzi\u0107 \u017cycie ludzkie, aby osi\u0105gn\u0105\u0107 najbardziej wznios\u0142y i spe\u0142niaj\u0105cy stan &#8211; o\u015bwiecenia.\n<\/div>\n<div class=\"faqstyle\">\n<em>CZYM JEST JOGICZNE LATANIE?<\/em><br \/>\nJogiczne Latanie jest cz\u0119\u015bci\u0105 Zaawansowanego Programu TM &#8211; Sidhi . Jogiczne Latanie integruje cich\u0105 koherencj\u0119, kt\u00f3ra powstaje w m\u00f3zgu podczas g\u0142\u0119bokiej medytacji z dynamicznym dzia\u0142aniem , przyczyniaj\u0105c si\u0119 tym samym do rozwoju wy\u017cszych stan\u00f3w \u015bwiadomo\u015bci. Wykazano, i\u017c grupy lataj\u0105cych jogin\u00f3w, kt\u00f3rzy razem praktykuj\u0105, rozprzestrzeniaj\u0105 koherencj\u0119 i harmoni\u0119 w otaczaj\u0105cej ich populacji. Ten efekt stanowi podstaw\u0119, na kt\u00f3rej tworzona jest Globalna Inicjatywa na rzecz Pokoju.\n<\/div>\n<div class=\"faqstyle\">\n<em>JAK WYGL\u0104DA CODZIENNA DZIA\u0141ALNO\u015a\u0106 WEDYJSKICH PANDIT\u00d3W MAHARISHIEGO?<\/em><br \/>\nIch codzienny program zosta\u0142 zaprojektowany przez Maharishego. Wstaj\u0105 oni wcze\u015bnie rano i wykonuj\u0105 medytacj\u0119 oraz Jogiczne Latanie, wykonuj\u0105 tak\u017ce Jagje, zajmuj\u0105 si\u0119 kuchni\u0105, troch\u0119 czasu maj\u0105 przeznaczonego na rekreacj\u0119.\n<\/div>\n<div class=\"faqstyle\">\n<em>DLACZEGO MIESZKAJ\u0104 ONI W BRAHMASTHANIE INDII?<\/em><br \/>\nBrahmasthan oznacza centralny punktu w przestrzeni, na przyk\u0142ad w domu, mie\u015bcie lub kraju. Maharishi wskaza\u0142, \u017ce dla zwi\u0119kszenia pokojowego efektu grupa Lataj\u0105cych Jogin\u00f3w powinna znajdowa\u0107 si\u0119 w Brahmasthanie kraju. Z tego powodu g\u0142\u00f3wny kampus dla Wedyjskich Pandit\u00f3w Maharishiego zosta\u0142 po\u0142o\u017cony w Brahmasthanie Indii, w pobli\u017cu D\u017aabalpur w Madhya Pradesh.\n<\/div>\n<div class=\"faqstyle\">\n<em>CO SI\u0118 STANIE GDY CEL W POSTACI ZGROMADZENIA LICZBY 9000 WEDYSJKICH PANDIT\u00d3W MAHARISHIEGO ZOSTANIE OSI\u0104GNI\u0118TY?<\/em><br \/>\nB\u0119dziemy \u015bwi\u0119towa\u0107. W\u00f3wczas nadejdzie Nowa Era Pokoju dla \u015awiata. Zawsze jest te\u017c miejsce na dalszy rozw\u00f3j i jeszcze wi\u0119kszy pok\u00f3j dlatego Stowarzyszenie             i Fundacja nadal b\u0119d\u0105 zwi\u0119ksza\u0142y liczb\u0119 Pandit\u00f3w w Indiach. B\u0119d\u0105 oni stale praktykowa\u0107 jogiczne latanie w grupach i wykonywa\u0107 Jagje, aby tworzy\u0107 coraz wi\u0119kszy wp\u0142yw pokoju i harmonii na ca\u0142ym \u015bwiecie.\n<\/div>\n<div class=\"faqstyle\">\n<em>JAK MOG\u0118 BY\u0106 NA BIE\u017b\u0104CO Z INFORMACJAMI DOTYCZ\u0104CYMI PANDIT\u00d3W?<\/em><br \/>\nNajlepszym sposobem jest po prostu zapisanie si\u0119 do newslettera, kt\u00f3ry jest bezp\u0142atny. Ka\u017cdego miesi\u0105ca dr Harris Kaplan, dyrektor zarz\u0105dzaj\u0105cy Stowarzyszeniem Brahmananda Saraswati, wysy\u0142a e-mail z jedn\u0105 stron\u0119 do wszystkich abonent\u00f3w. Je\u015bli jeste\u015b darczy\u0144c\u0105 za pomoc\u0105 tej strony, to b\u0119dziesz otrzymywa\u0107 taki biuletyny automatycznie.<\/p>\n<p>Mo\u017cesz r\u00f3wnie\u017c skontaktowa\u0107 si\u0119 z krajowym Ambasadorem Brahmananda Saraswati Trust i poprosi\u0107 aby na bie\u017c\u0105co informowa\u0142 Ci\u0119 o wszelkich inicjatywach w twoim w\u0142asnym kraju.\n<\/p><\/div>\n<div class=\"faqstyle\">\n<em>CZY MOG\u0118 WESPRZE\u0106 JEDNEGO PANDIT\u0118?<\/em><br \/>\nZach\u0119camy wszystkich, aby przyczynili si\u0119 do miesi\u0119cznego wsparcia Pandity. Mo\u017cesz sam zdecydowa\u0107 czy chcesz zapewni\u0107 pe\u0142ne wsparcie dla Pandity czy jaki\u015b u\u0142amek tej kwoty. Pe\u0142ne wsparcie dla Wedyjskich Pandit\u00f3w Maharishiego wynosi 250 USD miesi\u0119cznie. Kwota ta obejmuje pok\u00f3j i wy\u017cywienie, wynagrodzenie, koszty administracyjne, wyposa\u017cenie Jagji oraz inne potrzeby. Jednak\u017ce, aby umo\u017cliwi\u0107 wszystkim Panditom utrzymanie ich uwagi na  codziennych obowi\u0105zkach , nie istnieje relacja bezpo\u015brednia jeden na jeden pomi\u0119dzy darczy\u0144c\u0105 i indywidualnym Pandit\u0105.\n<\/div>\n<h5 style=\"margin-top:30px;\">DOTACJE I FINANSE<\/h5>\n<div class=\"faqstyle\">\n<em>JAKA JEST R\u00d3\u017bNICA MI\u0118DZY DAROWIZN\u0104 PRZEZNACZON\u0104 NA KRAJOW\u0104 JAGJ\u0118 A DAROWIZN\u0104 DLA WEDYJSKICH PANDITOW MAHARISHIEGO?<\/em><br \/>\nWszystkie darowizny wspieraj\u0105ce Wedyjskich Pandit\u00f3w Maharishiego  automatycznie s\u0105 wliczane do programu Narodowej Jagji.\n<\/div>\n<div class=\"faqstyle\">\n<em>CZY MOG\u0118 MOJ\u0104 DAROWIZN\u0118 ODLICZY\u0106 OD PODATKU?<\/em><br \/>\nInformacja dla darczy\u0144c\u00f3w z UE : Stowarzyszenie Brahmananda Saraswati  (Holandia ) posiada status ANBI (Organizacji Po\u017cytku Publicznego ). Darowizny na Stowarzyszenie dla mieszka\u0144c\u00f3w Niderland\u00f3w , a teraz tak\u017ce dla innych kraj\u00f3w UE  s\u0105 odliczane od podatku. Jednak nie wszystkie kraje UE wprowadzi\u0142y mo\u017cliwo\u015b\u0107 odlicze\u0144 podatkowych dla darowizn dokonanych na rzecz instytucji zagranicznych. Dlatego dla kraj\u00f3w UE innych ni\u017c Holandia , prosimy zwr\u00f3ci\u0107 si\u0119 do ambasadora danego kraju.<\/p>\n<p>Dla ameryka\u0144skich darczy\u0144c\u00f3w : Fundacja Saraswati Brahmananda ( US ) jest organizacj\u0105 501 ( c ) ( 3 ) i darowizny na jej rzecz s\u0105 odliczane od podatku dla ameryka\u0144skich podatnik\u00f3w.<br \/>\nDla innych kraj\u00f3w: Niekt\u00f3re organizacje charytatywne krajowe oferuj\u0105 odliczanie podatku tytu\u0142em darowizny na rzecz Wedyjskich Pandit\u00f3w Maharishiego. Nale\u017c\u0105 do nich te, kt\u00f3re znajduj\u0105 si\u0119 w Wielkiej Brytanii, Kanadzie i Nowej Zelandii. Kliknij na nazw\u0119 kraju, aby dowiedzie\u0107 si\u0119 wi\u0119cej o tym, jak dokona\u0107 wp\u0142aty za po\u015brednictwem swojej organizacji krajowej. Nawet je\u015bli Tw\u00f3j kraj nie znajduje si\u0119 na li\u015bcie powy\u017cej, w\u015br\u00f3d tych, kt\u00f3re oferuj\u0105 korzy\u015bci podatkowych, nadal mo\u017cna wspiera\u0107 Wedyjskich Pandit\u00f3w Maharishiego z dowolnego kraju na \u015bwiecie poprzez dokonywanie darowizn online do Stowarzyszenia Brahmanandha Saraswati lub Fundacji.\n<\/p><\/div>\n<div class=\"faqstyle\">\n<em>DLACZEGO JEST TO TAKIE WA\u017bNE, ABY WSPIERA\u0106 PANDIT\u00d3W REGULARNIE RAZ W MIESI\u0104CU?<\/em><br \/>\nJednorazowe dotacje s\u0105 przyjmowane z rado\u015bci\u0105 i zawsze s\u0105 pomocne. Jednak   Wedyjscy Pandici Maharishiego s\u0105 specjalnie wynajmowani do pracy                  w kampusie Brahmasthanu , dlatego chcemy mie\u0107 pewno\u015b\u0107, \u017ce jeste\u015bmy w stanie  wspiera\u0107 ich i na sta\u0142e op\u0142aca\u0107 ich pobyt . Dlatego zach\u0119camy naszych darczy\u0144c\u00f3w do regularnie comiesi\u0119cznych wp\u0142at dzi\u0119ki czemu stworzymy stabilne podstawy do zbudowania grupy 9000 Pandit\u00f3w.\n<\/div>\n<div class=\"faqstyle\">\n<em>JAKI PROCENT MOJEJ DAROWIZNY JEST PRZEZNACZONY  NA WSPARCIE WEDYJSKICH PANDIT\u00d3W?<\/em><br \/>\nPonad 90% regularnych darowizn jest przeznaczana do Indii, aby wspiera\u0107 Wedyjskich Pandit\u00f3w Maharishiego. Pozosta\u0142e mniej ni\u017c 10 % jest wykorzystywane na pokrycie koszt\u00f3w karty kredytowej, przelew\u00f3w bankowych i administracji. W\u015br\u00f3d organizacji pozyskuj\u0105cych fundusze, 10 % uwa\u017ca si\u0119 za niski odsetek.\n<\/div>\n<div class=\"faqstyle\">\n<em>ILE KRAJ\u00d3W WSPIERA WEDYJSKICH PANDIT\u00d3W MAHARISHIEGO?<\/em><br \/>\nDarczy\u0144cy z ponad 100 kraj\u00f3w wspieraj\u0105 Wedyjskich Pandit\u00f3w Maharishiego.\n<\/div>\n<div class=\"faqstyle\">\n<em>JAK ZARZ\u0104DZA SI\u0118 FUNDUSZEM POWIETRZNYM?<\/em><br \/>\nDotacje dla Funduszu nie s\u0105 przekazywane do Indii, ale s\u0105 inwestowane. Na utrzymanie Pandit\u00f3w przeznacza sie  tylko dochody z inwestycji, tak wi\u0119c podstawowy fundusz nigdy nie jest uszczuplany. Komitet Inwestycyjny BSF i BST sk\u0142ada si\u0119 z grupy do\u015bwiadczonych administrator\u00f3w z r\u00f3\u017cnych firm i instytucji finansowych. <a href=\"https:\/\/donation.vedicpandits.org\/pl\/about-us\/#investment_committee\" rel=\"noopener\" target=\"_blank\">Kliknij tutaj<\/a>, aby zobaczy\u0107 sk\u0142ad Komitetu Inwestycyjnego.\n<\/div>\n","protected":false},"excerpt":{"rendered":"<p>O GRUPIE WEDYJSKICH PANDIT\u00d3W MAHARISHIEGO Dlaczego ta grupa sk\u0142ada si\u0119 wy\u0142\u0105cznie z Wedyjskich Pandit\u00f3w Maharishiego? Badania naukowe wykaza\u0142y, \u017ce grupy ludzi z r\u00f3\u017cnych \u015brodowisk praktykuj\u0105cych razem Jogiczne Latanie mog\u0105 wytwarza\u0107 pot\u0119\u017cny wp\u0142yw pokoju. Utrzymanie harmonii w spo\u0142ecze\u0144stwie jest tradycyjnym zaj\u0119ciem Wedyjskich Pandit\u00f3w Maharishiego. Robi\u0105 to nie tylko poprzez udzia\u0142 w d\u0142ugich sesjach medytacji i Jogicznego [&hellip;]<\/p>\n","protected":false},"author":3,"featured_media":165,"parent":5794,"menu_order":0,"comment_status":"open","ping_status":"closed","template":"","meta":{"om_disable_all_campaigns":false,"_monsterinsights_skip_tracking":false,"_monsterinsights_sitenote_active":false,"_monsterinsights_sitenote_note":"","_monsterinsights_sitenote_category":0,"footnotes":""},"class_list":["post-5937","page","type-page","status-publish","has-post-thumbnail","hentry"],"_links":{"self":[{"href":"https:\/\/donation.vedicpandits.org\/pl\/wp-json\/wp\/v2\/pages\/5937","targetHints":{"allow":["GET"]}}],"collection":[{"href":"https:\/\/donation.vedicpandits.org\/pl\/wp-json\/wp\/v2\/pages"}],"about":[{"href":"https:\/\/donation.vedicpandits.org\/pl\/wp-json\/wp\/v2\/types\/page"}],"author":[{"embeddable":true,"href":"https:\/\/donation.vedicpandits.org\/pl\/wp-json\/wp\/v2\/users\/3"}],"replies":[{"embeddable":true,"href":"https:\/\/donation.vedicpandits.org\/pl\/wp-json\/wp\/v2\/comments?post=5937"}],"version-history":[{"count":9,"href":"https:\/\/donation.vedicpandits.org\/pl\/wp-json\/wp\/v2\/pages\/5937\/revisions"}],"predecessor-version":[{"id":80742,"href":"https:\/\/donation.vedicpandits.org\/pl\/wp-json\/wp\/v2\/pages\/5937\/revisions\/80742"}],"up":[{"embeddable":true,"href":"https:\/\/donation.vedicpandits.org\/pl\/wp-json\/wp\/v2\/pages\/5794"}],"wp:featuredmedia":[{"embeddable":true,"href":"https:\/\/donation.vedicpandits.org\/pl\/wp-json\/wp\/v2\/media\/165"}],"wp:attachment":[{"href":"https:\/\/donation.vedicpandits.org\/pl\/wp-json\/wp\/v2\/media?parent=5937"}],"curies":[{"name":"wp","href":"https:\/\/api.w.org\/{rel}","templated":true}]}}