{"id":6323,"date":"2015-09-11T10:43:55","date_gmt":"2015-09-11T10:43:55","guid":{"rendered":"https:\/\/vedicpandits.org\/?page_id=6323"},"modified":"2018-08-15T12:34:13","modified_gmt":"2018-08-15T12:34:13","slug":"intermediary-donation-page","status":"publish","type":"page","link":"https:\/\/donation.vedicpandits.org\/pl\/intermediary-donation-page\/","title":{"rendered":"DAROWIZNA"},"content":{"rendered":"<h2 style=\"margin-bottom: 30px; color: white; background: none repeat scroll 0 0 #e37d22; font-size: 17px; text-align: center; padding-top: 10px;\">WSPIERAJ\u0104C WEDYJSKICH PANDIT\u00d3W MAHARISHIEGO TWORZYSZ POT\u0118\u017bN\u0104 FAL\u0118 POKOJU NA \u015aWIECIE. <\/h2>\n<div class=\"grid grid-desktop-30 grid-mobile-100\">\n<div class=\"holder\"><img loading=\"lazy\" decoding=\"async\" class=\"alignleft size-full wp-image-2490\" src=\"\/wp-content\/uploads\/2015\/03\/photo_pandit_donatepage1.jpg\" alt=\"photo_pandit_donatepage\" width=\"234\" height=\"284\" \/><\/div>\n<\/div>\n<div class=\"grid grid-desktop-70 grid-mobile-100\">\n<div class=\"holder\">\nMo\u017cesz dokona\u0107 wp\u0142aty w Dolarach Ameryka\u0144skich lub w Euro.<\/p>\n<p>Poni\u017cej mo\u017cesz przej\u015b\u0107 do strony DAROWIZNA, gdzie mo\u017cna dokona\u0107 wp\u0142aty na rzecz Wedyjskich Panditow Maharishiego przez internet. Tutaj mo\u017cesz wybra\u0107 swoj\u0105 walut\u0119. Mo\u017cesz u\u017cy\u0107 karty kredytowej, aby dokona\u0107 wp\u0142aty. Mo\u017cna te\u017c skorzysta\u0107 z systemu PayPal. Strona darowizn jest w ca\u0142o\u015bci w j\u0119zyku angielskim.<\/p>\n<p> <!--If helpful, you can download a PDF in French to assist you to complete the donation page.--><\/p>\n<p><!--\n\n<p style=\"text-align: center;\"><a class=\"btn btn-large\" href=\"\/wp-content\/uploads\/2015\/03\/final_french_translation_of_donation_page_1and21.pdf\">&gt; Download the French translation pdf<\/a><\/p>\n\n--><\/p>\n<p style=\"text-align: center;\"><a class=\"btn btn-large\" href=\"https:\/\/aro.vedicpandits.org\/donate\">&gt;  Przejd\u017a do strony darowizn<\/a><\/p>\n<p>&nbsp;<br \/>\n&nbsp;<br \/>\n&nbsp;<br \/>\n&nbsp;<br \/>\n&nbsp;<\/p>\n<h4>Darowizna w euro<\/h4>\n<p>Mo\u017cesz dokona\u0107 wp\u0142aty  w Euro na rzecz Fundacji Brahmananda Saraswati (Holandia), przelewem bankowym, poprzez stworzenie sta\u0142ego przelewu bankowego lub poprzez PayPal.<\/p>\n<p>Je\u015bli chcesz dokona\u0107 wp\u0142aty w euro za po\u015brednictwem systemu PayPal p\u0142atno\u015bci nale\u017cy kierowa\u0107 na adres:<br \/>\nBST108@maharishi.net<\/p>\n<p>Aby dokona\u0107 przelew\u00f3w bankowych do BST prosimy zapozna\u0107 si\u0119 z poni\u017cszymi informacjami.<\/p>\n<div class=\"grid-holder\">\n<div class=\"grid grid-desktop-50 grid-mobile-100\"><div class=\"holder\"><p>Informacje o koncie bankowym:  <\/p>\n<p>ING Bank, Roermond, The Netherlands<br \/>\nSwift Code\/BIC: INGBNL2A<br \/>\nAccount Name: BST<br \/>\nIBAN: NL74 INGB 0659 6208 04<br \/>\nAccount Number: 65.96.20.804<\/p>\n<\/div><\/div>\n<div class=\"grid grid-desktop-50 grid-mobile-100\"><div class=\"holder\"><p>Address of Beneficiary:<\/p>\n<p>Station 24<br \/>\n6063NP Vlodrop<br \/>\nThe Netherlands<\/p>\n<\/div><\/div>\n<\/div>\n<p>&nbsp;<\/p>\n<\/div>\n<\/div>\n","protected":false},"excerpt":{"rendered":"<p>WSPIERAJ\u0104C WEDYJSKICH PANDIT\u00d3W MAHARISHIEGO TWORZYSZ POT\u0118\u017bN\u0104 FAL\u0118 POKOJU NA \u015aWIECIE. Mo\u017cesz dokona\u0107 wp\u0142aty w Dolarach Ameryka\u0144skich lub w Euro. Poni\u017cej mo\u017cesz przej\u015b\u0107 do strony DAROWIZNA, gdzie mo\u017cna dokona\u0107 wp\u0142aty na rzecz Wedyjskich Panditow Maharishiego przez internet. Tutaj mo\u017cesz wybra\u0107 swoj\u0105 walut\u0119. Mo\u017cesz u\u017cy\u0107 karty kredytowej, aby dokona\u0107 wp\u0142aty. Mo\u017cna te\u017c skorzysta\u0107 z systemu PayPal. Strona [&hellip;]<\/p>\n","protected":false},"author":3,"featured_media":0,"parent":0,"menu_order":0,"comment_status":"closed","ping_status":"closed","template":"","meta":{"om_disable_all_campaigns":false,"_monsterinsights_skip_tracking":false,"_monsterinsights_sitenote_active":false,"_monsterinsights_sitenote_note":"","_monsterinsights_sitenote_category":0,"footnotes":""},"class_list":["post-6323","page","type-page","status-publish","hentry"],"_links":{"self":[{"href":"https:\/\/donation.vedicpandits.org\/pl\/wp-json\/wp\/v2\/pages\/6323","targetHints":{"allow":["GET"]}}],"collection":[{"href":"https:\/\/donation.vedicpandits.org\/pl\/wp-json\/wp\/v2\/pages"}],"about":[{"href":"https:\/\/donation.vedicpandits.org\/pl\/wp-json\/wp\/v2\/types\/page"}],"author":[{"embeddable":true,"href":"https:\/\/donation.vedicpandits.org\/pl\/wp-json\/wp\/v2\/users\/3"}],"replies":[{"embeddable":true,"href":"https:\/\/donation.vedicpandits.org\/pl\/wp-json\/wp\/v2\/comments?post=6323"}],"version-history":[{"count":9,"href":"https:\/\/donation.vedicpandits.org\/pl\/wp-json\/wp\/v2\/pages\/6323\/revisions"}],"predecessor-version":[{"id":15101,"href":"https:\/\/donation.vedicpandits.org\/pl\/wp-json\/wp\/v2\/pages\/6323\/revisions\/15101"}],"wp:attachment":[{"href":"https:\/\/donation.vedicpandits.org\/pl\/wp-json\/wp\/v2\/media?parent=6323"}],"curies":[{"name":"wp","href":"https:\/\/api.w.org\/{rel}","templated":true}]}}