{"id":4987,"date":"2014-07-08T07:09:10","date_gmt":"2014-07-08T07:09:10","guid":{"rendered":"https:\/\/vedicpandits.org\/?page_id=4987"},"modified":"2015-07-18T08:14:01","modified_gmt":"2015-07-18T08:14:01","slug":"maharishi","status":"publish","type":"page","link":"https:\/\/donation.vedicpandits.org\/pt-br\/maharishi\/","title":{"rendered":"Maharishi"},"content":{"rendered":"<h4>MAHARISHI MAHESH YOGI<\/h4>\n<p>Maharishi Mahesh Yogi \u00e9 amplamente reconhecido como o principal erudito V\u00e9dico da era moderna e o seu mais destacado cientista da consci\u00eancia. O termo \u201cV\u00e9dico\u201d refere-se \u00e0 tradi\u00e7\u00e3o atemporal de conhecimento completo e puro, que se estabeleceu na \u00cdndia.<\/p>\n<p>Maharishi \u00e9 famoso pelo ensino do programa de Medita\u00e7\u00e3o Transcendental, que, entre as t\u00e9cnicas de autodesenvolvimento existentes, \u00e9 a mais eficaz e amplamente pesquisada (ver abaixo). Al\u00e9m disso, ele restaurou, na sua inteireza e pureza, os programas pr\u00e1ticos e de conhecimento total da tradi\u00e7\u00e3o V\u00e9dica da \u00cdndia, de forma que todas as pessoas em todas as partes possam viver a plena promessa da vida V\u00e9dica: a vida em paz, aflu\u00eancia e sa\u00fade. <\/p>\n<p>Maharishi reavivou v\u00e1rios aspectos esquecidos e mal interpretados da Ci\u00eancia V\u00e9dica e desenvolveu programas para trazer realiza\u00e7\u00e3o nos \u00e2mbitos da sa\u00fade, educa\u00e7\u00e3o, defesa, administra\u00e7\u00e3o, arquitetura e muitas outras \u00e1reas da vida moderna. <\/p>\n<div class=\"border-line\">&nbsp;<\/div>\n<h4>UMA ABORDAGEM SISTEM\u00c1TICA PARA ALCAN\u00c7AR A ILUMINA\u00c7\u00c3O<\/h4>\n<p>Mesmo na \u00cdndia, a medita\u00e7\u00e3o e o caminho para a ilumina\u00e7\u00e3o t\u00eam sido mal compreendidos por s\u00e9culos. Eles eram considerados, em grande parte, como esfera da religi\u00e3o ou da filosofia e eram freq\u00fcentemente associados \u00e0 ren\u00fancia. Maharishi trouxe \u00e0 luz a verdade V\u00e9dica de que medita\u00e7\u00e3o n\u00e3o se baseia em esfor\u00e7o e concentra\u00e7\u00e3o; em vez disso, ela acontece espont\u00e2nea e naturalmente, uma vez que se d\u00ea o in\u00edcio correto \u00e0 mente. Ele exp\u00f4s um caminho sistem\u00e1tico para o desenvolvimento de estados mais elevados de consci\u00eancia, em que a unidade da vida torna-se uma realidade viva do cotidiano. <\/p>\n<p>Inspirados por Maharishi, cientistas come\u00e7aram a investigar os benef\u00edcios da Medita\u00e7\u00e3o Transcendental. Desde que o primeiro estudo foi publicado, em 1970, mais de 600 estudos cient\u00edficos, conduzidos em mais de 200 institui\u00e7\u00f5es de pesquisa independentes, em 35 pa\u00edses, t\u00eam documentado os benef\u00edcios da Medita\u00e7\u00e3o Transcendental para a mente, o corpo e a sociedade como um todo. Muitos desses estudos foram publicados nos principais peri\u00f3dicos cient\u00edficos, m\u00e9dicos e profissionais.  <\/p>\n<div class=\"border-line\">&nbsp;<\/div>\n<h4>UM ATALHO PARA A PAZ MUNDIAL<\/h4>\n<p>Mediante o desenvolvimento do programa avan\u00e7ado de MT-Sidhi, e, mais particularmente, da pr\u00e1tica em grupo do V\u00f4o I\u00f3guico, Maharishi deu ao mundo a tecnologia para gerar uma influ\u00eancia pac\u00edfica e coerente na consci\u00eancia coletiva de qualquer na\u00e7\u00e3o, empregando uma parcela min\u00fascula da popula\u00e7\u00e3o. Quando aplicada em larga escala, a pr\u00e1tica em grupo do V\u00f4o I\u00f3guico oferece o primeiro m\u00e9todo validado cientificamente para criar paz mundial. Al\u00e9m disso, pesquisas de campo estabeleceram que muitos outros aspectos da vida \u2013 tais como sa\u00fade geral, comportamento social e aflu\u00eancia \u2013 s\u00e3o melhorados. <\/p>\n<p>A fim de criar e manter esse efeito poderoso permanentemente, Maharishi formulou a Iniciativa de Paz  Global, um projeto centrado na cria\u00e7\u00e3o de um grupo numeroso de Pandits V\u00e9dicos especialmente treinados. A sua pr\u00e1tica di\u00e1ria dos programas de MT e MT-Sidhi, e o desempenho dos Yagyas V\u00e9dicos, espalhar\u00e3o um efeito ben\u00e9fico mensur\u00e1vel e profundo no mundo. Ele fundou o Fundo Fiduci\u00e1rio Brahmananda Saraswati em 2008, objetivando a angaria\u00e7\u00e3o de recursos para apoiar permanentemente esse grupo. <\/p>\n<div class=\"border-line\">&nbsp;<\/div>\n<h4 id=\"audios\">AUDIO<\/h4>\n<p>Maharishi fala sobre os Pandits V\u00e9dicos: (Os arquivos de \u00e1udio s\u00e3o em Ingl\u00eas.) <\/p>\n<p><em><a href=\"https:\/\/donation.vedicpandits.org\/pt-br\/maharishi\/?audio_link=%2Fwp-content%2Fuploads%2F2015%2F03%2F01nTraining-Vedic-Pandits-to-Create-Harmony-in-Society-pushing-the-Devatas-buttons-May-18-051.mp3\" class=\"audio-link\">&gt; Treinando Pandits V\u00e9dicos para gerar harmonia na sociedade. (\u00c1udio de 10:05 minutos)<\/a>\n<p><b><\/b><a href=\"https:\/\/donation.vedicpandits.org\/pt-br\/maharishi\/?audio_link=%2Fwp-content%2Fuploads%2F2015%2F03%2F04n-Specialty-of-the-Vedic-Pandits-March-16-053.mp3\" class=\"audio-link\">&gt; A Especialidade dos Pandits V\u00e9dicos. (\u00c1udio de 7:14 minutos)<\/a><\/em><\/br><\/p>\n<p>Maharishi fala sobre o poder dos Yagyas: (Os arquivos de \u00e1udio s\u00e3o em Ingl\u00eas.)<\/p>\n<p><em><a href=\"https:\/\/donation.vedicpandits.org\/pt-br\/maharishi\/?audio_link=%2Fwp-content%2Fuploads%2F2015%2F03%2F03n-Using-Collective-Yagyas-to-Prevent-the-Danger.mp3\" class=\"audio-link\">&gt; Usando os Yagyas coletivos para prevenir o perigo que ainda n\u00e3o surgiu. (\u00c1udio de 3:31 minutos)<\/a>\n<p><b><\/b><a href=\"https:\/\/donation.vedicpandits.org\/pt-br\/maharishi\/?audio_link=%2Fwp-content%2Fuploads%2F2015%2F03%2F02n-Yagyas%C3%A2%C2%80%C2%94powerful-Vedic-performances-March-23-051.mp3\" class=\"audio-link\">&gt; Yagyas: poderosos desempenhos V\u00e9dicos que surgem do n\u00edvel silencioso da consci\u00eancia dos Pandits V\u00e9dicos. (\u00c1udio de 7:26 minutos)<\/a>\n<p><b><\/b><a href=\"https:\/\/donation.vedicpandits.org\/pt-br\/maharishi\/?audio_link=%2Fwp-content%2Fuploads%2F2015%2F03%2F06n-Difference-between-practising-TM-and-listening-to-Vedic-R.mp3\" class=\"audio-link\">&gt; A diferen\u00e7a entre praticar a MT e escutar as recita\u00e7\u00f5es V\u00e9dicas. (\u00c1udio de 4:42 minutos)<\/p>\n<\/a><\/em><\/p>\n","protected":false},"excerpt":{"rendered":"<p>MAHARISHI MAHESH YOGI Maharishi Mahesh Yogi \u00e9 amplamente reconhecido como o principal erudito V\u00e9dico da era moderna e o seu mais destacado cientista da consci\u00eancia. O termo \u201cV\u00e9dico\u201d refere-se \u00e0 tradi\u00e7\u00e3o atemporal de conhecimento completo e puro, que se estabeleceu na \u00cdndia. Maharishi \u00e9 famoso pelo ensino do programa de Medita\u00e7\u00e3o Transcendental, que, entre as [&hellip;]<\/p>\n","protected":false},"author":3,"featured_media":149,"parent":0,"menu_order":0,"comment_status":"open","ping_status":"closed","template":"","meta":{"om_disable_all_campaigns":false,"_monsterinsights_skip_tracking":false,"_monsterinsights_sitenote_active":false,"_monsterinsights_sitenote_note":"","_monsterinsights_sitenote_category":0,"footnotes":""},"class_list":["post-4987","page","type-page","status-publish","has-post-thumbnail","hentry"],"_links":{"self":[{"href":"https:\/\/donation.vedicpandits.org\/pt-br\/wp-json\/wp\/v2\/pages\/4987","targetHints":{"allow":["GET"]}}],"collection":[{"href":"https:\/\/donation.vedicpandits.org\/pt-br\/wp-json\/wp\/v2\/pages"}],"about":[{"href":"https:\/\/donation.vedicpandits.org\/pt-br\/wp-json\/wp\/v2\/types\/page"}],"author":[{"embeddable":true,"href":"https:\/\/donation.vedicpandits.org\/pt-br\/wp-json\/wp\/v2\/users\/3"}],"replies":[{"embeddable":true,"href":"https:\/\/donation.vedicpandits.org\/pt-br\/wp-json\/wp\/v2\/comments?post=4987"}],"version-history":[{"count":6,"href":"https:\/\/donation.vedicpandits.org\/pt-br\/wp-json\/wp\/v2\/pages\/4987\/revisions"}],"predecessor-version":[{"id":4993,"href":"https:\/\/donation.vedicpandits.org\/pt-br\/wp-json\/wp\/v2\/pages\/4987\/revisions\/4993"}],"wp:featuredmedia":[{"embeddable":true,"href":"https:\/\/donation.vedicpandits.org\/pt-br\/wp-json\/wp\/v2\/media\/149"}],"wp:attachment":[{"href":"https:\/\/donation.vedicpandits.org\/pt-br\/wp-json\/wp\/v2\/media?parent=4987"}],"curies":[{"name":"wp","href":"https:\/\/api.w.org\/{rel}","templated":true}]}}