{"id":5058,"date":"2014-07-08T07:09:17","date_gmt":"2014-07-08T07:09:17","guid":{"rendered":"https:\/\/vedicpandits.org\/?page_id=5058"},"modified":"2015-07-20T12:29:22","modified_gmt":"2015-07-20T12:29:22","slug":"peace-creating-group","status":"publish","type":"page","link":"https:\/\/donation.vedicpandits.org\/pt-br\/peace-creating-group\/","title":{"rendered":"Grupo Gerador de Paz"},"content":{"rendered":"<h4>9.000 PANDITS V\u00c9DICOS PARA A PAZ MUNDIAL<\/h4>\n<p>Maharishi Mahesh Yogi escolheu os Pandits V\u00e9dicos como membros do grupo gerador de paz porque, desde tempos remotos, eles t\u00eam sido os guardi\u00f5es tradicionais da sabedoria V\u00e9dica, respons\u00e1vel pela manuten\u00e7\u00e3o da harmonia na sociedade e do equil\u00edbrio na natureza. Atrav\u00e9s da aten\u00e7\u00e3o de Maharishi na revela\u00e7\u00e3o da compreens\u00e3o plena do conhecimento V\u00e9dico, as tecnologias da consci\u00eancia para gera\u00e7\u00e3o da paz foram restauradas na sua efic\u00e1cia original e validadas pelo escrut\u00ednio cient\u00edfico. Isso permitiu que os Pandits V\u00e9dicos desempenhassem mais uma vez o seu papel tradicional na gera\u00e7\u00e3o de harmonia, paz e equil\u00edbrio para o mundo, ap\u00f3s serem treinados nessas tecnologias da consci\u00eancia. <\/p>\n<p>Em janeiro de 2008, Maharishi estabeleceu o Fundo Fiduci\u00e1rio Brahmananda Saraswati, com o objetivo de apoiar e dotar este grupo numeroso de Pandits V\u00e9dicos Maharishi no campus do Brahmasthan (centro geogr\u00e1fico) da \u00cdndia. O objetivo \u00e9 apoiar 9.000 Pandits. A etapa intermedi\u00e1ria disso \u00e9 a meta urgente de expandir o grupo, dos atuais 2.000 para 3.500, um n\u00famero suficiente para gerar um efeito ben\u00e9fico para a \u00cdndia toda e uma base s\u00f3lida para a realiza\u00e7\u00e3o do objetivo de 9.000.<\/p>\n<div class=\"border-line\">&nbsp;<\/div>\n<div class=\"grid-holder\">\n<div class=\"grid grid-desktop-50 grid-mobile-100\"><div class=\"holder\">\t<a href=\"https:\/\/donation.vedicpandits.org\/pt-br\/peace-creating-group\/?image_video=https%3A%2F%2Fwww.youtube.com%2Fwatch%3Fv%3DoLNxrO4z9GQ%3Frel%3D0\" class=\"video-link \"><img loading=\"lazy\" decoding=\"async\" class=\"alignnone size-full wp-image-103\" src=\"\/wp-content\/uploads\/2014\/04\/post-img-11.jpg\" alt=\"post-img-11\" width=\"432\" height=\"312\" srcset=\"https:\/\/donation.vedicpandits.org\/wp-content\/uploads\/2014\/04\/post-img-11.jpg 432w, https:\/\/donation.vedicpandits.org\/wp-content\/uploads\/2014\/04\/post-img-11-300x216.jpg 300w\" sizes=\"auto, (max-width: 432px) 100vw, 432px\" \/><\/a>\n\n\t\n\t<a href=\"https:\/\/donation.vedicpandits.org\/pt-br\/peace-creating-group\/?image_video=https%3A%2F%2Fwww.youtube.com%2Fwatch%3Fv%3DoLNxrO4z9GQ%3Frel%3D0\" class=\"video-link no-pointer\"><em>&gt; Watch Maharishi Mahesh Yogi speaking about this phenomenon.<\/em><\/a>\n\n\t\n<\/div><\/div>\n<div class=\"grid grid-desktop-50 grid-mobile-100\"><div class=\"holder\"><h4>O EFEITO DE TRANSBORDAMENTO DA PAZ<\/h4>\n<p>H\u00e1 amplo reconhecimento de que os praticantes do programa de Medita\u00e7\u00e3o Transcendental experimentam maior paz interior. H\u00e1 uma rela\u00e7\u00e3o cient\u00edfica entre essa experi\u00eancia e uma maior ordem no funcionamento cerebral. <\/p>\n<p>Mas o que n\u00e3o \u00e9 t\u00e3o amplamente conhecido \u00e9 que, quando uma por\u00e7\u00e3o relativamente pequena da popula\u00e7\u00e3o de uma cidade ou na\u00e7\u00e3o pratica a MT, o efeito de transbordamento da paz espalha-se pela popula\u00e7\u00e3o a sua volta. Esse fen\u00f4meno foi verificado por 23 estudos cient\u00edficos; descobriu-se tamb\u00e9m que ele \u00e9 especialmente poderoso quando o programa avan\u00e7ado de MT-Sidhi \u00e9 praticado em grupo. <\/p>\n<p>Tirar proveito desta tecnologia \u00e9 o programa central da Iniciativa de Paz Global. <\/p>\n<\/div><\/div>\n<\/div>\n","protected":false},"excerpt":{"rendered":"<p>9.000 PANDITS V\u00c9DICOS PARA A PAZ MUNDIAL Maharishi Mahesh Yogi escolheu os Pandits V\u00e9dicos como membros do grupo gerador de paz porque, desde tempos remotos, eles t\u00eam sido os guardi\u00f5es tradicionais da sabedoria V\u00e9dica, respons\u00e1vel pela manuten\u00e7\u00e3o da harmonia na sociedade e do equil\u00edbrio na natureza. Atrav\u00e9s da aten\u00e7\u00e3o de Maharishi na revela\u00e7\u00e3o da compreens\u00e3o [&hellip;]<\/p>\n","protected":false},"author":3,"featured_media":102,"parent":0,"menu_order":0,"comment_status":"open","ping_status":"closed","template":"","meta":{"om_disable_all_campaigns":false,"_monsterinsights_skip_tracking":false,"_monsterinsights_sitenote_active":false,"_monsterinsights_sitenote_note":"","_monsterinsights_sitenote_category":0,"footnotes":""},"class_list":["post-5058","page","type-page","status-publish","has-post-thumbnail","hentry"],"_links":{"self":[{"href":"https:\/\/donation.vedicpandits.org\/pt-br\/wp-json\/wp\/v2\/pages\/5058","targetHints":{"allow":["GET"]}}],"collection":[{"href":"https:\/\/donation.vedicpandits.org\/pt-br\/wp-json\/wp\/v2\/pages"}],"about":[{"href":"https:\/\/donation.vedicpandits.org\/pt-br\/wp-json\/wp\/v2\/types\/page"}],"author":[{"embeddable":true,"href":"https:\/\/donation.vedicpandits.org\/pt-br\/wp-json\/wp\/v2\/users\/3"}],"replies":[{"embeddable":true,"href":"https:\/\/donation.vedicpandits.org\/pt-br\/wp-json\/wp\/v2\/comments?post=5058"}],"version-history":[{"count":3,"href":"https:\/\/donation.vedicpandits.org\/pt-br\/wp-json\/wp\/v2\/pages\/5058\/revisions"}],"predecessor-version":[{"id":5061,"href":"https:\/\/donation.vedicpandits.org\/pt-br\/wp-json\/wp\/v2\/pages\/5058\/revisions\/5061"}],"wp:featuredmedia":[{"embeddable":true,"href":"https:\/\/donation.vedicpandits.org\/pt-br\/wp-json\/wp\/v2\/media\/102"}],"wp:attachment":[{"href":"https:\/\/donation.vedicpandits.org\/pt-br\/wp-json\/wp\/v2\/media?parent=5058"}],"curies":[{"name":"wp","href":"https:\/\/api.w.org\/{rel}","templated":true}]}}