{"id":5071,"date":"2014-07-08T07:09:41","date_gmt":"2014-07-08T07:09:41","guid":{"rendered":"https:\/\/vedicpandits.org\/?page_id=5071"},"modified":"2015-07-20T13:07:04","modified_gmt":"2015-07-20T13:07:04","slug":"scope","status":"publish","type":"page","link":"https:\/\/donation.vedicpandits.org\/pt-br\/peace-creating-group\/scope\/","title":{"rendered":"Escopo"},"content":{"rendered":"<p>O nosso projeto inclui um grupo principal, ligado a um programa de treinamento que o forma e reabastece. <\/p>\n<div class=\"border-line\">&nbsp;<\/div>\n<div class=\"grid-holder\">\n<div class=\"grid grid-desktop-50 grid-mobile-100\"><div class=\"holder\"><h4>O GRUPO PRINCIPAL<\/h4>\n<p>A escolha de Pandits V\u00e9dicos para compor o grupo do nosso projeto na \u00cdndia \u00e9 uma decis\u00e3o pr\u00e1tica e tamb\u00e9m tradicional. Antigamente, os Pandits V\u00e9dicos eram tradicionalmente respons\u00e1veis pela manuten\u00e7\u00e3o da harmonia na sociedade e pelo equil\u00edbrio na natureza. Hoje, a \u00cdndia \u00e9 um local economicamente vi\u00e1vel, que faz do treinamento dos Pandits V\u00e9dicos como geradores de paz profissionais uma estrat\u00e9gia pr\u00e1tica. <\/p>\n<p>O objetivo \u00e9 ter 9.000 Pandits V\u00e9dicos Maharishi em um s\u00f3 grupo, para gerar um efeito pac\u00edfico no n\u00edvel mundial. A sustenta\u00e7\u00e3o desse grupo requer o pagamento de sal\u00e1rios e o estabelecimento de um campus completo, com infra estrutura, alojamento, treinamento avan\u00e7ado, refei\u00e7\u00f5es, alem de uma leiteria e uma horta. <\/p>\n<p>Atualmente, mais de 2.000 Pandits moram no campus principal do Brahmasthan \u2013 o centro geogr\u00e1fico \u2013 da \u00cdndia, perto de Jabalpur, em Madhya Pradesh.<\/p>\n<\/div><\/div>\n<div class=\"grid grid-desktop-50 grid-mobile-100 zoom-image-holder\"><div class=\"holder\"><p><a href=\"\/wp-content\/uploads\/2014\/04\/map-of-india.jpg\"><img loading=\"lazy\" decoding=\"async\" class=\"alignleft size-full wp-image-595\" src=\"\/wp-content\/uploads\/2014\/04\/map-of-india.jpg\" alt=\"map-of-india\" width=\"550\" height=\"523\" srcset=\"https:\/\/donation.vedicpandits.org\/wp-content\/uploads\/2014\/04\/map-of-india.jpg 550w, https:\/\/donation.vedicpandits.org\/wp-content\/uploads\/2014\/04\/map-of-india-300x285.jpg 300w\" sizes=\"auto, (max-width: 550px) 100vw, 550px\" \/><\/a><\/p>\n<\/div><\/div>\n<\/div>\n<div class=\"border-line\">&nbsp;<\/div>\n<div class=\"grid-holder\">\n<div class=\"grid grid-desktop-50 grid-mobile-100 zoom-image-holder\"><div class=\"holder\"><p><a href=\"\/wp-content\/uploads\/2014\/04\/131207_training_chart_web-Kopie.jpg\"><img loading=\"lazy\" decoding=\"async\" class=\"alignnone size-medium wp-image-250\" src=\"\/wp-content\/uploads\/2014\/04\/131207_training_chart_web-Kopie.jpg\" alt=\"\" width=\"432\" height=\"211\" \/><\/a><\/p>\n<\/div><\/div>\n<div class=\"grid grid-desktop-50 grid-mobile-100\"><div class=\"holder\"><h4>O PROGRAMA DE TREINAMENTO DOS PANDITS<\/h4>\n<p>Maharishi estabeleceu um programa de treinamento de Pandits por toda a \u00cdndia, com a finalidade de formar o grupo principal e compensar pelas desist\u00eancias naturais.<br \/>\nEle ap\u00f3ia e reabastece o grupo no Brahmasthan e foi formulado para matricular:<br \/>\n\u2013 20.000 alunos mais jovens sendo treinados nos vilarejos;<br \/>\n\u2013 10,000 alunos mais velhos sendo treinados em instala\u00e7\u00f5es residenciais.<br \/>\nO programa foi estabelecido para formar 1.200 a 1.500 Pandits todos os anos, de forma a garantir que o grupo principal tenha sempre mais de 9.000. <\/p>\n<\/div><\/div>\n<\/div>\n","protected":false},"excerpt":{"rendered":"<p>O nosso projeto inclui um grupo principal, ligado a um programa de treinamento que o forma e reabastece.<\/p>\n","protected":false},"author":3,"featured_media":196,"parent":5058,"menu_order":4,"comment_status":"open","ping_status":"closed","template":"","meta":{"om_disable_all_campaigns":false,"_monsterinsights_skip_tracking":false,"_monsterinsights_sitenote_active":false,"_monsterinsights_sitenote_note":"","_monsterinsights_sitenote_category":0,"footnotes":""},"class_list":["post-5071","page","type-page","status-publish","has-post-thumbnail","hentry"],"_links":{"self":[{"href":"https:\/\/donation.vedicpandits.org\/pt-br\/wp-json\/wp\/v2\/pages\/5071","targetHints":{"allow":["GET"]}}],"collection":[{"href":"https:\/\/donation.vedicpandits.org\/pt-br\/wp-json\/wp\/v2\/pages"}],"about":[{"href":"https:\/\/donation.vedicpandits.org\/pt-br\/wp-json\/wp\/v2\/types\/page"}],"author":[{"embeddable":true,"href":"https:\/\/donation.vedicpandits.org\/pt-br\/wp-json\/wp\/v2\/users\/3"}],"replies":[{"embeddable":true,"href":"https:\/\/donation.vedicpandits.org\/pt-br\/wp-json\/wp\/v2\/comments?post=5071"}],"version-history":[{"count":3,"href":"https:\/\/donation.vedicpandits.org\/pt-br\/wp-json\/wp\/v2\/pages\/5071\/revisions"}],"predecessor-version":[{"id":5074,"href":"https:\/\/donation.vedicpandits.org\/pt-br\/wp-json\/wp\/v2\/pages\/5071\/revisions\/5074"}],"up":[{"embeddable":true,"href":"https:\/\/donation.vedicpandits.org\/pt-br\/wp-json\/wp\/v2\/pages\/5058"}],"wp:featuredmedia":[{"embeddable":true,"href":"https:\/\/donation.vedicpandits.org\/pt-br\/wp-json\/wp\/v2\/media\/196"}],"wp:attachment":[{"href":"https:\/\/donation.vedicpandits.org\/pt-br\/wp-json\/wp\/v2\/media?parent=5071"}],"curies":[{"name":"wp","href":"https:\/\/api.w.org\/{rel}","templated":true}]}}