{"id":5075,"date":"2014-07-08T07:09:46","date_gmt":"2014-07-08T07:09:46","guid":{"rendered":"https:\/\/vedicpandits.org\/?page_id=5075"},"modified":"2018-08-17T09:53:22","modified_gmt":"2018-08-17T09:53:22","slug":"cost","status":"publish","type":"page","link":"https:\/\/donation.vedicpandits.org\/pt-br\/peace-creating-group\/cost\/","title":{"rendered":"Custo"},"content":{"rendered":"<h4>PAZ PERMANENTE POR UMA FRA\u00c7\u00c3O DO CUSTO DAS FOR\u00c7AS ARMADAS DA ATUALIDADE<\/h4>\n<p>O potencial da Iniciativa de Paz Global \u00e9 de ser o programa gerador de paz mais bem sucedido e custoefetivo dos tempos modernos. O custeio necess\u00e1rio para dotar todo o projeto permanentemente \u00e9 menor do que o valor gasto coletivamente pelas for\u00e7as armadas mundiais a cada seis horas, e menos da metade do custo de um bombardeiro B-2. Entretanto, apesar de min\u00fasculos se comparados aos or\u00e7amentos militares, os recursos necess\u00e1rios para o projeto s\u00e3o significativos. O apoio anual necess\u00e1rio para implementar plenamente a Iniciativa de Paz Global \u00e9 de US$ 45.5 milh\u00f5es. Esse custo anual total divide-se em duas partes:<\/p>\n<p>1. Apoio ao grupo de 9.000 Pandits V\u00e9dicos Maharishi no campus da \u00cdndia central;<\/p>\n<p>2. Apoio ao programa de treinamento de novos Pandits V\u00e9dicos Maharishi.<\/p>\n<p>J\u00e1 que as opera\u00e7\u00f5es do campus central e os programas de treinamento est\u00e3o em fase avan\u00e7ada de implementa\u00e7\u00e3o, os componentes dos custos or\u00e7ament\u00e1rios s\u00e3o bem conhecidos e est\u00e3o detalhados a seguir.<\/p>\n<div class=\"border-line\">&nbsp;<\/div>\n<div class=\"grid-holder grid-border-50\">\n<div class=\"grid grid-desktop-50 grid-mobile-100\"><div class=\"holder\"><p><img loading=\"lazy\" decoding=\"async\" src=\"\/wp-content\/uploads\/2014\/04\/2146-432.jpg\" alt=\"2146 - 432\" width=\"432\" height=\"253\" class=\"alignleft size-full wp-image-577\" srcset=\"https:\/\/donation.vedicpandits.org\/wp-content\/uploads\/2014\/04\/2146-432.jpg 432w, https:\/\/donation.vedicpandits.org\/wp-content\/uploads\/2014\/04\/2146-432-300x175.jpg 300w, https:\/\/donation.vedicpandits.org\/wp-content\/uploads\/2014\/04\/2146-432-430x253.jpg 430w\" sizes=\"auto, (max-width: 432px) 100vw, 432px\" \/><\/p>\n<h4>1.MANUTEN\u00c7\u00c3O DO GRUPO PRINCIPAL DE 9.000<\/h4>\n<p>US$ 250 por m\u00eas s\u00e3o suficientes para fornecer alojamento e pens\u00e3o completa, cuidados m\u00e9dicos, roupas, educa\u00e7\u00e3o continuada e especializada, acess\u00f3rios de treinamento, al\u00e9m de uma ajuda de custo modesta para cada Pandit e sua fam\u00edlia. Inclui-se nisso tamb\u00e9m manuten\u00e7\u00e3o, administra\u00e7\u00e3o e outras despesas feitas durante a estadia dele no Brahmasthan da \u00cdndia. Com a participa\u00e7\u00e3o de 9.000 Pandits V\u00e9dicos no projeto do campus, o custo total \u00e9 de US$ 27 milh\u00f5es ao ano. <\/p>\n<\/div><\/div>\n<div class=\"grid grid-desktop-50 grid-mobile-100\"><div class=\"holder\"><p><a href=\"\/wp-content\/uploads\/2014\/04\/9297-432.jpg\"><img loading=\"lazy\" decoding=\"async\" src=\"\/wp-content\/uploads\/2014\/04\/9297-432.jpg\" alt=\"9297 - 432\" width=\"432\" height=\"253\" class=\"alignleft size-full wp-image-579\" srcset=\"https:\/\/donation.vedicpandits.org\/wp-content\/uploads\/2014\/04\/9297-432.jpg 432w, https:\/\/donation.vedicpandits.org\/wp-content\/uploads\/2014\/04\/9297-432-300x175.jpg 300w, https:\/\/donation.vedicpandits.org\/wp-content\/uploads\/2014\/04\/9297-432-430x253.jpg 430w\" sizes=\"auto, (max-width: 432px) 100vw, 432px\" \/><\/a><\/p>\n<h4>2.O PROGRAMA DE TREINAMENTO DE PANDITS <\/h4>\n<p>A fim de garantir o fornecimento constante de Pandits V\u00e9dicos Maharishi ao grupo principal na \u00cdndia central, o programa de treinamento foi formulado para incluir: \u2013 20,000 alunos jovens nos seus vilarejos de resid\u00eancia, a um custo mensal de US$ 12 por aluno; \u2013 10,000 alunos mais velhos em centros residenciais de treinamento, a um custo mensal de US$ 130 por aluno. O custo anual do programa de treinamento \u00e9 de US$ 18.5 milh\u00f5es.<\/p>\n<\/div><\/div>\n<\/div>\n<h4 style=\"text-align: center; margin-top: 20px;\">O OR\u00c7AMENTO TOTAL<\/h4>\n<p style=\"text-align: center;\">O or\u00e7amento anual consolidado para o grupo principal e o programa de treinamento \u00e9 de US$ 45.5 milh\u00f5es.<\/p>\n<div class=\"border-line\">&nbsp;<\/div>\n<p style=\"text-align: center; color: #e07e27;\"><em>Se voc\u00ea quiser patrocinar um Pandit ou ajudar a custear o nosso projeto, clique abaixo<\/em><\/p>\n\t<p style=\"text-align: center\">\n\t\t<a href=\"https:\/\/donation.vedicpandits.org\/pt-br\/intermediary-donation-page\/\"   class=\"btn btn-large \" > > \n\t\t\tCONTRIBUA PARA O NOSSO PROJETO\t\t<\/a>\n\t<\/p>\n\n\t\n","protected":false},"excerpt":{"rendered":"<p>PAZ PERMANENTE POR UMA FRA\u00c7\u00c3O DO CUSTO DAS FOR\u00c7AS ARMADAS DA ATUALIDADE O potencial da Iniciativa de Paz Global \u00e9 de ser o programa gerador de paz mais bem sucedido e custoefetivo dos tempos modernos. O custeio necess\u00e1rio para dotar todo o projeto permanentemente \u00e9 menor do que o valor gasto coletivamente pelas for\u00e7as armadas [&hellip;]<\/p>\n","protected":false},"author":3,"featured_media":192,"parent":5058,"menu_order":5,"comment_status":"open","ping_status":"closed","template":"","meta":{"om_disable_all_campaigns":false,"_monsterinsights_skip_tracking":false,"_monsterinsights_sitenote_active":false,"_monsterinsights_sitenote_note":"","_monsterinsights_sitenote_category":0,"footnotes":""},"class_list":["post-5075","page","type-page","status-publish","has-post-thumbnail","hentry"],"_links":{"self":[{"href":"https:\/\/donation.vedicpandits.org\/pt-br\/wp-json\/wp\/v2\/pages\/5075","targetHints":{"allow":["GET"]}}],"collection":[{"href":"https:\/\/donation.vedicpandits.org\/pt-br\/wp-json\/wp\/v2\/pages"}],"about":[{"href":"https:\/\/donation.vedicpandits.org\/pt-br\/wp-json\/wp\/v2\/types\/page"}],"author":[{"embeddable":true,"href":"https:\/\/donation.vedicpandits.org\/pt-br\/wp-json\/wp\/v2\/users\/3"}],"replies":[{"embeddable":true,"href":"https:\/\/donation.vedicpandits.org\/pt-br\/wp-json\/wp\/v2\/comments?post=5075"}],"version-history":[{"count":4,"href":"https:\/\/donation.vedicpandits.org\/pt-br\/wp-json\/wp\/v2\/pages\/5075\/revisions"}],"predecessor-version":[{"id":15110,"href":"https:\/\/donation.vedicpandits.org\/pt-br\/wp-json\/wp\/v2\/pages\/5075\/revisions\/15110"}],"up":[{"embeddable":true,"href":"https:\/\/donation.vedicpandits.org\/pt-br\/wp-json\/wp\/v2\/pages\/5058"}],"wp:featuredmedia":[{"embeddable":true,"href":"https:\/\/donation.vedicpandits.org\/pt-br\/wp-json\/wp\/v2\/media\/192"}],"wp:attachment":[{"href":"https:\/\/donation.vedicpandits.org\/pt-br\/wp-json\/wp\/v2\/media?parent=5075"}],"curies":[{"name":"wp","href":"https:\/\/api.w.org\/{rel}","templated":true}]}}