{"id":5084,"date":"2014-07-08T07:10:00","date_gmt":"2014-07-08T07:10:00","guid":{"rendered":"https:\/\/vedicpandits.org\/?page_id=5084"},"modified":"2016-01-18T10:06:54","modified_gmt":"2016-01-18T10:06:54","slug":"yagya","status":"publish","type":"page","link":"https:\/\/donation.vedicpandits.org\/pt-br\/yagya\/","title":{"rendered":"Yagya"},"content":{"rendered":"<h4>Yagyas Maharishi<\/h4>\n<p>As doa\u00e7\u00f5es feitas para o grupo de Pandits V\u00e9dicos da \u00cdndia contribuem, ao mesmo tempo, para os desempenhos V\u00e9dicos especiais, chamados de Yagyas, que s\u00e3o feitos pelos Pandits. Esses Yagyas usam a ci\u00eancia do som para gerar m\u00faltiplos efeitos ben\u00e9ficos para o seu pa\u00eds Yagya Nacional e para voc\u00ea Yagya Especial.<\/p>\n<div class=\"border-line\">&nbsp;<\/div>\n<div class=\"grid-holder\">\n<div class=\"grid grid-desktop-50 grid-mobile-100\">\n<div class=\"holder button\"><a class=\"btn btn-large btn-full\" href=\"\/\/vedicpandits.org\/pt-br\/yagya\/national-yagya\/\"> &gt; Yagya Nacional<\/a><\/div>\n<\/div>\n<div class=\"grid grid-desktop-50 grid-mobile-100\">\n<div class=\"holder button\"><a class=\"btn btn-large btn-full \" href=\"\/\/vedicpandits.org\/pt-br\/yagya\/special-yagya\/\"> &gt; Yagya Especial <\/a><\/div>\n<\/div>\n<\/div>\n<p>&nbsp;<\/p>\n<div class=\"border-line\">&nbsp;<\/div>\n<h4>O QUE \u00c9 YAGYA?<\/h4>\n<p>Yagya \u00e9 uma tecnologia V\u00e9dica que, al\u00e9m de eficaz, tem sido honrada atrav\u00e9s dos tempos; o seu prop\u00f3sito \u00e9 prevenir problemas e aumentar o sucesso e a boa fortuna em todos os n\u00edveis. A tradi\u00e7\u00e3o da recita\u00e7\u00e3o V\u00e9dica foi declarada patrim\u00f4nio imaterial da humanidade pela UNESCO.<\/p>\n<div class=\"border-line\">&nbsp;<\/div>\n<div class=\"grid-holder\">\n<div class=\"grid grid-desktop-50 grid-mobile-100\"><div class=\"holder\"><h4>O QUE H\u00c1 DE ESPECIAL NOS YAGYAS MAHARISHI?<\/h4>\n<p>Maharishi Mahesh Yogi por muitos anos dedicou-se ao reavivamento sistem\u00e1tico e cuidadoso dos Yagyas, restaurando essa tecnologia antiga ao seu pleno poder. Ele reavivou a compreens\u00e3o crucial de que os Mantras V\u00e9dicos deveriam ser projetados da consci\u00eancia estabelecida no n\u00edvel Para (transcendental) da fala. Nesse n\u00edvel o elo entre som e forma \u2013 entre desejo e a realiza\u00e7\u00e3o do desejo \u2013 est\u00e1 intimamente conectado e \u00e9 imensamente poderoso. Maharishi definiu dois aspectos como sendo essenciais para a pr\u00e1tica correta dos Yagyas V\u00e9dicos:<\/p>\n<p>Primeiramente, atrav\u00e9s da sua pr\u00e1tica di\u00e1ria dos programas de MT e MT-Sidhi, os Pandits V\u00e9dicos Maharishi experimentam n\u00edveis profundamente aquietados da consci\u00eancia. O resultado \u00e9 o avivamento da fonte Transcendental da fala, antes da recita\u00e7\u00e3o e do desempenho do Yagya. Conseq\u00fcentemente, os Pandits desempenham os Yagyas a partir desse n\u00edvel aquietado da consci\u00eancia e, assim, engajam n\u00edveis mais profundos da lei natural.<\/p>\n<p>Em segundo lugar, os Pandits V\u00e9dicos Maharishi passam por um treinamento abrangente e singular. Por muitas d\u00e9cadas, Maharishi trabalhou de perto com os Pandits Mestres mais reverenciados de toda a \u00cdndia, a fim de refinar e instituir uma forma\u00e7\u00e3o educacional perfeita para os Pandits. Essa forma\u00e7\u00e3o garante que eles aprendam a pr\u00e1tica e a pron\u00fancia corretas, na sua plena efic\u00e1cia tradicional.<\/p>\n<p>\u00c9 por isso que os Yagyas Maharishi t\u00eam um efeito t\u00e3o poderoso e amplo.<\/p>\n<\/div><\/div>\n<div class=\"grid grid-desktop-50 grid-mobile-100\"><div class=\"holder\"><p><img loading=\"lazy\" decoding=\"async\" class=\"alignright size-full wp-image-261\" src=\"\/wp-content\/uploads\/2014\/04\/CHANTING-PANDIT-EYES-CLOSED432.jpg\" alt=\"CHANTING PANDIT EYES CLOSED432\" width=\"432\" height=\"516\" srcset=\"https:\/\/donation.vedicpandits.org\/wp-content\/uploads\/2014\/04\/CHANTING-PANDIT-EYES-CLOSED432.jpg 432w, https:\/\/donation.vedicpandits.org\/wp-content\/uploads\/2014\/04\/CHANTING-PANDIT-EYES-CLOSED432-251x300.jpg 251w, https:\/\/donation.vedicpandits.org\/wp-content\/uploads\/2014\/04\/CHANTING-PANDIT-EYES-CLOSED432-300x358.jpg 300w\" sizes=\"auto, (max-width: 432px) 100vw, 432px\" \/><\/p>\n<\/div><\/div>\n<\/div>\n","protected":false},"excerpt":{"rendered":"<p>Yagyas Maharishi As doa\u00e7\u00f5es feitas para o grupo de Pandits V\u00e9dicos da \u00cdndia contribuem, ao mesmo tempo, para os desempenhos V\u00e9dicos especiais, chamados de Yagyas, que s\u00e3o feitos pelos Pandits. Esses Yagyas usam a ci\u00eancia do som para gerar m\u00faltiplos efeitos ben\u00e9ficos para o seu pa\u00eds Yagya Nacional e para voc\u00ea Yagya Especial. &gt; Yagya [&hellip;]<\/p>\n","protected":false},"author":3,"featured_media":183,"parent":0,"menu_order":0,"comment_status":"open","ping_status":"closed","template":"","meta":{"om_disable_all_campaigns":false,"_monsterinsights_skip_tracking":false,"_monsterinsights_sitenote_active":false,"_monsterinsights_sitenote_note":"","_monsterinsights_sitenote_category":0,"footnotes":""},"class_list":["post-5084","page","type-page","status-publish","has-post-thumbnail","hentry"],"_links":{"self":[{"href":"https:\/\/donation.vedicpandits.org\/pt-br\/wp-json\/wp\/v2\/pages\/5084","targetHints":{"allow":["GET"]}}],"collection":[{"href":"https:\/\/donation.vedicpandits.org\/pt-br\/wp-json\/wp\/v2\/pages"}],"about":[{"href":"https:\/\/donation.vedicpandits.org\/pt-br\/wp-json\/wp\/v2\/types\/page"}],"author":[{"embeddable":true,"href":"https:\/\/donation.vedicpandits.org\/pt-br\/wp-json\/wp\/v2\/users\/3"}],"replies":[{"embeddable":true,"href":"https:\/\/donation.vedicpandits.org\/pt-br\/wp-json\/wp\/v2\/comments?post=5084"}],"version-history":[{"count":4,"href":"https:\/\/donation.vedicpandits.org\/pt-br\/wp-json\/wp\/v2\/pages\/5084\/revisions"}],"predecessor-version":[{"id":7889,"href":"https:\/\/donation.vedicpandits.org\/pt-br\/wp-json\/wp\/v2\/pages\/5084\/revisions\/7889"}],"wp:featuredmedia":[{"embeddable":true,"href":"https:\/\/donation.vedicpandits.org\/pt-br\/wp-json\/wp\/v2\/media\/183"}],"wp:attachment":[{"href":"https:\/\/donation.vedicpandits.org\/pt-br\/wp-json\/wp\/v2\/media?parent=5084"}],"curies":[{"name":"wp","href":"https:\/\/api.w.org\/{rel}","templated":true}]}}