{"id":5186,"date":"2014-04-08T11:28:21","date_gmt":"2014-04-08T11:28:21","guid":{"rendered":"https:\/\/vedicpandits.org\/?page_id=5186"},"modified":"2023-02-17T16:06:51","modified_gmt":"2023-02-17T16:06:51","slug":"newsletter","status":"publish","type":"page","link":"https:\/\/donation.vedicpandits.org\/pt-br\/contact\/newsletter\/","title":{"rendered":"Newsletter"},"content":{"rendered":"<div class=\"grid-holder grid-border-50\">\n<div class=\"grid grid-desktop-50 grid-mobile-100\"><div class=\"holder\"><h4>RECEBA ATUALIZA\u00c7\u00d5ES REGULARES<\/h4>\n<p>Ser\u00e1 uma satisfa\u00e7\u00e3o enviar-lhe informa\u00e7\u00f5es mensais sobre o progresso do nosso projeto dos Pandits V\u00e9dicos Maharishi no Brahmasthan da \u00cdndia. Esteja a par das \u00faltimas not\u00edcias e desenvolvimentos atrav\u00e9s dos boletins do Raja Harris Kaplan, diretor executivo do Fundo Fiduci\u00e1rio Brahmananda Saraswati.<\/p>\n<blockquote>\n<p>Respeitamos a privacidade eletr\u00f4nica e n\u00e3o fornecemos o seu endere\u00e7o sob nenhuma circunst\u00e2ncia. <a  href=\"https:\/\/donation.vedicpandits.org\/privacy\/\">Clique aqui para acessar as nossas Pol\u00edticas de Privacidade. <\/a><\/p>\n<\/blockquote>\n<p style=\"text-align: center\"><a href=\"#form-newsletter\" class=\"btn btn-large btn-pop-up\">&gt; Fa\u00e7a a sua assinatura<\/a><\/p>\n<\/div><\/div>\n<div class=\"grid grid-desktop-50 grid-mobile-100\"><div class=\"holder\"><h4>RECEBA ATUALIZA\u00c7\u00d5ES REGULARES EM PORTUGU\u00caS <\/h4>\n<p>Se voc\u00ea quiser receber boletins em portugu\u00eas, por favor envie um e-mail diretamente ao seu embaixador local. Clique em &#8216;Enviar um e-mail&#8217;. Assim, o endere\u00e7o de e-mail do seu embaixador ser\u00e1 exibido em um e-mail.<\/p>\n<p><a href = \"mailto:yagyasbrasil@vedicpandits.org?subject=RECEBA ATUALIZA\u00c7\u00d5ES REGULARES EM PORTUGU\u00caS&#038;body=\">Enviar um e-mail<\/a><\/p>\n<\/div><\/div>\n<\/div>\n<div class=\"border-line\">&nbsp;<\/div>\n","protected":false},"excerpt":{"rendered":"","protected":false},"author":3,"featured_media":16895,"parent":5182,"menu_order":1,"comment_status":"open","ping_status":"closed","template":"template-newsletter.php","meta":{"om_disable_all_campaigns":false,"_monsterinsights_skip_tracking":false,"_monsterinsights_sitenote_active":false,"_monsterinsights_sitenote_note":"","_monsterinsights_sitenote_category":0,"footnotes":""},"class_list":["post-5186","page","type-page","status-publish","has-post-thumbnail","hentry"],"_links":{"self":[{"href":"https:\/\/donation.vedicpandits.org\/pt-br\/wp-json\/wp\/v2\/pages\/5186","targetHints":{"allow":["GET"]}}],"collection":[{"href":"https:\/\/donation.vedicpandits.org\/pt-br\/wp-json\/wp\/v2\/pages"}],"about":[{"href":"https:\/\/donation.vedicpandits.org\/pt-br\/wp-json\/wp\/v2\/types\/page"}],"author":[{"embeddable":true,"href":"https:\/\/donation.vedicpandits.org\/pt-br\/wp-json\/wp\/v2\/users\/3"}],"replies":[{"embeddable":true,"href":"https:\/\/donation.vedicpandits.org\/pt-br\/wp-json\/wp\/v2\/comments?post=5186"}],"version-history":[{"count":68,"href":"https:\/\/donation.vedicpandits.org\/pt-br\/wp-json\/wp\/v2\/pages\/5186\/revisions"}],"predecessor-version":[{"id":52481,"href":"https:\/\/donation.vedicpandits.org\/pt-br\/wp-json\/wp\/v2\/pages\/5186\/revisions\/52481"}],"up":[{"embeddable":true,"href":"https:\/\/donation.vedicpandits.org\/pt-br\/wp-json\/wp\/v2\/pages\/5182"}],"wp:featuredmedia":[{"embeddable":true,"href":"https:\/\/donation.vedicpandits.org\/pt-br\/wp-json\/wp\/v2\/media\/16895"}],"wp:attachment":[{"href":"https:\/\/donation.vedicpandits.org\/pt-br\/wp-json\/wp\/v2\/media?parent=5186"}],"curies":[{"name":"wp","href":"https:\/\/api.w.org\/{rel}","templated":true}]}}