{"id":5200,"date":"2014-07-10T12:36:56","date_gmt":"2014-07-10T12:36:56","guid":{"rendered":"https:\/\/vedicpandits.org\/?page_id=5200"},"modified":"2023-07-18T15:34:56","modified_gmt":"2023-07-18T15:34:56","slug":"faq","status":"publish","type":"page","link":"https:\/\/donation.vedicpandits.org\/pt-br\/contact\/faq\/","title":{"rendered":"Perguntas Frequentes"},"content":{"rendered":"<h5>RELATIVAMENTE AOS PANDITS V\u00c9DICOS MAHARISHI<\/h5>\n<div class=\"faqstyle\"><em>PORQUE ESTE GRUPO \u00c9 COMPOSTO SOMENTE DE PANDITS V\u00c9DICOS MAHARISHI?<\/em><br \/>\nAs pesquisas cient\u00edficas t\u00eam demonstrado que grupos de pessoas de todas as proveni\u00eancias, praticando o V\u00f4o I\u00f3guico juntas, podem produzir uma influ\u00eancia poderosa de paz. Entretanto, a manuten\u00e7\u00e3o da harmonia na sociedade \u00e9 a ocupa\u00e7\u00e3o tradicional dos Pandits V\u00e9dicos Maharishi. Eles o fazem n\u00e3o s\u00f3 atrav\u00e9s da sua participa\u00e7\u00e3o em longas sess\u00f5es de medita\u00e7\u00e3o e V\u00f4o I\u00f3guico, como tamb\u00e9m pela execu\u00e7\u00e3o de Yagyas espec\u00edficos para a paz. O desempenho di\u00e1rio desses Yagyas gera uma influ\u00eancia de paz poderosa e est\u00e1vel, poss\u00edvel somente aos Pandits V\u00e9dicos Maharishi.\n<\/div>\n<div class=\"faqstyle\"><em>QUAL \u00c9 A DIFEREN\u00c7A ENTRE PANDITS V\u00c9DICOS E PANDITS V\u00c9DICOS MAHARISHI?<\/em><br \/>\nPrimeiramente, os Pandits V\u00e9dicos Maharishi praticam os programas de Medita\u00e7\u00e3o Transcendental e de MT-Sidhi, incluindo o V\u00f4o I\u00f3guico. Essas t\u00e9cnicas levam \u00e0 experi\u00eancia direta da consci\u00eancia transcendental pura, que \u00e9 a base de todo o conhecimento V\u00e9dico. <\/p>\n<p>Como resultado da sua medita\u00e7\u00e3o di\u00e1ria, os Pandits V\u00e9dicos Maharishi desempenham os Yagyas a partir de um n\u00edvel mais aquietado da consci\u00eancia. Eles empregam n\u00edveis mais profundos da lei natural, de forma que os Yagyas tenham um efeito mais poderoso. Al\u00e9m disso, por d\u00e9cadas Maharishi trabalhou estreitamente com os Pandits Mestres mais reverenciados, para restaurar o treinamento dos Pandits V\u00e9dicos de tal forma que eles pudessem aprender a pron\u00fancia e a pr\u00e1tica corretas na sua plena efetividade tradicional. <\/p>\n<p>Frequentemente, os visitantes comentam sobre a lentid\u00e3o e a suavidade com que os Pandits V\u00e9dicos Maharishi recitam. Isso confere uma integridade vital aos sons V\u00e9dicos, \u00e0 medida que eles reverberam pelo ambiente.\n<\/p><\/div>\n<div class=\"faqstyle\">\n<em>H\u00c1 QUANTOS PANDITS V\u00c9DICOS MAHARISHI AGORA?<\/em><br \/>\nAproximadamente 2.000 Pandits V\u00e9dicos Maharishi formam o grupo do campus do Brahmasthan da \u00cdndia. Mais de 3.000 aspirantes avan\u00e7ados a Pandits vivem em 26 centros de treinamento residenciais em toda a \u00cdndia.\n<\/div>\n<div class=\"faqstyle\">\n<em>O QUE \u00c9 VEDA?<\/em><br \/>\nVeda significa conhecimento. Muito mais do que livros antigos, Maharishi explicou que Veda \u00e9 o conhecimento e o poder organizador que existe na base da cria\u00e7\u00e3o inteira e que a governa. O Veda cont\u00e9m o conhecimento de como conduzir a vida humana para alcan\u00e7ar o seu estado mais realizado e sublime \u2013 o estado de ilumina\u00e7\u00e3o.\n<\/div>\n<div class=\"faqstyle\">\n<em>O QUE \u00c9 V\u00d4O I\u00d3GUICO?<\/em><br \/>\nO v\u00f4o i\u00f3guico faz parte do programa avan\u00e7ado de MT-Sidhi. No n\u00edvel individual, o v\u00f4o i\u00f3guico integra a coer\u00eancia silenciosa \u2013 encontrada no c\u00e9rebro durante a medita\u00e7\u00e3o profunda \u2013 \u00e0 atividade din\u00e2mica, ajudando, assim, a desenvolver estados mais elevados de consci\u00eancia. No n\u00edvel da sociedade, j\u00e1 foi demonstrado que grupos de voadores i\u00f3guicos praticando juntos espalham uma influ\u00eancia de coer\u00eancia e harmonia entre a popula\u00e7\u00e3o \u00e0 sua volta. Esse efeito forma a base da Iniciativa de Paz Global.\n<\/div>\n<div class=\"faqstyle\">\n<em>QUAIS S\u00c3O AS ATIVIDADES DOS PANDITS V\u00c9DICOS MAHARISHI?<\/em><br \/>\nMaharishi formulou um programa di\u00e1rio para eles que inclui levantar cedo, fazer medita\u00e7\u00e3o e v\u00f4o em grupo, os desempenhos de Yagyas Maharishi, refei\u00e7\u00f5es em grupo e um pouco de recrea\u00e7\u00e3o.\n<\/div>\n<div class=\"faqstyle\">\n<em>PORQUE O BRAHAMASTHAN DA \u00cdNDIA?<\/em><br \/>\nBrahmasthan refere-se ao ponto central de uma \u00e1rea habit\u00e1vel, como uma casa, cidade ou pa\u00eds. Maharishi indicou que, para produzir o maior efeito de paz poss\u00edvel, um grupo de voadores i\u00f3guicos deveria estar localizado no Brahmasthan de um pa\u00eds. Por essa raz\u00e3o, o campus principal dos Pandits V\u00e9dicos Maharishi localiza-se no Brahmasthan da \u00cdndia, pr\u00f3ximo a Jabalpur, em Madhya Pradesh.\n<\/div>\n<div class=\"faqstyle\">\n<em>O QUE ACONTECER\u00c1 QUANDO FOR ALCAN\u00c7ADA A META DE 9.000 PANDITS V\u00c9DICOS MAHARISHI?<\/em><br \/>\nCelebraremos. Teremos alcan\u00e7ado uma nova era de paz no mundo. Mas porque sempre h\u00e1 espa\u00e7o para maior progresso, o Fundo Fiduci\u00e1rio e a Funda\u00e7\u00e3o continuar\u00e3o a aumentar os n\u00fameros de Pandits  praticando o v\u00f4o i\u00f3guico em grupo e desempenhando Yagyas na \u00cdndia. Assim, uma influ\u00eancia ainda maior de paz e coer\u00eancia ser\u00e1 criada no mundo todo.\n<\/div>\n<div class=\"faqstyle\">\n<em>COMO POSSO MANTER-ME ATUALIZADO SOBRE O PROGRESSO DO GRUPO DE PANDITS?<\/em><br \/>\nA melhor maneira \u00e9 simplesmente fazer uma assinatura do boletim, que \u00e9 gratuito. O Dr. Harris Kaplan, diretor executivo do Fundo Fiduci\u00e1rio Brahmananda Saraswati, envia um e-mail de uma p\u00e1gina para os assinantes, todos os meses. Ao tornar-se um doador atrav\u00e9s deste website, voc\u00ea receber\u00e1 esses boletins automaticamente.<\/p>\n<p>Voc\u00ea tamb\u00e9m pode entrar em contato com o seu \u201cembaixador do Fundo Fiduci\u00e1rio Brahmananda Saraswati\u201d e pedir para ser mantido atualizado sobre quaisquer iniciativas no seu pr\u00f3prio pa\u00eds.\n<\/p><\/div>\n<div class=\"faqstyle\">\n<em>POSSO APOIAR S\u00d3 UM PANDIT V\u00c9DICO MAHARISHI?<\/em><br \/>\nEncorajamos a todos que prestem apoio aos Pandits atrav\u00e9s de contribui\u00e7\u00f5es mensais. Voc\u00ea pode escolher entre o apoio pleno para um Pandit ou uma fra\u00e7\u00e3o daquele valor. O total do patroc\u00ednio para um Pandit V\u00e9dico Maharishi \u00e9 de US$ 250 mensais. Isso inclui alojamento, pens\u00e3o completa, sal\u00e1rio, custos administrativos, suprimentos para Yagyas e despesas suplementares. Entretanto, com o prop\u00f3sito de permitir aos Pandits que coloquem aten\u00e7\u00e3o nas suas responsabilidades di\u00e1rias, n\u00e3o h\u00e1 como estabelecer um relacionamento pessoal direto dentre o doador e cada Pandit individualmente.\n<\/div>\n<h5 style=\"margin-top:30px;\">RELATIVAMENTE A DOA\u00c7\u00d5ES E FINAN\u00c7AS<\/h5>\n<div class=\"faqstyle\">\n<em>QUAL \u00c9 A DIFEREN\u00c7A ENTRE DOAR PARA UM YAGYA MAHARISHI NACIONAL E DOAR PARA OS PANDITS V\u00c9DICOS MAHARISHI?<\/em><br \/>\nTodas as doa\u00e7\u00f5es feitas aos Pandits V\u00e9dicos Maharishi automaticamente contam para o programa de Yagyas Nacionais.\n<\/div>\n<div class=\"faqstyle\">\n<em>A MINHA DOA\u00c7\u00c3O \u00c9 DEDUT\u00cdVEL DO IMPOSTO DE RENDA?<\/em><br \/>\nPara doadores da Uni\u00e3o Europ\u00e9ia (UE): o Stichting Fundo Fiduci\u00e1rio Brahmananda Saraswati (Pa\u00edses Baixos) tem o status de uma ANBI (Institui\u00e7\u00e3o Destinada ao Bem Comum). Portanto, as doa\u00e7\u00f5es feitas ao Fundo s\u00e3o dedut\u00edveis para residentes holandeses, e agora tamb\u00e9m para os que forem origin\u00e1rios de outros pa\u00edses da UE. Entretanto, nem todos os pa\u00edses da UE implementaram a dedutibilidade de impostos para doa\u00e7\u00f5es feitas a institui\u00e7\u00f5es estrangeiras. Portanto, para outros pa\u00edses da UE que n\u00e3o os Pa\u00edses Baixos, consulte o seu embaixador.<br \/>\nPara doadores dos EUA: a Funda\u00e7\u00e3o Brahmananda Saraswati (EUA) encaixa-se na Se\u00e7\u00e3o 501(c)(3) do C\u00f3digo do Imposto de Renda e as doa\u00e7\u00f5es s\u00e3o dedut\u00edveis do imposto de renda para contribuintes americanos.<br \/>\nPara todos os outros pa\u00edses: algumas institui\u00e7\u00f5es beneficentes conferem o status de dedu\u00e7\u00e3o do imposto de renda para doa\u00e7\u00f5es aos Pandits V\u00e9dicos Maharishi. Inclu\u00eddas nessa categoria est\u00e3o institui\u00e7\u00f5es no Reino Unido, Canad\u00e1 e Nova Zel\u00e2ndia. Clique no nome do pa\u00eds para saber mais sobre como doar atrav\u00e9s da sua organiza\u00e7\u00e3o nacional. Mesmo que o seu pa\u00eds n\u00e3o esteja na lista acima dos que oferecem benef\u00edcios fiscais, voc\u00ea ainda pode apoiar os Pandits V\u00e9dicos Maharishi de qualquer pa\u00eds do mundo, fazendo doa\u00e7\u00f5es online ao Fundo Fiduci\u00e1rio e a Funda\u00e7\u00e3o Brahmananda Saraswati.\n<\/div>\n<div class=\"faqstyle\">\n<em>PORQUE \u00c9 T\u00c3O IMPORTANTE DOAR REGULARMENTE?<\/em><br \/>\nRecebemos doa\u00e7\u00f5es \u00fanicas com satisfa\u00e7\u00e3o, elas s\u00e3o sempre \u00fateis. Entretanto, j\u00e1 que os Pandits V\u00e9dicos Maharishi s\u00e3o contratados para seguir uma carreira no campus do Brahmasthan, uma vez que os contratemos, queremos que eles sintam confian\u00e7a de que receber\u00e3o apoio fidedigno e regular. Ent\u00e3o, encorajamos os nossos patrocinadores a fazerem doa\u00e7\u00f5es mensais regulares para, assim, criarem uma base est\u00e1vel de doa\u00e7\u00f5es para que seja criado o grupo de 9.000.\n<\/div>\n<div class=\"faqstyle\">\n<em>QUE PORCENTAGEM DAS MINHAS DOA\u00c7\u00d5ES \u00c9 DIRECIONADA AO APOIO AOS PANDITS V\u00c9DICOS?<\/em><br \/>\nMais de 90% das doa\u00e7\u00f5es regulares v\u00e3o para a \u00cdndia, na forma de apoio aos Pandits V\u00e9dicos Maharishi. Menos de 10% s\u00e3o usados para cobrir custos administrativos, de transfer\u00eancias banc\u00e1rias e de cart\u00e3o de cr\u00e9dito. Valores abaixo de 10% s\u00e3o considerados baixos entre organiza\u00e7\u00f5es de capta\u00e7\u00e3o de recursos.\n<\/div>\n<div class=\"faqstyle\">\n<em>QUANTOS PA\u00cdSES DOAM PARA OS PANDITS V\u00c9DICOS MAHARISHI?<\/em><br \/>\nDoadores de mais de 100 pa\u00edses ap\u00f3iam os Pandits V\u00e9dicos Maharishi.\n<\/div>\n<div class=\"faqstyle\">\n<em>Como \u00e9 administrado o Fundo de Dota\u00e7\u00e3o?<\/em><br \/>\nDoa\u00e7\u00f5es feitas para o Fundo de Dota\u00e7\u00e3o n\u00e3o v\u00e3o para a \u00cdndia, s\u00e3o investidas. Somente a renda dos investimentos \u00e9 usada para apoiar os Pandits, para que o Fundo de Dota\u00e7\u00e3o n\u00e3o seja esgotado. O Comit\u00e9 de Investimentos BSF e BST \u00e9 gerido por um grupo de administradores experientes de diferentes neg\u00f3cios e institui\u00e7\u00f5es financeiras. <a href=\"https:\/\/donation.vedicpandits.org\/pt-br\/about-us\/#brinvestment_committee\" rel=\"noopener\" target=\"_blank\">Clique aqui<\/a> para ver o Comit\u00ea de Investimentos.\n<\/div>\n","protected":false},"excerpt":{"rendered":"<p>RELATIVAMENTE AOS PANDITS V\u00c9DICOS MAHARISHI PORQUE ESTE GRUPO \u00c9 COMPOSTO SOMENTE DE PANDITS V\u00c9DICOS MAHARISHI? As pesquisas cient\u00edficas t\u00eam demonstrado que grupos de pessoas de todas as proveni\u00eancias, praticando o V\u00f4o I\u00f3guico juntas, podem produzir uma influ\u00eancia poderosa de paz. Entretanto, a manuten\u00e7\u00e3o da harmonia na sociedade \u00e9 a ocupa\u00e7\u00e3o tradicional dos Pandits V\u00e9dicos Maharishi. [&hellip;]<\/p>\n","protected":false},"author":3,"featured_media":165,"parent":5182,"menu_order":0,"comment_status":"open","ping_status":"closed","template":"","meta":{"om_disable_all_campaigns":false,"_monsterinsights_skip_tracking":false,"_monsterinsights_sitenote_active":false,"_monsterinsights_sitenote_note":"","_monsterinsights_sitenote_category":0,"footnotes":""},"class_list":["post-5200","page","type-page","status-publish","has-post-thumbnail","hentry"],"_links":{"self":[{"href":"https:\/\/donation.vedicpandits.org\/pt-br\/wp-json\/wp\/v2\/pages\/5200","targetHints":{"allow":["GET"]}}],"collection":[{"href":"https:\/\/donation.vedicpandits.org\/pt-br\/wp-json\/wp\/v2\/pages"}],"about":[{"href":"https:\/\/donation.vedicpandits.org\/pt-br\/wp-json\/wp\/v2\/types\/page"}],"author":[{"embeddable":true,"href":"https:\/\/donation.vedicpandits.org\/pt-br\/wp-json\/wp\/v2\/users\/3"}],"replies":[{"embeddable":true,"href":"https:\/\/donation.vedicpandits.org\/pt-br\/wp-json\/wp\/v2\/comments?post=5200"}],"version-history":[{"count":9,"href":"https:\/\/donation.vedicpandits.org\/pt-br\/wp-json\/wp\/v2\/pages\/5200\/revisions"}],"predecessor-version":[{"id":78810,"href":"https:\/\/donation.vedicpandits.org\/pt-br\/wp-json\/wp\/v2\/pages\/5200\/revisions\/78810"}],"up":[{"embeddable":true,"href":"https:\/\/donation.vedicpandits.org\/pt-br\/wp-json\/wp\/v2\/pages\/5182"}],"wp:featuredmedia":[{"embeddable":true,"href":"https:\/\/donation.vedicpandits.org\/pt-br\/wp-json\/wp\/v2\/media\/165"}],"wp:attachment":[{"href":"https:\/\/donation.vedicpandits.org\/pt-br\/wp-json\/wp\/v2\/media?parent=5200"}],"curies":[{"name":"wp","href":"https:\/\/api.w.org\/{rel}","templated":true}]}}