{"id":5205,"date":"2015-07-11T10:43:55","date_gmt":"2015-07-11T10:43:55","guid":{"rendered":"https:\/\/vedicpandits.org\/?page_id=5205"},"modified":"2018-08-17T09:50:52","modified_gmt":"2018-08-17T09:50:52","slug":"intermediary-donation-page","status":"publish","type":"page","link":"https:\/\/donation.vedicpandits.org\/pt-br\/intermediary-donation-page\/","title":{"rendered":"doar"},"content":{"rendered":"<h2 style=\"margin-bottom: 30px; color: white; background: none repeat scroll 0 0 #e37d22; font-size: 17px; text-align: center; padding-top: 10px;\">O SEU APOIO AOS GRUPOS DE PANDITS V\u00c9DICOS MAHARISHI<br \/>\nGERA UMA INFLU\u00caNCIA PODEROSA DE PAZ NO MUNDO<\/h2>\n<div class=\"grid grid-desktop-30 grid-mobile-100\">\n<div class=\"holder\"><img loading=\"lazy\" decoding=\"async\" class=\"alignleft size-full wp-image-2490\" src=\"\/wp-content\/uploads\/2015\/03\/photo_pandit_donatepage1.jpg\" alt=\"photo_pandit_donatepage\" width=\"234\" height=\"284\" \/><\/div>\n<\/div>\n<div class=\"grid grid-desktop-70 grid-mobile-100\">\n<div class=\"holder\">\n<p>Veja abaixo como prosseguir para a p\u00e1gina de doa\u00e7\u00f5es, onde voc\u00ea poder\u00e1 fazer sua doa\u00e7\u00e3o online para os Pandits V\u00e9dicos Maharishi (em d\u00f3lares americanos ou em sua pr\u00f3pria moeda). As doa\u00e7\u00f5es podem ser feitas via cart\u00e3o de cr\u00e9dito ou PayPal. A p\u00e1gina de doa\u00e7\u00f5es est\u00e1 toda em ingl\u00eas.<\/p>\n<p style=\"text-align: center;\"><a class=\"btn btn-large\" href=\"https:\/\/aro.vedicpandits.org\/donate\">&gt; PROSSIGA PARA A P\u00c1GINA DE DOA\u00c7\u00d5ES<\/a><\/p>\n<p>&nbsp;<br \/>\n&nbsp;<br \/>\n&nbsp;<br \/>\n&nbsp;<br \/>\n&nbsp;<br \/>\n&nbsp;<\/p>\n<h4>Abaixo, voc\u00ea pode doar em euros.<\/h4>\n<p>Para fazer suas doa\u00e7\u00f5es por meio de transfer\u00eancias para o Fundo Fiduci\u00e1rio Brahmananda Saraswati em Euros, opte por d\u00e9bitos banc\u00e1rios autom\u00e1ticos ou por pagamentos regulares via PayPal.<\/p>\n<p>Caso opte por fazer suas doa\u00e7\u00f5es via PayPal, envie as suas transfer\u00eancias para<br \/>\nBST108@maharishi.net<\/p>\n<p>No caso de transfer\u00eancias banc\u00e1rias, solicitamos que use as seguintes informa\u00e7\u00f5es:<\/p>\n<div class=\"grid-holder\">\n<div class=\"grid grid-desktop-50 grid-mobile-100\"><div class=\"holder\"><p>Informa\u00e7\u00f5es banc\u00e1rias:<\/p>\n<p>ING Bank, Roermond, The Netherlands<br \/>\nSwift Code\/BIC: INGBNL2A<br \/>\nAccount Name: BST<br \/>\nIBAN: NL74 INGB 0659 6208 04<br \/>\nAccount Number: 65.96.20.804<\/p>\n<\/div><\/div>\n<div class=\"grid grid-desktop-50 grid-mobile-100\"><div class=\"holder\"><p>Endere\u00e7o do Benefici\u00e1rio:<\/p>\n<p>Station 24<br \/>\n6063NP Vlodrop<br \/>\nThe Netherlands<\/p>\n<\/div><\/div>\n<\/div>\n<p>&nbsp;<\/p>\n<\/div>\n<\/div>\n","protected":false},"excerpt":{"rendered":"<p>O SEU APOIO AOS GRUPOS DE PANDITS V\u00c9DICOS MAHARISHI GERA UMA INFLU\u00caNCIA PODEROSA DE PAZ NO MUNDO Veja abaixo como prosseguir para a p\u00e1gina de doa\u00e7\u00f5es, onde voc\u00ea poder\u00e1 fazer sua doa\u00e7\u00e3o online para os Pandits V\u00e9dicos Maharishi (em d\u00f3lares americanos ou em sua pr\u00f3pria moeda). As doa\u00e7\u00f5es podem ser feitas via cart\u00e3o de cr\u00e9dito [&hellip;]<\/p>\n","protected":false},"author":3,"featured_media":0,"parent":0,"menu_order":0,"comment_status":"closed","ping_status":"closed","template":"","meta":{"om_disable_all_campaigns":false,"_monsterinsights_skip_tracking":false,"_monsterinsights_sitenote_active":false,"_monsterinsights_sitenote_note":"","_monsterinsights_sitenote_category":0,"footnotes":""},"class_list":["post-5205","page","type-page","status-publish","hentry"],"_links":{"self":[{"href":"https:\/\/donation.vedicpandits.org\/pt-br\/wp-json\/wp\/v2\/pages\/5205","targetHints":{"allow":["GET"]}}],"collection":[{"href":"https:\/\/donation.vedicpandits.org\/pt-br\/wp-json\/wp\/v2\/pages"}],"about":[{"href":"https:\/\/donation.vedicpandits.org\/pt-br\/wp-json\/wp\/v2\/types\/page"}],"author":[{"embeddable":true,"href":"https:\/\/donation.vedicpandits.org\/pt-br\/wp-json\/wp\/v2\/users\/3"}],"replies":[{"embeddable":true,"href":"https:\/\/donation.vedicpandits.org\/pt-br\/wp-json\/wp\/v2\/comments?post=5205"}],"version-history":[{"count":16,"href":"https:\/\/donation.vedicpandits.org\/pt-br\/wp-json\/wp\/v2\/pages\/5205\/revisions"}],"predecessor-version":[{"id":15109,"href":"https:\/\/donation.vedicpandits.org\/pt-br\/wp-json\/wp\/v2\/pages\/5205\/revisions\/15109"}],"wp:attachment":[{"href":"https:\/\/donation.vedicpandits.org\/pt-br\/wp-json\/wp\/v2\/media?parent=5205"}],"curies":[{"name":"wp","href":"https:\/\/api.w.org\/{rel}","templated":true}]}}