{"id":20279,"date":"2017-10-30T18:04:03","date_gmt":"2017-10-30T18:04:03","guid":{"rendered":"https:\/\/vedicpandits.org\/letters-for-newcomers\/"},"modified":"2019-01-09T16:20:17","modified_gmt":"2019-01-09T16:20:17","slug":"letters-for-newcomers","status":"publish","type":"page","link":"https:\/\/donation.vedicpandits.org\/pt-pt\/letters-for-newcomers\/","title":{"rendered":"Letters for Newcomers"},"content":{"rendered":"<h1 style=\"text-align: center;\">INICIATIVA DA PAZ GLOBAL &#8211; PORTFOLIO INFORMATIVO INTRODUT\u00d3RIO<\/h1>\n<div class=\"grid-holder\">\n<div class=\"grid grid-desktop-50 grid-mobile-100\"><div class=\"holder\"><p>UM V\u00cdDEO CURTO<br \/>\nEm apenas quatorze minutos, voc\u00ea ver\u00e1 como a Medita\u00e7\u00e3o Transcendental e suas t\u00e9cnicas avan\u00e7adas podem efetivamente criar a paz. Um v\u00eddeo curto e animado explica de forma simples e clara, com anima\u00e7\u00f5es e exemplos, os passos para alcan\u00e7ar a paz mundial, incluindo pesquisas cient\u00edficas. <\/p>\n<p><!--Welcome to the Global Peace Initiative. Our Newcomer letter series is a sequence of letters from 1 to 8. Let us start with  the initial letter that lays the foundation for the 14 minute introductory GPI video. Please view the letter and the video using the links on the right.\n\nThis 14-minute video starts with the individual experience of coherent brain functioning as takes place during Transcendental Meditation, extends this to the group effect, and then explains how this is a basis for the Global Peace Initiative. As it is science-based, this video is ideal for anyone who practises Transcendental Meditation, from newcomers to long-termers. --><\/p>\n<\/div><\/div>\n<div class=\"grid grid-desktop-50 grid-mobile-100\"><div class=\"holder\">\t<a href=\"https:\/\/donation.vedicpandits.org\/pt-pt\/letters-for-newcomers\/?image_video=https%3A%2F%2Fwww.youtube.com%2Fwatch%3Fv%3D2DXqmQsUFU8%3Frel%3D0\" class=\"video-link \"><img decoding=\"async\" class=\"alignnone size-full wp-image-285\" src=\"https:\/\/donation.vedicpandits.org\/wp-content\/uploads\/2019\/01\/header-portuguese-01.jpg\" alt=\"landscape format of blue globe with pandits\" width=\"912\" \/><\/a>\n\n\t\n<p>Clique na imagem para assistir um v\u00eddeo introdut\u00f3rio de 14 minutos.<br \/>\n<!--The introductory GPI video was created to offer a simple pr\u00e9cis or snap-shot of the peace project.--><\/p>\n<p><a href=\"https:\/\/us7.campaign-archive.com\/?e=&#038;u=0cc687d83ddcd228ddb1e46aa&#038;id=0b9827e83e\" rel=\"noopener\" target=\"_blank\">Leia uma carta introdut\u00f3ria.<\/a><br \/>\n\t<a href=\"https:\/\/donation.vedicpandits.org\/pt-pt\/letters-for-newcomers\/?image_video=https%3A%2F%2Fwww.youtube.com%2Fwatch%3Fv%3D2DXqmQsUFU8%3Frel%3D0\" class=\"video-link no-pointer\"><em> Assistir um v\u00eddeo.<\/em><\/a>\n\n\t\n<\/div><\/div>\n<\/div>\n<div class=\"border-line\">&nbsp;<\/div>\n<div class=\"grid-holder\">\n<div class=\"grid grid-desktop-50 grid-mobile-100\"><div class=\"holder\"><p><img loading=\"lazy\" decoding=\"async\" src=\"https:\/\/donation.vedicpandits.org\/wp-content\/uploads\/2017\/11\/group_meditation.png\" width=\"290\" height=\"290\"\/><\/p>\n<p><img loading=\"lazy\" decoding=\"async\" src=\"https:\/\/donation.vedicpandits.org\/wp-content\/uploads\/2017\/10\/individuals_creating_world_peace.png\" width=\"290\" height=\"290\"\/><\/p>\n<p><!--\n<img loading=\"lazy\" decoding=\"async\" src=\"https:\/\/donation.vedicpandits.org\/wp-content\/uploads\/2017\/11\/8_pandits.png\" width=\"290\" height=\"290\"\/>\n\n\n<img loading=\"lazy\" decoding=\"async\" src=\"https:\/\/donation.vedicpandits.org\/wp-content\/uploads\/2017\/11\/brahmasthan_india.png\" width=\"290\" height=\"290\"\/>\n\n<img loading=\"lazy\" decoding=\"async\" src=\"https:\/\/donation.vedicpandits.org\/wp-content\/uploads\/2017\/11\/pandit_group_with_embedded_world_map.png\" width=\"290\"  height=\"290\"\/>--><\/p>\n<\/div><\/div>\n<div class=\"grid grid-desktop-50 grid-mobile-100\"><div class=\"holder\"><p><!--\n\n\n\n<h4>Science and world peace<\/h4>\n\n\n\n\n\n\n\n\n<p>This series of sequentially unfolding introductory letters outline an effective and scientifically proven method to increase harmony in the world and bring peace. Learn how an individual practising the Transcendental Meditation programme can affect society and how the advanced TM programme, practiced by large groups of Maharishi Vedic Pandits, can create lasting peace.<\/p>\n\n\n\n\n\n\n\n\n\n\n\n\n\n<h4>Newcomers letters<\/h4>\n\n\n\n--><\/p>\n<ol>\n<li>Um programa efetivo para criar paz interior e no exterior <br \/><a href=\"https:\/\/us7.campaign-archive.com\/?e=&#038;u=0cc687d83ddcd228ddb1e46aa&#038;id=92b5289759\" rel=\"noopener\" target=\"_blank\">Leia a carta aqui<\/a><\/li>\n<li>9.000 juntos podem realizar a paz mundial<br \/> <a href=\"https:\/\/us12.campaign-archive.com\/?e=&#038;u=5b38d6ee8191cabc479d05e44&#038;id=3a00d0f1e4\" rel=\"noopener\" target=\"_blank\">Leia a carta aqui<\/a><\/li>\n<li>Especialistas altamente treinados utilizam a antiga ci\u00eancia e tecnologia<br \/>\nda consci\u00eancia para criar paz <br \/><a href=\"https:\/\/us7.campaign-archive.com\/?e=&#038;u=0cc687d83ddcd228ddb1e46aa&#038;id=1ed920c2ce\" rel=\"noopener\" target=\"_blank\">Leia a carta aqui<\/a><\/li>\n<li>Os ventos da Guerra Fria se transformaram em ventos de esperan\u00e7a. <br \/><a href=\"https:\/\/us7.campaign-archive.com\/?e=&#038;u=0cc687d83ddcd228ddb1e46aa&#038;id=66b8c99b39\" rel=\"noopener\" target=\"_blank\">Leia a carta aqui<\/a><\/li>\n<p><!--\n\n\n\n\n<li>THE TECHNOLOLGY OF SOUND<br \/><a href=\"https:\/\/us7.campaign-archive.com\/?e=&u=0cc687d83ddcd228ddb1e46aa&id=4b2617cb5f\" rel=\"noopener\" target=\"_blank\">View Letter<\/a><\/li>\n\n\n\n\n\n\n\n\n\n<li>9,000 PEACE-CREATING EXPERTS WILL RESIDE IN THIS WORLD CAPITAL <br \/><a href=\"https:\/\/us7.campaign-archive.com\/?e=&u=0cc687d83ddcd228ddb1e46aa&id=e10c993571\" rel=\"noopener\" target=\"_blank\">View Letter<\/a><\/li>\n\n\n\n\n\n\n\n\n\n\n<li>HOW TO ACHIEVE THE INVINCIBILITY NUMBER FOR WORLD PEACE <br \/><a href=\"https:\/\/us7.campaign-archive.com\/?e=&u=0cc687d83ddcd228ddb1e46aa&id=e10c993571\" rel=\"noopener\" target=\"_blank\">View Letter<\/a><\/li\n--><\/p>\n<\/ol>\n<\/div><\/div>\n<\/div>\n","protected":false},"excerpt":{"rendered":"<p>INICIATIVA DA PAZ GLOBAL &#8211; PORTFOLIO INFORMATIVO INTRODUT\u00d3RIO<\/p>\n","protected":false},"author":3,"featured_media":0,"parent":0,"menu_order":0,"comment_status":"closed","ping_status":"closed","template":"","meta":{"om_disable_all_campaigns":false,"_monsterinsights_skip_tracking":false,"_monsterinsights_sitenote_active":false,"_monsterinsights_sitenote_note":"","_monsterinsights_sitenote_category":0,"footnotes":""},"class_list":["post-20279","page","type-page","status-publish","hentry"],"_links":{"self":[{"href":"https:\/\/donation.vedicpandits.org\/pt-pt\/wp-json\/wp\/v2\/pages\/20279","targetHints":{"allow":["GET"]}}],"collection":[{"href":"https:\/\/donation.vedicpandits.org\/pt-pt\/wp-json\/wp\/v2\/pages"}],"about":[{"href":"https:\/\/donation.vedicpandits.org\/pt-pt\/wp-json\/wp\/v2\/types\/page"}],"author":[{"embeddable":true,"href":"https:\/\/donation.vedicpandits.org\/pt-pt\/wp-json\/wp\/v2\/users\/3"}],"replies":[{"embeddable":true,"href":"https:\/\/donation.vedicpandits.org\/pt-pt\/wp-json\/wp\/v2\/comments?post=20279"}],"version-history":[{"count":6,"href":"https:\/\/donation.vedicpandits.org\/pt-pt\/wp-json\/wp\/v2\/pages\/20279\/revisions"}],"predecessor-version":[{"id":20311,"href":"https:\/\/donation.vedicpandits.org\/pt-pt\/wp-json\/wp\/v2\/pages\/20279\/revisions\/20311"}],"wp:attachment":[{"href":"https:\/\/donation.vedicpandits.org\/pt-pt\/wp-json\/wp\/v2\/media?parent=20279"}],"curies":[{"name":"wp","href":"https:\/\/api.w.org\/{rel}","templated":true}]}}