{"id":5369,"date":"2014-08-08T07:02:34","date_gmt":"2014-08-08T07:02:34","guid":{"rendered":"https:\/\/vedicpandits.org\/?page_id=5369"},"modified":"2020-07-02T12:42:30","modified_gmt":"2020-07-02T12:42:30","slug":"home","status":"publish","type":"page","link":"https:\/\/donation.vedicpandits.org\/pt-pt\/","title":{"rendered":"IN\u00cdCIO"},"content":{"rendered":"<p><!--<img loading=\"lazy\" decoding=\"async\" src=\"\/wp-content\/uploads\/2014\/04\/ecardslidere-new1.jpg\" width=\"912\" height=\"364\" class=\"alignleft size-full wp-image-1800\" \/><a class=\"ecardbutton\" href=\"https:\/\/donation.vedicpandits.org\/ecard\/\"> > Novidade! ePostais  gratuitos para desfrutar! <\/a>--><\/p>\n<h4>TECNOLOGIAS V\u00c9DICAS DA CONSCI\u00caNCIA PARA A PAZ MUNDIAL<\/h4>\n<p>Um grupo numeroso de Pandites V\u00e9dicos Maharishi est\u00e1 a ser reunido na \u00cdndia para criar uma influ\u00eancia de harmonia em todo o mundo. Trinta anos de pesquisas cient\u00edficas comprovaram que um grupo de 9.000 gerar\u00e1 um efeito poderoso de melhoria de vida, numa escala global. <\/p>\n<p>Gra\u00e7as \u00e0s doa\u00e7\u00f5es de patrocinadores generosos de mais de 100 pa\u00edses, o grupo no campus do Brahmasthan (centro geod\u00e9sico) da \u00cdndia aumentou recentemente para mais de 2.000 Pandites. O nosso objetivo \u00e9 angariar apoio anual para o grupo completo de 9.000 Pandites V\u00e9dicos e ent\u00e3o construir um fundo de dota\u00e7\u00e3o que assegurar\u00e1 a perman\u00eancia do grupo, criando assim a paz mundial para todos os tempos vindouros. <\/p>\n<p>A UNESCO declarou oficialmente as recita\u00e7\u00f5es V\u00e9dicas como patrim\u00f3nio imaterial da humanidade.<\/p>\n<div style=\"width:200px; margin-top:60px; margin-left:10px;\"  class=\"align right\">\n\t<a href=\"https:\/\/donation.vedicpandits.org\/pt-pt\/?image_video=https%3A%2F%2Fwww.youtube.com%2Fwatch%3Fv%3D2DXqmQsUFU8%3Frel%3D0\" class=\"video-link \"><img decoding=\"async\" class=\"alignnone size-full wp-image-285\" src=\"https:\/\/donation.vedicpandits.org\/wp-content\/uploads\/2018\/03\/Tall-blue-globe-copy.jpeg\" alt=\"landscape format of blue globe with pandits\" width=\"200\" \/><\/a>\n\n\t<\/div>\n<h4 style=\"margin-top:25px;\">Um v\u00eddeo curto<\/h4>\n<p>Em apenas quatorze minutos, voc\u00ea ver\u00e1 como a Medita\u00e7\u00e3o Transcendental e suas t\u00e9cnicas avan\u00e7adas podem efetivamente criar a paz. Um v\u00eddeo curto e animado explica de forma simples e clara, com anima\u00e7\u00f5es e exemplos, os passos para alcan\u00e7ar a paz mundial, incluindo pesquisas cient\u00edficas. Clique na imagem para assistir um v\u00eddeo introdut\u00f3rio de 14 minutos.<\/p>\n<p><!--\n\n<h4>EPOSTAIS<\/h4>\n\n\nTodos os ePostais est\u00e3o guarnecidos e real\u00e7ados de lindas fotos dos Pandites V\u00e9dicos Maharishi e \u00e1udio, v\u00eddeos e\/ou apresenta\u00e7\u00e3o de slides das recita\u00e7\u00f5es dos Pandites V\u00e9dicos Maharishi. Esperamos que desfrute destes <a href=\"https:\/\/donation.vedicpandits.org\/ecard\/\">ePostais embelezados e GRATUITOS<\/a> dos Pandites V\u00e9dicos Maharishi e os partilhe com os amigos.--><\/p>\n","protected":false},"excerpt":{"rendered":"<p>TECNOLOGIAS V\u00c9DICAS DA CONSCI\u00caNCIA PARA A PAZ MUNDIAL Um grupo numeroso de Pandites V\u00e9dicos Maharishi est\u00e1 a ser reunido na \u00cdndia para criar uma influ\u00eancia de harmonia em todo o mundo. Trinta anos de pesquisas cient\u00edficas comprovaram que um grupo de 9.000 gerar\u00e1 um efeito poderoso de melhoria de vida, numa escala global. Gra\u00e7as \u00e0s [&hellip;]<\/p>\n","protected":false},"author":3,"featured_media":0,"parent":0,"menu_order":0,"comment_status":"open","ping_status":"closed","template":"template-home.php","meta":{"om_disable_all_campaigns":false,"_monsterinsights_skip_tracking":false,"_monsterinsights_sitenote_active":false,"_monsterinsights_sitenote_note":"","_monsterinsights_sitenote_category":0,"footnotes":""},"class_list":["post-5369","page","type-page","status-publish","hentry"],"_links":{"self":[{"href":"https:\/\/donation.vedicpandits.org\/pt-pt\/wp-json\/wp\/v2\/pages\/5369","targetHints":{"allow":["GET"]}}],"collection":[{"href":"https:\/\/donation.vedicpandits.org\/pt-pt\/wp-json\/wp\/v2\/pages"}],"about":[{"href":"https:\/\/donation.vedicpandits.org\/pt-pt\/wp-json\/wp\/v2\/types\/page"}],"author":[{"embeddable":true,"href":"https:\/\/donation.vedicpandits.org\/pt-pt\/wp-json\/wp\/v2\/users\/3"}],"replies":[{"embeddable":true,"href":"https:\/\/donation.vedicpandits.org\/pt-pt\/wp-json\/wp\/v2\/comments?post=5369"}],"version-history":[{"count":24,"href":"https:\/\/donation.vedicpandits.org\/pt-pt\/wp-json\/wp\/v2\/pages\/5369\/revisions"}],"predecessor-version":[{"id":13683,"href":"https:\/\/donation.vedicpandits.org\/pt-pt\/wp-json\/wp\/v2\/pages\/5369\/revisions\/13683"}],"wp:attachment":[{"href":"https:\/\/donation.vedicpandits.org\/pt-pt\/wp-json\/wp\/v2\/media?parent=5369"}],"curies":[{"name":"wp","href":"https:\/\/api.w.org\/{rel}","templated":true}]}}