{"id":5412,"date":"2014-08-08T07:09:17","date_gmt":"2014-08-08T07:09:17","guid":{"rendered":"https:\/\/vedicpandits.org\/?page_id=5412"},"modified":"2015-09-04T12:50:16","modified_gmt":"2015-09-04T12:50:16","slug":"peace-creating-group","status":"publish","type":"page","link":"https:\/\/donation.vedicpandits.org\/pt-pt\/peace-creating-group\/","title":{"rendered":"Peace-creating group"},"content":{"rendered":"<h4>9.000 PANDITES V\u00c9DICOS PARA A PAZ MUNDIAL<\/h4>\n<p>Maharishi Mahesh Yogi escolheu os Pandites V\u00e9dicos como membros do grupo gerador de paz porque desde tempos remotos eles t\u00eam sido os guardi\u00f5es tradicionais da sabedoria V\u00e9dica, respons\u00e1vel pela manuten\u00e7\u00e3o da harmonia na sociedade e do equil\u00edbrio na natureza. Atrav\u00e9s da aten\u00e7\u00e3o de Maharishi na revela\u00e7\u00e3o da compreens\u00e3o plena do conhecimento V\u00e9dico, as tecnologias da consci\u00eancia para cria\u00e7\u00e3o da paz foram restauradas na sua efic\u00e1cia original e validadas pelo escrut\u00ednio cient\u00edfico. Isto permitiu que os Pandites V\u00e9dicos desempenhassem mais uma vez o seu papel tradicional na gera\u00e7\u00e3o de harmonia, paz e equil\u00edbrio no mundo, ap\u00f3s serem formados nessas tecnologias da consci\u00eancia. <\/p>\n<p>Em janeiro de 2008 Maharishi estabeleceu o Fundo Fiduci\u00e1rio Brahmananda Saraswati, com o objetivo de apoiar e dotar este grupo numeroso de Pandites V\u00e9dicos Maharishi no campus do Brahmasthan (centro geod\u00e9sico) da \u00cdndia. O objetivo \u00e9 de apoiar 9.000 Pandites. A etapa interm\u00e9dia consiste na meta urgente de expandir o grupo dos atuais 2.000 para 3.500 especialistas, n\u00famero suficiente para gerar um efeito ben\u00e9fico para toda a \u00cdndia e uma base s\u00f3lida para o alcance do objetivo de 9.000.<\/p>\n<div class=\"border-line\">&nbsp;<\/div>\n<div class=\"grid-holder\">\n<div class=\"grid grid-desktop-50 grid-mobile-100\"><div class=\"holder\">\t<a href=\"https:\/\/donation.vedicpandits.org\/pt-pt\/peace-creating-group\/?image_video=https%3A%2F%2Fwww.youtube.com%2Fwatch%3Fv%3DoLNxrO4z9GQ%3Frel%3D0\" class=\"video-link \"><img loading=\"lazy\" decoding=\"async\" class=\"alignnone size-full wp-image-103\" src=\"\/wp-content\/uploads\/2014\/04\/post-img-11.jpg\" alt=\"post-img-11\" width=\"432\" height=\"312\" srcset=\"https:\/\/donation.vedicpandits.org\/wp-content\/uploads\/2014\/04\/post-img-11.jpg 432w, https:\/\/donation.vedicpandits.org\/wp-content\/uploads\/2014\/04\/post-img-11-300x216.jpg 300w\" sizes=\"auto, (max-width: 432px) 100vw, 432px\" \/><\/a>\n\n\t\n\t<a href=\"https:\/\/donation.vedicpandits.org\/pt-pt\/peace-creating-group\/?image_video=https%3A%2F%2Fwww.youtube.com%2Fwatch%3Fv%3DoLNxrO4z9GQ%3Frel%3D0\" class=\"video-link no-pointer\"><em>&gt; Watch Maharishi Mahesh Yogi speaking about this phenomenon.<\/em><\/a>\n\n\t\n<\/div><\/div>\n<div class=\"grid grid-desktop-50 grid-mobile-100\"><div class=\"holder\"><h4>O EFEITO DE TRANSBORDAMENTO DA PAZ<\/h4>\n<p>Existe um amplo reconhecimento de que os praticantes do programa de Medita\u00e7\u00e3o Transcendental experimentam maior paz interior. Existe uma rela\u00e7\u00e3o cient\u00edfica entre essa experi\u00eancia e uma maior ordem no funcionamento cerebral. <\/p>\n<p>Mas o que n\u00e3o \u00e9 t\u00e3o amplamente conhecido \u00e9 que quando uma quantidade relativamente pequena da popula\u00e7\u00e3o de uma cidade ou na\u00e7\u00e3o pratica a MT o efeito de transbordamento da paz espalha-se \u00e0 sua volta pela popula\u00e7\u00e3o. Este fen\u00f3meno foi verificado por 23 estudos cient\u00edficos; descobriu-se tamb\u00e9m que \u00e9 especialmente poderoso quando o programa avan\u00e7ado de MT-Sidhi \u00e9 praticado em grupo. <\/p>\n<p>O programa central da Iniciativa de Paz Global consiste em tirar proveito desta tecnologia.<\/p>\n<\/div><\/div>\n<\/div>\n","protected":false},"excerpt":{"rendered":"<p>9.000 PANDITES V\u00c9DICOS PARA A PAZ MUNDIAL Maharishi Mahesh Yogi escolheu os Pandites V\u00e9dicos como membros do grupo gerador de paz porque desde tempos remotos eles t\u00eam sido os guardi\u00f5es tradicionais da sabedoria V\u00e9dica, respons\u00e1vel pela manuten\u00e7\u00e3o da harmonia na sociedade e do equil\u00edbrio na natureza. Atrav\u00e9s da aten\u00e7\u00e3o de Maharishi na revela\u00e7\u00e3o da compreens\u00e3o [&hellip;]<\/p>\n","protected":false},"author":3,"featured_media":102,"parent":0,"menu_order":0,"comment_status":"open","ping_status":"closed","template":"","meta":{"om_disable_all_campaigns":false,"_monsterinsights_skip_tracking":false,"_monsterinsights_sitenote_active":false,"_monsterinsights_sitenote_note":"","_monsterinsights_sitenote_category":0,"footnotes":""},"class_list":["post-5412","page","type-page","status-publish","has-post-thumbnail","hentry"],"_links":{"self":[{"href":"https:\/\/donation.vedicpandits.org\/pt-pt\/wp-json\/wp\/v2\/pages\/5412","targetHints":{"allow":["GET"]}}],"collection":[{"href":"https:\/\/donation.vedicpandits.org\/pt-pt\/wp-json\/wp\/v2\/pages"}],"about":[{"href":"https:\/\/donation.vedicpandits.org\/pt-pt\/wp-json\/wp\/v2\/types\/page"}],"author":[{"embeddable":true,"href":"https:\/\/donation.vedicpandits.org\/pt-pt\/wp-json\/wp\/v2\/users\/3"}],"replies":[{"embeddable":true,"href":"https:\/\/donation.vedicpandits.org\/pt-pt\/wp-json\/wp\/v2\/comments?post=5412"}],"version-history":[{"count":7,"href":"https:\/\/donation.vedicpandits.org\/pt-pt\/wp-json\/wp\/v2\/pages\/5412\/revisions"}],"predecessor-version":[{"id":6057,"href":"https:\/\/donation.vedicpandits.org\/pt-pt\/wp-json\/wp\/v2\/pages\/5412\/revisions\/6057"}],"wp:featuredmedia":[{"embeddable":true,"href":"https:\/\/donation.vedicpandits.org\/pt-pt\/wp-json\/wp\/v2\/media\/102"}],"wp:attachment":[{"href":"https:\/\/donation.vedicpandits.org\/pt-pt\/wp-json\/wp\/v2\/media?parent=5412"}],"curies":[{"name":"wp","href":"https:\/\/api.w.org\/{rel}","templated":true}]}}