{"id":5416,"date":"2014-08-08T07:09:29","date_gmt":"2014-08-08T07:09:29","guid":{"rendered":"https:\/\/vedicpandits.org\/?page_id=5416"},"modified":"2018-09-06T14:20:49","modified_gmt":"2018-09-06T14:20:49","slug":"maharishi-vedic-pandits","status":"publish","type":"page","link":"https:\/\/donation.vedicpandits.org\/pt-pt\/peace-creating-group\/maharishi-vedic-pandits\/","title":{"rendered":"Pandites V\u00e9dicos Maharishi"},"content":{"rendered":"<h4>FORMA\u00c7\u00c3O SISTEM\u00c1TICA DOS PANDITES V\u00c9DICOS MAHARISHI<\/h4>\n<p>Desde jovens os estudantes das fam\u00edlias V\u00e9dicas tradicionais da \u00cdndia seguem uma forma\u00e7\u00e3o sistem\u00e1tica para tornarem-se profissionais da paz \u2013 Pandites V\u00e9dicos Maharishi.<br \/>\nDos 10 aos 20 anos seguem um programa especial de estudos formulado por Maharishi. Isto inclui a aprendizagem dos programas de Medita\u00e7\u00e3o Transcendental e MT-Sidhi, incluindo o Voo I\u00f3guico, o estudo do s\u00e2nscrito e a aquisi\u00e7\u00e3o de profici\u00eancia no desempenho das Yagyas \u2013 os desempenhos V\u00e9dicos tradicionais que outorgam boa fortuna e paz. Com os seus estudos di\u00e1rios adquirem cr\u00e9ditos para programas de bacharelado, mestrado e doutoramento conferidos pela Maharishi Mahesh Yogi Vedic Vishwavidyalaya, uma universidade estatut\u00e1ria estabelecida em 1995 pelo governo do Estado de Madhya Pradesh.  <\/p>\n<div class=\"border-line\">&nbsp;<\/div>\n<div class=\"grid-holder\">\n<div class=\"grid grid-desktop-50 grid-mobile-100\"><div class=\"holder\"><p><img loading=\"lazy\" decoding=\"async\" class=\"alignnone size-full wp-image-105\" src=\"\/wp-content\/uploads\/2014\/04\/post-img-12.jpg\" alt=\"post-img-12\" width=\"432\" height=\"312\" srcset=\"https:\/\/donation.vedicpandits.org\/wp-content\/uploads\/2014\/04\/post-img-12.jpg 432w, https:\/\/donation.vedicpandits.org\/wp-content\/uploads\/2014\/04\/post-img-12-300x216.jpg 300w\" sizes=\"auto, (max-width: 432px) 100vw, 432px\" \/><\/p>\n<\/div><\/div>\n<div class=\"grid grid-desktop-50 grid-mobile-100\"><div class=\"holder\"><h4>ESPECIALISTAS EM YOGA \u2013 MEDITA\u00c7\u00c3O TRANSCENDENTAL E VOO I\u00d3GUICO<\/h4>\n<p>No Brahmasthan os Pandites V\u00e9dicos Maharishi praticam a ess\u00eancia do Yoga \u2013 os programas de Medita\u00e7\u00e3o Transcendental e de MT-Sidhi \u2013 por v\u00e1rias horas todos os dias. O programa de MT-Sidhi, incluindo o Voo I\u00f3guico, foi derivado por Maharishi dos Yoga Sutras de Patanjali \u2013 o texto central da filosofia do Yoga.<br \/>\nEste programa desenvolve a capacidade de agir a partir de n\u00edveis mais coerentes e silenciosos da consci\u00eancia. \u00c0 medida que os Pandites crescem na capacidade de agir a partir de n\u00edveis mais subtis da consci\u00eancia, tornam-se altamente eficientes no seu desempenho V\u00e9dico di\u00e1rio para a paz mundial. <\/p>\n<\/div><\/div>\n<\/div>\n<div class=\"border-line\">&nbsp;<\/div>\n<div class=\"grid-holder\">\n<div class=\"grid grid-desktop-100\"><div class=\"holder\"><p>O principal texto V\u00e9dico do Yoga \u2013 os Yoga Sutras \u2013 descreve o potencial da experi\u00eancia de transcend\u00eancia para a cria\u00e7\u00e3o da paz no meio ambiente:<\/p>\n<div class=\"box-info\">\n<h5><em>Tat sannidhau vairatyagah<\/em><\/h5>\n<h4>\u201cNa vizinhan\u00e7a do Yoga (a experi\u00eancia da Consci\u00eancia Transcendental, o Campo Unificado), as tend\u00eancias conflituais e hostis s\u00e3o eliminadas.\u201d <\/h4>\n<h6>\u2013 Yoga sutra 2.35<\/h6>\n<\/div>\n<p>Quando por meio da medita\u00e7\u00e3o avan\u00e7ada a Consci\u00eancia Transcendental \u00e9 avivada por um grupo suficientemente vasto, a \u201cvizinhan\u00e7a do Yoga\u201d \u00e9 extensiva at\u00e9 incluir o mundo inteiro. Esta \u00e9 a estrat\u00e9gia da Iniciativa de Paz Global. <\/p>\n<\/div><\/div>\n<\/div>\n<div class=\"border-line\">&nbsp;<\/div>\n<div class=\"grid-holder\">\n<div class=\"grid grid-desktop-50 grid-mobile-100\"><div class=\"holder\"><h4>ESPECIALISTAS EM YAGYA \u2013 FORMA\u00c7\u00c3O AMPLA NOS DESEMPENHOS V\u00c9DICOS<\/h4>\n<p>Por toda a \u00cdndia em\u00a0numerosas\u00a0aldeias Maharishi criou uma rede instrucional para alunos que queiram tornar-se Pandites V\u00e9dicos Maharishi. Em cada aldeia os professores, conhecidos como Guru Jis, come\u00e7am a forma\u00e7\u00e3o dos aspirantes a Pandite desde os 10 anos de idade. Aos 14 anos t\u00eam a oportunidade de ingressar numa das\u00a0muitas\u00a0institui\u00e7\u00f5es regionais em toda a \u00cdndia e receber instru\u00e7\u00e3o sob a supervis\u00e3o de acharyas (professores) credenciados.<br \/>\nOs alunos seguem um programa de forma\u00e7\u00e3o detalhado e sistem\u00e1tico elaborado por Maharishi, que inclui v\u00eddeos e ferramentas de estudo computadorizadas, a fim de garantir que cada Pandite receba um n\u00edvel elevado de forma\u00e7\u00e3o padronizada. Aproximadamente aos 20 anos, quando se formam, est\u00e3o aperfei\u00e7oados para o desempenho das Yagyas.<br \/>\nA Yagya \u00e9 uma tecnologia atemporal, oriunda da tradi\u00e7\u00e3o V\u00e9dica. As Yagyas s\u00e3o realizadas pelos Pandites para avivar as leis da natureza que administram o universo, de formas espec\u00edficas para necessidades espec\u00edficas, a fim de ajudar a realiza\u00e7\u00e3o de um desejo previamente selecionado. Por exemplo, a cada dia no Brahmasthan da \u00cdndia 1.331 Pandites reunem-se para desempenhar Atirudrabhishek, a poderosa Yagya para a paz mundial. <\/p>\n<p>A UNESCO descreveu oficialmente as recita\u00e7\u00f5es V\u00e9dicas como patrim\u00f3nio imaterial da humanidade.<\/p>\n<\/div><\/div>\n<div class=\"grid grid-desktop-50 grid-mobile-100\"><div class=\"holder\"><p><img loading=\"lazy\" decoding=\"async\" class=\"alignnone size-full wp-image-107\" src=\"\/wp-content\/uploads\/2014\/04\/post-img-13.jpg\" alt=\"post-img-13\" width=\"435\" height=\"482\" srcset=\"https:\/\/donation.vedicpandits.org\/wp-content\/uploads\/2014\/04\/post-img-13.jpg 435w, https:\/\/donation.vedicpandits.org\/wp-content\/uploads\/2014\/04\/post-img-13-270x300.jpg 270w, https:\/\/donation.vedicpandits.org\/wp-content\/uploads\/2014\/04\/post-img-13-300x332.jpg 300w\" sizes=\"auto, (max-width: 435px) 100vw, 435px\" \/><\/p>\n<\/div><\/div>\n<\/div>\n<div class=\"border-line\">&nbsp;<\/div>\n<div class=\"grid-holder\">\n<div class=\"grid grid-desktop-50 grid-mobile-100\"><div class=\"holder\">\t<a href=\"https:\/\/donation.vedicpandits.org\/pt-pt\/peace-creating-group\/maharishi-vedic-pandits\/?image_video=https%3A%2F%2Fwww.youtube.com%2Fwatch%3Fv%3DZQOxpwHk0fQ\" class=\"video-link \">\n<img loading=\"lazy\" decoding=\"async\" class=\"alignnone size-full wp-image-92\" src=\"\/wp-content\/uploads\/2014\/05\/einzelner_pandit_432bright.png\" alt=\"post-img-14\" width=\"432\" height=\"243\" \/><br \/>\n<\/a>\n\n\t\n<\/div><\/div>\n<div class=\"grid grid-desktop-50 grid-mobile-100\"><div class=\"holder\"><h4 id=\"atirudrabhishek\">IMAGENS E SONS<\/h4>\n<p>Para ter uma ideia dos Pandites V\u00e9dicos Maharishi em a\u00e7\u00e3o veja os seguintes slides com \u00e1udio, dos Pandites na execu\u00e7\u00e3o das Yagyas.<\/p>\n<\/div><\/div>\n<\/div>\n","protected":false},"excerpt":{"rendered":"<p>FORMA\u00c7\u00c3O SISTEM\u00c1TICA DOS PANDITES V\u00c9DICOS MAHARISHI Desde jovens os estudantes das fam\u00edlias V\u00e9dicas tradicionais da \u00cdndia seguem uma forma\u00e7\u00e3o sistem\u00e1tica para tornarem-se profissionais da paz \u2013 Pandites V\u00e9dicos Maharishi. Dos 10 aos 20 anos seguem um programa especial de estudos formulado por Maharishi. Isto inclui a aprendizagem dos programas de Medita\u00e7\u00e3o Transcendental e MT-Sidhi, incluindo [&hellip;]<\/p>\n","protected":false},"author":3,"featured_media":202,"parent":5412,"menu_order":1,"comment_status":"open","ping_status":"closed","template":"","meta":{"om_disable_all_campaigns":false,"_monsterinsights_skip_tracking":false,"_monsterinsights_sitenote_active":false,"_monsterinsights_sitenote_note":"","_monsterinsights_sitenote_category":0,"footnotes":""},"class_list":["post-5416","page","type-page","status-publish","has-post-thumbnail","hentry"],"_links":{"self":[{"href":"https:\/\/donation.vedicpandits.org\/pt-pt\/wp-json\/wp\/v2\/pages\/5416","targetHints":{"allow":["GET"]}}],"collection":[{"href":"https:\/\/donation.vedicpandits.org\/pt-pt\/wp-json\/wp\/v2\/pages"}],"about":[{"href":"https:\/\/donation.vedicpandits.org\/pt-pt\/wp-json\/wp\/v2\/types\/page"}],"author":[{"embeddable":true,"href":"https:\/\/donation.vedicpandits.org\/pt-pt\/wp-json\/wp\/v2\/users\/3"}],"replies":[{"embeddable":true,"href":"https:\/\/donation.vedicpandits.org\/pt-pt\/wp-json\/wp\/v2\/comments?post=5416"}],"version-history":[{"count":7,"href":"https:\/\/donation.vedicpandits.org\/pt-pt\/wp-json\/wp\/v2\/pages\/5416\/revisions"}],"predecessor-version":[{"id":15794,"href":"https:\/\/donation.vedicpandits.org\/pt-pt\/wp-json\/wp\/v2\/pages\/5416\/revisions\/15794"}],"up":[{"embeddable":true,"href":"https:\/\/donation.vedicpandits.org\/pt-pt\/wp-json\/wp\/v2\/pages\/5412"}],"wp:featuredmedia":[{"embeddable":true,"href":"https:\/\/donation.vedicpandits.org\/pt-pt\/wp-json\/wp\/v2\/media\/202"}],"wp:attachment":[{"href":"https:\/\/donation.vedicpandits.org\/pt-pt\/wp-json\/wp\/v2\/media?parent=5416"}],"curies":[{"name":"wp","href":"https:\/\/api.w.org\/{rel}","templated":true}]}}