{"id":5420,"date":"2014-08-08T09:14:28","date_gmt":"2014-08-08T09:14:28","guid":{"rendered":"https:\/\/vedicpandits.org\/?page_id=5420"},"modified":"2019-01-07T12:37:28","modified_gmt":"2019-01-07T12:37:28","slug":"science-2","status":"publish","type":"page","link":"https:\/\/donation.vedicpandits.org\/pt-pt\/peace-creating-group\/science-2\/","title":{"rendered":"Ci\u00eancia"},"content":{"rendered":"<h4>A PESQUISA CIENT\u00cdFICA SUBSTANCIA A EFICI\u00caNCIA DOS GRUPOS DE PANDITES<\/h4>\n<p>O principal prop\u00f3sito do estabelecimento de um grupo numeroso de Pandites V\u00e9dicos \u00e9 de criar um efeito de coer\u00eancia e harmonia na consci\u00eancia mundial. <\/p>\n<p>A pesquisa cient\u00edfica demonstra que as tend\u00eancias negativas s\u00e3o reduzidas e as tend\u00eancias positivas s\u00e3o fortalecidas desde que um n\u00famero suficientemente vasto de pessoas pratique o programa de Medita\u00e7\u00e3o Transcendental e o programa avan\u00e7ado de MT-Sidhi. <\/p>\n<p>Estes efeitos ben\u00e9ficos t\u00eam sido observados sempre que:<\/p>\n<ul>\n<li>1% da popula\u00e7\u00e3o aprende a Medita\u00e7\u00e3o Transcendental, ou<\/li>\n<li>a raiz quadrada de 1% da popula\u00e7\u00e3o pratica o programa de MT-Sidhi, incluindo o Voo I\u00f3guico, no mesmo lugar.<\/li>\n<\/ul>\n<p>Este fen\u00f3meno \u00e9 conhecido como Efeito Maharishi em homenagem a Maharishi, que o previu em 1960, quinze anos antes deste come\u00e7ar a ser validado empiricamente pelas pesquisas cient\u00edficas.<br \/>\n<div class=\"grid-holder\">\n<div class=\"grid grid-desktop-50 grid-mobile-100 zoom-image-holder\"><div class=\"holder\"><h4>O ESTUDO DE WASHINGTON<\/h4>\n<p>Em meados de 1993, quando um grupo de 4.000 Voadores I\u00f3guicos reuniu-se por v\u00e1rias semanas, os crimes violentos foram reduzidos em quase 25% em Washington-DC, EUA (veja o diagrama abaixo). Esta pesquisa foi revista pelos pares e publicada em 1999 na Social Indicators Research &#8211; uma revista especializada. <em>Social Indicators Research 1999 47(2):153-201.<\/em><\/p>\n<p><a href=\"\/wp-content\/uploads\/2014\/08\/portuguese_washington_crime_chart.png\"><img loading=\"lazy\" decoding=\"async\" src=\"\/wp-content\/uploads\/2014\/08\/portuguese_washington_crime_chart.png\" alt=\"portuguese_washington_crime_chart\" width=\"545\" height=\"363\" class=\"alignleft size-full wp-image-6102\" srcset=\"https:\/\/donation.vedicpandits.org\/wp-content\/uploads\/2014\/08\/portuguese_washington_crime_chart.png 545w, https:\/\/donation.vedicpandits.org\/wp-content\/uploads\/2014\/08\/portuguese_washington_crime_chart-300x200.png 300w\" sizes=\"auto, (max-width: 545px) 100vw, 545px\" \/><\/a><\/p>\n<p><!--<a href=\"\/wp-content\/uploads\/2014\/05\/washington_reduced_crime.jpg\"><img loading=\"lazy\" decoding=\"async\" class=\"alignnone size-full wp-image-83\" src=\"\/wp-content\/uploads\/2014\/05\/washington_reduced_crime.jpg\" alt=\"post-img-2\" width=\"320\" height=\"250\" \/><\/a>--><\/p>\n<\/div><\/div>\n<div class=\"grid grid-desktop-50 grid-mobile-100\"><div class=\"holder\"><p><img loading=\"lazy\" decoding=\"async\" class=\"alignnone size-full wp-image-85\" src=\"\/wp-content\/uploads\/2014\/04\/post-img-1.jpg\" alt=\"post-img-1\" width=\"435\" height=\"400\" srcset=\"https:\/\/donation.vedicpandits.org\/wp-content\/uploads\/2014\/04\/post-img-1.jpg 435w, https:\/\/donation.vedicpandits.org\/wp-content\/uploads\/2014\/04\/post-img-1-300x275.jpg 300w\" sizes=\"auto, (max-width: 435px) 100vw, 435px\" \/><\/p>\n<\/div><\/div>\n<\/div>\n<h4>ALCAN\u00c7ANDO ESCALA MUNDIAL<\/h4>\n<p>As evid\u00eancias mostram que um grupo de Voadores I\u00f3guicos igual \u00e0 raiz quadrada de 1% de uma dada popula\u00e7\u00e3o trar\u00e1 paz a toda a sociedade. J\u00e1 que a raiz quadrada de 1% da popula\u00e7\u00e3o mundial de 7 bilh\u00f5es de pessoas \u00e9 8.400, o objetivo do grupo de Pandites V\u00e9dicos foi estabelecido em 9.000.<br \/>\n<div class=\"border-line\">&nbsp;<\/div>\n<h4>A TEORIA CIENT\u00cdFICA DOS GRUPOS GERADORES DE PAZ<\/h4>\n<p>As explica\u00e7\u00f5es teor\u00e9ticas do poderoso impacto causado pela medita\u00e7\u00e3o em grupo na criminalidade e no stress social incluem um \u201cmodelo da consci\u00eancia como um campo.\u201d Neste, a consci\u00eancia no seu n\u00edvel mais profundo \u00e9 um campo subjacente que conecta os indiv\u00edduos na sociedade. Tal teoria \u00e9 consistente com as \u00faltimas descobertas nas \u00e1reas da f\u00edsica, fisiologia e neuroci\u00eancias. <\/p>\n<div class=\"grid-holder\">\n<div class=\"grid grid-desktop-50 grid-mobile-100\"><div class=\"holder\"><p>Por exemplo, a f\u00edsica moderna localizou n\u00edveis mais unificados do funcionamento da natureza em escalas de tempo e espa\u00e7o menores. Isto culminou na descoberta do campo unificado (\u2018campo da supercorda\u2019), que conecta e est\u00e1 na base de todas as diferentes for\u00e7as e part\u00edculas do universo (veja o diagrama \u00e0 direita.)<\/p>\n<p>De forma semelhante, os programas de Medita\u00e7\u00e3o Transcendental e de MT-Sidhi d\u00e3o a experi\u00eancia direta de n\u00edveis mais profundos e silenciosos do pensamento, culminando na experi\u00eancia do campo unificado na base da mente e da mat\u00e9ria. A pr\u00e1tica em grupo estimula de forma poderosa esse campo unificado e universal da consci\u00eancia coletiva gerando uma influ\u00eancia coerente na sociedade.<\/p>\n<\/div><\/div>\n<div class=\"grid grid-desktop-50 grid-mobile-100 zoom-image-holder\"><div class=\"holder\"><p><a href=\"\/wp-content\/uploads\/2014\/05\/uf-chart.jpg\"><img loading=\"lazy\" decoding=\"async\" class=\"alignnone size-full wp-image-90\" src=\"\/wp-content\/uploads\/2014\/05\/uf-chart.jpg\" alt=\"post-img-3\" width=\"320\" height=\"250\" \/><\/a><\/p>\n<\/div><\/div>\n<\/div>\n<p>Ao medirem o efeito da Medita\u00e7\u00e3o Transcendental na sociedade os estudos cient\u00edficos estabeleceram que a influ\u00eancia de paz gerada por um grupo de pessoas praticando a MT cresce na propor\u00e7\u00e3o do quadrado do tamanho do grupo. Se o grupo \u00e9 formado por Voadores I\u00f3guicos \u2013 formados no programa avan\u00e7ado de MT-Sidhi \u2013 os estudos mostram que a raiz quadrada de 1% da popula\u00e7\u00e3o \u00e9 suficiente para gerar uma influ\u00eancia ben\u00e9fica significativa. <\/p>\n<p>Isto significa que s\u00f3 precisamos disp\u00f4r de algumas centenas ou alguns milhares de indiv\u00edduos para produzirmos um efeito de paz, harmonia e prosperidade extremamente poderoso e pass\u00edvel de demonstra\u00e7\u00e3o cient\u00edfica numa dada sociedade, ou mesmo numa escala nacional ou global. Para o mundo inteiro \u00e9 necess\u00e1rio um grupo de 9.000 (aproximadamente a raiz quadrada de 1% da popula\u00e7\u00e3o mundial.) Esta \u00e9 a dimens\u00e3o almejada para o nosso grupo de Pandites V\u00e9dicos Maharishi na \u00cdndia. <\/p>\n<div class=\"border-line\">&nbsp;<\/div>\n<h4 id=\"science_hagelin\">UM EFEITO DE CAMPO DA CONSCI\u00caNCIA<\/h4>\n<p>Como \u00e9 poss\u00edvel que pessoas praticando a Medita\u00e7\u00e3o Transcendental sozinhas nas suas casas ou escrit\u00f3rios, ou juntas em grupo, influenciem outras pessoas da cidade, do pa\u00eds ou at\u00e9 mesmo do mundo, que nem sequer est\u00e3o a meditar?<\/p>\n<div class=\"grid-holder\">\n<div class=\"grid grid-desktop-50 grid-mobile-100\"><div class=\"holder\">\t<a href=\"https:\/\/donation.vedicpandits.org\/pt-pt\/peace-creating-group\/science-2\/?image_video=https%3A%2F%2Fwww.youtube.com%2Fwatch%3Fv%3DyVFa6Wtuxu8\" class=\"video-link \">\n<img loading=\"lazy\" decoding=\"async\" class=\"alignnone size-full wp-image-92\" src=\"\/wp-content\/uploads\/2014\/04\/post-img-14.jpg\" alt=\"post-img-14\" width=\"433\" height=\"321\" srcset=\"https:\/\/donation.vedicpandits.org\/wp-content\/uploads\/2014\/04\/post-img-14.jpg 433w, https:\/\/donation.vedicpandits.org\/wp-content\/uploads\/2014\/04\/post-img-14-300x222.jpg 300w\" sizes=\"auto, (max-width: 433px) 100vw, 433px\" \/><br \/>\n<\/a>\n\n\t\n<\/div><\/div>\n<div class=\"grid grid-desktop-50 grid-mobile-100\"><div class=\"holder\"><p>A influ\u00eancia do grupo que medita viaja por um campo subjacente, da mesma forma que podemos escutar um programa de r\u00e1dio ao vivo sendo transmitido do outro lado do mundo. No segundo caso, o campo eletromagn\u00e9tico conecta a esta\u00e7\u00e3o de r\u00e1dio com o seu aparelho de r\u00e1dio. No primeiro caso, o campo da consci\u00eancia conecta o meditante com o resto da popula\u00e7\u00e3o. As ondas de coer\u00eancia do grupo gerador de paz espalham-se por todo o campo da consci\u00eancia, produzindo uma influ\u00eancia ben\u00e9fica e mensur\u00e1vel na sociedade como um todo. <\/p>\n\t<a href=\"https:\/\/donation.vedicpandits.org\/pt-pt\/peace-creating-group\/science-2\/?image_video=https%3A%2F%2Fwww.youtube.com%2Fwatch%3Fv%3DyVFa6Wtuxu8\" class=\"video-link no-pointer\"> Assista ao v\u00eddeo com as explica\u00e7\u00f5es do f\u00edsico qu\u00e2ntico John Hagelin sobre o efeito de campo. <\/a>\n\n\t\n<\/div><\/div>\n<\/div>\n<p>&nbsp;<\/p>\n<h5>SISTEMAS COERENTES S\u00c3O MAIS PODEROSOS \u2013 O EXEMPLO DO RAIO LASER<\/h5>\n<p>Porque s\u00f3 precisamos de um n\u00famero relativamente pequeno de pessoas no grupo gerador de paz para gerar uma influ\u00eancia ben\u00e9fica para toda a popula\u00e7\u00e3o? A f\u00edsica estabeleceu que um sistema em funcionamento coerente tem mais poder do que qualquer outro em funcionamento incoerente. <\/p>\n<p>Vejamos o exemplo da luz laser, ou seja, ondas de luz ajustadas para funcionar de forma coerente de forma que os picos e vales de todas as ondas sigam o mesmo passo. A luz de laser \u00e9 muito mais poderosa do que a luz emitida por uma l\u00e2mpada comum. De fato, o tamanho do efeito da luz laser \u00e9 proporcional ao quadrado do n\u00famero de ondas. Por exemplo, 100 ondas funcionando de forma coerente produzir\u00e3o o  efeito de 10.000 (100<sup>2<\/sup>) ondas comuns. <\/p>\n<p>Da mesma forma, um grupo numeroso de pessoas praticando o programa de MT-Sidhi aviva o campo da consci\u00eancia num n\u00edvel coerente e silencioso, produzindo um efeito pac\u00edfico muito mais poderoso do que as mesmas pessoas o fariam por meio de esfor\u00e7os individuais. <\/p>\n","protected":false},"excerpt":{"rendered":"<p>A PESQUISA CIENT\u00cdFICA SUBSTANCIA A EFICI\u00caNCIA DOS GRUPOS DE PANDITES O principal prop\u00f3sito do estabelecimento de um grupo numeroso de Pandites V\u00e9dicos \u00e9 de criar um efeito de coer\u00eancia e harmonia na consci\u00eancia mundial. A pesquisa cient\u00edfica demonstra que as tend\u00eancias negativas s\u00e3o reduzidas e as tend\u00eancias positivas s\u00e3o fortalecidas desde que um n\u00famero suficientemente [&hellip;]<\/p>\n","protected":false},"author":3,"featured_media":3087,"parent":5412,"menu_order":2,"comment_status":"open","ping_status":"closed","template":"template-science.php","meta":{"om_disable_all_campaigns":false,"_monsterinsights_skip_tracking":false,"_monsterinsights_sitenote_active":false,"_monsterinsights_sitenote_note":"","_monsterinsights_sitenote_category":0,"footnotes":""},"class_list":["post-5420","page","type-page","status-publish","has-post-thumbnail","hentry"],"_links":{"self":[{"href":"https:\/\/donation.vedicpandits.org\/pt-pt\/wp-json\/wp\/v2\/pages\/5420","targetHints":{"allow":["GET"]}}],"collection":[{"href":"https:\/\/donation.vedicpandits.org\/pt-pt\/wp-json\/wp\/v2\/pages"}],"about":[{"href":"https:\/\/donation.vedicpandits.org\/pt-pt\/wp-json\/wp\/v2\/types\/page"}],"author":[{"embeddable":true,"href":"https:\/\/donation.vedicpandits.org\/pt-pt\/wp-json\/wp\/v2\/users\/3"}],"replies":[{"embeddable":true,"href":"https:\/\/donation.vedicpandits.org\/pt-pt\/wp-json\/wp\/v2\/comments?post=5420"}],"version-history":[{"count":6,"href":"https:\/\/donation.vedicpandits.org\/pt-pt\/wp-json\/wp\/v2\/pages\/5420\/revisions"}],"predecessor-version":[{"id":20258,"href":"https:\/\/donation.vedicpandits.org\/pt-pt\/wp-json\/wp\/v2\/pages\/5420\/revisions\/20258"}],"up":[{"embeddable":true,"href":"https:\/\/donation.vedicpandits.org\/pt-pt\/wp-json\/wp\/v2\/pages\/5412"}],"wp:featuredmedia":[{"embeddable":true,"href":"https:\/\/donation.vedicpandits.org\/pt-pt\/wp-json\/wp\/v2\/media\/3087"}],"wp:attachment":[{"href":"https:\/\/donation.vedicpandits.org\/pt-pt\/wp-json\/wp\/v2\/media?parent=5420"}],"curies":[{"name":"wp","href":"https:\/\/api.w.org\/{rel}","templated":true}]}}