{"id":5424,"date":"2014-08-08T07:09:41","date_gmt":"2014-08-08T07:09:41","guid":{"rendered":"https:\/\/vedicpandits.org\/?page_id=5424"},"modified":"2015-09-04T06:55:31","modified_gmt":"2015-09-04T06:55:31","slug":"scope","status":"publish","type":"page","link":"https:\/\/donation.vedicpandits.org\/pt-pt\/peace-creating-group\/scope\/","title":{"rendered":"OBJETIVO"},"content":{"rendered":"<p>O nosso projeto inclui um grupo principal ligado a um programa de forma\u00e7\u00e3o que o suporta e reabastece.<br \/>\n<div class=\"border-line\">&nbsp;<\/div>\n<div class=\"grid-holder\">\n<div class=\"grid grid-desktop-50 grid-mobile-100\"><div class=\"holder\"><h4>O GRUPO PRINCIPAL<\/h4>\n<p>A escolha de Pandites V\u00e9dicos para compor o grupo do nosso projeto na \u00cdndia \u00e9 uma decis\u00e3o pr\u00e1tica e tamb\u00e9m tradicional. Antigamente, os Pandites V\u00e9dicos eram tradicionalmente respons\u00e1veis pela manuten\u00e7\u00e3o da harmonia na sociedade e pelo equil\u00edbrio na natureza. Hoje, a \u00cdndia \u00e9 um local economicamente vi\u00e1vel, que torna a forma\u00e7\u00e3o dos Pandites V\u00e9dicos como geradores profissionais de paz &#8211; uma estrat\u00e9gia pr\u00e1tica. <\/p>\n<p>O objetivo \u00e9 dispor de 9.000 Pandites V\u00e9dicos Maharishi num s\u00f3 grupo para gerar um efeito pac\u00edfico a n\u00edvel mundial. A sustentabilidade deste grupo requer o pagamento de sal\u00e1rios e o estabelecimento de um campus completo, com infra estrutura, alojamento, forma\u00e7\u00e3o avan\u00e7ada, refei\u00e7\u00f5es, al\u00e9m de uma leitaria e uma horta comunit\u00e1ria biol\u00f3gica. <\/p>\n<p>Atualmente, mais de 2.000 Pandites moram no campus principal do Brahmasthan \u2013 o centro geod\u00e9sico da \u00cdndia &#8211; perto de Jabalpur, em Madhya Pradesh. <\/p>\n<\/div><\/div>\n<div class=\"grid grid-desktop-50 grid-mobile-100 zoom-image-holder\"><div class=\"holder\"><p><a href=\"\/wp-content\/uploads\/2014\/04\/map-of-india.jpg\"><img loading=\"lazy\" decoding=\"async\" class=\"alignleft size-full wp-image-595\" src=\"\/wp-content\/uploads\/2014\/04\/map-of-india.jpg\" alt=\"map-of-india\" width=\"550\" height=\"523\" srcset=\"https:\/\/donation.vedicpandits.org\/wp-content\/uploads\/2014\/04\/map-of-india.jpg 550w, https:\/\/donation.vedicpandits.org\/wp-content\/uploads\/2014\/04\/map-of-india-300x285.jpg 300w\" sizes=\"auto, (max-width: 550px) 100vw, 550px\" \/><\/a><\/p>\n<\/div><\/div>\n<\/div>\n<div class=\"border-line\">&nbsp;<\/div>\n<div class=\"grid-holder\">\n<div class=\"grid grid-desktop-50 grid-mobile-100 zoom-image-holder\"><div class=\"holder\"><p><a href=\"\/wp-content\/uploads\/2014\/04\/131207_training_chart_web-Kopie.jpg\"><img loading=\"lazy\" decoding=\"async\" class=\"alignnone size-medium wp-image-250\" src=\"\/wp-content\/uploads\/2014\/04\/131207_training_chart_web-Kopie.jpg\" alt=\"\" width=\"432\" height=\"211\" \/><\/a><\/p>\n<\/div><\/div>\n<div class=\"grid grid-desktop-50 grid-mobile-100\"><div class=\"holder\"><h4>O PROGRAMA DE FORMA\u00c7\u00c3O DOS PANDITES<\/h4>\n<p>Maharishi estabeleceu um programa de forma\u00e7\u00e3o de Pandites para toda a \u00cdndia com a finalidade de formar o grupo principal e compens\u00e1-lo pelas eventuais desist\u00eancias.<br \/>\nO mesmo suporta e reabastece o grupo no Brahmasthan e foi formulado para matricular:<br \/>\n\u2013 20.000 alunos mais jovens sendo formados nas aldeias;<br \/>\n\u2013 10.000 alunos mais velhos sendo formados em instala\u00e7\u00f5es residenciais.<br \/>\nO programa foi estabelecido para formar 1.200 a 1.500 Pandits todos os anos, de forma a garantir que o grupo principal tenha sempre mais de 9.000 indiv\u00edduos. <\/p>\n<\/div><\/div>\n<\/div>\n","protected":false},"excerpt":{"rendered":"<p>O nosso projeto inclui um grupo principal ligado a um programa de forma\u00e7\u00e3o que o suporta e reabastece.<\/p>\n","protected":false},"author":3,"featured_media":196,"parent":5412,"menu_order":4,"comment_status":"open","ping_status":"closed","template":"","meta":{"om_disable_all_campaigns":false,"_monsterinsights_skip_tracking":false,"_monsterinsights_sitenote_active":false,"_monsterinsights_sitenote_note":"","_monsterinsights_sitenote_category":0,"footnotes":""},"class_list":["post-5424","page","type-page","status-publish","has-post-thumbnail","hentry"],"_links":{"self":[{"href":"https:\/\/donation.vedicpandits.org\/pt-pt\/wp-json\/wp\/v2\/pages\/5424","targetHints":{"allow":["GET"]}}],"collection":[{"href":"https:\/\/donation.vedicpandits.org\/pt-pt\/wp-json\/wp\/v2\/pages"}],"about":[{"href":"https:\/\/donation.vedicpandits.org\/pt-pt\/wp-json\/wp\/v2\/types\/page"}],"author":[{"embeddable":true,"href":"https:\/\/donation.vedicpandits.org\/pt-pt\/wp-json\/wp\/v2\/users\/3"}],"replies":[{"embeddable":true,"href":"https:\/\/donation.vedicpandits.org\/pt-pt\/wp-json\/wp\/v2\/comments?post=5424"}],"version-history":[{"count":4,"href":"https:\/\/donation.vedicpandits.org\/pt-pt\/wp-json\/wp\/v2\/pages\/5424\/revisions"}],"predecessor-version":[{"id":6029,"href":"https:\/\/donation.vedicpandits.org\/pt-pt\/wp-json\/wp\/v2\/pages\/5424\/revisions\/6029"}],"up":[{"embeddable":true,"href":"https:\/\/donation.vedicpandits.org\/pt-pt\/wp-json\/wp\/v2\/pages\/5412"}],"wp:featuredmedia":[{"embeddable":true,"href":"https:\/\/donation.vedicpandits.org\/pt-pt\/wp-json\/wp\/v2\/media\/196"}],"wp:attachment":[{"href":"https:\/\/donation.vedicpandits.org\/pt-pt\/wp-json\/wp\/v2\/media?parent=5424"}],"curies":[{"name":"wp","href":"https:\/\/api.w.org\/{rel}","templated":true}]}}