{"id":5432,"date":"2014-08-08T07:09:52","date_gmt":"2014-08-08T07:09:52","guid":{"rendered":"https:\/\/vedicpandits.org\/?page_id=5432"},"modified":"2016-07-27T10:10:29","modified_gmt":"2016-07-27T10:10:29","slug":"progress","status":"publish","type":"page","link":"https:\/\/donation.vedicpandits.org\/pt-pt\/peace-creating-group\/progress\/","title":{"rendered":"Progresso"},"content":{"rendered":"<h4>MARCOS IMPORTANTES PARA O NOSSO OBJETIVO<\/h4>\n<ul>\n<li>1.700 acres (688 hectares) de terra foram comprados n\u00e3o muito longe de Jabalpur, em Madhya Pradesh, \u00cdndia, para o campus de 9.000 Pandites V\u00e9dicos Maharishi (a foto acima foi tirada em 2013.) <\/li>\n<li>A constru\u00e7\u00e3o de alojamento para 2.500 Pandites V\u00e9dicos Maharishi foi conclu\u00edda. Isto inclui infra estrutura, pr\u00e9dios administrativos, refeit\u00f3rios, sal\u00f5es de Yagya e uma leitaria, tudo constru\u00eddo de acordo com os princ\u00edpios do Sthapatya Veda, a ci\u00eancia V\u00e9dica da arquitetura.<\/li>\n<li>Mais de 2.000 Pandites V\u00e9dicos Maharishi plenamente formados j\u00e1 est\u00e3o em resid\u00eancia, seguindo o programa di\u00e1rio para gerar paz. <\/li>\n<li>Alojamentos para mais 5.000 Pandits est\u00e3o em constru\u00e7\u00e3o, mas recursos adicionais s\u00e3o necess\u00e1rios para a sua conclus\u00e3o.<\/li>\n<li>H\u00e1 mais de uma d\u00e9cada foi iniciado o programa Guru Ji, ainda em andamento para a forma\u00e7\u00e3o de jovens aspirantes a Pandites, nas suas aldeias natais. <\/li>\n<li>A forma\u00e7\u00e3o dos alunos mais velhos est\u00e1 em andamento em 46 centros de forma\u00e7\u00e3o residenciais em toda a \u00cdndia. Atualmente est\u00e3o matriculados aproximadamente 3.000 alunos em resid\u00eancia. <\/li>\n<li>\t Duas organiza\u00e7\u00f5es foram criadas para angariar recursos para a Iniciativa de Paz Global. A Funda\u00e7\u00e3o Brahmananda Saraswati, nos EUA, e o Fundo Fiduci\u00e1rio Brahmananda Saraswati, nos Pa\u00edses Baixos, s\u00e3o organiza\u00e7\u00f5es humanit\u00e1rias registadas nos respectivos pa\u00edses. <\/li>\n<li>Foi estabelecida uma rede de coordenadores nacionais volunt\u00e1rios(<a href=\"https:\/\/donation.vedicpandits.org\/contact\/\">\u2018Embaixadores\u2019<\/a>) para a promo\u00e7\u00e3o desta iniciativa em 90 pa\u00edses.<\/li>\n<li>Em apenas alguns anos, o programa de doa\u00e7\u00f5es mensais alcan\u00e7ou o patamar de US$ 430.000 de apoio mensal aos Pandites.<\/li>\n<li>Muitas organiza\u00e7\u00f5es nacionais do movimento mundial da Medita\u00e7\u00e3o Transcendental tamb\u00e9m est\u00e3o angariando recursos para apoiar os Pandites V\u00e9dicos Maharishi. <\/li>\n<p>\t<!--\n\n<li>Um grupo de Pandites V\u00e9dicos Maharishi foi estabelecido em Maharishi Vedic City, EUA, custeado por patrocinadores norte americanos.\n\n<\/li>\n\n-->\n<\/ul>\n","protected":false},"excerpt":{"rendered":"<p>MARCOS IMPORTANTES PARA O NOSSO OBJETIVO 1.700 acres (688 hectares) de terra foram comprados n\u00e3o muito longe de Jabalpur, em Madhya Pradesh, \u00cdndia, para o campus de 9.000 Pandites V\u00e9dicos Maharishi (a foto acima foi tirada em 2013.) A constru\u00e7\u00e3o de alojamento para 2.500 Pandites V\u00e9dicos Maharishi foi conclu\u00edda. Isto inclui infra estrutura, pr\u00e9dios administrativos, [&hellip;]<\/p>\n","protected":false},"author":3,"featured_media":189,"parent":5412,"menu_order":6,"comment_status":"open","ping_status":"closed","template":"","meta":{"om_disable_all_campaigns":false,"_monsterinsights_skip_tracking":false,"_monsterinsights_sitenote_active":false,"_monsterinsights_sitenote_note":"","_monsterinsights_sitenote_category":0,"footnotes":""},"class_list":["post-5432","page","type-page","status-publish","has-post-thumbnail","hentry"],"_links":{"self":[{"href":"https:\/\/donation.vedicpandits.org\/pt-pt\/wp-json\/wp\/v2\/pages\/5432","targetHints":{"allow":["GET"]}}],"collection":[{"href":"https:\/\/donation.vedicpandits.org\/pt-pt\/wp-json\/wp\/v2\/pages"}],"about":[{"href":"https:\/\/donation.vedicpandits.org\/pt-pt\/wp-json\/wp\/v2\/types\/page"}],"author":[{"embeddable":true,"href":"https:\/\/donation.vedicpandits.org\/pt-pt\/wp-json\/wp\/v2\/users\/3"}],"replies":[{"embeddable":true,"href":"https:\/\/donation.vedicpandits.org\/pt-pt\/wp-json\/wp\/v2\/comments?post=5432"}],"version-history":[{"count":4,"href":"https:\/\/donation.vedicpandits.org\/pt-pt\/wp-json\/wp\/v2\/pages\/5432\/revisions"}],"predecessor-version":[{"id":8666,"href":"https:\/\/donation.vedicpandits.org\/pt-pt\/wp-json\/wp\/v2\/pages\/5432\/revisions\/8666"}],"up":[{"embeddable":true,"href":"https:\/\/donation.vedicpandits.org\/pt-pt\/wp-json\/wp\/v2\/pages\/5412"}],"wp:featuredmedia":[{"embeddable":true,"href":"https:\/\/donation.vedicpandits.org\/pt-pt\/wp-json\/wp\/v2\/media\/189"}],"wp:attachment":[{"href":"https:\/\/donation.vedicpandits.org\/pt-pt\/wp-json\/wp\/v2\/media?parent=5432"}],"curies":[{"name":"wp","href":"https:\/\/api.w.org\/{rel}","templated":true}]}}