{"id":5447,"date":"2014-08-08T07:10:00","date_gmt":"2014-08-08T07:10:00","guid":{"rendered":"https:\/\/vedicpandits.org\/?page_id=5447"},"modified":"2016-01-17T10:19:02","modified_gmt":"2016-01-17T10:19:02","slug":"yagya","status":"publish","type":"page","link":"https:\/\/donation.vedicpandits.org\/pt-pt\/yagya\/","title":{"rendered":"Yagya"},"content":{"rendered":"<h4>YAGYAS MAHARISHI<\/h4>\n<p>As doa\u00e7\u00f5es feitas para o grupo de Pandites V\u00e9dicos da \u00cdndia contribuem ao mesmo tempo para os desempenhos V\u00e9dicos especiais, chamados de Yagyas, que s\u00e3o realizadas pelos Pandites. Estas Yagyas utilizam a ci\u00eancia do som para gerar m\u00faltiplos efeitos ben\u00e9ficos para o seu pa\u00eds National Yagya e para si Special Yagya.<\/p>\n<div class=\"border-line\">&nbsp;<\/div>\n<div class=\"grid-holder\">\n<div class=\"grid grid-desktop-50 grid-mobile-100\">\n<div class=\"holder button\">\n<a class=\"btn btn-large btn-full\" href=\"https:\/\/donation.vedicpandits.org\/pt-pt\/yagya\/national-yagya\/\"> > YAGYAS NACIONAIS<\/a>\n<\/div>\n<\/div>\n<div class=\"grid grid-desktop-50 grid-mobile-100\">\n<div class=\"holder button\">\n<a class=\"btn btn-large btn-full \" href=\"https:\/\/donation.vedicpandits.org\/pt-pt\/yagya\/special-yagya\/\"> > YAGYAS ESPECIAIS <\/a>\n<\/div>\n<\/div>\n<\/div>\n<p><\/p>\n<div class=\"border-line\">&nbsp;<\/div>\n<h4>O QUE \u00c9 A YAGYA?<\/h4>\n<p>Yagya \u00e9 uma tecnologia V\u00e9dica que, al\u00e9m de eficaz, tem sido honrada atrav\u00e9s dos tempos; o seu prop\u00f3sito \u00e9 prevenir problemas e aumentar o sucesso e a boa fortuna em todos os n\u00edveis. A tradi\u00e7\u00e3o da recita\u00e7\u00e3o V\u00e9dica foi declarada patrim\u00f3nio imaterial da humanidade pela UNESCO.<br \/>\n<div class=\"border-line\">&nbsp;<\/div>\n<div class=\"grid-holder\">\n<div class=\"grid grid-desktop-50 grid-mobile-100\"><div class=\"holder\"><h4>O QUE H\u00c1 DE ESPECIAL NAS YAGYAS MAHARISHI?<\/h4>\n<p>Maharishi Mahesh Yogi por muitos anos dedicou-se ao reavivamento sistem\u00e1tico e cuidadoso das Yagyas, restaurando esta tecnologia antiga no seu pleno poder. Ele reavivou a compreens\u00e3o crucial de que os Mantras V\u00e9dicos deveriam ser projetados da consci\u00eancia estabelecida no n\u00edvel Para (transcendental) da fala. Nesse n\u00edvel o elo entre som e forma \u2013 entre desejo e a realiza\u00e7\u00e3o do desejo \u2013 est\u00e1 intimamente conectado e \u00e9 imensamente poderoso. Maharishi definiu dois aspectos como sendo essenciais para a pr\u00e1tica correta das Yagyas V\u00e9dicas:<\/p>\n<p>Primeiramente, atrav\u00e9s da sua pr\u00e1tica di\u00e1ria dos programas de MT e MT-Sidhi, os Pandites V\u00e9dicos Maharishi experimentam n\u00edveis profundamente aquietados da consci\u00eancia. O resultado \u00e9 o avivamento da fonte Transcendental da fala antes da recita\u00e7\u00e3o e do desempenho da Yagya. Consequentemente, os Pandites desempenham as Yagyas a partir desse n\u00edvel aquietado da consci\u00eancia e assim mobilizam n\u00edveis mais profundos da lei natural. <\/p>\n<p>Em segundo lugar, os Pandites V\u00e9dicos Maharishi passam por uma forma\u00e7\u00e3o abrangente e singular. Por muitas d\u00e9cadas, Maharishi trabalhou de perto com os Mestres Pandites mais reverenciados de toda a \u00cdndia, a fim de refinar e instituir uma forma\u00e7\u00e3o educacional perfeita para os Pandites. Essa forma\u00e7\u00e3o garante que eles aprendam a pr\u00e1tica e a pron\u00fancia corretas, na sua plena efici\u00eancia tradicional. <\/p>\n<p>\u00c9 por isso que as Yagyas Maharishi t\u00eam um efeito t\u00e3o poderoso e amplo.<\/p>\n<\/div><\/div>\n<div class=\"grid grid-desktop-50 grid-mobile-100\"><div class=\"holder\"><p><img loading=\"lazy\" decoding=\"async\" class=\"alignright size-full wp-image-261\" src=\"\/wp-content\/uploads\/2014\/04\/CHANTING-PANDIT-EYES-CLOSED432.jpg\" alt=\"CHANTING PANDIT EYES CLOSED432\" width=\"432\" height=\"516\" srcset=\"https:\/\/donation.vedicpandits.org\/wp-content\/uploads\/2014\/04\/CHANTING-PANDIT-EYES-CLOSED432.jpg 432w, https:\/\/donation.vedicpandits.org\/wp-content\/uploads\/2014\/04\/CHANTING-PANDIT-EYES-CLOSED432-251x300.jpg 251w, https:\/\/donation.vedicpandits.org\/wp-content\/uploads\/2014\/04\/CHANTING-PANDIT-EYES-CLOSED432-300x358.jpg 300w\" sizes=\"auto, (max-width: 432px) 100vw, 432px\" \/><\/p>\n<\/div><\/div>\n<\/div>\n","protected":false},"excerpt":{"rendered":"<p>YAGYAS MAHARISHI As doa\u00e7\u00f5es feitas para o grupo de Pandites V\u00e9dicos da \u00cdndia contribuem ao mesmo tempo para os desempenhos V\u00e9dicos especiais, chamados de Yagyas, que s\u00e3o realizadas pelos Pandites. Estas Yagyas utilizam a ci\u00eancia do som para gerar m\u00faltiplos efeitos ben\u00e9ficos para o seu pa\u00eds National Yagya e para si Special Yagya. > YAGYAS [&hellip;]<\/p>\n","protected":false},"author":3,"featured_media":183,"parent":0,"menu_order":0,"comment_status":"open","ping_status":"closed","template":"","meta":{"om_disable_all_campaigns":false,"_monsterinsights_skip_tracking":false,"_monsterinsights_sitenote_active":false,"_monsterinsights_sitenote_note":"","_monsterinsights_sitenote_category":0,"footnotes":""},"class_list":["post-5447","page","type-page","status-publish","has-post-thumbnail","hentry"],"_links":{"self":[{"href":"https:\/\/donation.vedicpandits.org\/pt-pt\/wp-json\/wp\/v2\/pages\/5447","targetHints":{"allow":["GET"]}}],"collection":[{"href":"https:\/\/donation.vedicpandits.org\/pt-pt\/wp-json\/wp\/v2\/pages"}],"about":[{"href":"https:\/\/donation.vedicpandits.org\/pt-pt\/wp-json\/wp\/v2\/types\/page"}],"author":[{"embeddable":true,"href":"https:\/\/donation.vedicpandits.org\/pt-pt\/wp-json\/wp\/v2\/users\/3"}],"replies":[{"embeddable":true,"href":"https:\/\/donation.vedicpandits.org\/pt-pt\/wp-json\/wp\/v2\/comments?post=5447"}],"version-history":[{"count":7,"href":"https:\/\/donation.vedicpandits.org\/pt-pt\/wp-json\/wp\/v2\/pages\/5447\/revisions"}],"predecessor-version":[{"id":7888,"href":"https:\/\/donation.vedicpandits.org\/pt-pt\/wp-json\/wp\/v2\/pages\/5447\/revisions\/7888"}],"wp:featuredmedia":[{"embeddable":true,"href":"https:\/\/donation.vedicpandits.org\/pt-pt\/wp-json\/wp\/v2\/media\/183"}],"wp:attachment":[{"href":"https:\/\/donation.vedicpandits.org\/pt-pt\/wp-json\/wp\/v2\/media?parent=5447"}],"curies":[{"name":"wp","href":"https:\/\/api.w.org\/{rel}","templated":true}]}}