{"id":5451,"date":"2014-08-10T12:56:25","date_gmt":"2014-08-10T12:56:25","guid":{"rendered":"https:\/\/vedicpandits.org\/?page_id=5451"},"modified":"2021-06-22T20:01:12","modified_gmt":"2021-06-22T20:01:12","slug":"national-yagya","status":"publish","type":"page","link":"https:\/\/donation.vedicpandits.org\/pt-pt\/yagya\/national-yagya\/","title":{"rendered":"Yagyas Nacionais"},"content":{"rendered":"<h4>O QUE S\u00c3O YAGYAS NACIONAIS?<\/h4>\n<p>Uma Yagya Nacional \u00e9 uma tecnologia espec\u00edfica para aumentar a boa fortuna e evitar problemas para toda a na\u00e7\u00e3o. Estas Yagyas s\u00e3o realizadas por grupos de Pandites V\u00e9dicos Maharishi localizados no Brahmasthan (centro geod\u00e9sico) da \u00cdndia. <\/p>\n<div class=\"border-line\">&nbsp;<\/div>\n<div class=\"grid-holder\">\n<div class=\"grid grid-desktop-50 grid-mobile-100\"><div class=\"holder\"><p><img loading=\"lazy\" decoding=\"async\" class=\"alignleft size-full wp-image-277\" src=\"\/wp-content\/uploads\/2014\/04\/IMG_4957_reverse_web1.jpg\" alt=\"IMG_4957_reverse_web1\" width=\"432\" height=\"288\" srcset=\"https:\/\/donation.vedicpandits.org\/wp-content\/uploads\/2014\/04\/IMG_4957_reverse_web1.jpg 432w, https:\/\/donation.vedicpandits.org\/wp-content\/uploads\/2014\/04\/IMG_4957_reverse_web1-300x200.jpg 300w, https:\/\/donation.vedicpandits.org\/wp-content\/uploads\/2014\/04\/IMG_4957_reverse_web1-430x288.jpg 430w\" sizes=\"auto, (max-width: 432px) 100vw, 432px\" \/><\/p>\n<\/div><\/div>\n<div class=\"grid grid-desktop-50 grid-mobile-100\"><div class=\"holder\"><h4>COMO S\u00c3O REALIZADAS?<\/h4>\n<p>As Yagyas Nacionais s\u00e3o realizadas durante um certo per\u00edodo de dias ou semanas, dependendo da magnitude da Yagya e do prop\u00f3sito desejado (conhecido como Sankalpa), escolhido para o pa\u00eds. Alguns exemplos de prop\u00f3sitos espec\u00edficos s\u00e3o: maior progresso econ\u00f3mico, melhoria da sa\u00fade, harmonia nacional e a redu\u00e7\u00e3o ou preven\u00e7\u00e3o de problemas, como desastres naturais, viol\u00eancia e fraco desempenho econ\u00f3mico. <\/p>\n\t\t<div class=\"hidden-video\">\t\t\t\t\t\t\t\t\t\t\t\t\n\t\t\t<div class=\"video-container\"> [videojs autoplay=&#8221;false&#8221; mp4=&#8221;\/wp-content\/uploads\/2014\/06\/5.-Kavach-Display-1.mp4&#8243; width=&#8221;400&#8243; height=&#8221;400&#8243;] <\/div>\n\t\t<\/div>\n\t\t<a href=\"https:\/\/donation.vedicpandits.org\/pt-pt\/yagya\/national-yagya\/?image_video=%2Fwp-content%2Fuploads%2F2014%2F06%2F5.-Kavach-Display-1.mp4\" class=\"video-link no-pointer\"><em>&gt; Queira escutar os Pandites na realiza\u00e7\u00e3o da Yagya para a prote\u00e7\u00e3o da na\u00e7\u00e3o..<\/em><\/a>\n\n\t\n<\/div><\/div>\n<\/div>\n<div class=\"border-line\">&nbsp;<\/div>\n<a id=\"scienceofyagya\" name=\"scienceofyagya\"><\/a><\/p>\n<h4>A ci\u00eancia por tr\u00e1s do desempenho de Yagyas<\/h4>\n<p>Veja a explica\u00e7\u00e3o de John Hagelin, Ph.D., f\u00edsico qu\u00e2ntico de renome mundial, especialista em pol\u00edticas p\u00fablicas e proponente da paz:<\/p>\n<div class=\"grid-holder\">\n<div class=\"grid grid-desktop-50 grid-mobile-100\"><div class=\"holder\"><p span style=\"margin-left: 15px;\">\t<a href=\"https:\/\/donation.vedicpandits.org\/pt-pt\/yagya\/national-yagya\/?image_video=https%3A%2F%2Fvimeo.com%2F565860575%2F3c7e2c915a\" class=\"video-link \"><img decoding=\"async\" class=\"alignnone size-full wp-image-285\" src=\"https:\/\/donation.vedicpandits.org\/wp-content\/uploads\/2020\/02\/hagelin_5_videoimage.png\" alt=\"yagya_hagelin_1web1\" width=\"362\"  \/><\/a>\n\n\t\n\t<a href=\"https:\/\/donation.vedicpandits.org\/pt-pt\/yagya\/national-yagya\/?image_video=https%3A%2F%2Fvimeo.com%2F565860575%2F3c7e2c915a\" class=\"video-link no-pointer\"><em>&gt; Video 1: O que \u00e9 Yagya Maharishi?<\/em><\/a>\n\n\t\n<\/div><\/div>\n<div class=\"grid grid-desktop-50 grid-mobile-100\"><div class=\"holder\">\t<a href=\"https:\/\/donation.vedicpandits.org\/pt-pt\/yagya\/national-yagya\/?image_video=http%3A%2F%2Fwww.youtube.com%2Fwatch%3Fv%3DKgtT2U0aeqs%3Frel%3D0\" class=\"video-link \"><img decoding=\"async\" class=\"alignnone size-full wp-image-285\" src=\"https:\/\/donation.vedicpandits.org\/wp-content\/uploads\/2020\/02\/hagelin_yagya_charlie2.png\" alt=\"yagya_hagelin_2web2\" width=\"432\"  \/><\/a>\n\n\t\n\t<a href=\"https:\/\/donation.vedicpandits.org\/pt-pt\/yagya\/national-yagya\/?image_video=https%3A%2F%2Fwww.youtube.com%2Fwatch%3Fv%3DKgtT2U0aeqs%3Frel%3D0\" class=\"video-link no-pointer\"><em>&gt; Video 2: A base cient\u00edfica das Yagyas<\/em><\/a>\n\n\t\n<\/div><\/div>\n<\/div>\n<div class=\"border-line\">&nbsp;<\/div>\n<h4 style=\"text-align: center;\">QUATRO RAZ\u00d5ES PARA APOIAR OS PANDITES V\u00c9DICOS MAHARISHI E AS YAGYAS NACIONAIS<\/h4>\n<h4 style=\"text-align: center;\">1. APOIAR O SEU PA\u00cdS<\/h4>\n<p style=\"text-align: center;\">As Yagyas Nacionais promovem de maneira poderosa a paz, o sucesso, a prosperidade e a invencibilidade nacional, almejando especificamente o benef\u00edcio para o seu pa\u00eds.<\/p>\n<h4 style=\"text-align: center;\">2. PROTEGER O SEU MUNDO, O  AMBIENTE \u00c0 SUA VOLTA<\/h4>\n<p style=\"text-align: center;\">O efeito coletivo de muitas Yagyas Nacionais tem uma influ\u00eancia positiva e poderosa no mundo. Al\u00e9m disso, as suas doa\u00e7\u00f5es conduzem ao aumento do tamanho do grupo no Brahmasthan da \u00cdndia ao n\u00edvel cr\u00edtico de 9.000 &#8211; necess\u00e1rio para assegurar a paz mundial.<\/p>\n<h4 style=\"text-align: center;\">3. PROTEGER-SE A SI E \u00c0 SUA FAM\u00cdLIA<\/h4>\n<p style=\"text-align: center;\">A sua na\u00e7\u00e3o \u00e9 beneficiada pelo seu apoio e assim esse benef\u00edcio chega a si mesmo, como cidad\u00e3o. Todos conhecemos a verdade do ditado: \u201cColhemos aquilo que semeamos\u201d. Na tradi\u00e7\u00e3o V\u00e9dica antiga, diz-se que os patrocinadores das Yagyas s\u00e3o os principais benefici\u00e1rios.<\/p>\n<h4 style=\"text-align: center;\">4. PRESEVAR O PATRIM\u00d3NIO V\u00c9DICO<\/h4>\n<p style=\"text-align: center;\">Maharishi colocou muita \u00eanfase na restaura\u00e7\u00e3o da tradi\u00e7\u00e3o V\u00e9dica, j\u00e1 que ela oferece o conhecimento e as t\u00e9cnicas para realizarmos o nosso pleno potencial, individual e coletivamente. Todas as doa\u00e7\u00f5es feitas para as Yagyas Nacionais ao mesmo tempo apoiam os Pandites e garantem que esse conhecimento permane\u00e7a dispon\u00edvel para gera\u00e7\u00f5es futuras.<\/p>\n<div class=\"border-line\">&nbsp;<\/div>\n\t<p style=\"text-align: center\">\n\t\t<a href=\"https:\/\/donation.vedicpandits.org\/pt-pt\/intermediary-donation-page\/\"   class=\"btn btn-large \" > > \n\t\t\tCONTRIBUA PARA UMA YAGYA NACIONAL\t\t<\/a>\n\t<\/p>\n\n\t\n<div class=\"border-line\">&nbsp;<\/div>\n<h4>O SEU NOME MENCIONADO NUMA YAGYA <\/h4>\n<p>Voc\u00ea pode optar por ser o(a) \u00fanico(a) patrocinador(a) de uma Yagya Nacional (a partir de US$ 1.250). Neste caso, ter\u00e1 o seu nome mencionado no Sankalpa (o prop\u00f3sito desejado), que \u00e9 declarado pelos Pandites V\u00e9dicos no princ\u00edpio do desempenho da Yagya.  After you make your donation of $1,250 USD or more, your Ambassador will contact you to complete the National Yagya application.<\/p>\n<p>Contribuir para uma Yagya nacional n\u00e3o s\u00f3 traz influ\u00eancias positivas m\u00faltiplas para o seu pais mas  tamb\u00e9m ser\u00e1 beneficiado(a) como doador(a) individual.  <\/p>\n<p><!--\n\n<h4 id=\"testimonials\">FIRST HAND ACCOUNTS OF THE EFFECTS OF NATIONAL YAGYAS<\/h4>\n\n\n[accordion]\n[accordion_entry title=\"&gt; Read some personal experiences of individuals who contributed to a National Yagya:\"]\n\n\n<p style=\"text-align: left;\"><strong>I experienced less resistance and more bliss<\/strong> \u201cWhen I had the National Yagya I felt that my lectures had this quality of frictionless flow. I experienced less resistance and more bliss when I was lecturing. On a personal level I felt that my relationships got richer during this time. I highly recommend doing National Yagyas for promoting all your activities in life.\u201d \u2014 Norway<\/p>\n\n\n\n\n<p style=\"text-align: left;\"><strong>Life has been so kind to me<\/strong> \u201cMany, many thanks to the National Yagyas. We've enjoyed the most peaceful August in Taiwan since 1947. There were no typhoons in August 2014. It's just unbelievable for meteorologists!\u00a0Life has been kind to me and I just enjoy everything I'm doing. And I believe the credit goes to the National Yagyas we've done for Taiwan. Everything has become so effortless for me and I just go with the flow of my dharma and achieve everything I want to do, one by one in perfect order. New possibilities keep popping up and I have better and better income.\u201d \u2014 Taiwan<\/p>\n\n\n\n\n<p style=\"text-align: left;\"><strong>I feel protected<\/strong> \u201cI have the experience of being deeply connected to the group of Maharishi Vedic Pandits at the Brahmasthan. I also feel protected, I feel that I am not left as a leaf in the wind during the hard times I went through. Through me, that protection and blessings go to my family and to close friends and their families. I experience my Self as direct beneficiary of this project and as part of a huge global family and it makes me see the great benefits of the group of Maharishi Vedic Pandits for the whole world.\u201d \u2014 Serbia<\/p>\n\n\n\n\n<p style=\"text-align: left;\"><strong>Three weeks later I received a salary increase<\/strong> \u201cI had a Yagya done for prosperity for all the staff of the company where I work. Three weeks later I received a salary increase of 12% gross! Nowadays! The Yagya which has been done for the company is soon recouped!\u201d \u2014 Netherlands<\/p>\n\n\n\n\n<p style=\"text-align: left;\"><strong>I feel more support<\/strong> \u201cEach time I\u00a0can support the Vedic Pandits with the donations from my family I have more support in the different areas of my life\u00a0and it is like a snowball. This support flows also to the people I cherish and like that we are more and more a small, blissful river contributing to help the bliss all around us to grow. Thank you again for helping us to participate in this great accomplishment.\u201d \u2014 France<\/p>\n\n\n\n\n<p style=\"text-align: left;\"><strong>My family is blessed<\/strong> \"It is certainly a pleasure to have the opportunity to take part in the drive to remove negativity and make the world a better place to live in. I can assure you that today I feel 'magical' and 'enlightened' given that what I have been looking for, I have finally found it. It is truly a beautiful feeling which I cannot explain but one which illuminates continuous positive energy. My family is blessed and reaping the benefits of better living through new careers and improved talents. God's richest blessings to our Maharishi Vedic Pandits and many thanks for the National Yagyas.\" \u2014 Trinidad and Tobago<\/p>\n\n\n\n\n<p style=\"text-align: left;\"><strong>New opportunities arose<\/strong> \u201cMy contributions to the first National Yagyas were modest, yet I noticed more support of Nature every month. Problems and setbacks began to resolve in my favor. New opportunities arose. My income slowly started rising and for the past three months has doubled each month. Last month I could donate $1,250 \u2013 and what a difference with my name in the Yagya. It\u2019s a different life.\u201d \u2014 USA<\/p>\n\n\n\n\n<p style=\"text-align: left;\"><strong>Since this Yagya our business has sky rocketed<\/strong> \u201cI ordered a National Yagya for New Zealand with my nation, my family and our business needs in mind. The recession here, particularly in 2011, has been very hard on everyone including our own business. Since this Yagya our business has sky rocketed! We have even had to turn work away - that has NEVER happened before.\u201d \u2014 New Zealand<\/p>\n\n\n\n\n<p style=\"text-align: left;\"><strong>An essential part of our business <\/strong>\u201cWe have enjoyed greater success in our business and a real connectedness with Natural Law. This is another great gift and opportunity from Maharishi that we now consider to be an essential part of our business.\u201d \u2014 USA<\/p>\n\n\n\n\n<p style=\"text-align: left;\"><strong>Life as it was meant to be<\/strong> \u201cMy body, emotions and daily activities seem more fluid and easy during the Yagyas. Even the most challenging situations, whether personal or with work or family, seemed to sort themselves out effortlessly. This is life as it was meant to be.\u201d \u2014 USA<\/p>\n\n\n\n\n<p style=\"text-align: left;\"><strong>Everything remains smooth<\/strong> \u201cIt's especially during my programs in the dome that I realise that, since the beginning of the National Maharishi Yagyas, even if dramatic events take place in our lives, everything remains smooth, without too big upheavals. The effect is much more profound than we really realise and that understanding makes me very thankful and joyful!\u201d \u2014 Netherlands<\/p>\n\n\n\n\n<p style=\"text-align: left;\"><strong>\u00a0<\/strong><\/p>\n\n\n[\/accordion_entry]\n[\/accordion]\n[accordion]\n[accordion_entry title=\"&gt; Learn about changes in a nation\u2019s economic and political situation following the performance of a National Yagya:\"]\n\nLEBANON 2014\n\u201cI think everybody has heard about terrorists who are in Syria and recently in Iraq. They declared that they would attack some cities in Lebanon. In the last 10 days three attacks were prepared, but all failed because they were discovered in time by the army and police. The news everywhere said: Lebanon was saved from a third failed terrorist attack: this is unexplainable; this is a Divine Providence. We have experienced many similar situations like that before. This is not the first time. This protection in Lebanon is clearly due to the accumulated effects of Maharishi National Yagyas over the last 3 years. We have National Yagyas in every Yagya cycle - twice a month. This we will continue with to always keep Lebanon protected. All gratitude to Maharishi's programmes and to Maharishi Vedic Pandits in the Brahmasthan of India.\u201d <em>Salim Haddad - Ambassador for Lebanon<\/em>\n\nUKRAINE 2014\n\"THANK YOU to all Maharishi\u2019s worldwide family and the countries that are supporting Ukraine with National Yagyas! Every time we clearly see their effect - less violence and deaths, more negotiations for peace. You are saving lives, literally.\" <em>Natalia Lukyanenko - Ambassador and National Secretary for Ukraine National Office<\/em>\n\nSERBIA 2014\n\"Sebia suffered devastating floods a few months back. Kind donors and unexpected support for National Yagyas came just before the predicted next floods. During this time politicians were saying with amazement how lucky we were because the second wave of floods didn't come. We are the only ones who know that this luck was supported by having Maharishi National Yagyas.\" <em>Voja Trajkovic - Ambassador for Serbia<\/em>\n\nCOLUMBIA 2013\n\"Maharishi National Yagyas for our country are one of the greatest blessings we have received. We are amazed at how during and after the performance of our National Yagyas the experiences of the Meditators and Sidhas are excellent, in particular our donors, while the entire country enjoys a greatly enhanced level of coherence and support in different areas of national life. We see in news reports that the specific intention or Sankalpa of the National Yagya is reflected in the appropriate decisions made by country leaders. We feel that the Maharishi National Yagya Programme is a powerful technique to harness the infinite organizing power of natural law nationally as well as in specific areas. We are most grateful to Maharishi, Guru Dev for making available this powerful technology to positively influence the trends of time.\" <em>Paul Fabre - Ambassador for Columbia<\/em>\n\nUNITED KINGDOM, 2013\nThe excellent performance of the economy in the UK has completely confounded the predictions of Bankers and Economists.\n\nPORTUGAL, 2012\nThere was a mass uprising against a new and harsh \u2018single social tax\u2019. After the performance of a National Yagya this was resolved in a completely remarkable non-violent, nationally unifying and peaceful way.\n\nLEBANON, 2012\nRegular National Yagyas started in January 2011. Tensions and internal conflicts were reduced significantly, many political assassination attempts failed, terrorist plans were discovered and averted, and armed conflicts prevented. Yagya donors reported wonderful personal benefits. Even the President of Lebanon announced:\u201cLebanon is living in a condition of unexpected stability from January 2011 until now\u201d.\n\nUSA, 2012\nNational Yagyas specifically designed to bring rain preceded rains coming to drought-baked areas countrywide, a steady improvement in economic growth now at 3.1%, lower unemployment, increased industrial output, consumer confidence boom, a smooth and coherent election and even the dreaded December 21 passed by with enormous positivity.\n\nGHANA 2012\n\u201cI am sending you this news on Ghana\u2019s last election which came after our last yagya for the nation. In it has been described as the best and the most peaceful in the history of the nation. Coming out of Africa, it speaks volumes. We are grateful to our own Maharishi Ji for leaving us with this great knowledge. We also hope to try in our own little way to contribute to the peace.\u201d The National Director of the Transcendental Meditation Programme in Ghana.\n\n[\/accordion_entry]\n[\/accordion]--><\/p>\n","protected":false},"excerpt":{"rendered":"<p>O QUE S\u00c3O YAGYAS NACIONAIS? Uma Yagya Nacional \u00e9 uma tecnologia espec\u00edfica para aumentar a boa fortuna e evitar problemas para toda a na\u00e7\u00e3o. Estas Yagyas s\u00e3o realizadas por grupos de Pandites V\u00e9dicos Maharishi localizados no Brahmasthan (centro geod\u00e9sico) da \u00cdndia. A ci\u00eancia por tr\u00e1s do desempenho de Yagyas Veja a explica\u00e7\u00e3o de John Hagelin, [&hellip;]<\/p>\n","protected":false},"author":3,"featured_media":3256,"parent":5447,"menu_order":0,"comment_status":"open","ping_status":"closed","template":"","meta":{"om_disable_all_campaigns":false,"_monsterinsights_skip_tracking":false,"_monsterinsights_sitenote_active":false,"_monsterinsights_sitenote_note":"","_monsterinsights_sitenote_category":0,"footnotes":""},"class_list":["post-5451","page","type-page","status-publish","has-post-thumbnail","hentry"],"_links":{"self":[{"href":"https:\/\/donation.vedicpandits.org\/pt-pt\/wp-json\/wp\/v2\/pages\/5451","targetHints":{"allow":["GET"]}}],"collection":[{"href":"https:\/\/donation.vedicpandits.org\/pt-pt\/wp-json\/wp\/v2\/pages"}],"about":[{"href":"https:\/\/donation.vedicpandits.org\/pt-pt\/wp-json\/wp\/v2\/types\/page"}],"author":[{"embeddable":true,"href":"https:\/\/donation.vedicpandits.org\/pt-pt\/wp-json\/wp\/v2\/users\/3"}],"replies":[{"embeddable":true,"href":"https:\/\/donation.vedicpandits.org\/pt-pt\/wp-json\/wp\/v2\/comments?post=5451"}],"version-history":[{"count":13,"href":"https:\/\/donation.vedicpandits.org\/pt-pt\/wp-json\/wp\/v2\/pages\/5451\/revisions"}],"predecessor-version":[{"id":53960,"href":"https:\/\/donation.vedicpandits.org\/pt-pt\/wp-json\/wp\/v2\/pages\/5451\/revisions\/53960"}],"up":[{"embeddable":true,"href":"https:\/\/donation.vedicpandits.org\/pt-pt\/wp-json\/wp\/v2\/pages\/5447"}],"wp:featuredmedia":[{"embeddable":true,"href":"https:\/\/donation.vedicpandits.org\/pt-pt\/wp-json\/wp\/v2\/media\/3256"}],"wp:attachment":[{"href":"https:\/\/donation.vedicpandits.org\/pt-pt\/wp-json\/wp\/v2\/media?parent=5451"}],"curies":[{"name":"wp","href":"https:\/\/api.w.org\/{rel}","templated":true}]}}