{"id":5455,"date":"2014-08-10T12:57:22","date_gmt":"2014-08-10T12:57:22","guid":{"rendered":"https:\/\/vedicpandits.org\/?page_id=5455"},"modified":"2023-03-15T18:06:39","modified_gmt":"2023-03-15T18:06:39","slug":"special-yagya","status":"publish","type":"page","link":"https:\/\/donation.vedicpandits.org\/pt-pt\/yagya\/special-yagya\/","title":{"rendered":"Yagyas Especiais"},"content":{"rendered":"<h4>Maharishi Yagyas Especiais <\/h4>\n<p>Maharishi concebeu uma sele\u00e7\u00e3o \u00fanica de desempenho das Yagyas a fim de oferecer total apoio ao crescimento pessoal e \u00e0 boa fortuna dos seus benefici\u00e1rios. Estas Yagyas Especiais concedem as ben\u00e7\u00f5es da Natureza para os indiv\u00edduos e para as fam\u00edlias. As Yagyas para o Dia de Anivers\u00e1rio, Anivers\u00e1rio de Casamento, Nascimento de Beb\u00e9 s\u00e3o levadas a cabo em per\u00edodos chave de transi\u00e7\u00e3o, quando as Leis da Natureza nutridoras e espec\u00edficas est\u00e3o mais acess\u00edveis e avivadas.<\/p>\n<p>Recentemente torn\u00e1mos acess\u00edvel uma nova Yagya Especial &#8211; A Yagya do Bem-Estar &#8211; que poder\u00e1 ser realizada praticamente em qualquer dia que escolha. Estas Yagyas poder\u00e3o ser realizadas quantas vezes desejar, ao longo do ano, ou mesmo mensalmente. Quando fizer a sua requisi\u00e7\u00e3o, poder\u00e1 selecionar a data preferida da sua Yagya do Bem-Estar.<\/p>\n<p>Todas as Yagyas Especiais podem ser requeridas para si, para membros da sua fam\u00edlia, ou amigos. Mesmo s\u00f3 um destes desempenhos importantes das Yagyas mexe profundamente com a vida &#8211; atrav\u00e9s do pr\u00f3prio n\u00edvel fundamental do campo unificado. Desta forma, n\u00e3o s\u00f3 elevam o indiv\u00edduo, como tamb\u00e9m ajudam a dissolver a desarmonia e a promover a paz e progresso em qualquer sociedade.<\/p>\n<p>&nbsp;<\/p>\n<div style=\"padding:10px; background-color:white;\">\n<div style=\"border-size:2px;border-style:solid;border-color:#e4bb4b;\">\n<div style=\"text-align: center; padding-top:10px; padding-right:5px; padding-bottom:0px; padding-left:5px;\">\n&nbsp;<\/p>\n<h4>AN\u00daNCIO ESPECIAL DO RAJA HARRIS &#8211; EXTENS\u00d5ES<\/h4>\n<\/div>\n<div style=\"text-align: left; padding-top:20px; padding-right:20px; padding-bottom:40px; padding-left:20px;\">As experi\u00eancias positivas com os Yagyas Especiais levaram v\u00e1rias pessoas a perguntar se poderia haver uma extens\u00e3o de um dia para esses Yagyas. Ap\u00f3s consultar com os l\u00edderes dos Pandits, decidimos oferecer as op\u00e7\u00f5es de um segundo e de um terceiro dia para Yagyas Especiais. Para torn\u00e1-los mais acess\u00edveis, haver\u00e1 uma redu\u00e7\u00e3o do custo por dia desses Yagyas. <\/p>\n<\/div>\n<\/div>\n<\/div>\n<p>&nbsp;<\/p>\n<div class=\"grid-holder\">\n<div class=\"grid grid-desktop-50 grid-mobile-100\"><div class=\"holder\"><p><strong>Clique abaixo para selecionar o tipo de Yagya:<\/strong><br \/>\nMais e mais Pandits s\u00e3o alocados para cada n\u00edvel cada vez mais elevado da Yagya, tornando-a significativamente mais poderosa.<\/p>\n<ul>\n<li>\t<a href=\"https:\/\/sponsor.specialyagyas.org\/bwb.php?site=vp&amp;bwb=birthday\" class=\"tooltipster\" title=\"Special Yagyas are administered by Brahmananda Saraswati Yagya Foundation, a US based registered charity. Click here and we will transfer you to that website.\">\n\t\tAnivers\u00e1rio: para uma pessoa no dia do seu anivers\u00e1rio\t<\/a>\n\t\n<p>Yagya de Um Dia: n\u00edveis de doa\u00e7\u00e3o: $1,000 | $2,500<br \/>\nYagya de Dois Dias: n\u00edveis de doa\u00e7\u00e3o: $1,500 | $3,000<br \/>\nYagya de Tr\u00eas Dias: n\u00edveis de doa\u00e7\u00e3o: $2,000 | $3,500  <\/p>\n<li>\t<a href=\"https:\/\/sponsor.specialyagyas.org\/bwb.php?site=vp&amp;bwb=well-being\" class=\"tooltipster\" title=\"Special Yagyas are administered by Brahmananda Saraswati Yagya Foundation, a US based registered charity. Click here and we will transfer you to that website.\">\n\t\tA Yagya do Bem-Estar: que poder\u00e1 ser realizada em qualquer dia\t<\/a>\n\t\n<p>Yagya de Um Dia: n\u00edveis de doa\u00e7\u00e3o: $1,000 | $2,500<br \/>\nYagya de Dois Dias: n\u00edveis de doa\u00e7\u00e3o: $1,500 | $3,000<br \/>\nYagya de Tr\u00eas Dias: n\u00edveis de doa\u00e7\u00e3o: $2,000 | $3,500  <\/p>\n<li>\t<a href=\"https:\/\/sponsor.specialyagyas.org\/wedding.php?site=vp&amp;waw=w\" class=\"tooltipster\" title=\"Special Yagyas are administered by Brahmananda Saraswati Yagya Foundation, a US based registered charity. Click here and we will transfer you to that website.\">\n\t\tCasamento: para duas pessoas no dia do seu casamento\t<\/a>\n\t\n<p>Yagya de Um Dia: n\u00edveis de doa\u00e7\u00e3o: $1,500 | $3,000<br \/>\nYagya de Dois Dias: n\u00edveis de doa\u00e7\u00e3o: $2,000 | $3,500<br \/>\nYagya de Tr\u00eas Dias: n\u00edveis de doa\u00e7\u00e3o: $2,500 | $4,000<\/p>\n<li>\t<a href=\"https:\/\/sponsor.specialyagyas.org\/wedding.php?site=vp&amp;waw=wa\" class=\"tooltipster\" title=\"Special Yagyas are administered by Brahmananda Saraswati Yagya Foundation, a US based registered charity. Click here and we will transfer you to that website.\">\n\t\tAnivers\u00e1rio de Casamento:  para duas pessoas no dia do anivers\u00e1rio do seu casamento\t<\/a>\n\t\n<p>Yagya de Um Dia: n\u00edveis de doa\u00e7\u00e3o: $1,500 | $3,000<br \/>\nYagya de Dois Dias: n\u00edveis de doa\u00e7\u00e3o: $2,000 | $3,500<br \/>\nYagya de Tr\u00eas Dias: n\u00edveis de doa\u00e7\u00e3o: $2,500 | $4,000<\/p>\n<li>\t<a href=\"https:\/\/sponsor.specialyagyas.org\/newborn.php?site=vp\" class=\"tooltipster\" title=\"Special Yagyas are administered by Brahmananda Saraswati Yagya Foundation, a US based registered charity. Click here and we will transfer you to that website.\">\n\t\tRec\u00e9m Nascido: para o beb\u00e9 40 dias ap\u00f3s o nascimento\t<\/a>\n\t\n<p>Yagya de Um Dia: n\u00edveis de doa\u00e7\u00e3o: $1,000 | $2,500<br \/>\nYagya de Dois Dias: n\u00edveis de doa\u00e7\u00e3o: $1,500 | $3,000<br \/>\nYagya de Tr\u00eas Dias: n\u00edveis de doa\u00e7\u00e3o: $2,000 | $3,500  <\/p>\n<\/ul>\n<\/div><\/div>\n<div class=\"grid grid-desktop-50 grid-mobile-100\"><div class=\"holder\"><p><img loading=\"lazy\" decoding=\"async\" class=\"alignleft size-full wp-image-423\" src=\"\/wp-content\/uploads\/2014\/04\/pandits_5320.jpg\" alt=\"pandits_5320\" width=\"432\" height=\"326\" srcset=\"https:\/\/donation.vedicpandits.org\/wp-content\/uploads\/2014\/04\/pandits_5320.jpg 432w, https:\/\/donation.vedicpandits.org\/wp-content\/uploads\/2014\/04\/pandits_5320-300x226.jpg 300w\" sizes=\"auto, (max-width: 432px) 100vw, 432px\" \/><\/p>\n<\/div><\/div>\n<\/div>\n<p>As doa\u00e7\u00f5es para o programa de Yagyas Especiais s\u00e3o feitas \u00e0 Funda\u00e7\u00e3o Brahmananda Saraswati Yagya, uma organiza\u00e7\u00e3o dos EUA.<\/p>\n<div class=\"border-line\">&nbsp;<\/div>\n<h4>SAIBA COMO SE INSCREVER<\/h4>\n<p>\u00c9 f\u00e1cil requisitar uma Yagya Especial Maharishi. Toda a inscri\u00e7\u00e3o e respectivo pagamento podem ser completados via online. Clique no bot\u00e3o de cor de laranja \u2018Inscri\u00e7\u00e3o para uma Yagya Especial.\u2019<\/p>\n<p><strong>Por favor, submeta a sua inscri\u00e7\u00e3o pelo menos com uma semana de anteced\u00eancia. <\/strong> Ser\u00e1 necess\u00e1ria sua hora de nascimento e seu local de nascimento.<\/p>\n<p>Para maiores informa\u00e7\u00f5es, veja a nossa se\u00e7\u00e3o de Perguntas Frequentes abaixo, no fundo da p\u00e1gina. E se houver alguma quest\u00e3o pode contatar-nos:  specialyagyas@vedicpandits.org<\/p>\n<p>O pagamento ser\u00e1 aceito atrav\u00e9s de: Visa, MasterCard, American Express, e PayPal.<br \/>\n<div class=\"border-line\">&nbsp;<\/div>\n\t<p style=\"text-align: center\">\n\t\t<a href=\"https:\/\/donate.vedicpandits.org\/special-yagyas\/\"   class=\"btn btn-large \" > > \n\t\t\tInscri\u00e7\u00e3o para uma Yagya Especial<\/p>\t\t<\/a>\n\t<\/p>\n\n\t\n<div class=\"border-line\">&nbsp;<\/div>\n<div class=\"box-quote\">\n<p><strong>Foi uma experi\u00eancia maravilhosa <\/strong><br \/>\u201cEsta foi a minha primeira Yagya Maharishi e foi uma experi\u00eancia maravilhosa. Estou planejando ter uma a cada ano. Come\u00e7ando na noite antes do meu anivers\u00e1rio, eu senti intensas ondas de felicidade. Desde ent\u00e3o, muitas quest\u00f5es que eu tinha h\u00e1 muito tempo foram resolvidas (o que foi um al\u00edvio) e tamb\u00e9m fui me sentindo mais feliz e contente. Se os obst\u00e1culos surgem no dia-a-dia eles parecem dissolver mais facilmente e minhas a\u00e7\u00f5es parecem mais eficientes. Obrigado por tornar estas Yagyas dispon\u00edveis.\u201d<br \/>Canad\u00e1<\/p>\n<\/div>\n<div class=\"accordion\"><div class=\"accordion-entry\"><em><a href=\"#\">&gt; Leia mais: Em primeira m\u00e3o - Yagyas Especais<\/a><\/em><div class=\"hidden-content\">\n<div class=\"box-quote\">\n<p><strong>Tudo funcionava sem esfor\u00e7o<\/strong><br \/> \u201cNo meu anivers\u00e1rio, a sensa\u00e7\u00e3o de que tudo \u00e0 minha volta funcionava suavemente, sem esfor\u00e7o e em paz foi t\u00e3o profunda que me surpreendeu. Eu estava realmente diferente, comparando com outros anivers\u00e1rios. Meus agradecimentos aos organizadores.\u201d<br \/>Canada<\/p>\n<p><strong>A mem\u00f3ria mais feliz que eu posso recordar<\/strong><br \/>&#8220;Algumas situa\u00e7\u00f5es que estavam estagnadas come\u00e7aram a se mover na dire\u00e7\u00e3o certa. Para o meu anivers\u00e1rio, foi a experi\u00eancia mais feliz que eu me lembro em anos. Foi uma semana cheia de celebra\u00e7\u00f5es, algo que provavelmente eu n\u00e3o tive mesmo em meus dias de estrela como um adolescente. Eu estou muito feliz com os resultados. Quero que o pr\u00f3ximo anivers\u00e1rio venha em breve.&#8221;<br \/>It\u00e1lia<\/p>\n<p><strong>Sinto-me aben\u00e7oado<\/strong><br \/>\u201cA partir do Yagya houve uma mudan\u00e7a definitiva na consci\u00eancia. Eu me sinto realmente aben\u00e7oado. Mal posso esperar para ter um Yagya de Anivers\u00e1rio todo ano.\u201d <br \/>Reino Unido<\/p>\n<p><strong>O Sorriso C\u00f3smico<\/strong><br \/>\u201cA experi\u00eancia \u00e9 realmente c\u00f3smica, e unifica todos os n\u00edveis da exist\u00eancia humana no Sorriso C\u00f3smico. \u00c9 como se o P\u00f3 Dourado estivesse sendo derramado sobre a pessoa. Obrigado a todos os Pandits V\u00e9dicos que fazem Yagyas e a toda a Sagrada Tradi\u00e7\u00e3o, que nos trouxe esse Conhecimento Puro Divino.\u201d <br \/>S\u00e9rvia<\/p>\n<p><strong>Foi uma experi\u00eancia maravilhosa <\/strong><br \/>\u201cEsta foi a minha primeira Yagya Maharishi e foi uma experi\u00eancia maravilhosa. Estou planejando ter uma a cada ano. Come\u00e7ando na noite antes do meu anivers\u00e1rio, eu senti intensas ondas de felicidade. Desde ent\u00e3o, muitas quest\u00f5es que eu tinha h\u00e1 muito tempo foram resolvidas (o que foi um al\u00edvio) e tamb\u00e9m fui me sentindo mais feliz e contente. Se os obst\u00e1culos surgem no dia-a-dia eles parecem dissolver mais facilmente e minhas a\u00e7\u00f5es parecem mais eficientes. Obrigado por tornar estas Yagyas dispon\u00edveis.\u201d<br \/>Canad\u00e1<\/p>\n<p><strong>The Impact was Obvious<\/strong><br \/>\u201cWe had not expected the Yagya to affect us so directly, but the impact was obvious. It reminded me of the impact of a long rounding course. Difficult to describe, but impossible to miss.\u201d<br \/>EUA<\/p>\n<p><strong>Algo muito especial aconteceu <\/strong><br \/>\u201cAssim que eu paguei a Yagya de anivers\u00e1rio de casamento, algo muito especial aconteceu em nosso relacionamento. Agora, \u00e9 como se tudo fosse t\u00e3o limpo, t\u00e3o transparente. \u00c9 uma maravilha que uma Yagya pode funcionar apenas pagando por ela.\u201d<br \/>Holanda<\/p>\n<p><strong>Ancorados no Absoluto <\/strong><br \/>N\u00f3s dois nos sentimos ancorados no Absoluto todo o tempo, com uma sensa\u00e7\u00e3o de que \u00e9ramos inamov\u00edveis de verdade. N\u00e3o preciso nem dizer, mal podemos esperar pelo pr\u00f3ximo.\u201d <br \/>EUA<\/p>\n<p><strong>A Yagya afastou Cansa\u00e7o e Medo <\/strong><br \/>&#8220;Me dar uma Yagya de presente para meu &#8220;doce sexag\u00e9simo\u201d anivers\u00e1rio foi uma decis\u00e3o muito boa. Eu tive experi\u00eancias agrad\u00e1veis durante o dia. Eu me senti muito feliz, suave e todas as minhas atividades foram mais tranquilas e descontra\u00eddas do que o habitual. Eu ainda me sinto mais esperan\u00e7osa e toda a minha vida di\u00e1ria parece apoiada. Mas o melhor \u00e9 que o meu cora\u00e7\u00e3o se tornou mais aberto e minhas medita\u00e7\u00f5es s\u00e3o mais profundas do que antes. Tamb\u00e9m parece que a Yagya afastou o cansa\u00e7o e o medo do passado, eles se foram e eu realmente recomendo a todos que fa\u00e7am uma Yagya de anivers\u00e1rio!.&#8221;<br \/>Alemanha<\/p>\n<p><strong>A vida flui de maneira mais suave<\/strong><br \/>\u201cO efeito dos Yagyas \u00e9 incr\u00edvel. Muitos com quem tenho falado perceberam experi\u00eancias com o mesmo n\u00edvel de qualidade que eu. A vida flui de maneira t\u00e3o mais suave, o apoio da Natureza \u00e9 constante nas pequenas e grandes coisas, as barreiras desaparecem. Sinto-me em paz com tudo.\u201d <br \/>EUA<\/p>\n<\/div>\n<a href=\"#\" class=\"close\">Close Section<\/a><\/div><\/div>\n<\/div>\n<div class=\"border-line\">&nbsp;<\/div>\n<a id=\"jhagelin\"><\/a><br \/>\n<div class=\"grid-holder\">\n<div class=\"grid grid-desktop-50 grid-mobile-100\"><div class=\"holder\">\t<a href=\"https:\/\/donation.vedicpandits.org\/pt-pt\/yagya\/special-yagya\/?image_video=https%3A%2F%2Fvimeo.com%2F565860575%2F3c7e2c915a\" class=\"video-link \"><img loading=\"lazy\" decoding=\"async\" class=\"alignnone size-full wp-image-285\" src=\"https:\/\/donation.vedicpandits.org\/wp-content\/uploads\/2023\/02\/J_Hagelin_what-is-Yagya_video-600x321-1.png\" alt=\"yagya_hagelin_1web1\" width=\"432\" height=\"242\" \/><\/a>\n\n\t\n\t<a href=\"https:\/\/donation.vedicpandits.org\/pt-pt\/yagya\/special-yagya\/?image_video=https%3A%2F%2Fvimeo.com%2F565860575%2F3c7e2c915a\" class=\"video-link no-pointer\"><em>&gt; Video 1: O que \u00e9 Yagya Maharishi?<\/em><\/a>\n\n\t\n<\/div><\/div>\n<div class=\"grid grid-desktop-50 grid-mobile-100\"><div class=\"holder\"><h4>O QUE \u00c9 YAGYA Maharishi?<\/h4>\n<p>Maharishi Mahesh Yogi por muitos anos dedicou-se ao reavivamento sistem\u00e1tico e cuidadoso dos Yagyas, restaurando essa tecnologia antiga ao seu pleno poder. Ele reavivou a compreens\u00e3o crucial de que os Mantras V\u00e9dicos deveriam ser projetados da consci\u00eancia estabelecida no n\u00edvel Para (transcendental) da fala. Nesse n\u00edvel o elo entre som e forma \u2013 entre desejo e a realiza\u00e7\u00e3o do desejo \u2013 est\u00e1 intimamente conectado e \u00e9 imensamente poderoso. <\/p>\n<p>Pandits V\u00e9dicos Maharishi experimentam n\u00edveis profundamente aquietados da consci\u00eancia. O resultado \u00e9 o avivamento da fonte Transcendental da fala, antes da recita\u00e7\u00e3o e do desempenho do Yagya. Conseq\u00fcentemente, os Pandits desempenham os Yagyas a partir desse n\u00edvel aquietado da consci\u00eancia e, assim, engajam n\u00edveis mais profundos da lei natural.<br \/>\nEssa forma\u00e7\u00e3o garante que eles aprendam a pr\u00e1tica e a pron\u00fancia corretas, na sua plena efic\u00e1cia tradicional.<br \/>\n For a more complete explanation, listen to John Hagelin, Ph.D., a world-renowned quantum physicist, educator, public policy expert, and leading proponent of peace.<\/p>\n<\/div><\/div>\n<\/div>\n<div class=\"border-line\">&nbsp;<\/div>\n<div class=\"accordion\"><div class=\"accordion-entry\"><em><a href=\"#\">&gt; Perguntas Freq\u00fcentes sobre Yagyas Pessoais:<\/a><\/em><div class=\"hidden-content\">\n<p>A Yagya do Bem-Estar &#8211; poder\u00e1 ser realizada praticamente em qualquer dia que escolha. Estas Yagyas poder\u00e3o ser realizadas quantas vezes desejar, ao longo do ano, ou mesmo mensalmente. Quando fizer a sua requisi\u00e7\u00e3o, poder\u00e1 selecionar a data preferida da sua Yagya do Bem-Estar.<\/p>\n<p>EXISTE ALGUMA YAGYA ESPECIAL PARA A SA\u00daDE?<br \/>\nN\u00e3o dispomos de uma Yagya Especial Maharishi para a sa\u00fade. As Yagyas Especiais est\u00e3o concebidas para dar um impulso global na evolu\u00e7\u00e3o e vida de cada pessoa. As Yagyas Especiais n\u00e3o est\u00e3o concebidas para acudir a quest\u00f5es espec\u00edficas de sa\u00fade, tais como problemas de sa\u00fade ou cirurgias m\u00e9dicas.<\/p>\n<p>COMO S\u00c3O TREINADOS OS PANDITS V\u00c9DICOS MAHARISHI?<br \/>\nO treinamento come\u00e7a desde jovem, quando as crian\u00e7as come\u00e7am a aprender com os seus pais. Os jovens de fam\u00edlias de Pandits ingressam no programa formal de treinamento de Maharishi, nas suas localidades de origem, por volta dos 10 anos de idade, em um dos muitos centros de treinamento \u201cGuru Ji\u201d. Por volta dos 14 anos de idade os jovens Pandits em treinamento mudam-se para um dos campus residenciais de treinamento, nas v\u00e1rias regi\u00f5es do pa\u00eds. Em geral, dali eles passam para um dos principais campus de Pandits V\u00e9dicos Maharishi. Todos os Pandits s\u00e3o matriculados na Maharishi Mahesh Yogi Vedic Vishwavidyaleya, uma universidade legalmente constitu\u00edda. O seu treinamento sistem\u00e1tico continua at\u00e9 o n\u00edvel de doutorado. Todos os nossos Pandits praticam os programas de Medita\u00e7\u00e3o Transcendental\u00ae e MT-Sidhi\u00ae. <\/p>\n<p>WHAT IF I DO NOT HAVE THE EXACT BIRTH TIME?<br \/>\nPlease try to determine the birth time as accurately as possible. If you do not have the exact time, a good sense of the approximate time is acceptable.<\/p>\n<p>\u00c9 MELHOR PATROCINAR UM YAGYA ESPECIAL OU CONTRIBUIR PARA UM YAGYA NACIONAL?<br \/>\nAs duas s\u00e3o op\u00e7\u00f5es maravilhosas e ambas fornecem apoio direto aos grandes grupos de Pandits V\u00e9dicos Maharishi. Depende do desejo do doador. No caso dos Yagyas Nacionais, o doador est\u00e1 apoiando o seu pa\u00eds e, por meio dessa inten\u00e7\u00e3o, tamb\u00e9m a si mesmo. O prop\u00f3sito principal do Yagya Especial \u00e9 o benef\u00edcio dos participantes. O ideal \u00e9 que o doador considere fazer um Yagya Especial uma ou duas vezes ao ano, enquanto generosamente tamb\u00e9m contribua para com os Yagyas Nacionais todos os meses, dependendo do seu or\u00e7amento. <\/p>\n<p>PARA ONDE V\u00c3O AS DOA\u00c7\u00d5ES?<br \/>\nOs recursos doados para os Yagyas Especiais ap\u00f3iam diretamente os Pandits V\u00e9dicos Maharishi. As doa\u00e7\u00f5es para os Yagyas Especiais s\u00e3o feitas \u00e0 Funda\u00e7\u00e3o Brahmananda Saraswati Yagya (BSFY). A BSYF \u00e9 uma organiza\u00e7\u00e3o norte americana sem fins lucrativos, fundada a pedido de Maharishi em 2008, com o prop\u00f3sito espec\u00edfico de manter perpetuamente grupos numerosos de Pandits V\u00e9dicos Maharishi(SM). Os recursos doados para Yagyas Especiais s\u00e3o usados de duas maneiras principais:<br \/>\n\u2013 Apoiando os grupos grandes de Pandits V\u00e9dicos Maharishi<br \/>\n\u2013 Treinando Pandits V\u00e9dicos Maharishi de forma a expandir e manter o programa.<br \/>\nO apoio cobre todas as necessidades dos Pandits, inclusive acomoda\u00e7\u00e3o, refei\u00e7\u00f5es, roupas e cuidados m\u00e9dicos. A BSF, em colabora\u00e7\u00e3o com institui\u00e7\u00f5es afiliadas na \u00cdndia, supervisiona diretamente a gest\u00e3o altamente profissional e custo efetiva deste novo programa de Yagyas Especiais, a fim de garantir sua m\u00e1xima efic\u00e1cia. <\/p>\n<p>AS DOA\u00c7\u00d5ES S\u00c3O DEDUT\u00cdVEIS DO IMPOSTO DE RENDA?<br \/>\nAs doa\u00e7\u00f5es para o programa de Yagyas Especiais s\u00e3o feitas \u00e0 Funda\u00e7\u00e3o Brahmananda Saraswati Yagya, uma organiza\u00e7\u00e3o educacional sem fins lucrativos, conforme a Se\u00e7\u00e3o 501(c)(3) do C\u00f3digo do Imposto de Renda dos EUA. As doa\u00e7\u00f5es s\u00e3o dedut\u00edveis do imposto de renda para contribuintes americanos. Voc\u00ea receber\u00e1 um recibo para cada doa\u00e7\u00e3o sua.<\/p>\n<p>Em todos os outros pa\u00edses deve-se consultar um especialista da \u00e1rea tribut\u00e1ria a respeito da dedutibilidade. Se voc\u00ea tiver alguma outra pergunta, o seu Embaixador Nacional ter\u00e1 prazer em ajud\u00e1-lo. Para obter informa\u00e7\u00f5es de contato, v\u00e1 para  > Quem somos \/ A Nossa Rede Internacional de Embaixadores.<br \/>\n<a href=\"#\" class=\"close\">Close Section<\/a><\/div><\/div>\n<\/div>\n","protected":false},"excerpt":{"rendered":"<p>Maharishi Yagyas Especiais Maharishi concebeu uma sele\u00e7\u00e3o \u00fanica de desempenho das Yagyas a fim de oferecer total apoio ao crescimento pessoal e \u00e0 boa fortuna dos seus benefici\u00e1rios. Estas Yagyas Especiais concedem as ben\u00e7\u00f5es da Natureza para os indiv\u00edduos e para as fam\u00edlias. As Yagyas para o Dia de Anivers\u00e1rio, Anivers\u00e1rio de Casamento, Nascimento de [&hellip;]<\/p>\n","protected":false},"author":3,"featured_media":75965,"parent":5447,"menu_order":2,"comment_status":"open","ping_status":"closed","template":"","meta":{"om_disable_all_campaigns":false,"_monsterinsights_skip_tracking":false,"_monsterinsights_sitenote_active":false,"_monsterinsights_sitenote_note":"","_monsterinsights_sitenote_category":0,"footnotes":""},"class_list":["post-5455","page","type-page","status-publish","has-post-thumbnail","hentry"],"_links":{"self":[{"href":"https:\/\/donation.vedicpandits.org\/pt-pt\/wp-json\/wp\/v2\/pages\/5455","targetHints":{"allow":["GET"]}}],"collection":[{"href":"https:\/\/donation.vedicpandits.org\/pt-pt\/wp-json\/wp\/v2\/pages"}],"about":[{"href":"https:\/\/donation.vedicpandits.org\/pt-pt\/wp-json\/wp\/v2\/types\/page"}],"author":[{"embeddable":true,"href":"https:\/\/donation.vedicpandits.org\/pt-pt\/wp-json\/wp\/v2\/users\/3"}],"replies":[{"embeddable":true,"href":"https:\/\/donation.vedicpandits.org\/pt-pt\/wp-json\/wp\/v2\/comments?post=5455"}],"version-history":[{"count":27,"href":"https:\/\/donation.vedicpandits.org\/pt-pt\/wp-json\/wp\/v2\/pages\/5455\/revisions"}],"predecessor-version":[{"id":75992,"href":"https:\/\/donation.vedicpandits.org\/pt-pt\/wp-json\/wp\/v2\/pages\/5455\/revisions\/75992"}],"up":[{"embeddable":true,"href":"https:\/\/donation.vedicpandits.org\/pt-pt\/wp-json\/wp\/v2\/pages\/5447"}],"wp:featuredmedia":[{"embeddable":true,"href":"https:\/\/donation.vedicpandits.org\/pt-pt\/wp-json\/wp\/v2\/media\/75965"}],"wp:attachment":[{"href":"https:\/\/donation.vedicpandits.org\/pt-pt\/wp-json\/wp\/v2\/media?parent=5455"}],"curies":[{"name":"wp","href":"https:\/\/api.w.org\/{rel}","templated":true}]}}