{"id":5462,"date":"2015-01-15T14:34:07","date_gmt":"2015-01-15T14:34:07","guid":{"rendered":"https:\/\/vedicpandits.org\/?page_id=5462"},"modified":"2016-06-12T08:44:15","modified_gmt":"2016-06-12T08:44:15","slug":"testimonials","status":"publish","type":"page","link":"https:\/\/donation.vedicpandits.org\/pt-pt\/testimonials\/","title":{"rendered":"TESTEMUNHOS"},"content":{"rendered":"<h4 id=\"testimonials\">RELATO EM PRIMEIRA M\u00c3O DOS EFEITOS DAS YAGYAS NACIONAIS<\/h4>\n<p style=\"text-align: left;\"> Durante uma Yagya Nacional a sua na\u00e7\u00e3o beneficia do seu apoio &#8211; e de acordo com o princ\u00edpio da reciprocidade: \u201caquilo que semeamos, n\u00f3s colhemos\u201d, notando-se algum benef\u00edcio para si tamb\u00e9m. Na antiga tradi\u00e7\u00e3o v\u00e9dica, os apoiantes da Yagya s\u00e3o chamados benefici\u00e1rios. Abaixo pode ler algumas das experi\u00eancias daqueles que t\u00eam apoiado as Yagyas Nacionais.<\/p>\n<div class=\"box-quote\">\n<p><strong>\u00c9 verdadeiro o ditado que diz: Ajuda-te a ti mesmo e o c\u00e9u dar-te-\u00e1 ajuda!<\/strong><br \/> \u201cUma semana depois de ter contribu\u00eddo para a Yagya National foram-me atribuidas tarefas no meu trabalho que me agradam bastante, e a rela\u00e7\u00e3o com os meus chefes \u00e9 milagrosamente mais calma, o que antes nunca aconteceu. Sinto-me bem no trabalho. \u00c9 verdadeiro o ditado: Ajuda-te a ti mesmo e o c\u00e9u ajudar-te-\u00e1. Seguramente vou contribuir mensalmente para os Pandites Maharishi de forma permanente.\u201d<br \/> \u2014 It\u00e1lia<\/p>\n<p><strong>Estamos totalmente gratos para com a intelig\u00eancia c\u00f3smica, por ter cooperado com a nossa demanda. <\/strong><br \/> \u201cAgrade\u00e7o pela Yagya Nacional em nome do meu genro. Sei que a Yagya fez a diferen\u00e7a e influenciou as gra\u00e7as recebidas diariamente na fam\u00edlia, atrav\u00e9s de apoio financeiro, aten\u00e7\u00e3o m\u00e9dica, o M\u00e9dico atencioso que foi mais longe que o seu dever, a minha filha que geriu tudo e o apoio dos amigos, familiares e demais indiv\u00edduos e grupos em casa.Estamos totalmente gratos para com a intelig\u00eancia c\u00f3smica por ter coopearado com a nossa demanda. O nosso genro est\u00e1 bem, voltando \u00e0 vida normal como \u00e9 poss\u00edvel. Os nossos cora\u00e7\u00f5es est\u00e3o infinitamente gratos pelas infinitas gra\u00e7as recebidas.\u201d<br \/> \u2014 Trinidade e Tobago\n<\/p>\n<p><strong>Quanto mais dou, mais recebo.<\/strong><br \/> \u201cAssim que sabes que este conhecimento que pode gerar Paz Mundial e o C\u00e9u na Terra existe, tu pensas: Ah, tenho aqui responsabilidade. E com isto a Bem-aventuran\u00e7a e a alegria v\u00eam, e ganhas mais e ent\u00e3o d\u00e1s mais. \u2026Ent\u00e3o para mim \u00e9 um investimento\u2026 literalmente. Quanto mais dou, mais recebo.\u201d<br \/> \u2014 B\u00e9lgica\n<\/p>\n<\/div>\n<div class=\"accordion\"><div class=\"accordion-entry\"><em><a href=\"#\">&gt; Experi\u00eancias de indiv\u00edduos que contribuiram para as Yagyas Nacionais<\/a><\/em><div class=\"hidden-content\">\n<div class=\"box-quote\">\n<p><strong>Sinto mais apoio <\/strong><br \/>\u201cCada vez que apoio os Pandites V\u00e9dicos com as doa\u00e7\u00f5es da minha fam\u00edlia eu obtenho mais apoio nas diferentes \u00e1reas da minha vida &#8211; e \u00e9 como uma bola de neve. Este apoio flui tamb\u00e9m para as pessoas que estimo e assim &#8211; somos cada vez mais um pequeno e feliz rio contribuindo para ajudar a felicidade a crescer \u00e0 nossa volta. Muito obrigado novamente por ajudar-nos a participar nesta grande realiza\u00e7\u00e3o\u201d<br \/>\u2014 Fran\u00e7a<\/p>\n<p><strong>A pol\u00edcia desmontou toda uma cadeia de crime organizado.<\/strong><br \/>\u2018Enquanto estava na conversa com alguns amigos sobre o grande apoio que tinha experimentado durante a Yagya Nacional para a qual dera o meu contributo, de repente vi a minha bicicleta (de marca muito cara de 2009, dos Estados Unidos) a ser roubada! Por sorte o empregado de mesa viu claramente o ladr\u00e3o e pudemos fazer um relato completo junto da Pol\u00edcia. Devido a isto, uns dias depois a pol\u00edcia encontrou a minha bicicleta com mais sete e desmontou toda uma cadeia de crime organizado. Foi uma alegria ter a minha bicicleta de volta e ainda melhor do que estava antes, parece quase nova! Compreendi quanta coer\u00eancia a Yagya Nacional est\u00e1 a criar no nosso pa\u00eds, na minha cidade, e at\u00e9 nos indiv\u00edduos.\u2019<br \/>\u2014 Cro\u00e1cia<\/p>\n<p><strong>Estou sempre contente.<\/strong><br \/>\u201cApesar de ter dado uma modesta e m\u00ednima contribui\u00e7\u00e3o, durante a Yagya Nacional experimentei um estado de pico de bem-estar t\u00e3o elevado, que me faz sentir sempre contente, n\u00e3o importa o que tenha ou n\u00e3o tenha feito. O Bem-estar permitiu relacionar-me com os outros, como se a minha mente estivesse em sintonia com um canal pertencente a toda a gente. \u00c9 a comunica\u00e7\u00e3o baseada na confian\u00e7a que desfaz as \u2018barreiras\u2019 que normalmente se interp\u00f5em.\u201d<br \/>\u2014 It\u00e1lia<\/p>\n<p><strong>A partir desta Yagya o nosso neg\u00f3cio tem subido exponencialmente<\/strong><br \/>\u201cSolicitei uma Yagya Nacional para a Nova Zel\u00e2ndia para a minha na\u00e7\u00e3o, a minha fam\u00edlia e as nossas necessidades de neg\u00f3cio em mente. A recess\u00e3o aqui particularmente em 2011 tem sido muito dif\u00edcil para todos incluindo o nosso pr\u00f3prio neg\u00f3cio. A partir desta Yagya o nosso neg\u00f3cio tem subido ao c\u00e9u! Tivemos at\u00e9 de mudar de local de trabalho \u2013 o que NUNCA aconteceu antes \u201d <br \/>\u2014 Nova Zel\u00e2ndia<\/p>\n<p><strong>Conex\u00e3o real com a Lei Natural <\/strong><br \/>\u201cTemos usufruido de um maior sucesso na nossa empresa e de uma conex\u00e3o real com a Lei Natural. Este \u00e9 outro grande presente e oportunidade dada por Maharishi, que agora consideramos parte essencial do nosso neg\u00f3cio.\u201d  \u2014 EUA<\/p>\n<p><strong>A vida tem sido t\u00e3o generosa comigo <\/strong><br \/> \u201cMuito, muito obrigado \u00e0s Yagyas Nacionais. Desfrutamos o m\u00eas de Agosto mais pac\u00edfico em Taiwan desde 1947. N\u00e3o houve tuf\u00f5es em Agosto de 2014. \u00c9 simplesmente inacredit\u00e1vel para os meteorologistas! A vida tem sido boa para mim e eu apenas desfruto de tudo o que estou a fazer. E  acredito que o cr\u00e9dito vai para as Yagyas nacionais que fizemos para Taiwan. Tudo se tornou t\u00e3o f\u00e1cil para mim &#8211; e apenas sigo com o fluxo do meu dharma e alcan\u00e7o tudo o que quero fazer, em sequ\u00eancia e ordem perfeita. Novas possibilidades continuam a surgir e o meu rendimento est\u00e1 cada vez melhor. \u201d<br \/> \u2014 Taiwan<\/p>\n<p><strong>Mais fluido e f\u00e1cil<\/strong><br \/>\u201cO meu corpo, as minhas emo\u00e7\u00f5es e atividades di\u00e1rias parecem mais fluidas e f\u00e1ceis desde a Yagya. At\u00e9 as situa\u00e7\u00f5es mais desafiadoras \u2013 no campo pessoal, no trabalho ou com a fam\u00edlia \u2013 tudo parece ser resolvido sem esfor\u00e7o. \u00c9 assim que a vida deveria ser.\u201d  <br \/>\u2014 EUA<\/p>\n<p><strong>Tudo permanece suave <\/strong><br \/>\u201c\u00c9 especialmente durante os meus programas no dom\u00fas que eu percebo que desde o in\u00edcio da Yagya Nacional Maharishi, mesmo que acontecimentos dram\u00e1ticos ocorram nas nossas vidas &#8211; tudo permanece suave, sem grandes convuls\u00f5es. O efeito \u00e9 muito mais profundo do que realmente percebemos e o seu entendimento faz-me ficar muito grato e feliz! \u201d<br \/>\u2014 Holanda<\/p>\n<\/div>\n<a href=\"#\" class=\"close\">Close Section<\/a><\/div><\/div>\n<\/div>\n<div class=\"border-line\">&nbsp;<\/div>\n<div class=\"grid-holder\">\n<div class=\"grid grid-desktop-50 grid-mobile-100\"><div class=\"holder\"><h4 id=\"testimonials\">Aprenda sobre as mudan\u00e7as na situa\u00e7\u00e3o econ\u00f3mica e pol\u00edtica de uma na\u00e7\u00e3o seguindo o desempenho de uma Yagya Nacional:<\/h4>\n<p>Abaixo voc\u00ea pode conferir as mudan\u00e7as na situa\u00e7\u00e3o econ\u00f3mica e pol\u00edtica de na\u00e7\u00f5es que realizaram Yagyas Nacionals. <a title=\"National Yagya page\" href=\"https:\/\/donation.vedicpandits.org\/pt-pt\/yagya\/national-yagya\/\">As Yagyas Nacionais <\/a> s\u00e3o realizadas com um prop\u00f3sito espec\u00edfico selecionado pelo pa\u00eds, por exemplo, o aumento do progresso econ\u00f3mico, melhoria da sa\u00fade, harmonia nacional, ou redu\u00e7\u00e3o dos problemas, tais como desastres naturais, viol\u00eancia ou economia em dificuldade. Voc\u00ea pode ainda optar por patrocinar a totalidade do custo de uma Yagya Nacional. Neste caso, voc\u00ea ou a sua empresa ser\u00e3o  nomeados na Yagya e poder\u00e1  escolher o respectivo prop\u00f3sito.<\/p>\n<\/div><\/div>\n<div class=\"grid grid-desktop-50 grid-mobile-100\"><div class=\"holder\"><p><img loading=\"lazy\" decoding=\"async\" class=\"alignright wp-image-2189\" src=\"\/wp-content\/uploads\/2015\/01\/testimonial_sized_small-300x226.jpg\" alt=\"testimonial_sized_small\" width=\"376\" height=\"284\" srcset=\"https:\/\/donation.vedicpandits.org\/wp-content\/uploads\/2015\/01\/testimonial_sized_small-300x226.jpg 300w, https:\/\/donation.vedicpandits.org\/wp-content\/uploads\/2015\/01\/testimonial_sized_small.jpg 408w\" sizes=\"auto, (max-width: 376px) 100vw, 376px\" \/><\/p>\n<\/div><\/div>\n<\/div>\n<div class=\"box-quote\">\nTAIWAN 2015<br \/>\n&#8220;A prop\u00f3sito, esta Yagya Nacional em curso tamb\u00e9m operou um trabalho muito poderoso! Dois tuf\u00f5es (a CNN descreveu o segundo como um &#8220;tuf\u00e3o monstro&#8221;) apenas passaram e n\u00e3o foram capazes de pousar em Taiwan! Tivemos apenas alguns dias de vento e chuva, o suficiente para encher os reservat\u00f3rios que tinham tido falta de \u00e1gua. Obrigado \u00e0 Yagya Nacional por manter tudo e todos aqui seguros. O que aconteceu de pior foi que alguns voos e comboios estiveram cancelados e os planos de viagem de algumas pessoas foram interrompidos.&#8221;<br \/><em> Chin-Fen Lee &#8211; Embaixador de Taiwan<\/em><\/p>\n<p>NOVA ZEL\u00c2NDIA 2015<br \/>\n\u201cDepois de um determinado n\u00famero de Yagyas para a Pureza Alimentar, um produtor alimentar num dos nossos quatro distritos mudou para produtos Livres de Engenheria Gen\u00e9tica, EG (apenas procedendo \u00e0 venda de alimentos sem ingredientes modificados geneticamente.) Tamb\u00e9m em oposi\u00e7\u00e3o a alguns grupos de interesse poderosos pr\u00f3 EG, o Conselho do Distrito Hastings aprovou um plano de 10 anos que conduz \u00e0 proibi\u00e7\u00e3o da atividade de teste ou produ\u00e7\u00e3o de OGMs na agricultura.<br \/>\nEsta \u00e9 a grande not\u00edcia para todos os ativistas, como eu, pelo fim da EG.\u201d<\/p>\n<p>ARGENTINA 2015<br \/>\n&#8220;Durante Outubro e Novembro fizemos duas grandes Yagyas Nacionais para o progresso harmonioso do nosso pa\u00eds. No final<br \/>\nde 2015 testemunhamos eventos significativos acontecendo na Argentina: As mudan\u00e7as pol\u00edticas e sociais durante as elei\u00e7\u00f5es de Outubro e Novembro foram conduzidas de uma forma suave e ordenada.&#8221;\n<\/div>\n<div class=\"accordion\"><div class=\"accordion-entry\"><em><a href=\"#\">&gt; Aprenda Mais: Conhe\u00e7a as mudan\u00e7as na situa\u00e7\u00e3o econ\u00f3mica e pol\u00edtica em qualquer na\u00e7\u00e3o acompanhando o desempenho de uma Yagya Nacional:<\/a><\/em><div class=\"hidden-content\">\n<div class=\"box-quote\">\n<p>L\u00cdBANO 2014<br \/>\n\u201cAcho que todo mundo j\u00e1 ouviu falar sobre os terroristas que est\u00e3o na S\u00edria e recentemente no Iraque. Eles declararam que iriam atacar algumas cidades no L\u00edbano. Nos \u00faltimos 10 dias foram preparados tr\u00eas ataques, mas todos falharam porque foram descobertos a tempo pelo ex\u00e9rcito e pela pol\u00edcia. A not\u00edcia em toda a parte dizia:  O L\u00edbano foi salvo de um terceiro ataque terrorista: isto \u00e9 inexplic\u00e1vel; \u00e9 uma Provid\u00eancia Divina. Antes disto experiment\u00e1mos muitas situa\u00e7\u00f5es semelhantes. Esta n\u00e3o \u00e9 a primeira vez. Esta prote\u00e7\u00e3o no L\u00edbano \u00e9 certamente devida aos efeitos acumulados das Yagyas Nacionais Maharishi ao longo dos \u00faltimos 3 anos. Temos Yagyas nacionais em cada ciclo de Yagya &#8211; duas vezes por m\u00eas. Vamos continuar com esta iniciativa para manter o L\u00edbano sempre protegido. Toda a gratid\u00e3o aos programas de Maharishi e aos Pandites V\u00e9dicos Maharishi no Brahmasthan da \u00cdndia \u201d<br \/><em>Salim Haddad &#8211; Embaixador do L\u00edbano<\/p>\n<p>COL\u00d4MBIA 2013<br \/>\n&#8220;As Yagyas Nacionais Maharishi para o nosso pa\u00eds s\u00e3o das maiores b\u00ean\u00e7\u00e3os que j\u00e1 recebemos.  Estamos impressionados como durante e ap\u00f3s o desempenho das nossas Yagyas Nacionais as experi\u00eancias dos Meditantes e Sidhas s\u00e3o excelentes, em particular &#8211; os nossos doadores, enquanto todo o pa\u00eds goza de um n\u00edvel muito maior de coer\u00eancia e de apoio em diferentes \u00e1reas da vida nacional. Vemos no notici\u00e1rio que a inten\u00e7\u00e3o espec\u00edfica ou Sankalpa da Yagya Nacional se reflete nas decis\u00f5es adequadas tomadas pelos l\u00edderes do pa\u00eds.  Sentimos que o Programa Nacional de Yagyas Maharishi \u00e9 uma t\u00e9cnica poderosa para avivar o poder organizador infinito da lei natural a n\u00edvel nacional, bem como em \u00e1reas espec\u00edficas. Estamos muito gratos a Maharishi, Guru Dev, por nos disponibilizar esta tecnologia poderosa para influenciar positivamente as tend\u00eancias de tempo.&#8221;<br \/><em>Paul Fabre &#8211; Embaixador da Col\u00f3mbia<\/em><\/p>\n<p>PORTUGAL, 2012<br \/>\nHouve uma revolta generalizada contra a nova e severa \u201ctaxa social \u00fanica.\u201dIsto foi resolvido de maneira surpreendentemente pac\u00edfica, nacionalmente unificadora e n\u00e3o violenta. <\/p>\n<p>EUA, 2012<br \/>\nYagyas Nacionais espec\u00edficas para trazer chuva precederam chuvas em \u00e1reas assoladas pela seca em todo o pa\u00eds. Al\u00e9m disso, houve uma melhoria constante no crescimento econ\u00f3mico, agora a 3,1%, a redu\u00e7\u00e3o do desemprego, o aumento da produ\u00e7\u00e3o industrial, uma explos\u00e3o de confian\u00e7a entre consumidores, elei\u00e7\u00f5es coerentes e tranquilas e at\u00e9 mesmo o temido dia 21 de dezembro passou com enorme positividade.<\/p>\n<p>UCR\u00c2NIA 2014<br \/>\nMUITO OBRIGADO a toda fam\u00edlia mundial Maharishi de todos os pa\u00edses que est\u00e3o apoiando a Ucr\u00e2nia com as Yagyas Nacionais! Cada vez vemos mais claramente o seu efeito &#8211; menos viol\u00eancia e mortes, mais negocia\u00e7\u00f5es para a paz. Voc\u00ea est\u00e1 salvando vidas, literalmente.&#8221;<br \/><em>Natalia Lukyanenko &#8211; Embaixatriz e Secret\u00e1ria Nacional do Escrit\u00f3rio Nacional da Ucr\u00e2nia <\/em><\/p>\n<p>S\u00c9RVIA 2014<br \/>\n&#8220;A S\u00e9rvia sofreu inunda\u00e7\u00f5es devastadoras h\u00e1 alguns meses atr\u00e1s. Generosos doadores e apoio inesperado para as Yagyas Nationais surgiram logo antes das inunda\u00e7\u00f5es seguintes que estavam previstas. Durante este per\u00edodo os pol\u00edticos estiveram a falar com espanto sobre a sorte que t\u00ednhamos, porque a segunda onda de inunda\u00e7\u00f5es n\u00e3o veio. N\u00f3s somos os \u00fanicos que sabem que esta sorte foi devida \u00e0s Yagyas Nacionais Maharishi &#8220;<br \/><em>Voja Trajkovic &#8211; Embaixador da S\u00e9rvia<\/em><\/p>\n<p>GANA 2012<br \/>\n\u201cEstou enviando esta not\u00edcia sobre as \u00faltimas elei\u00e7\u00f5es no Gana, que chegaram depois da \u00faltima yagya para a na\u00e7\u00e3o. As elei\u00e7\u00f5es foram descritas como sendo as melhores e mais pac\u00edficas na hist\u00f3ria da na\u00e7\u00e3o. Isto vindo de \u00c1frica significa muito. Estamos gratos ao nosso Maharishi Ji, por ter-nos fornecido este conhecimento grandioso. Tamb\u00e9m queremos tentar fazer a nossa pequena contribui\u00e7\u00e3o para a paz.\u201d  Diretor Nacional do Gana: Transcendental Meditation Programme Gana.\n<\/div>\n<a href=\"#\" class=\"close\">Close Section<\/a><\/div><\/div>\n<\/div>\n<div class=\"border-line\">&nbsp;<\/div>\n<div class=\"grid-holder\">\n<div class=\"grid grid-desktop-50 grid-mobile-100\"><div class=\"holder\"><h4 id=\"testimonials\">Experi\u00eancias ap\u00f3s uma Yagya Especial<\/h4>\n<p>Yagyas Especiais s\u00e3o diferentes das Yagyas Nacionais. Maharishi projetou uma s\u00e9rie de Yagyas Especiais para serem apreciadas em momentos importantes e transit\u00f3rios na vida de uma pessoa. <a title=\"Special Yagya page\" href=\"https:\/\/donation.vedicpandits.org\/pt-pt\/yagya\/special-yagya\/\">Yagyas Especiais<\/a> s\u00e3o para:<\/p>\n<ul>\n<li>ANIVERS\u00c1RIO: para uma pessoa no dia do seu anivers\u00e1rio<\/li>\n<li>CASAMENTO: para duas pessoas no dia do seu casamento<\/li>\n<li>ANIVERS\u00c1RIO DE CASAMENTO: para duas pessoas no dia do anivers\u00e1rio do seu casamento\n<\/li>\n<li>REC\u00c9M NASCIDO: para o beb\u00e9 40 dias ap\u00f3s o nascimento<\/li>\n<\/ul>\n<p>Experi\u00eancias ap\u00f3s uma Yagya Especial<\/p>\n<\/div><\/div>\n<div class=\"grid grid-desktop-50 grid-mobile-100\"><div class=\"holder\"><p><img loading=\"lazy\" decoding=\"async\" class=\"alignright size-full wp-image-2345\" src=\"\/wp-content\/uploads\/2015\/01\/testimonials_specialyagya.jpg\" alt=\"testimonials_specialyagya\" width=\"408\" height=\"308\" srcset=\"https:\/\/donation.vedicpandits.org\/wp-content\/uploads\/2015\/01\/testimonials_specialyagya.jpg 408w, https:\/\/donation.vedicpandits.org\/wp-content\/uploads\/2015\/01\/testimonials_specialyagya-300x226.jpg 300w\" sizes=\"auto, (max-width: 408px) 100vw, 408px\" \/><\/p>\n<\/div><\/div>\n<\/div>\n<div class=\"box-quote\">\n<p><strong>Tudo funcionava sem esfor\u00e7o <\/strong><br \/>\u201cNo meu anivers\u00e1rio, a sensa\u00e7\u00e3o de que tudo \u00e0 minha volta funcionava suavemente, sem esfor\u00e7o e em paz foi t\u00e3o profunda que me surpreendeu. Estava realmente diferente, comparando com outros anivers\u00e1rios. Os meus agradecimentos aos organizadores.\u201d<br \/>Canad\u00e1<\/p>\n<p><strong>O Que De Mais Feliz Posso Recordar <\/strong><br \/>&#8220;Algumas situa\u00e7\u00f5es que estavam estagnadas come\u00e7aram movimentar-se na dire\u00e7\u00e3o certa. Para o meu anivers\u00e1rio foi a experi\u00eancia mais feliz de que me lembro em muitos anos. Foi uma semana cheia de celebra\u00e7\u00f5es, algo que provavelmente nunca tive &#8211; mesmo nos meus tempos de adolescente. Estou muito feliz com os resultados. Desejo que o pr\u00f3ximo anivers\u00e1rio venha em breve.&#8221;<br \/>It\u00e1lia<\/p>\n<p><strong>Sinto-me aben\u00e7oado <\/strong><br \/>\u201cA partir da Yagya houve uma mudan\u00e7a definitiva na consci\u00eancia. Sinto-me realmente aben\u00e7oado. Mal posso esperar para ter uma Yagya de Anivers\u00e1rio a cada ano.\u201d <br \/>D.D. \u2013 Reino Unido<\/p>\n<p><strong>O Sorriso C\u00f3smico<\/strong><br \/>\u201cA experi\u00eancia \u00e9 realmente c\u00f3smica e unifica todos os n\u00edveis da exist\u00eancia humana no Sorriso C\u00f3smico. \u00c9 como se o P\u00f3 Dourado estivesse sendo derramado sobre a pessoa. Obrigado a todos os Pandites V\u00e9dicos que fazem Yagyas e a toda a Sagrada Tradi\u00e7\u00e3o, que nos trouxe este Conhecimento Puro Divino.\u201d<br \/> \u2013 S\u00e9rvia<\/p>\n<\/div>\n<div class=\"accordion\"><div class=\"accordion-entry\"><em><a href=\"#\">&gt; Aprenda Mais: Experi\u00eancias ap\u00f3s uma Yagya Especial<\/a><\/em><div class=\"hidden-content\">\n<div class=\"box-quote\">\n<p><strong>Foi uma experi\u00eancia maravilhosa <\/strong><br \/>\u201cEsta foi a minha primeira Yagya Maharishi e foi uma experi\u00eancia maravilhosa. Estou a planear ter uma em cada ano. Come\u00e7ando na noite antes do meu anivers\u00e1rio, senti ondas de felicidade intensas . Desde ent\u00e3o, muitas problemas que eu tinha h\u00e1 muito tempo foram resolvidos  (foi um al\u00edvio) e tamb\u00e9m fiquei mais feliz e contente. Se os obst\u00e1culos surgem no dia-a-dia, parecem dissolver-se mais facilmente e as minhas a\u00e7\u00f5es parecem mais eficientes. Muito obrigado por disponibilizar estas Yagyas.\u201d<br \/>Canad\u00e1<\/p>\n<p><strong>O Impacto Foi \u00d3bvio<\/strong><br \/>\u201cN\u00f3s n\u00e3o esper\u00e1vamos que a Yagya nos afetasse t\u00e3o diretamente assim. Mas o impacto foi \u00f3bvio e fez-me lembrar o impacto dos cursos de ciclos longos: \u00e9 dif\u00edcil de descrever, mas imposs\u00edvel n\u00e3o perceber.\u201d<br \/>EUA<\/p>\n<p><strong>Algo muito especial aconteceu <\/strong><br \/>\u201cAssim que fiz o pagamento da Yagya de Anivers\u00e1rio de Casamento algo muito especial aconteceu no nosso relacionamento. Agora \u00e9 como se tudo fosse mais claro e t\u00e3o transparente. \u00c9 maravilhoso o que uma Yagya pode fazer logo que o pagamento \u00e9 feito\u201d<br \/>Holanda<\/p>\n<p><strong>Ancorados no Absoluto <\/strong><br \/>N\u00f3s os dois sentimo-nos ancorados no Absoluto todo o tempo, com uma sensa\u00e7\u00e3o de que \u00e9ramos inamov\u00edveis de verdade. N\u00e3o preciso de dizer, mal podemos esperar pelo pr\u00f3ximo.\u201d<br \/>EUA<\/p>\n<p><strong>A Yagya desfez o Cansa\u00e7o e Medo <\/strong><br \/>&#8220;Oferecer a mim mesma uma Yagya  como presente no meu &#8220;doce sexag\u00e9simo\u201d anivers\u00e1rio foi uma decis\u00e3o muito boa. Tive experi\u00eancias agrad\u00e1veis durante esse dia. Senti-me muito feliz, suave e todas as minhas atividades foram mais tranquilas e descontra\u00eddas do que \u00e9 habitual. Sinto-me mais esperan\u00e7ada e toda a minha vida di\u00e1ria parece apoiada.  O melhor \u00e9 que o meu cora\u00e7\u00e3o se tornou mais aberto e as minhas medita\u00e7\u00f5es s\u00e3o mais profundas do que antes. Tamb\u00e9m parece que a Yagya desfez o cansa\u00e7o e o medo do passado, que se foram embora.  Realmente recomendo a todos que juntem o necess\u00e1rio para uma Yagya no vosso dia de Anivers\u00e1rio!.&#8221;<br \/>Alemanha<\/p>\n<p><strong>A vida flui de maneira mais suave<\/strong><br \/>\u201cO efeito das Yagyas \u00e9 incr\u00edvel. Muitas pessoas com quem tenho falado perceberam experi\u00eancias com o mesmo n\u00edvel de qualidade que eu. A vida flui de maneira ainda mais suave, o apoio da Natureza \u00e9 constante nas pequenas e grandes coisas, as barreiras desaparecem. Sinto-me em paz com tudo.\u201d <br \/>EUA<\/p>\n<a href=\"#\" class=\"close\">Close Section<\/a><\/div><\/div>\n<\/div>\n","protected":false},"excerpt":{"rendered":"<p>RELATO EM PRIMEIRA M\u00c3O DOS EFEITOS DAS YAGYAS NACIONAIS Durante uma Yagya Nacional a sua na\u00e7\u00e3o beneficia do seu apoio &#8211; e de acordo com o princ\u00edpio da reciprocidade: \u201caquilo que semeamos, n\u00f3s colhemos\u201d, notando-se algum benef\u00edcio para si tamb\u00e9m. Na antiga tradi\u00e7\u00e3o v\u00e9dica, os apoiantes da Yagya s\u00e3o chamados benefici\u00e1rios. Abaixo pode ler algumas [&hellip;]<\/p>\n","protected":false},"author":3,"featured_media":2394,"parent":0,"menu_order":0,"comment_status":"closed","ping_status":"closed","template":"","meta":{"om_disable_all_campaigns":false,"_monsterinsights_skip_tracking":false,"_monsterinsights_sitenote_active":false,"_monsterinsights_sitenote_note":"","_monsterinsights_sitenote_category":0,"footnotes":""},"class_list":["post-5462","page","type-page","status-publish","has-post-thumbnail","hentry"],"_links":{"self":[{"href":"https:\/\/donation.vedicpandits.org\/pt-pt\/wp-json\/wp\/v2\/pages\/5462","targetHints":{"allow":["GET"]}}],"collection":[{"href":"https:\/\/donation.vedicpandits.org\/pt-pt\/wp-json\/wp\/v2\/pages"}],"about":[{"href":"https:\/\/donation.vedicpandits.org\/pt-pt\/wp-json\/wp\/v2\/types\/page"}],"author":[{"embeddable":true,"href":"https:\/\/donation.vedicpandits.org\/pt-pt\/wp-json\/wp\/v2\/users\/3"}],"replies":[{"embeddable":true,"href":"https:\/\/donation.vedicpandits.org\/pt-pt\/wp-json\/wp\/v2\/comments?post=5462"}],"version-history":[{"count":31,"href":"https:\/\/donation.vedicpandits.org\/pt-pt\/wp-json\/wp\/v2\/pages\/5462\/revisions"}],"predecessor-version":[{"id":8537,"href":"https:\/\/donation.vedicpandits.org\/pt-pt\/wp-json\/wp\/v2\/pages\/5462\/revisions\/8537"}],"wp:featuredmedia":[{"embeddable":true,"href":"https:\/\/donation.vedicpandits.org\/pt-pt\/wp-json\/wp\/v2\/media\/2394"}],"wp:attachment":[{"href":"https:\/\/donation.vedicpandits.org\/pt-pt\/wp-json\/wp\/v2\/media?parent=5462"}],"curies":[{"name":"wp","href":"https:\/\/api.w.org\/{rel}","templated":true}]}}