{"id":5469,"date":"2014-08-08T07:10:05","date_gmt":"2014-08-08T07:10:05","guid":{"rendered":"https:\/\/vedicpandits.org\/?page_id=5469"},"modified":"2024-06-12T14:49:37","modified_gmt":"2024-06-12T14:49:37","slug":"about-us","status":"publish","type":"page","link":"https:\/\/donation.vedicpandits.org\/pt-pt\/about-us\/","title":{"rendered":"QUEM SOMOS"},"content":{"rendered":"<h4>O FUNDO FIDUCI\u00c1RIO E A FUNDA\u00c7\u00c3O<\/h4>\n<p>O custeio do grupo de Pandits V\u00e9dicos Maharishi \u00e9 organizado e administrado pelo Fundo Fiduci\u00e1rio Brahmananda Saraswati (Stichting Brahmananda Saraswati) nos Pa\u00edses Baixos e pela Funda\u00e7\u00e3o Brahmananda Saraswati nos EUA.<\/p>\n<p>A miss\u00e3o do Fundo Fiduci\u00e1rio e a da Funda\u00e7\u00e3o inclui a supervis\u00e3o de um programa mundial de arrecada\u00e7\u00e3o de recursos, o recebimento de doa\u00e7\u00f5es e a gest\u00e3o do investimento do fundo de dota\u00e7\u00e3o. Essas duas institui\u00e7\u00f5es  encaminham e monitoram conjuntamente todos os desembolsos para os seus parceiros indianos, para garantir que os objetivos do projeto sejam alcan\u00e7ados. O Fundo e a Funda\u00e7\u00e3o s\u00e3o supervisionados por um conselho formado por cientistas, educadores e l\u00edderes empresariais do mundo todo.<\/p>\n<p>Essas organiza\u00e7\u00f5es foram estabelecidas por Maharishi Mahesh Yogi e os seus nomes homenageiam o professor de Maharishi, Guru Dev, Brahmananda Saraswati, um dos l\u00edderes espirituais mais altamente reverenciados da \u00cdndia. Ele atuou como Shankaracharya de Jyotir Math, na \u00cdndia \u2013 o principal representante da tradi\u00e7\u00e3o V\u00e9dica de conhecimento. <\/p>\n<div class=\"border-line\">&nbsp;<\/div>\n<div class=\"grid-holder grid-border-50\">\n<div class=\"grid grid-desktop-50 grid-mobile-100\"><div class=\"holder\"><h4>FUNDO FIDUCI\u00c1RIO BRAHMANANDA SARASWATI<\/h4>\n<p>Estabelecido nos Pa\u00edses Baixos em 2008 como uma institui\u00e7\u00e3o sem fins lucrativos, o Fundo Fiduci\u00e1rio Brahmananda Saraswati (Stichting) tem seu foco na Europa, al\u00e9m do Oriente M\u00e9dio e pa\u00edses africanos e asi\u00e1ticos. As doa\u00e7\u00f5es s\u00e3o dedut\u00edveis do imposto de renda  em muitos pa\u00edses. <\/p>\n<\/div><\/div>\n<div class=\"grid grid-desktop-50 grid-mobile-100\"><div class=\"holder\"><h4>FUNDA\u00c7\u00c3O BRAHMANANDA SARASWATI (EUA)<\/h4>\n<p>Estabelecida nos EUA em 2008, a Funda\u00e7\u00e3o Brahmananda Saraswati \u00e9 uma organiza\u00e7\u00e3o educacional sem fins lucrativos, conforme a Se\u00e7\u00e3o 501(c)(3) do C\u00f3digo do Imposto de Renda dos EUA. As doa\u00e7\u00f5es s\u00e3o dedut\u00edveis do imposto de renda para contribuintes americanos.<\/p>\n<\/div><\/div>\n<\/div>\n<div class=\"border-line\">&nbsp;<\/div>\n<strong>Presidente da Funda\u00e7\u00e3o Brahmananda Saraswati<\/strong><\/p>\n<p><img loading=\"lazy\" decoding=\"async\" src=\"https:\/\/globalpeaceproject.net\/wp-content\/uploads\/2020\/08\/Dr._Tony_Nader4.png\" alt=\"\" width=\"125\" height=\"164\" class=\"alignleft size-full wp-image-359\" \/><\/p>\n<p><strong>Tony Nader, MD PhD MARR <\/strong><\/p>\n<p style=\"margin-bottom:20px;\">Dr. Nader \u00e9 m\u00e9dico formado no Massachusetts Institute of Technology (Ph.D. em neuroci\u00eancia) e na Universidade de Harvard, e um acad\u00eamico V\u00e9dico reconhecido mundialmente. Como sucessor de Maharishi Mahesh Yogi, o Dr. Nader \u00e9 l\u00edder das organiza\u00e7\u00f5es internacionais Transcendental Meditation\u00ae em mais de 100 pa\u00edses. O Dr. Nader orienta o programa de Medita\u00e7\u00e3o Transcendental e suas pr\u00e1ticas avan\u00e7adas para realizar as mais altas aspira\u00e7\u00f5es da sociedade em todas as \u00e1reas da vida nacional.<\/p>\n<div class=\"border-line\">&nbsp;<\/div>\n<p><strong> Presidente do Conselho de Administra\u00e7\u00e3o da Funda\u00e7\u00e3o Brahmananda Saraswati<\/strong><\/p>\n<p><img loading=\"lazy\" decoding=\"async\" src=\"https:\/\/donation.vedicpandits.org\/wp-content\/uploads\/2020\/10\/DrMorris.jpg\" alt=\"\" width=\"125\" height=\"164\" class=\"alignleft size-full wp-image-359\" \/><\/p>\n<p><strong>Dr. Bevan Morris, D.S.C.I<\/strong><\/p>\n<p style=\"margin-bottom:0px;\">Dr. Morris \u00e9 formado pela Universidade de Cambridge, Cambridge, Inglaterra. Ele foi a primeira pessoa no mundo a receber o Doutorado da Ci\u00eancia da Intelig\u00eancia Criativa da Maharishi. Durante 36 anos ele foi Presidente da Universidade de Administra\u00e7\u00e3o Maharishi em Fairfield, Iowa, EUA, e agora \u00e9 Presidente Em\u00e9rito e Presidente Internacional das Universidades de Administra\u00e7\u00e3o Maharishi. Dr. Morris \u00e9 o maior especialista mundial em Educa\u00e7\u00e3o Baseada na Consci\u00eancia de Maharishi e j\u00e1 apresentou os programas da Maharishi em mais de 120 pa\u00edses ao p\u00fablico e a l\u00edderes governamentais, educacionais e empresariais.<\/p>\n<div class=\"border-line\">&nbsp;<\/div>\n<strong> Presidente do Conselho do Brahmananda Saraswati Trust e CEO da Brahmananda Saraswati Foundation and Trust <\/strong><\/p>\n<p><img loading=\"lazy\" decoding=\"async\" src=\"https:\/\/donation.vedicpandits.org\/wp-content\/uploads\/2020\/10\/harris_kaplan_4.jpg\" alt=\"\" width=\"125\" height=\"164\" class=\"alignleft size-full wp-image-359\" \/><\/p>\n<p><strong>Dr. Harris Kaplan, D.S.C.I <\/strong><\/p>\n<p style=\"margin-bottom:0px;\">Ap\u00f3s aposentar-se em 1999 de uma carreira de sucesso como gestor de fundos de investimento, o Dr. Kaplan dedicou seu tempo ao apoio de programas liderados por organiza\u00e7\u00f5es de Medita\u00e7\u00e3o Transcendental em todo o mundo. Desde 2006, ele tem sido o administrador chefe dos projetos das organiza\u00e7\u00f5es de Medita\u00e7\u00e3o Transcendental na \u00cdndia, incluindo o treinamento e apoio de milhares de Pandits V\u00e9dicos Maharishi. Ele tem sido o CEO da BSF desde sua funda\u00e7\u00e3o e tamb\u00e9m atua no Comit\u00ea de Finan\u00e7as, ajudando a supervisionar o Fundo de Doa\u00e7\u00f5es. <\/p>\n<div class=\"border-line\">&nbsp;<\/div>\n<div class=\"grid-holder\">\n<div class=\"grid grid-desktop-50 grid-mobile-100\"><div class=\"holder\"><p><strong>BSF &#038; BST Executive Committee<\/strong><\/p>\n<ul>\n<li>Dr. Bevan Morris &#8211; Educator<br \/>\n    Maharishi Vedic City, Iowa<\/p>\n<li>Harris Kaplan DSCI &#8211; Retired Investment Fund Manager<br \/>\n    Vlodrop, Netherlands<\/p>\n<li>John Hagelin. Ph.D. \u2013 Quantum Physicist: President, Global Union of Scientists for Peace; President, Maharishi International University, Fairfield, IA, USA\n<li> Robert LoPinto &#8211; Businessman and Administrator<br \/>\n     Rockville, MD, USA<\/p>\n<li>Steve Rubin \u2013 Businessman and Administrator<br \/>\n    Sebastian, FL, USA\n<\/ul>\n<\/div><\/div>\n<div class=\"grid grid-desktop-50 grid-mobile-100\"><div class=\"holder\"><p><strong>BSF Board Members<\/strong><\/p>\n<ul>\n<li>Jose Luis Alvares \u2013 Administrator<br \/>\n    Barcelona, Spain<\/p>\n<li>Antonio Bartolom\u00e9 \u2013 Businessman<br \/>\n    Banast\u00e1s, Huesca, Spain<\/p>\n<li>Dr. Leslie Brooks, M.A. \u2013 Administrator<br \/>\n    Lincoln, MA, USA<\/p>\n<li>Howard Martin Chandler, Ph.D. \u2013 Educator<br \/>\n    Boston, MA , USA<\/p>\n<li>Rafael David &#8211; Business Entrepreneur<br \/>\nVero Beach, FL, USA<\/p>\n<li>Dr. Arlene Kaplan \u2013 Administrator<br \/>\n    Vlodrop, The Netherlands<\/p>\n<li>Dr. Neil Paterson  &#8211; Administrator<br \/>\n    Salt Spring Island, Canada<\/p>\n<li>Rainer Picha, M.D. \u2013 Cardiologist and Research Scientist<br \/>\n    Vienna, Austria<\/p>\n<li>Dr. Susie Swan  &#8211; Managing Director of the Ambassador Resource Office<br \/>\n    Netherlands and Cape Town, South Africa<\/p>\n<li>Maureen Wynne, J.D. \u2013 Attorney<br \/>\n    Maharishi Vedic City, IA, USA\n<\/ul>\n<\/div><\/div>\n<\/div>\n<h4 ID=\"ptinvestment_committee\"><\/h4>\n<div class=\"border-line\">&nbsp;<\/div>\n<strong>BSF &#038; BST Finance Committee<\/strong><\/p>\n<div class=\"grid-holder\">\n<div class=\"grid grid-desktop-50 grid-mobile-100\"><div class=\"holder\"><ul>\n<li>Harris Kaplan, D.S.C.I<br \/>\nRetired Investment Fund Manager<br \/>\nFounder and former CEO of Eastgate Financial Services Ltd., USA<\/p>\n<li>Robert LoPinto<br \/>\nRetired Businessman<br \/>\nRockville, MD, USA<\/p>\n<li>Jeffrey S. Abramson<br \/>\nReal Estate Developer<br \/>\nPartner, Tower Companies, USA<\/p>\n<li>Steve Rubin<br \/>\nRetired business executive<br \/>\nFormer Chairman and CEO, United Fuels International Inc., USA\n<\/ul>\n<\/div><\/div>\n<div class=\"grid grid-desktop-50 grid-mobile-100\"><div class=\"holder\"><ul>\n<li>Eric Schwartz<br \/>\nInvestment Advisor<br \/>\nFounder and CEO, Cambridge Investment Research, USA<\/p>\n<li>Michael Dreben<br \/>\nCorporate Finance and Business Development Executive<br \/>\nCEO, Grenadier Management, LLC<\/p>\n<li>Ted Hirsch<br \/>\nEconomist and portfolio manager<br \/>\nVanderbilt Financial Group, New York, USA<\/p>\n<\/ul>\n<\/div><\/div>\n<\/div>\n","protected":false},"excerpt":{"rendered":"<p>O FUNDO FIDUCI\u00c1RIO E A FUNDA\u00c7\u00c3O O custeio do grupo de Pandits V\u00e9dicos Maharishi \u00e9 organizado e administrado pelo Fundo Fiduci\u00e1rio Brahmananda Saraswati (Stichting Brahmananda Saraswati) nos Pa\u00edses Baixos e pela Funda\u00e7\u00e3o Brahmananda Saraswati nos EUA. A miss\u00e3o do Fundo Fiduci\u00e1rio e a da Funda\u00e7\u00e3o inclui a supervis\u00e3o de um programa mundial de arrecada\u00e7\u00e3o de [&hellip;]<\/p>\n","protected":false},"author":3,"featured_media":55500,"parent":0,"menu_order":0,"comment_status":"open","ping_status":"closed","template":"template-about.php","meta":{"om_disable_all_campaigns":false,"_monsterinsights_skip_tracking":false,"_monsterinsights_sitenote_active":false,"_monsterinsights_sitenote_note":"","_monsterinsights_sitenote_category":0,"footnotes":""},"class_list":["post-5469","page","type-page","status-publish","has-post-thumbnail","hentry"],"_links":{"self":[{"href":"https:\/\/donation.vedicpandits.org\/pt-pt\/wp-json\/wp\/v2\/pages\/5469","targetHints":{"allow":["GET"]}}],"collection":[{"href":"https:\/\/donation.vedicpandits.org\/pt-pt\/wp-json\/wp\/v2\/pages"}],"about":[{"href":"https:\/\/donation.vedicpandits.org\/pt-pt\/wp-json\/wp\/v2\/types\/page"}],"author":[{"embeddable":true,"href":"https:\/\/donation.vedicpandits.org\/pt-pt\/wp-json\/wp\/v2\/users\/3"}],"replies":[{"embeddable":true,"href":"https:\/\/donation.vedicpandits.org\/pt-pt\/wp-json\/wp\/v2\/comments?post=5469"}],"version-history":[{"count":9,"href":"https:\/\/donation.vedicpandits.org\/pt-pt\/wp-json\/wp\/v2\/pages\/5469\/revisions"}],"predecessor-version":[{"id":78807,"href":"https:\/\/donation.vedicpandits.org\/pt-pt\/wp-json\/wp\/v2\/pages\/5469\/revisions\/78807"}],"wp:featuredmedia":[{"embeddable":true,"href":"https:\/\/donation.vedicpandits.org\/pt-pt\/wp-json\/wp\/v2\/media\/55500"}],"wp:attachment":[{"href":"https:\/\/donation.vedicpandits.org\/pt-pt\/wp-json\/wp\/v2\/media?parent=5469"}],"curies":[{"name":"wp","href":"https:\/\/api.w.org\/{rel}","templated":true}]}}