{"id":5480,"date":"2014-04-08T11:28:21","date_gmt":"2014-04-08T11:28:21","guid":{"rendered":"https:\/\/vedicpandits.org\/?page_id=5480"},"modified":"2023-02-17T16:07:44","modified_gmt":"2023-02-17T16:07:44","slug":"newsletter","status":"publish","type":"page","link":"https:\/\/donation.vedicpandits.org\/pt-pt\/contact\/newsletter\/","title":{"rendered":"Newsletter"},"content":{"rendered":"<h4>RECEBA ATUALIZA\u00c7\u00d5ES REGULARES<\/h4>\n<p>Ser\u00e1 uma satisfa\u00e7\u00e3o enviar-lhe informa\u00e7\u00f5es mensais sobre o progresso do nosso projeto dos Pandites V\u00e9dicos Maharishi no Brahmasthan da \u00cdndia. Esteja a par das \u00faltimas not\u00edcias e desenvolvimentos atrav\u00e9s dos boletins do Raja Harris Kaplan, diretor executivo do Fundo Fiduci\u00e1rio Brahmananda Saraswati.<\/p>\n<blockquote><p>Respeitamos a privacidade eletr\u00f3nica e n\u00e3o fornecemos o seu endere\u00e7o sob nenhuma circunst\u00e2ncia. <a  href=\"https:\/\/donation.vedicpandits.org\/privacy\/\">Clique aqui para acessar as nossas Pol\u00edticas de Privacidade. <\/a><\/p>\n<p>&nbsp;<\/p><\/blockquote>\n<p style=\"text-align: center\"><a href=\"#form-newsletter\" class=\"btn btn-large btn-pop-up\">&gt; Fa\u00e7a a sua assinatura<\/a><\/p>\n<h4><\/h4>\n","protected":false},"excerpt":{"rendered":"<p>RECEBA ATUALIZA\u00c7\u00d5ES REGULARES Ser\u00e1 uma satisfa\u00e7\u00e3o enviar-lhe informa\u00e7\u00f5es mensais sobre o progresso do nosso projeto dos Pandites V\u00e9dicos Maharishi no Brahmasthan da \u00cdndia. Esteja a par das \u00faltimas not\u00edcias e desenvolvimentos atrav\u00e9s dos boletins do Raja Harris Kaplan, diretor executivo do Fundo Fiduci\u00e1rio Brahmananda Saraswati. Respeitamos a privacidade eletr\u00f3nica e n\u00e3o fornecemos o seu endere\u00e7o [&hellip;]<\/p>\n","protected":false},"author":3,"featured_media":17500,"parent":5476,"menu_order":1,"comment_status":"open","ping_status":"closed","template":"template-newsletter.php","meta":{"om_disable_all_campaigns":false,"_monsterinsights_skip_tracking":false,"_monsterinsights_sitenote_active":false,"_monsterinsights_sitenote_note":"","_monsterinsights_sitenote_category":0,"footnotes":""},"class_list":["post-5480","page","type-page","status-publish","has-post-thumbnail","hentry"],"_links":{"self":[{"href":"https:\/\/donation.vedicpandits.org\/pt-pt\/wp-json\/wp\/v2\/pages\/5480","targetHints":{"allow":["GET"]}}],"collection":[{"href":"https:\/\/donation.vedicpandits.org\/pt-pt\/wp-json\/wp\/v2\/pages"}],"about":[{"href":"https:\/\/donation.vedicpandits.org\/pt-pt\/wp-json\/wp\/v2\/types\/page"}],"author":[{"embeddable":true,"href":"https:\/\/donation.vedicpandits.org\/pt-pt\/wp-json\/wp\/v2\/users\/3"}],"replies":[{"embeddable":true,"href":"https:\/\/donation.vedicpandits.org\/pt-pt\/wp-json\/wp\/v2\/comments?post=5480"}],"version-history":[{"count":70,"href":"https:\/\/donation.vedicpandits.org\/pt-pt\/wp-json\/wp\/v2\/pages\/5480\/revisions"}],"predecessor-version":[{"id":54185,"href":"https:\/\/donation.vedicpandits.org\/pt-pt\/wp-json\/wp\/v2\/pages\/5480\/revisions\/54185"}],"up":[{"embeddable":true,"href":"https:\/\/donation.vedicpandits.org\/pt-pt\/wp-json\/wp\/v2\/pages\/5476"}],"wp:featuredmedia":[{"embeddable":true,"href":"https:\/\/donation.vedicpandits.org\/pt-pt\/wp-json\/wp\/v2\/media\/17500"}],"wp:attachment":[{"href":"https:\/\/donation.vedicpandits.org\/pt-pt\/wp-json\/wp\/v2\/media?parent=5480"}],"curies":[{"name":"wp","href":"https:\/\/api.w.org\/{rel}","templated":true}]}}