{"id":5495,"date":"2014-08-08T07:40:21","date_gmt":"2014-08-08T07:40:21","guid":{"rendered":"https:\/\/vedicpandits.org\/?page_id=5495"},"modified":"2015-09-05T16:36:13","modified_gmt":"2015-09-05T16:36:13","slug":"events","status":"publish","type":"page","link":"https:\/\/donation.vedicpandits.org\/pt-pt\/contact\/events\/","title":{"rendered":"Eventos"},"content":{"rendered":"<h4>OS NOSSOS CAMPUS J\u00c1 RECEBERAM CONVIDADOS DE TODAS AS PARTES DO MUNDO.<\/h4>\n<p>Milhares de pessoas j\u00e1 aproveitaram a oportunidade de participar de eventos, cursos e percursos em tr\u00eas localidades principais.<br \/>\nAguardamos com antecipa\u00e7\u00e3o a possibilidade de rececion\u00e1-lo(a) num ou mais desses centros. Poder\u00e1 ter a experi\u00eancia intensa de sil\u00eancio profundo ao redor de um numeroso grupo gerador de paz e desfrutar das recita\u00e7\u00f5es dos Pandites V\u00e9dicos Maharishi ao vivo.<\/p>\n","protected":false},"excerpt":{"rendered":"<p>OS NOSSOS CAMPUS J\u00c1 RECEBERAM CONVIDADOS DE TODAS AS PARTES DO MUNDO. Milhares de pessoas j\u00e1 aproveitaram a oportunidade de participar de eventos, cursos e percursos em tr\u00eas localidades principais. Aguardamos com antecipa\u00e7\u00e3o a possibilidade de rececion\u00e1-lo(a) num ou mais desses centros. Poder\u00e1 ter a experi\u00eancia intensa de sil\u00eancio profundo ao redor de um numeroso [&hellip;]<\/p>\n","protected":false},"author":3,"featured_media":57,"parent":5476,"menu_order":0,"comment_status":"open","ping_status":"closed","template":"template-events.php","meta":{"om_disable_all_campaigns":false,"_monsterinsights_skip_tracking":false,"_monsterinsights_sitenote_active":false,"_monsterinsights_sitenote_note":"","_monsterinsights_sitenote_category":0,"footnotes":""},"class_list":["post-5495","page","type-page","status-publish","has-post-thumbnail","hentry"],"_links":{"self":[{"href":"https:\/\/donation.vedicpandits.org\/pt-pt\/wp-json\/wp\/v2\/pages\/5495","targetHints":{"allow":["GET"]}}],"collection":[{"href":"https:\/\/donation.vedicpandits.org\/pt-pt\/wp-json\/wp\/v2\/pages"}],"about":[{"href":"https:\/\/donation.vedicpandits.org\/pt-pt\/wp-json\/wp\/v2\/types\/page"}],"author":[{"embeddable":true,"href":"https:\/\/donation.vedicpandits.org\/pt-pt\/wp-json\/wp\/v2\/users\/3"}],"replies":[{"embeddable":true,"href":"https:\/\/donation.vedicpandits.org\/pt-pt\/wp-json\/wp\/v2\/comments?post=5495"}],"version-history":[{"count":4,"href":"https:\/\/donation.vedicpandits.org\/pt-pt\/wp-json\/wp\/v2\/pages\/5495\/revisions"}],"predecessor-version":[{"id":6074,"href":"https:\/\/donation.vedicpandits.org\/pt-pt\/wp-json\/wp\/v2\/pages\/5495\/revisions\/6074"}],"up":[{"embeddable":true,"href":"https:\/\/donation.vedicpandits.org\/pt-pt\/wp-json\/wp\/v2\/pages\/5476"}],"wp:featuredmedia":[{"embeddable":true,"href":"https:\/\/donation.vedicpandits.org\/pt-pt\/wp-json\/wp\/v2\/media\/57"}],"wp:attachment":[{"href":"https:\/\/donation.vedicpandits.org\/pt-pt\/wp-json\/wp\/v2\/media?parent=5495"}],"curies":[{"name":"wp","href":"https:\/\/api.w.org\/{rel}","templated":true}]}}