{"id":5509,"date":"2015-08-11T10:43:55","date_gmt":"2015-08-11T10:43:55","guid":{"rendered":"https:\/\/vedicpandits.org\/?page_id=5509"},"modified":"2018-08-17T09:36:49","modified_gmt":"2018-08-17T09:36:49","slug":"intermediary-donation-page","status":"publish","type":"page","link":"https:\/\/donation.vedicpandits.org\/pt-pt\/intermediary-donation-page\/","title":{"rendered":"Intermediary Donation Page"},"content":{"rendered":"<h2 style=\"margin-bottom: 30px; color: white; background: none repeat scroll 0 0 #e37d22; font-size: 17px; text-align: center; padding-top: 10px;\">O SEU APOIO AOS GRUPOS DE PANDITES V\u00c9DICOS MAHARISHI<br \/>\nGERA UMA INFLU\u00caNCIA PODEROSA DE PAZ NO MUNDO<\/h2>\n<div class=\"grid grid-desktop-30 grid-mobile-100\">\n<div class=\"holder\"><img loading=\"lazy\" decoding=\"async\" class=\"alignleft size-full wp-image-2490\" src=\"\/wp-content\/uploads\/2015\/03\/photo_pandit_donatepage1.jpg\" alt=\"photo_pandit_donatepage\" width=\"234\" height=\"284\" \/><\/div>\n<\/div>\n<div class=\"grid grid-desktop-70 grid-mobile-100\">\n<div class=\"holder\">\n<p>&nbsp;<\/p>\n<h4>ABAIXO, PODE DONAR EM D\u00d3LARES DOS ESTADOS UNIDOS OU EUROS<\/h4>\n<p>Veja abaixo como proceder para a p\u00e1gina de doa\u00e7\u00f5es, onde voc\u00ea pode doar online para os Pandits V\u00e9dicos Maharishi (em d\u00f3lares americanos ou Euros). As doa\u00e7\u00f5es podem ser feitas via cart\u00e3o de cr\u00e9dito ou PayPal. A p\u00e1gina de doa\u00e7\u00f5es est\u00e1 em ingl\u00eas.<br \/>\n<!--\n\n<p style=\"text-align: center;\"><a class=\"btn btn-large\" href=\"\/wp-content\/uploads\/2015\/03\/final_french_translation_of_donation_page_1and21.pdf\">&gt; BAIXE A TRADU\u00c7\u00c3O PARA O PORTUGU\u00caS EM FORMATO PDF<\/a><\/p>\n\n--><\/p>\n<p style=\"text-align: center;\"><a class=\"btn btn-large\" href=\"https:\/\/aro.vedicpandits.org\/donate\">&gt; PROSSIGA PARA A P\u00c1GINA DE DOA\u00c7\u00d5ES<\/a><\/p>\n<p>&nbsp;<br \/>\n&nbsp;<br \/>\n&nbsp;<br \/>\n&nbsp;<br \/>\n&nbsp;<\/p>\n<h4>Abaixo, voc\u00ea pode doar em euros.<\/h4>\n<p>Para fazer suas doa\u00e7\u00f5es por meio de transfer\u00eancias para o Fundo Fiduci\u00e1rio Brahmananda Saraswati em Euros, opte por d\u00e9bitos banc\u00e1rios autom\u00e1ticos ou por pagamentos regulares via PayPal.<\/p>\n<h4>SEPA D\u00c9BITO DIRETO<\/h4>\n<p>Agora pode dar o seu apoio aos Pandites V\u00e9dicos Maharishi e ao Programa Nacional de Yagya atrav\u00e9s do d\u00e9bito autom\u00e1tico do seu banco. A utiliza\u00e7\u00e3o do SEPA \u00e9 o m\u00e9todo mensal mais f\u00e1cil para fazer a sua doa\u00e7\u00e3o ao Brahmananda Saraswati Trust (BST) na Holanda. O SEPA \u00e9 apenas disponibilizado para os pa\u00edses que na Uni\u00e3o Europeia utilizam o Euro. N\u00e3o h\u00e1 qualquer custo envolvido.<\/p>\n<p>Os seus direitos relativos \u00e0s instru\u00e7\u00f5es de uso do servi\u00e7o SEPA est\u00e3o explanados num registo que poder\u00e1 obter no seu banco.<\/p>\n<p style=\"text-align: center;\"><a class=\"btn btn-large\" href=\"\/wp-content\/uploads\/2016\/04\/Portuguese_in_adobe_-for-download-from-website-form-for-SEPA-Direct-Debit-Mandate.pdf\">Voc\u00ea pode baixar esta forma Sepa Em Portugu\u00eas.<\/a><\/p>\n<p>&nbsp;<\/p>\n<h4>PayPal<\/h4>\n<p>Caso opte por fazer suas doa\u00e7\u00f5es via PayPal, envie as suas transfer\u00eancias para<br \/>\nBST108@maharishi.net<br \/>\n&nbsp;<\/p>\n<h4>transfer\u00eancias banc\u00e1rias<\/h4>\n<p>No caso de transfer\u00eancias banc\u00e1rias, solicitamos que use as seguintes informa\u00e7\u00f5es:<\/p>\n<div class=\"grid-holder\">\n<div class=\"grid grid-desktop-50 grid-mobile-100\"><div class=\"holder\"><p>Informa\u00e7\u00f5es banc\u00e1rias:<\/p>\n<p>ING Bank, Roermond, The Netherlands<br \/>\nSwift Code\/BIC: INGBNL2A<br \/>\nAccount Name: BST<br \/>\nIBAN: NL74 INGB 0659 6208 04<br \/>\nAccount Number: 65.96.20.804<\/p>\n<\/div><\/div>\n<div class=\"grid grid-desktop-50 grid-mobile-100\"><div class=\"holder\"><p>Endere\u00e7o do Benefici\u00e1rio:<\/p>\n<p>Station 24<br \/>\n6063NP Vlodrop<br \/>\nThe Netherlands<\/p>\n<\/div><\/div>\n<\/div>\n<\/div>\n<\/div>\n","protected":false},"excerpt":{"rendered":"<p>O SEU APOIO AOS GRUPOS DE PANDITES V\u00c9DICOS MAHARISHI GERA UMA INFLU\u00caNCIA PODEROSA DE PAZ NO MUNDO &nbsp; ABAIXO, PODE DONAR EM D\u00d3LARES DOS ESTADOS UNIDOS OU EUROS Veja abaixo como proceder para a p\u00e1gina de doa\u00e7\u00f5es, onde voc\u00ea pode doar online para os Pandits V\u00e9dicos Maharishi (em d\u00f3lares americanos ou Euros). As doa\u00e7\u00f5es podem [&hellip;]<\/p>\n","protected":false},"author":3,"featured_media":0,"parent":0,"menu_order":0,"comment_status":"closed","ping_status":"closed","template":"","meta":{"om_disable_all_campaigns":false,"_monsterinsights_skip_tracking":false,"_monsterinsights_sitenote_active":false,"_monsterinsights_sitenote_note":"","_monsterinsights_sitenote_category":0,"footnotes":""},"class_list":["post-5509","page","type-page","status-publish","hentry"],"_links":{"self":[{"href":"https:\/\/donation.vedicpandits.org\/pt-pt\/wp-json\/wp\/v2\/pages\/5509","targetHints":{"allow":["GET"]}}],"collection":[{"href":"https:\/\/donation.vedicpandits.org\/pt-pt\/wp-json\/wp\/v2\/pages"}],"about":[{"href":"https:\/\/donation.vedicpandits.org\/pt-pt\/wp-json\/wp\/v2\/types\/page"}],"author":[{"embeddable":true,"href":"https:\/\/donation.vedicpandits.org\/pt-pt\/wp-json\/wp\/v2\/users\/3"}],"replies":[{"embeddable":true,"href":"https:\/\/donation.vedicpandits.org\/pt-pt\/wp-json\/wp\/v2\/comments?post=5509"}],"version-history":[{"count":20,"href":"https:\/\/donation.vedicpandits.org\/pt-pt\/wp-json\/wp\/v2\/pages\/5509\/revisions"}],"predecessor-version":[{"id":15106,"href":"https:\/\/donation.vedicpandits.org\/pt-pt\/wp-json\/wp\/v2\/pages\/5509\/revisions\/15106"}],"wp:attachment":[{"href":"https:\/\/donation.vedicpandits.org\/pt-pt\/wp-json\/wp\/v2\/media?parent=5509"}],"curies":[{"name":"wp","href":"https:\/\/api.w.org\/{rel}","templated":true}]}}