{"id":13488,"date":"2017-10-30T18:04:03","date_gmt":"2017-10-30T18:04:03","guid":{"rendered":"https:\/\/vedicpandits.org\/letters-for-newcomers\/"},"modified":"2018-12-23T10:21:35","modified_gmt":"2018-12-23T10:21:35","slug":"letters-for-newcomers","status":"publish","type":"page","link":"https:\/\/donation.vedicpandits.org\/sl\/letters-for-newcomers\/","title":{"rendered":"Letters for Newcomers"},"content":{"rendered":"<div class=\"grid-holder\">\n<div class=\"grid grid-desktop-50 grid-mobile-100\"><div class=\"holder\"><h4>Predstavitev videa Globalne skupine za mir<\/h4>\n<p>Dobrodo\u0161li pri Globalni iniciativi za mir. Na\u0161a serija pisem za nove donatorje je sestavljena iz zaporedja osmih pisem. Naj vam predstavimo uvodno pismo, ki vam bo dalo osnove za razumevanje 14-minutnega predstavitvenega videa o Skupini za mir. Prosim, oglejte si pisma in video z uporabo povezave na desni. <\/p>\n<p>14-minutni video posnetek uvodoma predstavi posameznikovo izku\u0161njo koherentnega delovanja mo\u017eganov med prakticiranjem Transcedentalne meditacije. Nato jo pove\u017ee z meditiranjem v skupini, kar je osnova delovanja Globalne iniciative za mir (GIM). Poljudno znanstveni video je primeren za vsakogar, ki prakticira Transcedentalno meditacijo, od za\u010detnika do tistih, ki meditirajo dlje \u010dasa.<\/p>\n<\/div><\/div>\n<div class=\"grid grid-desktop-50 grid-mobile-100\"><div class=\"holder\">\t<a href=\"https:\/\/donation.vedicpandits.org\/sl\/letters-for-newcomers\/?image_video=https%3A%2F%2Fwww.youtube.com%2Fwatch%3Fv%3D2aBEemtwzW8%3Frel%3D0\" class=\"video-link \"><img loading=\"lazy\" decoding=\"async\" class=\"alignnone size-full wp-image-285\" src=\"https:\/\/donation.vedicpandits.org\/wp-content\/uploads\/2017\/10\/header-slovenian-01.png\" alt=\"circle_for_arrow_only\" width=\"912\" height=\"363\" \/><\/a>\n\n\t\n<p>Predstavitveni video GIM je bil ustvarjen z namenom prikazati kratek izsek tega mirovnega projekta.<\/p>\n<p><a href=\" http:\/\/mailchi.mp\/maharishi\/appeal-letter-1356629\" rel=\"noopener\" target=\"_blank\">Pismo si preberite tukaj.<\/a><br \/>\n\t<a href=\"https:\/\/donation.vedicpandits.org\/sl\/letters-for-newcomers\/?image_video=https%3A%2F%2Fwww.youtube.com%2Fwatch%3Fv%3D2aBEemtwzW8%3Frel%3D0\" class=\"video-link no-pointer\"><em> Video si oglejte tukaj.<\/em><\/a>\n\n\t\n<\/div><\/div>\n<\/div>\n<div class=\"border-line\">&nbsp;<\/div>\n<div class=\"grid-holder\">\n<div class=\"grid grid-desktop-50 grid-mobile-100\"><div class=\"holder\"><p><img loading=\"lazy\" decoding=\"async\" src=\"https:\/\/donation.vedicpandits.org\/wp-content\/uploads\/2017\/11\/group_meditation.png\" width=\"290\" height=\"290\"\/><\/p>\n<p><img loading=\"lazy\" decoding=\"async\" src=\"https:\/\/donation.vedicpandits.org\/wp-content\/uploads\/2017\/10\/individuals_creating_world_peace.png\" width=\"290\" height=\"290\"\/><\/p>\n<p><img loading=\"lazy\" decoding=\"async\" src=\"https:\/\/donation.vedicpandits.org\/wp-content\/uploads\/2017\/11\/8_pandits.png\" width=\"290\" height=\"290\"\/><\/p>\n<p><img loading=\"lazy\" decoding=\"async\" src=\"https:\/\/donation.vedicpandits.org\/wp-content\/uploads\/2017\/11\/brahmasthan_india.png\" width=\"290\" height=\"290\"\/><\/p>\n<p><!--\n<img loading=\"lazy\" decoding=\"async\" src=\"https:\/\/donation.vedicpandits.org\/wp-content\/uploads\/2017\/11\/pandit_group_with_embedded_world_map.png\" width=\"290\"  height=\"290\"\/>\n--><\/p>\n<\/div><\/div>\n<div class=\"grid grid-desktop-50 grid-mobile-100\"><div class=\"holder\"><h4>ZNANOST IN SVETOVNI MIR<\/h4>\n<p>Serija zaporednih predstavitvenih pisem obravnava u\u010dinkovito in znanstveno potrjeno metodo za pove\u010danje harmonije v svetu in doseganje miru. Pou\u010dite se, kako lahko posameznik s prakticiranjem Transcedentalne meditacije vpliva na dru\u017ebo in kako lahko napredne TM tehnike, ki jih prakticirajo Mahari\u0161i vedski panditi v velikih skupinah, ustvarjajo dolgotrajen mir.<\/p>\n<\/p>\n<h4>PISMO ZA NOVEGA DONATORJA<\/h4>\n<ol>\n<li>U\u010cINKOVIT PROGRAM ZA USTVARJANJE ZUNANJEGA IN NOTRANJEGA MIRU <br \/><a href=\"https:\/\/us7.campaign-archive.com\/?e=&#038;u=0cc687d83ddcd228ddb1e46aa&#038;id=fbbc4fde20\" rel=\"noopener\" target=\"_blank\">Pismo si preberite tukaj<\/a><\/li>\n<li>9.000 MEDITANTOV JE DOVOLJ ZA DOSEGO SVETOVNEGA MIRU\n<p> <a href=\"https:\/\/us7.campaign-archive.com\/?e=&#038;u=0cc687d83ddcd228ddb1e46aa&#038;id=5751b01c6c\" rel=\"noopener\" target=\"_blank\">Pismo si preberite tukaj<\/a><\/li>\n<li>VISOKO IZOBRA\u017dENI PROFESIONALCI UPORABLJAJO STARODAVNO ZNANOST IN TEHNOLOGIJO ZAVESTI ZA USTVARJANJE MIRU <br \/><a href=\"https:\/\/us7.campaign-archive.com\/?e=&#038;u=0cc687d83ddcd228ddb1e46aa&#038;id=81118c12c9\" rel=\"noopener\" target=\"_blank\">Pismo si preberite tukaj<\/a><\/li>\n<li>VETROVI HLADNE VOJNE SO SE SPREMENILI V VETROVE UPANJA\n<p><a href=\"https:\/\/us7.campaign-archive.com\/?e=&#038;u=0cc687d83ddcd228ddb1e46aa&#038;id=7f002812a1\" rel=\"noopener\" target=\"_blank\">Pismo si preberite tukaj<\/a><\/li>\n<p><!--\n\n\n\n\n<li>9,000 PEACE-CREATING EXPERTS WILL RESIDE IN THIS WORLD CAPITAL <br \/><a href=\"https:\/\/us7.campaign-archive.com\/?e=&u=0cc687d83ddcd228ddb1e46aa&id=e10c993571\" rel=\"noopener\" target=\"_blank\">View Letter<\/a><\/li>\n\n\n\n\n\n\n\n\n\n<li>HOW TO ACHIEVE THE INVINCIBILITY NUMBER FOR WORLD PEACE <br \/><a href=\"http:\/\/mailchi.mp\/maharishi\/our-wish-for-you-today-bright-delight-usenm3l8fz-1355645\" rel=\"noopener\" target=\"_blank\">View Letter<\/a><\/li\n\n<\/ol>\n\n\n\n\n--><\/p>\n<\/div><\/div>\n<\/div>\n","protected":false},"excerpt":{"rendered":"","protected":false},"author":3,"featured_media":0,"parent":0,"menu_order":0,"comment_status":"closed","ping_status":"closed","template":"","meta":{"om_disable_all_campaigns":false,"_monsterinsights_skip_tracking":false,"_monsterinsights_sitenote_active":false,"_monsterinsights_sitenote_note":"","_monsterinsights_sitenote_category":0,"footnotes":""},"class_list":["post-13488","page","type-page","status-publish","hentry"],"_links":{"self":[{"href":"https:\/\/donation.vedicpandits.org\/sl\/wp-json\/wp\/v2\/pages\/13488","targetHints":{"allow":["GET"]}}],"collection":[{"href":"https:\/\/donation.vedicpandits.org\/sl\/wp-json\/wp\/v2\/pages"}],"about":[{"href":"https:\/\/donation.vedicpandits.org\/sl\/wp-json\/wp\/v2\/types\/page"}],"author":[{"embeddable":true,"href":"https:\/\/donation.vedicpandits.org\/sl\/wp-json\/wp\/v2\/users\/3"}],"replies":[{"embeddable":true,"href":"https:\/\/donation.vedicpandits.org\/sl\/wp-json\/wp\/v2\/comments?post=13488"}],"version-history":[{"count":8,"href":"https:\/\/donation.vedicpandits.org\/sl\/wp-json\/wp\/v2\/pages\/13488\/revisions"}],"predecessor-version":[{"id":13489,"href":"https:\/\/donation.vedicpandits.org\/sl\/wp-json\/wp\/v2\/pages\/13488\/revisions\/13489"}],"wp:attachment":[{"href":"https:\/\/donation.vedicpandits.org\/sl\/wp-json\/wp\/v2\/media?parent=13488"}],"curies":[{"name":"wp","href":"https:\/\/api.w.org\/{rel}","templated":true}]}}