{"id":4486,"date":"2014-04-08T07:02:34","date_gmt":"2014-04-08T07:02:34","guid":{"rendered":"https:\/\/vedicpandits.org\/?page_id=4486"},"modified":"2018-03-24T09:11:47","modified_gmt":"2018-03-24T09:11:47","slug":"home","status":"publish","type":"page","link":"https:\/\/donation.vedicpandits.org\/sl\/","title":{"rendered":"DOMOV"},"content":{"rendered":"<p><!--<img loading=\"lazy\" decoding=\"async\" src=\"\/wp-content\/uploads\/2014\/04\/ecardslidere-new1.jpg\" width=\"912\" height=\"364\" class=\"alignleft size-full wp-image-1800\" \/>\n<a class=\"ecardbutton\" href=\"https:\/\/donation.vedicpandits.org\/ecard\/\"> > Novo! U\u017eivajte v brezpla\u010dnih eVo\u0161\u010dilnicah<\/a>--><\/p>\n<h4>VEDSKA TEHNOLOGIJA ZAVESTI ZA SVETOVNI MIR<\/h4>\n<p>V Indiji je zbrana velika skupina vedskih panditov s ciljem, da bi v svetu ustvarila harmonijo. Tridesetletne znanstvene raziskave so dokazale, da bo skupina, ki bo \u0161tela 9000 panditov, mo\u010dno izbolj\u0161ala vse vidike \u017eivljenja.<\/p>\n<p>Zahvaljujemo se za velikodu\u0161no podporo donatorjev iz ve\u010d kot 90 dr\u017eav. V zadnjih letih se je skupina v osrednjem izobra\u017eevalnem sredi\u0161\u010du v Brahmastanu (geografsko sredi\u0161\u010de) v Indiji pove\u010dala za pribli\u017eno 2.000 panditov. Na\u0161 cilj je zagotoviti stalno podporo za celotno skupino 9.000 vedskih panditov in nato ustvariti investicijski sklad, ki bo nadalje zagotavljal delovanje skupine za ustvarjanje svetovnega miru.<\/p>\n<p>UNESCO je tradicijo vedskih recitacij razglasil za nesnovno kulturno dedi\u0161\u010dino \u010dlove\u0161tva.<\/p>\n<div style=\"width:200px; margin-top:50px; margin-left:10px;\"  class=\"align right\">\n\t<a href=\"https:\/\/donation.vedicpandits.org\/sl\/?image_video=https%3A%2F%2Fwww.youtube.com%2Fwatch%3Fv%3D2aBEemtwzW8%3Frel%3D0\" class=\"video-link \"><img decoding=\"async\" class=\"alignnone size-full wp-image-285\" src=\"https:\/\/donation.vedicpandits.org\/wp-content\/uploads\/2018\/03\/Tall-blue-globe-copy.jpeg\" alt=\"landscape format of blue globe with pandits\" width=\"200\" \/><\/a>\n\n\t<\/div>\n<h4 style=\"margin-top:25px;\">video<\/h4>\n<p>V samo \u0161tirinajstih minutah boste izvedeli, kako Transcendentalna meditacija in njene napredne tehnike u\u010dinkovito ustvarjajo mir. Kratek in do\u017eivet videoposnetek vam bo na preprost in jasen na\u010din razlo\u017eil korake do dosega svetovnega miru, za la\u017ejo razumevanje so dodani primeri in animacije, videoposnetek je podprt z znanstvenimi raziskavami. U\u017eivajte v ogledu \t<a href=\"https:\/\/donation.vedicpandits.org\/sl\/?image_video=https%3A%2F%2Fwww.youtube.com%2Fwatch%3Fv%3D2aBEemtwzW8%3Frel%3D0\" class=\"video-link no-pointer\">videoposnetka<\/a>\n\n\t tudi v svojem jeziku.<\/p>\n<p><!--Vse eVo\u0161\u010dilnice so polne lepih slik Mahari\u0161ijevih vedskih panditov. Obogatene so z zvo\u010dnimi in video posnetki recitacij Mahari\u0161ijevih vedskih panditov. Upamo, da boste u\u017eivali v teh BREZPLA\u010cNIH obogatenih <a href=\"https:\/\/donation.vedicpandits.org\/ecard\/\">eVo\u0161\u010dilnicah<\/a> in jih delili s prijatelji.--><\/p>\n","protected":false},"excerpt":{"rendered":"<p>VEDSKA TEHNOLOGIJA ZAVESTI ZA SVETOVNI MIR V Indiji je zbrana velika skupina vedskih panditov s ciljem, da bi v svetu ustvarila harmonijo. Tridesetletne znanstvene raziskave so dokazale, da bo skupina, ki bo \u0161tela 9000 panditov, mo\u010dno izbolj\u0161ala vse vidike \u017eivljenja. Zahvaljujemo se za velikodu\u0161no podporo donatorjev iz ve\u010d kot 90 dr\u017eav. V zadnjih letih se [&hellip;]<\/p>\n","protected":false},"author":3,"featured_media":0,"parent":0,"menu_order":0,"comment_status":"open","ping_status":"closed","template":"template-home.php","meta":{"om_disable_all_campaigns":false,"_monsterinsights_skip_tracking":false,"_monsterinsights_sitenote_active":false,"_monsterinsights_sitenote_note":"","_monsterinsights_sitenote_category":0,"footnotes":""},"class_list":["post-4486","page","type-page","status-publish","hentry"],"_links":{"self":[{"href":"https:\/\/donation.vedicpandits.org\/sl\/wp-json\/wp\/v2\/pages\/4486","targetHints":{"allow":["GET"]}}],"collection":[{"href":"https:\/\/donation.vedicpandits.org\/sl\/wp-json\/wp\/v2\/pages"}],"about":[{"href":"https:\/\/donation.vedicpandits.org\/sl\/wp-json\/wp\/v2\/types\/page"}],"author":[{"embeddable":true,"href":"https:\/\/donation.vedicpandits.org\/sl\/wp-json\/wp\/v2\/users\/3"}],"replies":[{"embeddable":true,"href":"https:\/\/donation.vedicpandits.org\/sl\/wp-json\/wp\/v2\/comments?post=4486"}],"version-history":[{"count":21,"href":"https:\/\/donation.vedicpandits.org\/sl\/wp-json\/wp\/v2\/pages\/4486\/revisions"}],"predecessor-version":[{"id":13676,"href":"https:\/\/donation.vedicpandits.org\/sl\/wp-json\/wp\/v2\/pages\/4486\/revisions\/13676"}],"wp:attachment":[{"href":"https:\/\/donation.vedicpandits.org\/sl\/wp-json\/wp\/v2\/media?parent=4486"}],"curies":[{"name":"wp","href":"https:\/\/api.w.org\/{rel}","templated":true}]}}