{"id":4491,"date":"2014-04-08T07:09:10","date_gmt":"2014-04-08T07:09:10","guid":{"rendered":"https:\/\/vedicpandits.org\/?page_id=4491"},"modified":"2015-07-11T11:24:24","modified_gmt":"2015-07-11T11:24:24","slug":"maharishi","status":"publish","type":"page","link":"https:\/\/donation.vedicpandits.org\/sl\/maharishi\/","title":{"rendered":"Mahari\u0161i"},"content":{"rendered":"<h4>MAHARI\u0160I MAHE\u0160 JOGI<\/h4>\n<p>Mahari\u0161i Mahe\u0161 Jogi je znan kot najpomembnej\u0161i vedski strokovnjak sodobnega \u010dasa in vodilni raziskovalec zavesti. Izraz \u201cvedski\u201d se nana\u0161a na brez\u010dasno tradicijo \u010distega popolnega znanja, ki je bilo spoznano v Indiji. <\/p>\n<p>Mahari\u0161i je priznan zaradi u\u010denja programa Transcendentalne meditacije (TM), ki je najbolj raziskana in u\u010dinkovita tehnika za samorazvoj (glej spodaj). Poleg tega je obnovil popolno znanje in prakti\u010dne programe Indijske vedske tradicije v vsej \u010distosti in popolnosti, tako da vsakdo kjer koli lahko \u017eivi popolno vedsko \u017eivljenje &#8211; \u017eivljenje v miru, v blaginji in dobrega zdravja. Mahari\u0161i je obudil ve\u010d pozabljenih ali narobe razumljenih vidikov vedske znanosti in razvil programe, ki prina\u0161ajo izpopolnitev v zdravstvu, izobra\u017eevanju, obrambi, upravi, arhitekturi in mnogih drugih podro\u010djih sodobnega \u017eivljenja.<\/p>\n<div class=\"border-line\">&nbsp;<\/div>\n<h4>SISTEMATI\u010cNI PRISTOP ZA DOSEGO RAZSVETLJENJA<\/h4>\n<p>Meditacija in pot do razsvetljenja sta bila stoletja narobe razumljena celo v Indiji. Ve\u010dinoma se je to povezovalo z religijo ali filozofijo in  se tako povezalo z odpovedovanjem. Mahari\u0161i je osvetlil vedsko resnico, da meditacija ni osnovana na naporu in koncentraciji, temve\u010d je to nekaj spontanega ter naravnega in se zgodi takoj, ko umu poka\u017eemo, kako pravilno za\u010deti. Razvil je sistemati\u010den na\u010din doseganja vi\u0161jih stanj zavesti, s katerim enost \u017eivljenja postane vsakodnevna realnost.<\/p>\n<p>Znanstveniki, ki jih je navdihnil Mahari\u0161i, so za\u010deli raziskovati koristi Transcendentalne meditacije. Od leta 1970, ko je bila objavljena prva raziskava, je bilo narejenih preko 600 znanstvenih raziskav na ve\u010d kot 200 neodvisnih raziskovalnih in\u0161titucijah v 35 dr\u017eavah, ki so poro\u010dale o koristih Transcendentalne meditacije za um, telo in celotno dru\u017ebo. Mnoge od teh raziskav so bile objavljene v priznanih znanstvenih, medicinskih in profesionalnih publikacijah.<\/p>\n<div class=\"border-line\">&nbsp;<\/div>\n<h4>BLI\u017dNICA DO SVETOVNEGA MIRU<\/h4>\n<p>Ko je razvil napredni TM-Sidhi program, predvsem pa skupinsko jogijsko letenje, je Mahari\u0161i dal svetu tehnologijo za ustvarjanje koherentnega miroljubnega vpliva na kolektivno zavest katerekoli nacije z uporabo le majhnega dela populacije. \u010ce se uporabi v velikem merilu, je skupinsko izvajanje jogijskega letenja prva znanstveno dokazana metoda za ustvarjanje svetovnega miru. Poleg tega pa so z raziskovanjem tega podro\u010dja ugotovili, da se izbolj\u0161a tudi dosti drugih vidikov \u017eivljenja, kot so splo\u0161no zdravje, socialni odnosi in blaginja.<\/p>\n<p>Za stalno zagotavljanje in vzdr\u017eevanje tega mo\u010dnega u\u010dinka je Mahari\u0161i zasnoval Iniciativo za globalni mir \u2013 projekt, usmerjen v ustvarjanje velike skupine specialno treniranih vedskih panditov. Njihova dnevna rutina z izvajanjem TM in TM-Sidhi programa kot tudi izvajanje vedskih jagij bo \u0161irila temeljit in merljiv koristni u\u010dinek v svetu. Za zbiranje sredstev za stalno podporo tej skupini je leta 2008 ustanovil sklad Brahmananda Saraswati.<br \/>\n<div class=\"border-line\">&nbsp;<\/div>\n<h4 id=\"audios\">AVDIO<\/h4>\n<p>Mahari\u0161i govori o vedskih panditih:<\/p>\n<p><em><a href=\"https:\/\/donation.vedicpandits.org\/sl\/maharishi\/?audio_link=%2Fwp-content%2Fuploads%2F2015%2F03%2F01nTraining-Vedic-Pandits-to-Create-Harmony-in-Society-pushing-the-Devatas-buttons-May-18-051.mp3\" class=\"audio-link\">&gt; Training Vedic Pandits to create harmony in society. (Audio 21:02 min)<\/a>\n<p><b><\/b><a href=\"https:\/\/donation.vedicpandits.org\/sl\/maharishi\/?audio_link=%2Fwp-content%2Fuploads%2F2015%2F03%2F04n-Specialty-of-the-Vedic-Pandits-March-16-053.mp3\" class=\"audio-link\">&gt; Specialty of Vedic Pandits. (Audio 7:18 min)<\/a><\/em><\/br><\/p>\n<p>Mahari\u0161i govori o mo\u010di jagij:<\/p>\n<p><em><a href=\"https:\/\/donation.vedicpandits.org\/sl\/maharishi\/?audio_link=%2Fwp-content%2Fuploads%2F2015%2F03%2F03n-Using-Collective-Yagyas-to-Prevent-the-Danger.mp3\" class=\"audio-link\">&gt; Using collective Yagyas to prevent the danger that has not yet come. (Audio 8:56 min)<\/a>\n<p><b><\/b><a href=\"https:\/\/donation.vedicpandits.org\/sl\/maharishi\/?audio_link=%2Fwp-content%2Fuploads%2F2015%2F03%2F02n-Yagyas%C3%A2%C2%80%C2%94powerful-Vedic-performances-March-23-051.mp3\" class=\"audio-link\">&gt; Yagyas \u2013 powerful Vedic performances arising from the silent level of consciousness of the Vedic Pandits. (Audio 7:26 min)<\/a>\n<p><b><\/b><a href=\"https:\/\/donation.vedicpandits.org\/sl\/maharishi\/?audio_link=%2Fwp-content%2Fuploads%2F2015%2F03%2F06n-Difference-between-practising-TM-and-listening-to-Vedic-R.mp3\" class=\"audio-link\">&gt; The difference between practicing TM and listening to Vedic recitation. (Audio 4:42 min)<\/a><\/em><\/p>\n","protected":false},"excerpt":{"rendered":"<p>MAHARI\u0160I MAHE\u0160 JOGI Mahari\u0161i Mahe\u0161 Jogi je znan kot najpomembnej\u0161i vedski strokovnjak sodobnega \u010dasa in vodilni raziskovalec zavesti. Izraz \u201cvedski\u201d se nana\u0161a na brez\u010dasno tradicijo \u010distega popolnega znanja, ki je bilo spoznano v Indiji. Mahari\u0161i je priznan zaradi u\u010denja programa Transcendentalne meditacije (TM), ki je najbolj raziskana in u\u010dinkovita tehnika za samorazvoj (glej spodaj). Poleg [&hellip;]<\/p>\n","protected":false},"author":3,"featured_media":149,"parent":0,"menu_order":0,"comment_status":"open","ping_status":"closed","template":"","meta":{"om_disable_all_campaigns":false,"_monsterinsights_skip_tracking":false,"_monsterinsights_sitenote_active":false,"_monsterinsights_sitenote_note":"","_monsterinsights_sitenote_category":0,"footnotes":""},"class_list":["post-4491","page","type-page","status-publish","has-post-thumbnail","hentry"],"_links":{"self":[{"href":"https:\/\/donation.vedicpandits.org\/sl\/wp-json\/wp\/v2\/pages\/4491","targetHints":{"allow":["GET"]}}],"collection":[{"href":"https:\/\/donation.vedicpandits.org\/sl\/wp-json\/wp\/v2\/pages"}],"about":[{"href":"https:\/\/donation.vedicpandits.org\/sl\/wp-json\/wp\/v2\/types\/page"}],"author":[{"embeddable":true,"href":"https:\/\/donation.vedicpandits.org\/sl\/wp-json\/wp\/v2\/users\/3"}],"replies":[{"embeddable":true,"href":"https:\/\/donation.vedicpandits.org\/sl\/wp-json\/wp\/v2\/comments?post=4491"}],"version-history":[{"count":4,"href":"https:\/\/donation.vedicpandits.org\/sl\/wp-json\/wp\/v2\/pages\/4491\/revisions"}],"predecessor-version":[{"id":4887,"href":"https:\/\/donation.vedicpandits.org\/sl\/wp-json\/wp\/v2\/pages\/4491\/revisions\/4887"}],"wp:featuredmedia":[{"embeddable":true,"href":"https:\/\/donation.vedicpandits.org\/sl\/wp-json\/wp\/v2\/media\/149"}],"wp:attachment":[{"href":"https:\/\/donation.vedicpandits.org\/sl\/wp-json\/wp\/v2\/media?parent=4491"}],"curies":[{"name":"wp","href":"https:\/\/api.w.org\/{rel}","templated":true}]}}