{"id":4495,"date":"2014-04-08T07:09:17","date_gmt":"2014-04-08T07:09:17","guid":{"rendered":"https:\/\/vedicpandits.org\/?page_id=4495"},"modified":"2015-05-26T09:24:09","modified_gmt":"2015-05-26T09:24:09","slug":"peace-creating-group","status":"publish","type":"page","link":"https:\/\/donation.vedicpandits.org\/sl\/peace-creating-group\/","title":{"rendered":"Skupina za mir"},"content":{"rendered":"<h4>9000 MAHARI\u0160IJEVIH VEDSKIH PANDITOV ZA SVETOVNI MIR<\/h4>\n<p>Mahari\u0161i Mahe\u0161 Jogi je izbral vedske pandite za \u010dlane skupine za mir, saj so ti tradicionalno \u017ee od davnih \u010dasov skrbniki vedske modrosti, ki skrbi za ohranjanje harmonije v dru\u017ebi in ravnovesja v naravi. Z Mahari\u0161ijevo pozornostjo na razkrivanju popolnega razumevanja vedskega znanja so se obnovile tehnologije zavesti za ustvarjanje miru do svoje originalne u\u010dinkovitosti, kar so potrdile tudi znanstvene raziskave. To je omogo\u010dilo vedskim panditom, da so po treningu teh tehnologi zavesti ponovno izpolnili svojo tradicionalno vlogo ustvarjanja harmonije, miru in ravnovesja v svetu.<\/p>\n<p>V januarju 2008 je Mahari\u0161i ustanovil Brahmananda Saraswati sklad za podporo in financiranje velike skupine Mahari\u0161ijevih vedskih panditov v kampusu v Brahmastanu (geografskem sredi\u0161\u010du) Indije. Cilj je podpirati 9000 panditov. Kratkoro\u010dni cilj je pove\u010danje skupine iz trenutnih 2000 na 3500 &#8211; \u0161tevilo, ki bi omogo\u010dilo blagodejen u\u010dinek na celotno Indijo in trden temelj za dosego skupine 9000 panditov. <\/p>\n<div class=\"border-line\">&nbsp;<\/div>\n<div class=\"grid-holder\">\n<div class=\"grid grid-desktop-50 grid-mobile-100\"><div class=\"holder\">\t<a href=\"https:\/\/donation.vedicpandits.org\/sl\/peace-creating-group\/?image_video=https%3A%2F%2Fwww.youtube.com%2Fwatch%3Fv%3DoLNxrO4z9GQ%3Frel%3D0\" class=\"video-link \"><img loading=\"lazy\" decoding=\"async\" class=\"alignnone size-full wp-image-103\" src=\"\/wp-content\/uploads\/2014\/04\/post-img-11.jpg\" alt=\"post-img-11\" width=\"432\" height=\"312\" srcset=\"https:\/\/donation.vedicpandits.org\/wp-content\/uploads\/2014\/04\/post-img-11.jpg 432w, https:\/\/donation.vedicpandits.org\/wp-content\/uploads\/2014\/04\/post-img-11-300x216.jpg 300w\" sizes=\"auto, (max-width: 432px) 100vw, 432px\" \/><\/a>\n\n\t\n\t<a href=\"https:\/\/donation.vedicpandits.org\/sl\/peace-creating-group\/?image_video=https%3A%2F%2Fwww.youtube.com%2Fwatch%3Fv%3DoLNxrO4z9GQ%3Frel%3D0\" class=\"video-link no-pointer\"><em>&gt; Poglejte si Mahari\u0161i Mahe\u0161 Jogija, ki govori o tem fenomenu.<\/em><\/a>\n\n\t\n<\/div><\/div>\n<div class=\"grid grid-desktop-50 grid-mobile-100\"><div class=\"holder\"><h4>POSREDNI U\u010cINKI MIRU<\/h4>\n<p>Znano je, da ljudje, ki vadijo Transcendentalno meditacijo (TM), izku\u0161ajo ve\u010d miru znotraj sebe. Ta izku\u0161nja je bila znanstveno povezana z bolj urejenim delovanjem mo\u017eganov.<\/p>\n<p>Kar ni tako splo\u0161no znano, je, da \u010de relativno majhen del mesta ali nacije vadi TM, se pojavi posreden u\u010dinek miru tudi na okoljno populacijo. Ta fenomen je bil preverjen s 23 znanstvenimi raziskavami, ki so ugotovile posebno mo\u010dan u\u010dinek pri skupinah, ki vadijo napredne TM-Sidhi programe.<\/p>\n<p>Uporaba te tehnologije je jedro programa Iniciative za globalni mir.<\/p>\n<\/div><\/div>\n<\/div>\n","protected":false},"excerpt":{"rendered":"<p>9000 MAHARI\u0160IJEVIH VEDSKIH PANDITOV ZA SVETOVNI MIR Mahari\u0161i Mahe\u0161 Jogi je izbral vedske pandite za \u010dlane skupine za mir, saj so ti tradicionalno \u017ee od davnih \u010dasov skrbniki vedske modrosti, ki skrbi za ohranjanje harmonije v dru\u017ebi in ravnovesja v naravi. Z Mahari\u0161ijevo pozornostjo na razkrivanju popolnega razumevanja vedskega znanja so se obnovile tehnologije zavesti [&hellip;]<\/p>\n","protected":false},"author":3,"featured_media":102,"parent":0,"menu_order":0,"comment_status":"open","ping_status":"closed","template":"","meta":{"om_disable_all_campaigns":false,"_monsterinsights_skip_tracking":false,"_monsterinsights_sitenote_active":false,"_monsterinsights_sitenote_note":"","_monsterinsights_sitenote_category":0,"footnotes":""},"class_list":["post-4495","page","type-page","status-publish","has-post-thumbnail","hentry"],"_links":{"self":[{"href":"https:\/\/donation.vedicpandits.org\/sl\/wp-json\/wp\/v2\/pages\/4495","targetHints":{"allow":["GET"]}}],"collection":[{"href":"https:\/\/donation.vedicpandits.org\/sl\/wp-json\/wp\/v2\/pages"}],"about":[{"href":"https:\/\/donation.vedicpandits.org\/sl\/wp-json\/wp\/v2\/types\/page"}],"author":[{"embeddable":true,"href":"https:\/\/donation.vedicpandits.org\/sl\/wp-json\/wp\/v2\/users\/3"}],"replies":[{"embeddable":true,"href":"https:\/\/donation.vedicpandits.org\/sl\/wp-json\/wp\/v2\/comments?post=4495"}],"version-history":[{"count":4,"href":"https:\/\/donation.vedicpandits.org\/sl\/wp-json\/wp\/v2\/pages\/4495\/revisions"}],"predecessor-version":[{"id":4499,"href":"https:\/\/donation.vedicpandits.org\/sl\/wp-json\/wp\/v2\/pages\/4495\/revisions\/4499"}],"wp:featuredmedia":[{"embeddable":true,"href":"https:\/\/donation.vedicpandits.org\/sl\/wp-json\/wp\/v2\/media\/102"}],"wp:attachment":[{"href":"https:\/\/donation.vedicpandits.org\/sl\/wp-json\/wp\/v2\/media?parent=4495"}],"curies":[{"name":"wp","href":"https:\/\/api.w.org\/{rel}","templated":true}]}}