{"id":4500,"date":"2014-04-08T07:09:29","date_gmt":"2014-04-08T07:09:29","guid":{"rendered":"https:\/\/vedicpandits.org\/?page_id=4500"},"modified":"2018-08-22T08:41:37","modified_gmt":"2018-08-22T08:41:37","slug":"maharishi-vedic-pandits","status":"publish","type":"page","link":"https:\/\/donation.vedicpandits.org\/sl\/peace-creating-group\/maharishi-vedic-pandits\/","title":{"rendered":"Mahari\u0161ijevi vedski paditi"},"content":{"rendered":"<h4>SISTEMATI\u010cEN TRENING MAHARI\u0160IJEVIH VEDSKIH PANDITOV<\/h4>\n<p>\u017de od malega \u0161tudentje iz tradicionalnih indijskih vedskih dru\u017ein sledijo sistemati\u010dnemu treningu za profesionalca miru \u2013 za Mahari\u0161ijevega vedskega pandita. Med 10 in 20 letom sledijo posebnemu programu \u0161tudija, ki ga je osnoval Mahari\u0161i. Ta vklju\u010duje u\u010denje Transcendentalne meditacije, TM-Sidhi programa skupaj z jogijskim letenjem, u\u010denje sanskrta, pridobivanje odli\u010dnosti v izvajanju jagij, tradicionalnih vedskih predstav, ki prina\u0161ajo sre\u010do in mir. Skozi \u0161tudij pridobivajo kredite za pridobitev diplome, magisterija in doktorata, ki ga podeli Maharishi Mahesh Yogi Vedic Vishwavidyaleya, uradna univerza, ki jo je ustanovila dr\u017eavna vlada Madhya Pradesha leta 1995.<\/p>\n<div class=\"border-line\">&nbsp;<\/div>\n<div class=\"grid-holder\">\n<div class=\"grid grid-desktop-50 grid-mobile-100\"><div class=\"holder\"><p><img loading=\"lazy\" decoding=\"async\" class=\"alignnone size-full wp-image-105\" src=\"\/wp-content\/uploads\/2014\/04\/post-img-12.jpg\" alt=\"post-img-12\" width=\"432\" height=\"312\" srcset=\"https:\/\/donation.vedicpandits.org\/wp-content\/uploads\/2014\/04\/post-img-12.jpg 432w, https:\/\/donation.vedicpandits.org\/wp-content\/uploads\/2014\/04\/post-img-12-300x216.jpg 300w\" sizes=\"auto, (max-width: 432px) 100vw, 432px\" \/><\/p>\n<\/div><\/div>\n<div class=\"grid grid-desktop-50 grid-mobile-100\"><div class=\"holder\"><h4>EKSPERTI ZA JOGO &#8211; TRANSCENDENTALNA MEDITACIJA IN JOGIJSKO LETENJE<\/h4>\n<p>Mahari\u0161ijevi vedski panditi v Brahmastanu vsak dan nekaj ur  vadijo osnovo joge &#8211; Transcendentalno meditacijo in TM-Sidhi program. TM-Sidhi program skupaj z jogijskim letenjem je Mahari\u0161i razvil iz Pantanjalijevih Joga suter, ki so centralni tekst jogijske filozofije. Ta program razvija sposobnost delovanja iz bolj tihih in koherentnih nivojev zavesti. Bolj ko panditi razvijajo svojo sposobnost delovanja iz bolj prefinjenih nivojev zavesti, bolj postanejo u\u010dinkoviti v izvajanju njihovih dnevnih vedskih predstav za svetovni mir.<\/p>\n<\/div><\/div>\n<\/div>\n<div class=\"border-line\">&nbsp;<\/div>\n<div class=\"grid-holder\">\n<div class=\"grid grid-desktop-100\"><div class=\"holder\"><p>Najpomembnej\u0161i vedski tekst joge &#8211; Joga sutre &#8211; opisuje mo\u017enosti izku\u0161anja transcendence za ustvarjanje miru v okolici:<\/p>\n<div class=\"box-info\">\n<h5><em>Tat sannidhau vairatyagah<\/em><\/h5>\n<h4>V blji\u017eini joge (izku\u0161nje transcendentalne zavesti, polje enosti) so sovra\u017ena, negativna nagnjenja odpravljena.\u201d<\/h4>\n<h6>\u2013 Joga sutre 2.35<\/h6>\n<\/div>\n<p>Ko se z napredno meditacijo dovolj velike skupine spodbudi transcendentalno zavest, se bli\u017eina joge raz\u0161iri na celoten svet. To je strategija Inicijative za globalni mir.<\/p>\n<\/div><\/div>\n<\/div>\n<div class=\"border-line\">&nbsp;<\/div>\n<div class=\"grid-holder\">\n<div class=\"grid grid-desktop-50 grid-mobile-100\"><div class=\"holder\"><h4>EKSPERTI ZA JAGJO &#8211; OBSE\u017dNI TRENINGI V VEDSKIH PREDSTAVAH<\/h4>\n<p>Na stotine majhnih vaseh v Indiji je Mahari\u0161i ustvaril mre\u017eo in\u0161titucij za \u0161tudente, ki \u017eelijo postati Mahari\u0161ijevi vedski panditi. V vsaki vasi Guru Ji-jevi u\u010ditelji za\u010dnejo trening panditov od 10. leta dalje. Pri 14. imajo mo\u017enost, da se pridru\u017eijo enemu od 46 regionalnih objektov po Indiji in prejemajo in\u0161trukcije pod nadzorom acharyjev (u\u010diteljev). \u0160tudentje sledijo sistemati\u010dnemu in detajlnemu programu treninga, ki ga je naredil Mahari\u0161i. Ta vsebuje videoposnetke in ra\u010dunalni\u0161ko podprto gradivo, ki zagotavlja, da gre vsak pandit skozi visok in standardiziran nivo treninga. Ko maturirajo pri pribli\u017eno 20 letih, so izurjeni za izvajanje jagij.<\/p>\n<p>Jagja je brez\u010dasna tehnologija vedske tradicije. Jagje izvajajo panditi, da o\u017eivljajo zakone narave, ki upravljajo vesolje na poseben na\u010din in za specifi\u010dne potrebe, pomagajo dose\u010di izbrane \u017eelje. Na primer, vsak dan se zbere  v Brahmastanu Indije 1331 panditov za izvajanje Atirudrabhiskek, mo\u010dno jagjo za svetovni mir. UNESCO je tradicijo Vedskih recitacij uradno razglasil za nesnovno kulturno dedi\u0161\u010dino \u010dlove\u0161tva.<\/p>\n<\/div><\/div>\n<div class=\"grid grid-desktop-50 grid-mobile-100\"><div class=\"holder\"><p><img loading=\"lazy\" decoding=\"async\" class=\"alignnone size-full wp-image-107\" src=\"\/wp-content\/uploads\/2014\/04\/post-img-13.jpg\" alt=\"post-img-13\" width=\"435\" height=\"482\" srcset=\"https:\/\/donation.vedicpandits.org\/wp-content\/uploads\/2014\/04\/post-img-13.jpg 435w, https:\/\/donation.vedicpandits.org\/wp-content\/uploads\/2014\/04\/post-img-13-270x300.jpg 270w, https:\/\/donation.vedicpandits.org\/wp-content\/uploads\/2014\/04\/post-img-13-300x332.jpg 300w\" sizes=\"auto, (max-width: 435px) 100vw, 435px\" \/><\/p>\n<\/div><\/div>\n<\/div>\n<div class=\"border-line\">&nbsp;<\/div>\n<div class=\"grid-holder\">\n<div class=\"grid grid-desktop-50 grid-mobile-100\"><div class=\"holder\">\t<a href=\"https:\/\/donation.vedicpandits.org\/sl\/peace-creating-group\/maharishi-vedic-pandits\/?image_video=https%3A%2F%2Fwww.youtube.com%2Fwatch%3Fv%3DZQOxpwHk0fQ\" class=\"video-link \">\n<img loading=\"lazy\" decoding=\"async\" class=\"alignnone size-full wp-image-92\" src=\"\/wp-content\/uploads\/2014\/05\/einzelner_pandit_432bright.png\" alt=\"post-img-14\" width=\"432\" height=\"243\" \/><br \/>\n<\/a>\n\n\t\n<\/div><\/div>\n<div class=\"grid grid-desktop-50 grid-mobile-100\"><div class=\"holder\"><h4 id=\"atirudrabhishek\">VIDETI IN SLI\u0160ATI<\/h4>\n<p>Za vtis o Mahari\u0161ijevih vedskih panditih v akciji je tu predstavitev slik z zvo\u010dnim posnetkom panditov, ki izvajajo jagje.<\/p>\n<\/div><\/div>\n<\/div>\n","protected":false},"excerpt":{"rendered":"<p>SISTEMATI\u010cEN TRENING MAHARI\u0160IJEVIH VEDSKIH PANDITOV \u017de od malega \u0161tudentje iz tradicionalnih indijskih vedskih dru\u017ein sledijo sistemati\u010dnemu treningu za profesionalca miru \u2013 za Mahari\u0161ijevega vedskega pandita. Med 10 in 20 letom sledijo posebnemu programu \u0161tudija, ki ga je osnoval Mahari\u0161i. Ta vklju\u010duje u\u010denje Transcendentalne meditacije, TM-Sidhi programa skupaj z jogijskim letenjem, u\u010denje sanskrta, pridobivanje odli\u010dnosti v [&hellip;]<\/p>\n","protected":false},"author":3,"featured_media":202,"parent":4495,"menu_order":1,"comment_status":"open","ping_status":"closed","template":"","meta":{"om_disable_all_campaigns":false,"_monsterinsights_skip_tracking":false,"_monsterinsights_sitenote_active":false,"_monsterinsights_sitenote_note":"","_monsterinsights_sitenote_category":0,"footnotes":""},"class_list":["post-4500","page","type-page","status-publish","has-post-thumbnail","hentry"],"_links":{"self":[{"href":"https:\/\/donation.vedicpandits.org\/sl\/wp-json\/wp\/v2\/pages\/4500","targetHints":{"allow":["GET"]}}],"collection":[{"href":"https:\/\/donation.vedicpandits.org\/sl\/wp-json\/wp\/v2\/pages"}],"about":[{"href":"https:\/\/donation.vedicpandits.org\/sl\/wp-json\/wp\/v2\/types\/page"}],"author":[{"embeddable":true,"href":"https:\/\/donation.vedicpandits.org\/sl\/wp-json\/wp\/v2\/users\/3"}],"replies":[{"embeddable":true,"href":"https:\/\/donation.vedicpandits.org\/sl\/wp-json\/wp\/v2\/comments?post=4500"}],"version-history":[{"count":6,"href":"https:\/\/donation.vedicpandits.org\/sl\/wp-json\/wp\/v2\/pages\/4500\/revisions"}],"predecessor-version":[{"id":15275,"href":"https:\/\/donation.vedicpandits.org\/sl\/wp-json\/wp\/v2\/pages\/4500\/revisions\/15275"}],"up":[{"embeddable":true,"href":"https:\/\/donation.vedicpandits.org\/sl\/wp-json\/wp\/v2\/pages\/4495"}],"wp:featuredmedia":[{"embeddable":true,"href":"https:\/\/donation.vedicpandits.org\/sl\/wp-json\/wp\/v2\/media\/202"}],"wp:attachment":[{"href":"https:\/\/donation.vedicpandits.org\/sl\/wp-json\/wp\/v2\/media?parent=4500"}],"curies":[{"name":"wp","href":"https:\/\/api.w.org\/{rel}","templated":true}]}}