{"id":4505,"date":"2014-04-08T09:14:28","date_gmt":"2014-04-08T09:14:28","guid":{"rendered":"https:\/\/vedicpandits.org\/?page_id=4505"},"modified":"2019-01-07T12:41:13","modified_gmt":"2019-01-07T12:41:13","slug":"science-2","status":"publish","type":"page","link":"https:\/\/donation.vedicpandits.org\/sl\/peace-creating-group\/science-2\/","title":{"rendered":"Raziskave"},"content":{"rendered":"<h4>ZNANSTVENE RAZISKAVE POTRJUJEJO U\u010cINKOVITOST SKUPIN PANDITOV<\/h4>\n<p>Glavni namen ustanavljanja velikih skupin vedskih panditov je ustvarjanje u\u010dinka koherence in harmonije v svetovni zavesti.<\/p>\n<p>Znanstvene raziskave so pokazale, da se zmanj\u0161ajo negativne te\u017enje in oja\u010dajo pozitivne te\u017enje, kadar dovolj ljudi vadi transcendentalno meditacijo in napredne TM-Sidhi programe.<\/p>\n<p>Ti ugodni vplivi so bili opa\u017eeni, kadar:<\/p>\n<li>se 1 % populacije nau\u010di Transcendentalne meditacije ali<\/li>\n<li>kvadratni koren 1 % populacije vadi TM-Sidhi program vklju\u010dno z jogijskim letenjem na enem mestu.<\/li>\n<\/ul>\n<p>Ta pojav je poznan kot Mahari\u0161ijev u\u010dinek v \u010dast Mahari\u0161iju, ki ga je predvidel leta 1960, kar 15 let, preden se je za\u010delo empiri\u010dno preverjanje z znanstvenimi raziskavami.<\/p>\n<div class=\"grid-holder\">\n<div class=\"grid grid-desktop-50 grid-mobile-100 zoom-image-holder\"><div class=\"holder\"><h4>\u0160TUDIJA V WASHINGTONU<\/h4>\n<p>Ko se je v Washingtonu poleti 1993 (glej seznam spodaj) zbrala skupina 4000 jogijskih letalcev, je \u0161tevilo kriminalnih dejanj upadlo za skoraj 25 %. Ta \u0161tudija je bila objavljena leta 1999 v strokovno pregledani publikaciji Social Indicators Research. <em>Social Indicators Research 1999 47(2):153-201.<\/em><\/p>\n<p><a href=\"\/wp-content\/uploads\/2014\/04\/washington_crime_chart_slovenian.png\"><img loading=\"lazy\" decoding=\"async\" src=\"\/wp-content\/uploads\/2014\/04\/washington_crime_chart_slovenian.png\" alt=\"washington_crime_chart_slovenian\" width=\"550\" height=\"356\" class=\"alignleft size-full wp-image-4949\" srcset=\"https:\/\/donation.vedicpandits.org\/wp-content\/uploads\/2014\/04\/washington_crime_chart_slovenian.png 550w, https:\/\/donation.vedicpandits.org\/wp-content\/uploads\/2014\/04\/washington_crime_chart_slovenian-300x194.png 300w\" sizes=\"auto, (max-width: 550px) 100vw, 550px\" \/><\/a><\/p>\n<\/div><\/div>\n<div class=\"grid grid-desktop-50 grid-mobile-100\"><div class=\"holder\"><p><img loading=\"lazy\" decoding=\"async\" class=\"alignnone size-full wp-image-85\" src=\"\/wp-content\/uploads\/2014\/04\/post-img-1.jpg\" alt=\"post-img-1\" width=\"435\" height=\"400\" srcset=\"https:\/\/donation.vedicpandits.org\/wp-content\/uploads\/2014\/04\/post-img-1.jpg 435w, https:\/\/donation.vedicpandits.org\/wp-content\/uploads\/2014\/04\/post-img-1-300x275.jpg 300w\" sizes=\"auto, (max-width: 435px) 100vw, 435px\" \/><\/p>\n<\/div><\/div>\n<\/div>\n<h4>POVE\u010cEVANJE ZA SVET<\/h4>\n<p>Dokazi ka\u017eejo, da bodo skupine jogijskih letalcev, \u0161tevilne kot kvadratni koren 1 % vse populacije, prinesle mir celotni dru\u017ebi.  Ker je kvadratni koren 1 % populacije 7 milijard 8400, je bilo ciljno \u0161tevilo vedskih panditov postavljeno na 9000.<\/p>\n<div class=\"border-line\">&nbsp;<\/div>\n<h4>ZNANSTVENA TEORIJA O SKUPINAH ZA MIR<\/h4>\n<p>Teoreti\u010dna razlaga mo\u010dnega u\u010dinka skupinske meditacije na kriminal in stres v dru\u017ebi vsebuje \u201cmodel polja zavesti\u201d, v katerem je zavest na svojem najglobljem nivoju osnovno polje, ki povezuje posameznike v dru\u017ebi. Tak\u0161na teorija sovpada z zadnjimi dognanji v fiziki, fiziologiji in nevroznanosti.<\/p>\n<div class=\"grid-holder\">\n<div class=\"grid grid-desktop-50 grid-mobile-100\"><div class=\"holder\"><p>Na primer, moderna fizika je zaznala bolj poenotene ravni delovanja narave v manj\u0161ih enotah \u010dasa in razdalje, ki se zdru\u017eijo v odkritju  enotnega polja (teorija superstrun). Ta v osnovi povezuje vse sile in delce v vesolju (glej diagram na desni).<\/p>\n<p>Podobno omogo\u010da Transcendentalna meditacija in TM-Sidhi program neposredno izku\u0161njo ti\u0161jih in globjih ravni misli, ki se zdru\u017eijo v izku\u0161njo polja enosti v osnovi uma in materije. Tako skupinsko izvajanje mo\u010dno spodbuja omenjeno univerzalno polje enosti kolektivne zavesti, kar ustvarja koherenco v dru\u017ebi.<\/p>\n<\/div><\/div>\n<div class=\"grid grid-desktop-50 grid-mobile-100 zoom-image-holder\"><div class=\"holder\"><p><a href=\"\/wp-content\/uploads\/2014\/05\/uf-chart.jpg\"><img loading=\"lazy\" decoding=\"async\" class=\"alignnone size-full wp-image-90\" src=\"\/wp-content\/uploads\/2014\/05\/uf-chart.jpg\" alt=\"post-img-3\" width=\"320\" height=\"250\" \/><\/a><\/p>\n<\/div><\/div>\n<\/div>\n<p>Znanstvene raziskave, ki merijo vpliv Transcendentalne meditacije na dru\u017ebo, so dokazale, da vpliv ve\u010djega miru, ki ga povzro\u010dajo skupine ljudi, ki vadijo TM, nara\u0161\u010da sorazmerno s kvadratom \u0161tevila udele\u017eencev skupine. \u010ce skupino sestavljajo jogijski letalci, ki vadijo napredni TM-Sidhi program, potem je dovolj \u017ee kvadratni koren 1 % populacije za dosego zaznavnega koristnega vpliva.<\/p>\n<p>To pomeni, da je potrebno le nekaj sto ali nekaj tiso\u010d posameznikov za ustvarjanje zelo mo\u010dnega in znanstveno preverljivega u\u010dinka miru, harmonije in blaginje v dru\u017ebi &#8211; celo na nacionalni ali globalni ravni. Za celoten svet potrebujemo skupino 9000 (pribli\u017eno kvadratni koren enega procenta svetovne populacije).To je ciljna velikost na\u0161e skupine Mahari\u0161ijevih vedskih panditov v Indiji. <\/p>\n<div class=\"border-line\">&nbsp;<\/div>\n<h4>U\u010cINEK POLJA ZAVESTI<\/h4>\n<p>Kako je mogo\u010de, da ljudje, ki vadijo Transcendentalno meditacijo sami doma ali v slu\u017ebi ali v skupinah, lahko vplivajo na druge ljudi v mestu, dr\u017eavi ali celo po svetu &#8211; pa ti sploh ne meditirajo.<br \/>\n<div class=\"grid-holder\">\n<div class=\"grid grid-desktop-50 grid-mobile-100\"><div class=\"holder\">\t<a href=\"https:\/\/donation.vedicpandits.org\/sl\/peace-creating-group\/science-2\/?image_video=https%3A%2F%2Fwww.youtube.com%2Fwatch%3Fv%3DyVFa6Wtuxu8\" class=\"video-link \">\n<img loading=\"lazy\" decoding=\"async\" class=\"alignnone size-full wp-image-92\" src=\"\/wp-content\/uploads\/2014\/04\/post-img-14.jpg\" alt=\"post-img-14\" width=\"433\" height=\"321\" srcset=\"https:\/\/donation.vedicpandits.org\/wp-content\/uploads\/2014\/04\/post-img-14.jpg 433w, https:\/\/donation.vedicpandits.org\/wp-content\/uploads\/2014\/04\/post-img-14-300x222.jpg 300w\" sizes=\"auto, (max-width: 433px) 100vw, 433px\" \/><br \/>\n<\/a>\n\n\t\n<\/div><\/div>\n<div class=\"grid grid-desktop-50 grid-mobile-100\"><div class=\"holder\"><p>Vpliv meditacijskih skupin potuje po osnovnem polju &#8211; podobno kot lahko sli\u0161ite v \u017eivo radijske programe z drugega konca sveta. V tem primeru elektromagnetno polje povezuje radijsko postajo in va\u0161 radio. V prvem primeru pa polje zavesti povezuje meditanta z ostalo populacijo. Valovi koherence skupin za mir se \u0161irijo po polju zavesti in ustvarjajo koristen in merljiv vpliv v dru\u017ebi.<\/p>\n\t<a href=\"https:\/\/donation.vedicpandits.org\/sl\/peace-creating-group\/science-2\/?image_video=https%3A%2F%2Fwww.youtube.com%2Fwatch%3Fv%3DyVFa6Wtuxu8\" class=\"video-link no-pointer\"> Oglejte si posnetek kvantnega fizika Johna Hegelina, ki pojasnjuje u\u010dinek polja.<br \/>\n<\/a>\n\n\t\n<\/div><\/div>\n<\/div>\n<p>&nbsp;<\/p>\n<h5>KOHERENTNI SISTEMI SO BOLJ MO\u010cNI &#8211; PRIMER LASERJA<\/h5>\n<p>Zakaj je potrebno le majhno \u0161tevilo ljudi v skupini za mir za ustvarjanje vpliva na celotno populacijo? Fiziki so ugotovili, da sistemi, ki delujejo bolj koherentno, imajo ve\u010djo mo\u010d kot tisti, ki delujejo nekoherentno.<\/p>\n<p>\u010ce pogledamo primer laserja, kjer so svetlobni valovi naravnani tako, da delujejo koherentno, to pomeni, da so hribi in doline vsakega vala svetlobe v taktu z vsemi ostalimi valovi. Laserska svetloba je zato bistveno mo\u010dnej\u0161a od svetlobe iz navadne \u017earnice. Tako je u\u010dinek mo\u010di laserja sorazmeren s kvadratom \u0161tevila valov &#8211; 100 valov, ki delujejo koherentno ustvari u\u010dinek 10000(100<sup>2<\/sup>).<\/p>\n<p>Na enak na\u010din velike skupine ljudi, ki vadijo TM-Sidhi program dostopajo do polja zavesti na tihih in koherentnih ravneh, kar ustvarja u\u010dinek miru, ki je bistveno mo\u010dnej\u0161i, kot bi ga ustvarilo isto \u0161tevilo posameznikov.<\/p>\n","protected":false},"excerpt":{"rendered":"<p>ZNANSTVENE RAZISKAVE POTRJUJEJO U\u010cINKOVITOST SKUPIN PANDITOV Glavni namen ustanavljanja velikih skupin vedskih panditov je ustvarjanje u\u010dinka koherence in harmonije v svetovni zavesti. Znanstvene raziskave so pokazale, da se zmanj\u0161ajo negativne te\u017enje in oja\u010dajo pozitivne te\u017enje, kadar dovolj ljudi vadi transcendentalno meditacijo in napredne TM-Sidhi programe. Ti ugodni vplivi so bili opa\u017eeni, kadar: se 1 % [&hellip;]<\/p>\n","protected":false},"author":3,"featured_media":3087,"parent":4495,"menu_order":2,"comment_status":"open","ping_status":"closed","template":"template-science.php","meta":{"om_disable_all_campaigns":false,"_monsterinsights_skip_tracking":false,"_monsterinsights_sitenote_active":false,"_monsterinsights_sitenote_note":"","_monsterinsights_sitenote_category":0,"footnotes":""},"class_list":["post-4505","page","type-page","status-publish","has-post-thumbnail","hentry"],"_links":{"self":[{"href":"https:\/\/donation.vedicpandits.org\/sl\/wp-json\/wp\/v2\/pages\/4505","targetHints":{"allow":["GET"]}}],"collection":[{"href":"https:\/\/donation.vedicpandits.org\/sl\/wp-json\/wp\/v2\/pages"}],"about":[{"href":"https:\/\/donation.vedicpandits.org\/sl\/wp-json\/wp\/v2\/types\/page"}],"author":[{"embeddable":true,"href":"https:\/\/donation.vedicpandits.org\/sl\/wp-json\/wp\/v2\/users\/3"}],"replies":[{"embeddable":true,"href":"https:\/\/donation.vedicpandits.org\/sl\/wp-json\/wp\/v2\/comments?post=4505"}],"version-history":[{"count":7,"href":"https:\/\/donation.vedicpandits.org\/sl\/wp-json\/wp\/v2\/pages\/4505\/revisions"}],"predecessor-version":[{"id":20260,"href":"https:\/\/donation.vedicpandits.org\/sl\/wp-json\/wp\/v2\/pages\/4505\/revisions\/20260"}],"up":[{"embeddable":true,"href":"https:\/\/donation.vedicpandits.org\/sl\/wp-json\/wp\/v2\/pages\/4495"}],"wp:featuredmedia":[{"embeddable":true,"href":"https:\/\/donation.vedicpandits.org\/sl\/wp-json\/wp\/v2\/media\/3087"}],"wp:attachment":[{"href":"https:\/\/donation.vedicpandits.org\/sl\/wp-json\/wp\/v2\/media?parent=4505"}],"curies":[{"name":"wp","href":"https:\/\/api.w.org\/{rel}","templated":true}]}}